{"id":5951,"date":"2025-12-26T03:54:41","date_gmt":"2025-12-26T03:54:41","guid":{"rendered":"https:\/\/amuse-mfg.com\/?post_type=product&#038;p=5951"},"modified":"2025-12-26T03:54:41","modified_gmt":"2025-12-26T03:54:41","slug":"swawa-cyberpunk-tornado-drift-bumper-car-battery-operated-indoor-kart-high-roi-shopping-mall-attraction","status":"publish","type":"product","link":"https:\/\/amuse-mfg.com\/pt\/product\/swawa-cyberpunk-tornado-drift-bumper-car-battery-operated-indoor-kart-high-roi-shopping-mall-attraction\/","title":{"rendered":"Carro de choque Swawa Cyberpunk Tornado Drift | Kart interno a bateria | Atra\u00e7\u00e3o de alto retorno sobre o investimento para shopping centers"},"content":{"rendered":"<p>Transforme qualquer superf\u00edcie plana numa emocionante zona de drift com o <strong>Carro de choque Swawa Tornado Drift<\/strong>. Ao contr\u00e1rio dos carros de choque tradicionais, que requerem grades de piso caras, esta m\u00e1quina movida a bateria possui um potente motor sem escovas de 48 V e 500 W, permitindo derrapagens de 360\u00b0 cheias de adrenalina e manobras precisas. Isso permite que os operadores montem uma atra\u00e7\u00e3o pop-up em \u00e1trios de shopping centers, pra\u00e7as ou espa\u00e7os para eventos sem um grande investimento em infraestrutura. Com uma capacidade robusta de 150 kg e 6-7 horas de autonomia, atrai tanto crian\u00e7as como adultos, proporcionando um fluxo de receitas cont\u00ednuo e um retorno do investimento extremamente r\u00e1pido. .<\/p>\n<div class=\"my-2\"><\/div>\n<div class=\"relative w-full group mb-2\">\n<div class=\"scrollbar-hidden relative overflow-x-auto max-w-full\">\n<table class=\"w-full text-sm text-left text-gray-500 dark:text-gray-400 max-w-full rounded-xl\" style=\"width: 100%; height: 220px;\">\n<thead class=\"text-xs text-gray-700 uppercase bg-white dark:bg-gray-900 dark:text-gray-400 border-none\">\n<tr style=\"height: 22px;\">\n<th class=\"px-2.5! py-2! cursor-pointer border-b border-gray-100! dark:border-gray-800!\" style=\"height: 22px;\" scope=\"col\">\n<div class=\"gap-1.5 text-left\">\n<div class=\"shrink-0 break-normal\">Especifica\u00e7\u00e3o<\/div>\n<\/div>\n<\/th>\n<th class=\"px-2.5! py-2! cursor-pointer border-b border-gray-100! dark:border-gray-800!\" style=\"height: 22px;\" scope=\"col\">\n<div class=\"gap-1.5 text-left\">\n<div class=\"shrink-0 break-normal\">Valor<\/div>\n<\/div>\n<\/th>\n<\/tr>\n<\/thead>\n<tbody>\n<tr class=\"bg-white dark:bg-gray-900 text-xs\" style=\"height: 22px;\">\n<td class=\"px-3! py-2! text-gray-900 dark:text-white w-max border-b border-gray-50! dark:border-gray-850!\" style=\"height: 22px;\">\n<div class=\"break-normal\"><strong>Nome do modelo<\/strong><\/div>\n<\/td>\n<td class=\"px-3! py-2! text-gray-900 dark:text-white w-max border-b border-gray-50! dark:border-gray-850!\" style=\"height: 22px;\">\n<div class=\"break-normal\">Carro de choque Tornado Drift<\/div>\n<\/td>\n<\/tr>\n<tr class=\"bg-white dark:bg-gray-900 text-xs\" style=\"height: 22px;\">\n<td class=\"px-3! py-2! text-gray-900 dark:text-white w-max border-b border-gray-50! dark:border-gray-850!\" style=\"height: 22px;\">\n<div class=\"break-normal\"><strong>Dimens\u00f5es<\/strong><\/div>\n<\/td>\n<td class=\"px-3! py-2! text-gray-900 dark:text-white w-max border-b border-gray-50! dark:border-gray-850!\" style=\"height: 22px;\">\n<div class=\"break-normal\">1,5 m (comprimento) * 0,9 m (largura) * 0,7 m (altura)<\/div>\n<\/td>\n<\/tr>\n<tr class=\"bg-white dark:bg-gray-900 text-xs\" style=\"height: 22px;\">\n<td class=\"px-3! py-2! text-gray-900 dark:text-white w-max border-b border-gray-50! dark:border-gray-850!\" style=\"height: 22px;\">\n<div class=\"break-normal\"><strong>Peso (l\u00edquido)<\/strong><\/div>\n<\/td>\n<td class=\"px-3! py-2! text-gray-900 dark:text-white w-max border-b border-gray-50! dark:border-gray-850!\" style=\"height: 22px;\">\n<div class=\"break-normal\">80 kg<\/div>\n<\/td>\n<\/tr>\n<tr class=\"bg-white dark:bg-gray-900 text-xs\" style=\"height: 22px;\">\n<td class=\"px-3! py-2! text-gray-900 dark:text-white w-max border-b border-gray-50! dark:border-gray-850!\" style=\"height: 22px;\">\n<div class=\"break-normal\"><strong>Capacidade de carga<\/strong><\/div>\n<\/td>\n<td class=\"px-3! py-2! text-gray-900 dark:text-white w-max border-b border-gray-50! dark:border-gray-850!\" style=\"height: 22px;\">\n<div class=\"break-normal\">150 kg (adequado para 1 adulto + 1 crian\u00e7a)<\/div>\n<\/td>\n<\/tr>\n<tr class=\"bg-white dark:bg-gray-900 text-xs\" style=\"height: 22px;\">\n<td class=\"px-3! py-2! text-gray-900 dark:text-white w-max border-b border-gray-50! dark:border-gray-850!\" style=\"height: 22px;\">\n<div class=\"break-normal\"><strong>Motor<\/strong><\/div>\n<\/td>\n<td class=\"px-3! py-2! text-gray-900 dark:text-white w-max border-b border-gray-50! dark:border-gray-850!\" style=\"height: 22px;\">\n<div class=\"break-normal\">Motor sem escovas de 48 V e 500 W com dentes de a\u00e7o<\/div>\n<\/td>\n<\/tr>\n<tr class=\"bg-white dark:bg-gray-900 text-xs\" style=\"height: 22px;\">\n<td class=\"px-3! py-2! text-gray-900 dark:text-white w-max border-b border-gray-50! dark:border-gray-850!\" style=\"height: 22px;\">\n<div class=\"break-normal\"><strong>Velocidade<\/strong><\/div>\n<\/td>\n<td class=\"px-3! py-2! text-gray-900 dark:text-white w-max border-b border-gray-50! dark:border-gray-850!\" style=\"height: 22px;\">\n<div class=\"break-normal\">6-20 km\/h (ajust\u00e1vel, desacelera\u00e7\u00e3o autom\u00e1tica)<\/div>\n<\/td>\n<\/tr>\n<tr class=\"bg-white dark:bg-gray-900 text-xs\" style=\"height: 22px;\">\n<td class=\"px-3! py-2! text-gray-900 dark:text-white w-max border-b border-gray-50! dark:border-gray-850!\" style=\"height: 22px;\">\n<div class=\"break-normal\"><strong>Sistema de bateria<\/strong><\/div>\n<\/td>\n<td class=\"px-3! py-2! text-gray-900 dark:text-white w-max border-b border-gray-50! dark:border-gray-850!\" style=\"height: 22px;\">\n<div class=\"break-normal\">48 V 20 AH (4 baterias Chilwee de 12 V 20 AH)*<\/div>\n<\/td>\n<\/tr>\n<tr class=\"bg-white dark:bg-gray-900 text-xs\" style=\"height: 22px;\">\n<td class=\"px-3! py-2! text-gray-900 dark:text-white w-max border-b border-gray-50! dark:border-gray-850!\" style=\"height: 22px;\">\n<div class=\"break-normal\"><strong>Tempo de execu\u00e7\u00e3o<\/strong><\/div>\n<\/td>\n<td class=\"px-3! py-2! text-gray-900 dark:text-white w-max border-b border-gray-50! dark:border-gray-850!\" style=\"height: 22px;\">\n<div class=\"break-normal\">6-7 horas<\/div>\n<\/td>\n<\/tr>\n<tr class=\"bg-white dark:bg-gray-900 text-xs\" style=\"height: 22px;\">\n<td class=\"px-3! py-2! text-gray-900 dark:text-white w-max\" style=\"height: 22px;\">\n<div class=\"break-normal\"><strong>Caracter\u00edsticas<\/strong><\/div>\n<\/td>\n<td class=\"px-3! py-2! text-gray-900 dark:text-white w-max\" style=\"height: 22px;\">\n<div class=\"break-normal\">Cinto de seguran\u00e7a inteligente, ilumina\u00e7\u00e3o LED, sistema de som<\/div>\n<\/td>\n<\/tr>\n<\/tbody>\n<\/table>\n<\/div>\n<\/div>","protected":false},"excerpt":{"rendered":"<p>Aumente o n\u00famero de visitantes do seu estabelecimento com o carro de choque Swawa Tornado Drift. Possui rota\u00e7\u00e3o de 360\u00b0, bateria de 48 V e seguran\u00e7a inteligente. N\u00e3o \u00e9 necess\u00e1ria grade no piso. Comece o seu lucrativo neg\u00f3cio de aluguer em 20 dias!<\/p>","protected":false},"featured_media":5952,"menu_order":0,"template":"","meta":[],"product_brand":[],"product_cat":[53,58],"product_tag":[],"class_list":{"0":"post-5951","1":"product","2":"type-product","3":"status-publish","4":"has-post-thumbnail","6":"product_cat-indoor-amusement-equipment","7":"product_cat-shopping-mall-equipment","9":"first","10":"instock","11":"shipping-taxable","12":"product-type-simple"},"yoast_head":"<!-- This site is optimized with the Yoast SEO plugin v26.6 - https:\/\/yoast.com\/wordpress\/plugins\/seo\/ -->\n<title>Swawa Cyberpunk Tornado Drift Bumper Car | Battery Operated Indoor Kart | High-ROI Shopping Mall Attraction | Swawa | Amusement Rides Manufacturer | Complete Solutions | Funfair Equipment Manufacturer<\/title>\n<meta name=\"robots\" content=\"index, follow, max-snippet:-1, max-image-preview:large, max-video-preview:-1\" \/>\n<link rel=\"canonical\" href=\"https:\/\/amuse-mfg.com\/pt\/product\/swawa-cyberpunk-tornado-drift-bumper-car-battery-operated-indoor-kart-high-roi-shopping-mall-attraction\/\" \/>\n<meta property=\"og:locale\" content=\"pt_PT\" \/>\n<meta property=\"og:type\" content=\"article\" \/>\n<meta property=\"og:title\" content=\"Swawa Cyberpunk Tornado Drift Bumper Car | Battery Operated Indoor Kart | High-ROI Shopping Mall Attraction | Swawa | Amusement Rides Manufacturer | Complete Solutions | Funfair Equipment Manufacturer\" \/>\n<meta property=\"og:description\" content=\"Boost venue footfall with the Swawa Tornado Drift Bumper Car. Features 360\u00b0 spin, 48V battery power, and smart safety. No floor grid needed. Start your profitable rental business in 20 days!\" \/>\n<meta property=\"og:url\" content=\"https:\/\/amuse-mfg.com\/pt\/product\/swawa-cyberpunk-tornado-drift-bumper-car-battery-operated-indoor-kart-high-roi-shopping-mall-attraction\/\" \/>\n<meta property=\"og:site_name\" content=\"Swawa | Amusement Rides Manufacturer | Complete Solutions | Funfair Equipment Manufacturer\" \/>\n<meta property=\"og:image\" content=\"https:\/\/amuse-mfg.com\/wp-content\/uploads\/2025\/12\/ppc-3.png\" \/>\n\t<meta property=\"og:image:width\" content=\"1623\" \/>\n\t<meta property=\"og:image:height\" content=\"719\" \/>\n\t<meta property=\"og:image:type\" content=\"image\/png\" \/>\n<meta name=\"twitter:card\" content=\"summary_large_image\" \/>\n<meta name=\"twitter:label1\" content=\"Est. reading time\" \/>\n\t<meta name=\"twitter:data1\" content=\"1 minuto\" \/>\n<script type=\"application\/ld+json\" class=\"yoast-schema-graph\">{\"@context\":\"https:\/\/schema.org\",\"@graph\":[{\"@type\":\"WebPage\",\"@id\":\"https:\/\/amuse-mfg.com\/product\/swawa-cyberpunk-tornado-drift-bumper-car-battery-operated-indoor-kart-high-roi-shopping-mall-attraction\/\",\"url\":\"https:\/\/amuse-mfg.com\/product\/swawa-cyberpunk-tornado-drift-bumper-car-battery-operated-indoor-kart-high-roi-shopping-mall-attraction\/\",\"name\":\"Swawa Cyberpunk Tornado Drift Bumper Car | Battery Operated Indoor Kart | High-ROI Shopping Mall Attraction | Swawa | Amusement Rides Manufacturer | Complete Solutions | Funfair Equipment Manufacturer\",\"isPartOf\":{\"@id\":\"https:\/\/amuse-mfg.com\/#website\"},\"primaryImageOfPage\":{\"@id\":\"https:\/\/amuse-mfg.com\/product\/swawa-cyberpunk-tornado-drift-bumper-car-battery-operated-indoor-kart-high-roi-shopping-mall-attraction\/#primaryimage\"},\"image\":{\"@id\":\"https:\/\/amuse-mfg.com\/product\/swawa-cyberpunk-tornado-drift-bumper-car-battery-operated-indoor-kart-high-roi-shopping-mall-attraction\/#primaryimage\"},\"thumbnailUrl\":\"https:\/\/amuse-mfg.com\/wp-content\/uploads\/2025\/12\/ppc-3.png\",\"datePublished\":\"2025-12-26T03:54:41+00:00\",\"breadcrumb\":{\"@id\":\"https:\/\/amuse-mfg.com\/product\/swawa-cyberpunk-tornado-drift-bumper-car-battery-operated-indoor-kart-high-roi-shopping-mall-attraction\/#breadcrumb\"},\"inLanguage\":\"pt-AO\",\"potentialAction\":[{\"@type\":\"ReadAction\",\"target\":[\"https:\/\/amuse-mfg.com\/product\/swawa-cyberpunk-tornado-drift-bumper-car-battery-operated-indoor-kart-high-roi-shopping-mall-attraction\/\"]}]},{\"@type\":\"ImageObject\",\"inLanguage\":\"pt-AO\",\"@id\":\"https:\/\/amuse-mfg.com\/product\/swawa-cyberpunk-tornado-drift-bumper-car-battery-operated-indoor-kart-high-roi-shopping-mall-attraction\/#primaryimage\",\"url\":\"https:\/\/amuse-mfg.com\/wp-content\/uploads\/2025\/12\/ppc-3.png\",\"contentUrl\":\"https:\/\/amuse-mfg.com\/wp-content\/uploads\/2025\/12\/ppc-3.png\",\"width\":1623,\"height\":719,\"caption\":\"Swawa Cyberpunk Tornado Drift Bumper Car | Battery Operated Indoor Kart | High-ROI Shopping Mall Attraction\"},{\"@type\":\"BreadcrumbList\",\"@id\":\"https:\/\/amuse-mfg.com\/product\/swawa-cyberpunk-tornado-drift-bumper-car-battery-operated-indoor-kart-high-roi-shopping-mall-attraction\/#breadcrumb\",\"itemListElement\":[{\"@type\":\"ListItem\",\"position\":1,\"name\":\"Home\",\"item\":\"https:\/\/amuse-mfg.com\/\"},{\"@type\":\"ListItem\",\"position\":2,\"name\":\"Shop\",\"item\":\"https:\/\/amuse-mfg.com\/shop\/\"},{\"@type\":\"ListItem\",\"position\":3,\"name\":\"Swawa Cyberpunk Tornado Drift Bumper Car | Battery Operated Indoor Kart | High-ROI Shopping Mall Attraction\"}]},{\"@type\":\"WebSite\",\"@id\":\"https:\/\/amuse-mfg.com\/#website\",\"url\":\"https:\/\/amuse-mfg.com\/\",\"name\":\"Swawa | Amusement Rides Manufacturer | Complete Solutions | Funfair Equipment Manufacturer\",\"description\":\"Direct factory of amusement rides &amp; playground equipment. Exported to over 20 countries, we offer equipment, park design, revenue plans and full after-sales service.\",\"publisher\":{\"@id\":\"https:\/\/amuse-mfg.com\/#organization\"},\"alternateName\":\"Swawa | Amusement Rides Manufacturer\",\"potentialAction\":[{\"@type\":\"SearchAction\",\"target\":{\"@type\":\"EntryPoint\",\"urlTemplate\":\"https:\/\/amuse-mfg.com\/?s={search_term_string}\"},\"query-input\":{\"@type\":\"PropertyValueSpecification\",\"valueRequired\":true,\"valueName\":\"search_term_string\"}}],\"inLanguage\":\"pt-AO\"},{\"@type\":\"Organization\",\"@id\":\"https:\/\/amuse-mfg.com\/#organization\",\"name\":\"Swawa | Amusement Rides Manufacturer | Complete Solutions | Funfair Equipment Manufacturer\",\"alternateName\":\"Swawa\",\"url\":\"https:\/\/amuse-mfg.com\/\",\"logo\":{\"@type\":\"ImageObject\",\"inLanguage\":\"pt-AO\",\"@id\":\"https:\/\/amuse-mfg.com\/#\/schema\/logo\/image\/\",\"url\":\"https:\/\/amuse-mfg.com\/wp-content\/uploads\/2025\/12\/favicon-3.png\",\"contentUrl\":\"https:\/\/amuse-mfg.com\/wp-content\/uploads\/2025\/12\/favicon-3.png\",\"width\":192,\"height\":192,\"caption\":\"Swawa | Amusement Rides Manufacturer | Complete Solutions | Funfair Equipment Manufacturer\"},\"image\":{\"@id\":\"https:\/\/amuse-mfg.com\/#\/schema\/logo\/image\/\"},\"sameAs\":[\"https:\/\/www.youtube.com\/@SwawaAmuse-Mfg\",\"https:\/\/www.pinterest.com\/swawamfg\/\",\"https:\/\/www.instagram.com\/swawamfg\/\"]}]}<\/script>\n<!-- \/ Yoast SEO plugin. -->","yoast_head_json":{"title":"Carro de choque Swawa Cyberpunk Tornado Drift | Kart interno a bateria | Atra\u00e7\u00e3o de alto retorno sobre o investimento para shopping centers | Swawa | Fabricante de brinquedos para parques de divers\u00f5es | Solu\u00e7\u00f5es completas | Fabricante de equipamentos para parques de divers\u00f5es","robots":{"index":"index","follow":"follow","max-snippet":"max-snippet:-1","max-image-preview":"max-image-preview:large","max-video-preview":"max-video-preview:-1"},"canonical":"https:\/\/amuse-mfg.com\/pt\/product\/swawa-cyberpunk-tornado-drift-bumper-car-battery-operated-indoor-kart-high-roi-shopping-mall-attraction\/","og_locale":"pt_PT","og_type":"article","og_title":"Swawa Cyberpunk Tornado Drift Bumper Car | Battery Operated Indoor Kart | High-ROI Shopping Mall Attraction | Swawa | Amusement Rides Manufacturer | Complete Solutions | Funfair Equipment Manufacturer","og_description":"Boost venue footfall with the Swawa Tornado Drift Bumper Car. Features 360\u00b0 spin, 48V battery power, and smart safety. No floor grid needed. Start your profitable rental business in 20 days!","og_url":"https:\/\/amuse-mfg.com\/pt\/product\/swawa-cyberpunk-tornado-drift-bumper-car-battery-operated-indoor-kart-high-roi-shopping-mall-attraction\/","og_site_name":"Swawa | Amusement Rides Manufacturer | Complete Solutions | Funfair Equipment Manufacturer","og_image":[{"width":1623,"height":719,"url":"https:\/\/amuse-mfg.com\/wp-content\/uploads\/2025\/12\/ppc-3.png","type":"image\/png"}],"twitter_card":"summary_large_image","twitter_misc":{"Est. reading time":"1 minuto"},"schema":{"@context":"https:\/\/schema.org","@graph":[{"@type":"WebPage","@id":"https:\/\/amuse-mfg.com\/product\/swawa-cyberpunk-tornado-drift-bumper-car-battery-operated-indoor-kart-high-roi-shopping-mall-attraction\/","url":"https:\/\/amuse-mfg.com\/product\/swawa-cyberpunk-tornado-drift-bumper-car-battery-operated-indoor-kart-high-roi-shopping-mall-attraction\/","name":"Carro de choque Swawa Cyberpunk Tornado Drift | Kart interno a bateria | Atra\u00e7\u00e3o de alto retorno sobre o investimento para shopping centers | Swawa | Fabricante de brinquedos para parques de divers\u00f5es | Solu\u00e7\u00f5es completas | Fabricante de equipamentos para parques de divers\u00f5es","isPartOf":{"@id":"https:\/\/amuse-mfg.com\/#website"},"primaryImageOfPage":{"@id":"https:\/\/amuse-mfg.com\/product\/swawa-cyberpunk-tornado-drift-bumper-car-battery-operated-indoor-kart-high-roi-shopping-mall-attraction\/#primaryimage"},"image":{"@id":"https:\/\/amuse-mfg.com\/product\/swawa-cyberpunk-tornado-drift-bumper-car-battery-operated-indoor-kart-high-roi-shopping-mall-attraction\/#primaryimage"},"thumbnailUrl":"https:\/\/amuse-mfg.com\/wp-content\/uploads\/2025\/12\/ppc-3.png","datePublished":"2025-12-26T03:54:41+00:00","breadcrumb":{"@id":"https:\/\/amuse-mfg.com\/product\/swawa-cyberpunk-tornado-drift-bumper-car-battery-operated-indoor-kart-high-roi-shopping-mall-attraction\/#breadcrumb"},"inLanguage":"pt-AO","potentialAction":[{"@type":"ReadAction","target":["https:\/\/amuse-mfg.com\/product\/swawa-cyberpunk-tornado-drift-bumper-car-battery-operated-indoor-kart-high-roi-shopping-mall-attraction\/"]}]},{"@type":"ImageObject","inLanguage":"pt-AO","@id":"https:\/\/amuse-mfg.com\/product\/swawa-cyberpunk-tornado-drift-bumper-car-battery-operated-indoor-kart-high-roi-shopping-mall-attraction\/#primaryimage","url":"https:\/\/amuse-mfg.com\/wp-content\/uploads\/2025\/12\/ppc-3.png","contentUrl":"https:\/\/amuse-mfg.com\/wp-content\/uploads\/2025\/12\/ppc-3.png","width":1623,"height":719,"caption":"Swawa Cyberpunk Tornado Drift Bumper Car | Battery Operated Indoor Kart | High-ROI Shopping Mall Attraction"},{"@type":"BreadcrumbList","@id":"https:\/\/amuse-mfg.com\/product\/swawa-cyberpunk-tornado-drift-bumper-car-battery-operated-indoor-kart-high-roi-shopping-mall-attraction\/#breadcrumb","itemListElement":[{"@type":"ListItem","position":1,"name":"Home","item":"https:\/\/amuse-mfg.com\/"},{"@type":"ListItem","position":2,"name":"Shop","item":"https:\/\/amuse-mfg.com\/shop\/"},{"@type":"ListItem","position":3,"name":"Swawa Cyberpunk Tornado Drift Bumper Car | Battery Operated Indoor Kart | High-ROI Shopping Mall Attraction"}]},{"@type":"WebSite","@id":"https:\/\/amuse-mfg.com\/#website","url":"https:\/\/amuse-mfg.com\/","name":"Swawa | Fabricante de divers\u00f5es | Solu\u00e7\u00f5es completas | Fabricante de equipamento para feiras de divers\u00f5es","description":"F\u00e1brica direta de equipamentos de divers\u00e3o e parques infantis. Exportados para mais de 20 pa\u00edses, oferecemos equipamento, conce\u00e7\u00e3o de parques, planos de receitas e servi\u00e7o p\u00f3s-venda completo.","publisher":{"@id":"https:\/\/amuse-mfg.com\/#organization"},"alternateName":"Swawa | Amusement Rides Manufacturer","potentialAction":[{"@type":"SearchAction","target":{"@type":"EntryPoint","urlTemplate":"https:\/\/amuse-mfg.com\/?s={search_term_string}"},"query-input":{"@type":"PropertyValueSpecification","valueRequired":true,"valueName":"search_term_string"}}],"inLanguage":"pt-AO"},{"@type":"Organization","@id":"https:\/\/amuse-mfg.com\/#organization","name":"Swawa | Fabricante de divers\u00f5es | Solu\u00e7\u00f5es completas | Fabricante de equipamento para feiras de divers\u00f5es","alternateName":"Swawa","url":"https:\/\/amuse-mfg.com\/","logo":{"@type":"ImageObject","inLanguage":"pt-AO","@id":"https:\/\/amuse-mfg.com\/#\/schema\/logo\/image\/","url":"https:\/\/amuse-mfg.com\/wp-content\/uploads\/2025\/12\/favicon-3.png","contentUrl":"https:\/\/amuse-mfg.com\/wp-content\/uploads\/2025\/12\/favicon-3.png","width":192,"height":192,"caption":"Swawa | Amusement Rides Manufacturer | Complete Solutions | Funfair Equipment Manufacturer"},"image":{"@id":"https:\/\/amuse-mfg.com\/#\/schema\/logo\/image\/"},"sameAs":["https:\/\/www.youtube.com\/@SwawaAmuse-Mfg","https:\/\/www.pinterest.com\/swawamfg\/","https:\/\/www.instagram.com\/swawamfg\/"]}]}},"_links":{"self":[{"href":"https:\/\/amuse-mfg.com\/pt\/wp-json\/wp\/v2\/product\/5951","targetHints":{"allow":["GET"]}}],"collection":[{"href":"https:\/\/amuse-mfg.com\/pt\/wp-json\/wp\/v2\/product"}],"about":[{"href":"https:\/\/amuse-mfg.com\/pt\/wp-json\/wp\/v2\/types\/product"}],"wp:featuredmedia":[{"embeddable":true,"href":"https:\/\/amuse-mfg.com\/pt\/wp-json\/wp\/v2\/media\/5952"}],"wp:attachment":[{"href":"https:\/\/amuse-mfg.com\/pt\/wp-json\/wp\/v2\/media?parent=5951"}],"wp:term":[{"taxonomy":"product_brand","embeddable":true,"href":"https:\/\/amuse-mfg.com\/pt\/wp-json\/wp\/v2\/product_brand?post=5951"},{"taxonomy":"product_cat","embeddable":true,"href":"https:\/\/amuse-mfg.com\/pt\/wp-json\/wp\/v2\/product_cat?post=5951"},{"taxonomy":"product_tag","embeddable":true,"href":"https:\/\/amuse-mfg.com\/pt\/wp-json\/wp\/v2\/product_tag?post=5951"}],"curies":[{"name":"wp","href":"https:\/\/api.w.org\/{rel}","templated":true}]}}