{"id":5434,"date":"2025-12-19T05:48:24","date_gmt":"2025-12-19T05:48:24","guid":{"rendered":"https:\/\/amuse-mfg.com\/?post_type=product&#038;p=5434"},"modified":"2025-12-22T03:20:28","modified_gmt":"2025-12-22T03:20:28","slug":"swawa-global-gliding-sci-fi-rotating-plane-ride-for-sale-16-seat-automatic-attraction-self-control-customizable","status":"publish","type":"product","link":"https:\/\/amuse-mfg.com\/pt\/product\/swawa-global-gliding-sci-fi-rotating-plane-ride-for-sale-16-seat-automatic-attraction-self-control-customizable\/","title":{"rendered":"Swawa Global Gliding \u2013 Atra\u00e7\u00e3o de avi\u00e3o girat\u00f3rio de fic\u00e7\u00e3o cient\u00edfica \u00e0 venda \u2013 Atra\u00e7\u00e3o autom\u00e1tica com 16 lugares (controle pr\u00f3prio personaliz\u00e1vel)"},"content":{"rendered":"<p dir=\"auto\">Transforme seu espa\u00e7o com o <strong>Swawa Global Gliding<\/strong>, uma obra-prima da fic\u00e7\u00e3o cient\u00edfica concebida para agradar a todos.<\/p>\n<ul dir=\"auto\">\n<li class=\"text-start\"><strong>Carater\u00edstica<\/strong>Uma majestosa atra\u00e7\u00e3o de 10 metros de di\u00e2metro com nosso design exclusivo &quot;Star Core&quot; IP. O modelo padr\u00e3o oferece um passeio suave, <strong>experi\u00eancia de eleva\u00e7\u00e3o autom\u00e1tica<\/strong>, Perfeito para crian\u00e7as pequenas e passeios tranquilos em fam\u00edlia.<\/li>\n<li class=\"text-start\"><strong>Vantagem<\/strong>Oferecemos solu\u00e7\u00f5es flex\u00edveis \u2014 escolha a <strong>vers\u00e3o autom\u00e1tica padr\u00e3o<\/strong> Para menor manuten\u00e7\u00e3o e opera\u00e7\u00e3o simples, ou solicite o nosso <strong>Atualiza\u00e7\u00e3o de autocontrole personalizada<\/strong> para permitir que os passageiros pilotem suas pr\u00f3prias naves.<\/li>\n<li class=\"text-start\"><strong>Benef\u00edcio<\/strong>Voc\u00ea ter\u00e1 uma m\u00e1quina de lucro vers\u00e1til com 16 lugares. Seja para uma atra\u00e7\u00e3o infantil de baixa manuten\u00e7\u00e3o ou uma montanha-russa emocionante e interativa, este equipamento se adapta ao seu or\u00e7amento e \u00e0s necessidades do mercado, garantindo um \u00f3timo retorno do investimento. <strong>Retorno r\u00e1pido do investimento<\/strong><\/li>\n<\/ul>\n<div class=\"relative w-full group mb-2\">\n<div class=\"scrollbar-hidden relative overflow-x-auto max-w-full\">\n<table class=\"w-full text-sm text-left text-gray-500 dark:text-gray-400 max-w-full rounded-xl\">\n<thead class=\"text-xs text-gray-700 uppercase bg-white dark:bg-gray-900 dark:text-gray-400 border-none\">\n<tr>\n<th class=\"px-2.5! py-2! cursor-pointer border-b border-gray-100! dark:border-gray-800!\" scope=\"col\">\n<div class=\"gap-1.5 text-left\">\n<div class=\"shrink-0 break-normal\">Par\u00e2metro<\/div>\n<\/div>\n<\/th>\n<th class=\"px-2.5! py-2! cursor-pointer border-b border-gray-100! dark:border-gray-800!\" scope=\"col\">\n<div class=\"gap-1.5 text-left\">\n<div class=\"shrink-0 break-normal\">Valor<\/div>\n<\/div>\n<\/th>\n<\/tr>\n<\/thead>\n<tbody>\n<tr class=\"bg-white dark:bg-gray-900 text-xs\">\n<td class=\"px-3! py-2! text-gray-900 dark:text-white w-max border-b border-gray-50! dark:border-gray-850!\">\n<div class=\"break-normal\"><strong>Nome do modelo<\/strong><\/div>\n<\/td>\n<td class=\"px-3! py-2! text-gray-900 dark:text-white w-max border-b border-gray-50! dark:border-gray-850!\">\n<div class=\"break-normal\">Planador Global (Avi\u00e3o Rotativo)<\/div>\n<\/td>\n<\/tr>\n<tr class=\"bg-white dark:bg-gray-900 text-xs\">\n<td class=\"px-3! py-2! text-gray-900 dark:text-white w-max border-b border-gray-50! dark:border-gray-850!\">\n<div class=\"break-normal\"><strong>Modo de opera\u00e7\u00e3o<\/strong><\/div>\n<\/td>\n<td class=\"px-3! py-2! text-gray-900 dark:text-white w-max border-b border-gray-50! dark:border-gray-850!\">\n<div class=\"break-normal\"><strong>Padr\u00e3o: Eleva\u00e7\u00e3o autom\u00e1tica<\/strong> \/ <strong>Personalizado: Autocontrole<\/strong><\/div>\n<\/td>\n<\/tr>\n<tr class=\"bg-white dark:bg-gray-900 text-xs\">\n<td class=\"px-3! py-2! text-gray-900 dark:text-white w-max border-b border-gray-50! dark:border-gray-850!\">\n<div class=\"break-normal\"><strong>Dimens\u00f5es (Tamanho)<\/strong><\/div>\n<\/td>\n<td class=\"px-3! py-2! text-gray-900 dark:text-white w-max border-b border-gray-50! dark:border-gray-850!\">\n<div class=\"break-normal\">Di\u00e2metro 10m * Altura 6,3m (incluindo a cerca)<\/div>\n<\/td>\n<\/tr>\n<tr class=\"bg-white dark:bg-gray-900 text-xs\">\n<td class=\"px-3! py-2! text-gray-900 dark:text-white w-max border-b border-gray-50! dark:border-gray-850!\">\n<div class=\"break-normal\"><strong>Altura de opera\u00e7\u00e3o<\/strong><\/div>\n<\/td>\n<td class=\"px-3! py-2! text-gray-900 dark:text-white w-max border-b border-gray-50! dark:border-gray-850!\">\n<div class=\"break-normal\">Eleva\u00e7\u00e3o at\u00e9 1,98m<\/div>\n<\/td>\n<\/tr>\n<tr class=\"bg-white dark:bg-gray-900 text-xs\">\n<td class=\"px-3! py-2! text-gray-900 dark:text-white w-max border-b border-gray-50! dark:border-gray-850!\">\n<div class=\"break-normal\"><strong>Capacidade<\/strong><\/div>\n<\/td>\n<td class=\"px-3! py-2! text-gray-900 dark:text-white w-max border-b border-gray-50! dark:border-gray-850!\">\n<div class=\"break-normal\">16 pessoas (8 bra\u00e7os x 2 assentos)<\/div>\n<\/td>\n<\/tr>\n<tr class=\"bg-white dark:bg-gray-900 text-xs\">\n<td class=\"px-3! py-2! text-gray-900 dark:text-white w-max border-b border-gray-50! dark:border-gray-850!\">\n<div class=\"break-normal\"><strong>Peso<\/strong><\/div>\n<\/td>\n<td class=\"px-3! py-2! text-gray-900 dark:text-white w-max border-b border-gray-50! dark:border-gray-850!\">\n<div class=\"break-normal\">5.000 kg (5 toneladas)<\/div>\n<\/td>\n<\/tr>\n<tr class=\"bg-white dark:bg-gray-900 text-xs\">\n<td class=\"px-3! py-2! text-gray-900 dark:text-white w-max border-b border-gray-50! dark:border-gray-850!\">\n<div class=\"break-normal\"><strong>Pot\u00eancia<\/strong><\/div>\n<\/td>\n<td class=\"px-3! py-2! text-gray-900 dark:text-white w-max border-b border-gray-50! dark:border-gray-850!\">\n<div class=\"break-normal\">10 kW<\/div>\n<\/td>\n<\/tr>\n<tr class=\"bg-white dark:bg-gray-900 text-xs\">\n<td class=\"px-3! py-2! text-gray-900 dark:text-white w-max border-b border-gray-50! dark:border-gray-850!\">\n<div class=\"break-normal\"><strong>Tens\u00e3o<\/strong><\/div>\n<\/td>\n<td class=\"px-3! py-2! text-gray-900 dark:text-white w-max border-b border-gray-50! dark:border-gray-850!\">\n<div class=\"break-normal\">380V<\/div>\n<\/td>\n<\/tr>\n<tr class=\"bg-white dark:bg-gray-900 text-xs\">\n<td class=\"px-3! py-2! text-gray-900 dark:text-white w-max\">\n<div class=\"break-normal\"><strong>Estilo do tema<\/strong><\/div>\n<\/td>\n<td class=\"px-3! py-2! text-gray-900 dark:text-white w-max\">\n<div class=\"break-normal\">For\u00e7a M\u00f3vel do N\u00facleo Estelar (Fic\u00e7\u00e3o Cient\u00edfica\/Mecha) <button class=\"text-[10px] w-fit translate-y-[2px] px-2 py-0.5 dark:bg-white\/5 dark:text-white\/80 dark:hover:text-white bg-gray-50 text-black\/80 hover:text-black transition rounded-xl\"><\/button><\/div>\n<\/td>\n<\/tr>\n<\/tbody>\n<\/table>\n<\/div>\n<\/div>","protected":false},"excerpt":{"rendered":"<p>Compre o <strong>Swawa Global Gliding<\/strong>, um ve\u00edculo de 16 lugares <strong>Passeio de avi\u00e3o girat\u00f3rio<\/strong> Com eleva\u00e7\u00e3o autom\u00e1tica. <strong>N\u00e3o necessita de funda\u00e7\u00e3o, montagem r\u00e1pida.<\/strong> Modo autom\u00e1tico padr\u00e3o para facilitar o gerenciamento, ou <strong>Atualiza\u00e7\u00e3o para Autocontrole<\/strong> para interatividade. <strong>Solicite um or\u00e7amento direto da f\u00e1brica!<\/strong><\/p>","protected":false},"featured_media":5435,"menu_order":0,"template":"","meta":[],"product_brand":[],"product_cat":[55,54],"product_tag":[],"class_list":{"0":"post-5434","1":"product","2":"type-product","3":"status-publish","4":"has-post-thumbnail","6":"product_cat-childrens-kids-rides","7":"product_cat-outdoor-amusement-equipment","9":"first","10":"instock","11":"shipping-taxable","12":"purchasable","13":"product-type-simple"},"yoast_head":"<!-- This site is optimized with the Yoast SEO plugin v26.6 - https:\/\/yoast.com\/wordpress\/plugins\/seo\/ -->\n<title>Swawa Global Gliding - Sci-Fi Rotating Plane Ride for Sale - 16-Seat Automatic Attraction (Self-Control Customizable) | Swawa | Amusement Rides Manufacturer | Complete Solutions | Funfair Equipment Manufacturer<\/title>\n<meta name=\"robots\" content=\"index, follow, max-snippet:-1, max-image-preview:large, max-video-preview:-1\" \/>\n<link rel=\"canonical\" href=\"https:\/\/amuse-mfg.com\/pt\/product\/swawa-global-gliding-sci-fi-rotating-plane-ride-for-sale-16-seat-automatic-attraction-self-control-customizable\/\" \/>\n<meta property=\"og:locale\" content=\"pt_PT\" \/>\n<meta property=\"og:type\" content=\"article\" \/>\n<meta property=\"og:title\" content=\"Swawa Global Gliding - Sci-Fi Rotating Plane Ride for Sale - 16-Seat Automatic Attraction (Self-Control Customizable) | Swawa | Amusement Rides Manufacturer | Complete Solutions | Funfair Equipment Manufacturer\" \/>\n<meta property=\"og:description\" content=\"Buy the Swawa Global Gliding, a 16-seat Rotating Plane Ride with automatic lifting. No foundation needed, fast setup. Standard auto-mode for easy management, or upgrade to Self-Control for interactivity. Get a Factory Quote!\" \/>\n<meta property=\"og:url\" content=\"https:\/\/amuse-mfg.com\/pt\/product\/swawa-global-gliding-sci-fi-rotating-plane-ride-for-sale-16-seat-automatic-attraction-self-control-customizable\/\" \/>\n<meta property=\"og:site_name\" content=\"Swawa | Amusement Rides Manufacturer | Complete Solutions | Funfair Equipment Manufacturer\" \/>\n<meta property=\"article:modified_time\" content=\"2025-12-22T03:20:28+00:00\" \/>\n<meta property=\"og:image\" content=\"https:\/\/amuse-mfg.com\/wp-content\/uploads\/2025\/12\/\u73af\u7403\u6ed1\u7fd4.png\" \/>\n\t<meta property=\"og:image:width\" content=\"1362\" \/>\n\t<meta property=\"og:image:height\" content=\"746\" \/>\n\t<meta property=\"og:image:type\" content=\"image\/png\" \/>\n<meta name=\"twitter:card\" content=\"summary_large_image\" \/>\n<meta name=\"twitter:label1\" content=\"Est. reading time\" \/>\n\t<meta name=\"twitter:data1\" content=\"1 minuto\" \/>\n<script type=\"application\/ld+json\" class=\"yoast-schema-graph\">{\"@context\":\"https:\/\/schema.org\",\"@graph\":[{\"@type\":\"WebPage\",\"@id\":\"https:\/\/amuse-mfg.com\/product\/swawa-global-gliding-sci-fi-rotating-plane-ride-for-sale-16-seat-automatic-attraction-self-control-customizable\/\",\"url\":\"https:\/\/amuse-mfg.com\/product\/swawa-global-gliding-sci-fi-rotating-plane-ride-for-sale-16-seat-automatic-attraction-self-control-customizable\/\",\"name\":\"Swawa Global Gliding - Sci-Fi Rotating Plane Ride for Sale - 16-Seat Automatic Attraction (Self-Control Customizable) | Swawa | Amusement Rides Manufacturer | Complete Solutions | Funfair Equipment Manufacturer\",\"isPartOf\":{\"@id\":\"https:\/\/amuse-mfg.com\/#website\"},\"primaryImageOfPage\":{\"@id\":\"https:\/\/amuse-mfg.com\/product\/swawa-global-gliding-sci-fi-rotating-plane-ride-for-sale-16-seat-automatic-attraction-self-control-customizable\/#primaryimage\"},\"image\":{\"@id\":\"https:\/\/amuse-mfg.com\/product\/swawa-global-gliding-sci-fi-rotating-plane-ride-for-sale-16-seat-automatic-attraction-self-control-customizable\/#primaryimage\"},\"thumbnailUrl\":\"https:\/\/amuse-mfg.com\/wp-content\/uploads\/2025\/12\/\u73af\u7403\u6ed1\u7fd4.png\",\"datePublished\":\"2025-12-19T05:48:24+00:00\",\"dateModified\":\"2025-12-22T03:20:28+00:00\",\"breadcrumb\":{\"@id\":\"https:\/\/amuse-mfg.com\/product\/swawa-global-gliding-sci-fi-rotating-plane-ride-for-sale-16-seat-automatic-attraction-self-control-customizable\/#breadcrumb\"},\"inLanguage\":\"pt-AO\",\"potentialAction\":[{\"@type\":\"ReadAction\",\"target\":[\"https:\/\/amuse-mfg.com\/product\/swawa-global-gliding-sci-fi-rotating-plane-ride-for-sale-16-seat-automatic-attraction-self-control-customizable\/\"]}]},{\"@type\":\"ImageObject\",\"inLanguage\":\"pt-AO\",\"@id\":\"https:\/\/amuse-mfg.com\/product\/swawa-global-gliding-sci-fi-rotating-plane-ride-for-sale-16-seat-automatic-attraction-self-control-customizable\/#primaryimage\",\"url\":\"https:\/\/amuse-mfg.com\/wp-content\/uploads\/2025\/12\/\u73af\u7403\u6ed1\u7fd4.png\",\"contentUrl\":\"https:\/\/amuse-mfg.com\/wp-content\/uploads\/2025\/12\/\u73af\u7403\u6ed1\u7fd4.png\",\"width\":1362,\"height\":746},{\"@type\":\"BreadcrumbList\",\"@id\":\"https:\/\/amuse-mfg.com\/product\/swawa-global-gliding-sci-fi-rotating-plane-ride-for-sale-16-seat-automatic-attraction-self-control-customizable\/#breadcrumb\",\"itemListElement\":[{\"@type\":\"ListItem\",\"position\":1,\"name\":\"Home\",\"item\":\"https:\/\/amuse-mfg.com\/\"},{\"@type\":\"ListItem\",\"position\":2,\"name\":\"Shop\",\"item\":\"https:\/\/amuse-mfg.com\/shop\/\"},{\"@type\":\"ListItem\",\"position\":3,\"name\":\"Swawa Global Gliding &#8211; Sci-Fi Rotating Plane Ride for Sale &#8211; 16-Seat Automatic Attraction (Self-Control Customizable)\"}]},{\"@type\":\"WebSite\",\"@id\":\"https:\/\/amuse-mfg.com\/#website\",\"url\":\"https:\/\/amuse-mfg.com\/\",\"name\":\"Swawa | Amusement Rides Manufacturer | Complete Solutions | Funfair Equipment Manufacturer\",\"description\":\"Direct factory of amusement rides &amp; playground equipment. Exported to over 20 countries, we offer equipment, park design, revenue plans and full after-sales service.\",\"publisher\":{\"@id\":\"https:\/\/amuse-mfg.com\/#organization\"},\"alternateName\":\"Swawa | Amusement Rides Manufacturer\",\"potentialAction\":[{\"@type\":\"SearchAction\",\"target\":{\"@type\":\"EntryPoint\",\"urlTemplate\":\"https:\/\/amuse-mfg.com\/?s={search_term_string}\"},\"query-input\":{\"@type\":\"PropertyValueSpecification\",\"valueRequired\":true,\"valueName\":\"search_term_string\"}}],\"inLanguage\":\"pt-AO\"},{\"@type\":\"Organization\",\"@id\":\"https:\/\/amuse-mfg.com\/#organization\",\"name\":\"Swawa | Amusement Rides Manufacturer | Complete Solutions | Funfair Equipment Manufacturer\",\"alternateName\":\"Swawa\",\"url\":\"https:\/\/amuse-mfg.com\/\",\"logo\":{\"@type\":\"ImageObject\",\"inLanguage\":\"pt-AO\",\"@id\":\"https:\/\/amuse-mfg.com\/#\/schema\/logo\/image\/\",\"url\":\"https:\/\/amuse-mfg.com\/wp-content\/uploads\/2025\/12\/favicon-3.png\",\"contentUrl\":\"https:\/\/amuse-mfg.com\/wp-content\/uploads\/2025\/12\/favicon-3.png\",\"width\":192,\"height\":192,\"caption\":\"Swawa | Amusement Rides Manufacturer | Complete Solutions | Funfair Equipment Manufacturer\"},\"image\":{\"@id\":\"https:\/\/amuse-mfg.com\/#\/schema\/logo\/image\/\"},\"sameAs\":[\"https:\/\/www.youtube.com\/@SwawaAmuse-Mfg\",\"https:\/\/www.pinterest.com\/swawamfg\/\",\"https:\/\/www.instagram.com\/swawamfg\/\"]}]}<\/script>\n<!-- \/ Yoast SEO plugin. -->","yoast_head_json":{"title":"Swawa Global Gliding - Atra\u00e7\u00e3o de avi\u00e3o girat\u00f3rio de fic\u00e7\u00e3o cient\u00edfica \u00e0 venda - Atra\u00e7\u00e3o autom\u00e1tica de 16 lugares (personaliz\u00e1vel e com controle pr\u00f3prio) | Swawa | Fabricante de brinquedos para parques de divers\u00f5es | Solu\u00e7\u00f5es completas | Fabricante de equipamentos para parques de divers\u00f5es","robots":{"index":"index","follow":"follow","max-snippet":"max-snippet:-1","max-image-preview":"max-image-preview:large","max-video-preview":"max-video-preview:-1"},"canonical":"https:\/\/amuse-mfg.com\/pt\/product\/swawa-global-gliding-sci-fi-rotating-plane-ride-for-sale-16-seat-automatic-attraction-self-control-customizable\/","og_locale":"pt_PT","og_type":"article","og_title":"Swawa Global Gliding - Sci-Fi Rotating Plane Ride for Sale - 16-Seat Automatic Attraction (Self-Control Customizable) | Swawa | Amusement Rides Manufacturer | Complete Solutions | Funfair Equipment Manufacturer","og_description":"Buy the Swawa Global Gliding, a 16-seat Rotating Plane Ride with automatic lifting. No foundation needed, fast setup. Standard auto-mode for easy management, or upgrade to Self-Control for interactivity. Get a Factory Quote!","og_url":"https:\/\/amuse-mfg.com\/pt\/product\/swawa-global-gliding-sci-fi-rotating-plane-ride-for-sale-16-seat-automatic-attraction-self-control-customizable\/","og_site_name":"Swawa | Amusement Rides Manufacturer | Complete Solutions | Funfair Equipment Manufacturer","article_modified_time":"2025-12-22T03:20:28+00:00","og_image":[{"width":1362,"height":746,"url":"https:\/\/amuse-mfg.com\/wp-content\/uploads\/2025\/12\/\u73af\u7403\u6ed1\u7fd4.png","type":"image\/png"}],"twitter_card":"summary_large_image","twitter_misc":{"Est. reading time":"1 minuto"},"schema":{"@context":"https:\/\/schema.org","@graph":[{"@type":"WebPage","@id":"https:\/\/amuse-mfg.com\/product\/swawa-global-gliding-sci-fi-rotating-plane-ride-for-sale-16-seat-automatic-attraction-self-control-customizable\/","url":"https:\/\/amuse-mfg.com\/product\/swawa-global-gliding-sci-fi-rotating-plane-ride-for-sale-16-seat-automatic-attraction-self-control-customizable\/","name":"Swawa Global Gliding - Atra\u00e7\u00e3o de avi\u00e3o girat\u00f3rio de fic\u00e7\u00e3o cient\u00edfica \u00e0 venda - Atra\u00e7\u00e3o autom\u00e1tica de 16 lugares (personaliz\u00e1vel e com controle pr\u00f3prio) | Swawa | Fabricante de brinquedos para parques de divers\u00f5es | Solu\u00e7\u00f5es completas | Fabricante de equipamentos para parques de divers\u00f5es","isPartOf":{"@id":"https:\/\/amuse-mfg.com\/#website"},"primaryImageOfPage":{"@id":"https:\/\/amuse-mfg.com\/product\/swawa-global-gliding-sci-fi-rotating-plane-ride-for-sale-16-seat-automatic-attraction-self-control-customizable\/#primaryimage"},"image":{"@id":"https:\/\/amuse-mfg.com\/product\/swawa-global-gliding-sci-fi-rotating-plane-ride-for-sale-16-seat-automatic-attraction-self-control-customizable\/#primaryimage"},"thumbnailUrl":"https:\/\/amuse-mfg.com\/wp-content\/uploads\/2025\/12\/\u73af\u7403\u6ed1\u7fd4.png","datePublished":"2025-12-19T05:48:24+00:00","dateModified":"2025-12-22T03:20:28+00:00","breadcrumb":{"@id":"https:\/\/amuse-mfg.com\/product\/swawa-global-gliding-sci-fi-rotating-plane-ride-for-sale-16-seat-automatic-attraction-self-control-customizable\/#breadcrumb"},"inLanguage":"pt-AO","potentialAction":[{"@type":"ReadAction","target":["https:\/\/amuse-mfg.com\/product\/swawa-global-gliding-sci-fi-rotating-plane-ride-for-sale-16-seat-automatic-attraction-self-control-customizable\/"]}]},{"@type":"ImageObject","inLanguage":"pt-AO","@id":"https:\/\/amuse-mfg.com\/product\/swawa-global-gliding-sci-fi-rotating-plane-ride-for-sale-16-seat-automatic-attraction-self-control-customizable\/#primaryimage","url":"https:\/\/amuse-mfg.com\/wp-content\/uploads\/2025\/12\/\u73af\u7403\u6ed1\u7fd4.png","contentUrl":"https:\/\/amuse-mfg.com\/wp-content\/uploads\/2025\/12\/\u73af\u7403\u6ed1\u7fd4.png","width":1362,"height":746},{"@type":"BreadcrumbList","@id":"https:\/\/amuse-mfg.com\/product\/swawa-global-gliding-sci-fi-rotating-plane-ride-for-sale-16-seat-automatic-attraction-self-control-customizable\/#breadcrumb","itemListElement":[{"@type":"ListItem","position":1,"name":"Home","item":"https:\/\/amuse-mfg.com\/"},{"@type":"ListItem","position":2,"name":"Shop","item":"https:\/\/amuse-mfg.com\/shop\/"},{"@type":"ListItem","position":3,"name":"Swawa Global Gliding &#8211; Sci-Fi Rotating Plane Ride for Sale &#8211; 16-Seat Automatic Attraction (Self-Control Customizable)"}]},{"@type":"WebSite","@id":"https:\/\/amuse-mfg.com\/#website","url":"https:\/\/amuse-mfg.com\/","name":"Swawa | Fabricante de divers\u00f5es | Solu\u00e7\u00f5es completas | Fabricante de equipamento para feiras de divers\u00f5es","description":"F\u00e1brica direta de equipamentos de divers\u00e3o e parques infantis. Exportados para mais de 20 pa\u00edses, oferecemos equipamento, conce\u00e7\u00e3o de parques, planos de receitas e servi\u00e7o p\u00f3s-venda completo.","publisher":{"@id":"https:\/\/amuse-mfg.com\/#organization"},"alternateName":"Swawa | Amusement Rides Manufacturer","potentialAction":[{"@type":"SearchAction","target":{"@type":"EntryPoint","urlTemplate":"https:\/\/amuse-mfg.com\/?s={search_term_string}"},"query-input":{"@type":"PropertyValueSpecification","valueRequired":true,"valueName":"search_term_string"}}],"inLanguage":"pt-AO"},{"@type":"Organization","@id":"https:\/\/amuse-mfg.com\/#organization","name":"Swawa | Fabricante de divers\u00f5es | Solu\u00e7\u00f5es completas | Fabricante de equipamento para feiras de divers\u00f5es","alternateName":"Swawa","url":"https:\/\/amuse-mfg.com\/","logo":{"@type":"ImageObject","inLanguage":"pt-AO","@id":"https:\/\/amuse-mfg.com\/#\/schema\/logo\/image\/","url":"https:\/\/amuse-mfg.com\/wp-content\/uploads\/2025\/12\/favicon-3.png","contentUrl":"https:\/\/amuse-mfg.com\/wp-content\/uploads\/2025\/12\/favicon-3.png","width":192,"height":192,"caption":"Swawa | Amusement Rides Manufacturer | Complete Solutions | Funfair Equipment Manufacturer"},"image":{"@id":"https:\/\/amuse-mfg.com\/#\/schema\/logo\/image\/"},"sameAs":["https:\/\/www.youtube.com\/@SwawaAmuse-Mfg","https:\/\/www.pinterest.com\/swawamfg\/","https:\/\/www.instagram.com\/swawamfg\/"]}]}},"_links":{"self":[{"href":"https:\/\/amuse-mfg.com\/pt\/wp-json\/wp\/v2\/product\/5434","targetHints":{"allow":["GET"]}}],"collection":[{"href":"https:\/\/amuse-mfg.com\/pt\/wp-json\/wp\/v2\/product"}],"about":[{"href":"https:\/\/amuse-mfg.com\/pt\/wp-json\/wp\/v2\/types\/product"}],"wp:featuredmedia":[{"embeddable":true,"href":"https:\/\/amuse-mfg.com\/pt\/wp-json\/wp\/v2\/media\/5435"}],"wp:attachment":[{"href":"https:\/\/amuse-mfg.com\/pt\/wp-json\/wp\/v2\/media?parent=5434"}],"wp:term":[{"taxonomy":"product_brand","embeddable":true,"href":"https:\/\/amuse-mfg.com\/pt\/wp-json\/wp\/v2\/product_brand?post=5434"},{"taxonomy":"product_cat","embeddable":true,"href":"https:\/\/amuse-mfg.com\/pt\/wp-json\/wp\/v2\/product_cat?post=5434"},{"taxonomy":"product_tag","embeddable":true,"href":"https:\/\/amuse-mfg.com\/pt\/wp-json\/wp\/v2\/product_tag?post=5434"}],"curies":[{"name":"wp","href":"https:\/\/api.w.org\/{rel}","templated":true}]}}