{"id":5392,"date":"2025-12-18T09:33:00","date_gmt":"2025-12-18T09:33:00","guid":{"rendered":"https:\/\/amuse-mfg.com\/?post_type=product&#038;p=5392"},"modified":"2025-12-22T03:20:29","modified_gmt":"2025-12-22T03:20:29","slug":"swawa-interstellar-space-shuttle-ride-futuristic-sci-fi-amusement-equipment-high-roi-immersive-18-seater-for-parks","status":"publish","type":"product","link":"https:\/\/amuse-mfg.com\/pt\/product\/swawa-interstellar-space-shuttle-ride-futuristic-sci-fi-amusement-equipment-high-roi-immersive-18-seater-for-parks\/","title":{"rendered":"Swawa Interstellar Space Shuttle Ride | Equipamento de divers\u00e3o futurista de fic\u00e7\u00e3o cient\u00edfica | 18 lugares de alta ROI e imers\u00e3o para parques"},"content":{"rendered":"<p>Transforme o seu local num campo de batalha gal\u00e1ctico com o <strong>Swawa Interstellar<\/strong>, o carro-chefe da nossa propriedade intelectual \u201cStar Core Mobile Force\u201d. N\u00e3o se trata apenas de um brinquedo, mas de um \u00edm\u00e3 visual.<\/p>\n<p>Revestido com fibra de vidro prateada de alta qualidade, com asas e motores rotativos din\u00e2micos, cria um espet\u00e1culo de fic\u00e7\u00e3o cient\u00edfica hipnotizante, mesmo quando est\u00e1 parado.<\/p>\n<p>Com capacidade para 18 pessoas e um sistema de energia otimizado de 8 kW, equilibra alto rendimento com baixos custos operacionais.<\/p>\n<p>Para os investidores, isso significa um marco \u201cinstagr\u00e1vel\u201d que atrai multid\u00f5es desde o primeiro dia, garantindo um retorno sobre o investimento r\u00e1pido, sem a dor de cabe\u00e7a de uma manuten\u00e7\u00e3o complexa.<\/p>\n<div class=\"relative w-full group mb-2\">\n<div class=\"scrollbar-hidden relative overflow-x-auto max-w-full\">\n<table class=\"w-full text-sm text-left text-gray-500 dark:text-gray-400 max-w-full rounded-xl\" style=\"width: 100%; height: 220px;\">\n<thead class=\"text-xs text-gray-700 uppercase bg-white dark:bg-gray-900 dark:text-gray-400 border-none\">\n<tr style=\"height: 22px;\">\n<th class=\"px-2.5! py-2! cursor-pointer border-b border-gray-100! dark:border-gray-800!\" style=\"height: 22px;\" scope=\"col\">\n<div class=\"gap-1.5 text-left\">\n<div class=\"shrink-0 break-normal\">Par\u00e2metro<\/div>\n<\/div>\n<\/th>\n<th class=\"px-2.5! py-2! cursor-pointer border-b border-gray-100! dark:border-gray-800!\" style=\"height: 22px;\" scope=\"col\">\n<div class=\"gap-1.5 text-left\">\n<div class=\"shrink-0 break-normal\">Valor<\/div>\n<\/div>\n<\/th>\n<\/tr>\n<\/thead>\n<tbody>\n<tr class=\"bg-white dark:bg-gray-900 text-xs\" style=\"height: 22px;\">\n<td class=\"px-3! py-2! text-gray-900 dark:text-white w-max border-b border-gray-50! dark:border-gray-850!\" style=\"height: 22px;\">\n<div class=\"break-normal\"><strong>Nome do produto<\/strong><\/div>\n<\/td>\n<td class=\"px-3! py-2! text-gray-900 dark:text-white w-max border-b border-gray-50! dark:border-gray-850!\" style=\"height: 22px;\">\n<div class=\"break-normal\">Interstellar (S\u00e9rie Star Core Mobile Force)<\/div>\n<\/td>\n<\/tr>\n<tr class=\"bg-white dark:bg-gray-900 text-xs\" style=\"height: 22px;\">\n<td class=\"px-3! py-2! text-gray-900 dark:text-white w-max border-b border-gray-50! dark:border-gray-850!\" style=\"height: 22px;\">\n<div class=\"break-normal\"><strong>Dimens\u00f5es (L)<em>W<\/em>H)<\/strong><\/div>\n<\/td>\n<td class=\"px-3! py-2! text-gray-900 dark:text-white w-max border-b border-gray-50! dark:border-gray-850!\" style=\"height: 22px;\">\n<div class=\"break-normal\">15m * 10m * 6m<\/div>\n<\/td>\n<\/tr>\n<tr class=\"bg-white dark:bg-gray-900 text-xs\" style=\"height: 22px;\">\n<td class=\"px-3! py-2! text-gray-900 dark:text-white w-max border-b border-gray-50! dark:border-gray-850!\" style=\"height: 22px;\">\n<div class=\"break-normal\"><strong>Capacidade<\/strong><\/div>\n<\/td>\n<td class=\"px-3! py-2! text-gray-900 dark:text-white w-max border-b border-gray-50! dark:border-gray-850!\" style=\"height: 22px;\">\n<div class=\"break-normal\">18 Pessoas<\/div>\n<\/td>\n<\/tr>\n<tr class=\"bg-white dark:bg-gray-900 text-xs\" style=\"height: 22px;\">\n<td class=\"px-3! py-2! text-gray-900 dark:text-white w-max border-b border-gray-50! dark:border-gray-850!\" style=\"height: 22px;\">\n<div class=\"break-normal\"><strong>Peso do equipamento<\/strong><\/div>\n<\/td>\n<td class=\"px-3! py-2! text-gray-900 dark:text-white w-max border-b border-gray-50! dark:border-gray-850!\" style=\"height: 22px;\">\n<div class=\"break-normal\">5.000 kg<\/div>\n<\/td>\n<\/tr>\n<tr class=\"bg-white dark:bg-gray-900 text-xs\" style=\"height: 22px;\">\n<td class=\"px-3! py-2! text-gray-900 dark:text-white w-max border-b border-gray-50! dark:border-gray-850!\" style=\"height: 22px;\">\n<div class=\"break-normal\"><strong>Pot\u00eancia<\/strong><\/div>\n<\/td>\n<td class=\"px-3! py-2! text-gray-900 dark:text-white w-max border-b border-gray-50! dark:border-gray-850!\" style=\"height: 22px;\">\n<div class=\"break-normal\">8 kW<\/div>\n<\/td>\n<\/tr>\n<tr class=\"bg-white dark:bg-gray-900 text-xs\" style=\"height: 22px;\">\n<td class=\"px-3! py-2! text-gray-900 dark:text-white w-max border-b border-gray-50! dark:border-gray-850!\" style=\"height: 22px;\">\n<div class=\"break-normal\"><strong>Tens\u00e3o<\/strong><\/div>\n<\/td>\n<td class=\"px-3! py-2! text-gray-900 dark:text-white w-max border-b border-gray-50! dark:border-gray-850!\" style=\"height: 22px;\">\n<div class=\"break-normal\">380V<\/div>\n<\/td>\n<\/tr>\n<tr class=\"bg-white dark:bg-gray-900 text-xs\" style=\"height: 22px;\">\n<td class=\"px-3! py-2! text-gray-900 dark:text-white w-max border-b border-gray-50! dark:border-gray-850!\" style=\"height: 22px;\">\n<div class=\"break-normal\"><strong>Altura de opera\u00e7\u00e3o<\/strong><\/div>\n<\/td>\n<td class=\"px-3! py-2! text-gray-900 dark:text-white w-max border-b border-gray-50! dark:border-gray-850!\" style=\"height: 22px;\">\n<div class=\"break-normal\">1,98 milh\u00e3o<\/div>\n<\/td>\n<\/tr>\n<tr class=\"bg-white dark:bg-gray-900 text-xs\" style=\"height: 22px;\">\n<td class=\"px-3! py-2! text-gray-900 dark:text-white w-max border-b border-gray-50! dark:border-gray-850!\" style=\"height: 22px;\">\n<div class=\"break-normal\"><strong>Material<\/strong><\/div>\n<\/td>\n<td class=\"px-3! py-2! text-gray-900 dark:text-white w-max border-b border-gray-50! dark:border-gray-850!\" style=\"height: 22px;\">\n<div class=\"break-normal\">Fibra de vidro prateada (FRP), acr\u00edlico, a\u00e7o<\/div>\n<\/td>\n<\/tr>\n<tr class=\"bg-white dark:bg-gray-900 text-xs\" style=\"height: 22px;\">\n<td class=\"px-3! py-2! text-gray-900 dark:text-white w-max\" style=\"height: 22px;\">\n<div class=\"break-normal\"><strong>Caracter\u00edsticas especiais<\/strong><\/div>\n<\/td>\n<td class=\"px-3! py-2! text-gray-900 dark:text-white w-max\" style=\"height: 22px;\">\n<div class=\"break-normal\">Asas rotativas (45\u00b0), motores rotativos, ilumina\u00e7\u00e3o LED<\/div>\n<\/td>\n<\/tr>\n<\/tbody>\n<\/table>\n<\/div>\n<\/div>","protected":false},"excerpt":{"rendered":"<p>Compre o Swawa Interstellar Ride para aumentar drasticamente o tr\u00e1fego do seu parque! Com est\u00e9tica de fic\u00e7\u00e3o cient\u00edfica, capacidade para 18 lugares e efeitos LED deslumbrantes. N\u00e3o \u00e9 necess\u00e1ria nenhuma funda\u00e7\u00e3o pesada. Obtenha um or\u00e7amento e comece opera\u00e7\u00f5es lucrativas em 20 dias!<\/p>","protected":false},"featured_media":5395,"menu_order":0,"template":"","meta":[],"product_brand":[],"product_cat":[54],"product_tag":[],"class_list":{"0":"post-5392","1":"product","2":"type-product","3":"status-publish","4":"has-post-thumbnail","6":"product_cat-outdoor-amusement-equipment","8":"first","9":"instock","10":"shipping-taxable","11":"purchasable","12":"product-type-simple"},"yoast_head":"<!-- This site is optimized with the Yoast SEO plugin v26.6 - https:\/\/yoast.com\/wordpress\/plugins\/seo\/ -->\n<title>Swawa Interstellar Space Shuttle Ride | Futuristic Sci-Fi Amusement Equipment | High-ROI &amp; Immersive 18-Seater for Parks | Swawa | Amusement Rides Manufacturer | Complete Solutions | Funfair Equipment Manufacturer<\/title>\n<meta name=\"robots\" content=\"index, follow, max-snippet:-1, max-image-preview:large, max-video-preview:-1\" \/>\n<link rel=\"canonical\" href=\"https:\/\/amuse-mfg.com\/pt\/product\/swawa-interstellar-space-shuttle-ride-futuristic-sci-fi-amusement-equipment-high-roi-immersive-18-seater-for-parks\/\" \/>\n<meta property=\"og:locale\" content=\"pt_PT\" \/>\n<meta property=\"og:type\" content=\"article\" \/>\n<meta property=\"og:title\" content=\"Swawa Interstellar Space Shuttle Ride | Futuristic Sci-Fi Amusement Equipment | High-ROI &amp; Immersive 18-Seater for Parks | Swawa | Amusement Rides Manufacturer | Complete Solutions | Funfair Equipment Manufacturer\" \/>\n<meta property=\"og:description\" content=\"Buy the Swawa Interstellar Ride to skyrocket your park&#039;s traffic! Featuring sci-fi aesthetics, 18-seat capacity, and dazzling LED effects. No heavy foundation needed. Get a quote and start profitable operations in 20 days!\" \/>\n<meta property=\"og:url\" content=\"https:\/\/amuse-mfg.com\/pt\/product\/swawa-interstellar-space-shuttle-ride-futuristic-sci-fi-amusement-equipment-high-roi-immersive-18-seater-for-parks\/\" \/>\n<meta property=\"og:site_name\" content=\"Swawa | Amusement Rides Manufacturer | Complete Solutions | Funfair Equipment Manufacturer\" \/>\n<meta property=\"article:modified_time\" content=\"2025-12-22T03:20:29+00:00\" \/>\n<meta property=\"og:image\" content=\"https:\/\/amuse-mfg.com\/wp-content\/uploads\/2025\/12\/\u98de\u8f66-\u7a7f\u8d8a\u65f6\u7a7a003-\u526f\u672c.png\" \/>\n\t<meta property=\"og:image:width\" content=\"1750\" \/>\n\t<meta property=\"og:image:height\" content=\"984\" \/>\n\t<meta property=\"og:image:type\" content=\"image\/png\" \/>\n<meta name=\"twitter:card\" content=\"summary_large_image\" \/>\n<meta name=\"twitter:label1\" content=\"Est. reading time\" \/>\n\t<meta name=\"twitter:data1\" content=\"1 minuto\" \/>\n<script type=\"application\/ld+json\" class=\"yoast-schema-graph\">{\"@context\":\"https:\/\/schema.org\",\"@graph\":[{\"@type\":\"WebPage\",\"@id\":\"https:\/\/amuse-mfg.com\/product\/swawa-interstellar-space-shuttle-ride-futuristic-sci-fi-amusement-equipment-high-roi-immersive-18-seater-for-parks\/\",\"url\":\"https:\/\/amuse-mfg.com\/product\/swawa-interstellar-space-shuttle-ride-futuristic-sci-fi-amusement-equipment-high-roi-immersive-18-seater-for-parks\/\",\"name\":\"Swawa Interstellar Space Shuttle Ride | Futuristic Sci-Fi Amusement Equipment | High-ROI & Immersive 18-Seater for Parks | Swawa | Amusement Rides Manufacturer | Complete Solutions | Funfair Equipment Manufacturer\",\"isPartOf\":{\"@id\":\"https:\/\/amuse-mfg.com\/#website\"},\"primaryImageOfPage\":{\"@id\":\"https:\/\/amuse-mfg.com\/product\/swawa-interstellar-space-shuttle-ride-futuristic-sci-fi-amusement-equipment-high-roi-immersive-18-seater-for-parks\/#primaryimage\"},\"image\":{\"@id\":\"https:\/\/amuse-mfg.com\/product\/swawa-interstellar-space-shuttle-ride-futuristic-sci-fi-amusement-equipment-high-roi-immersive-18-seater-for-parks\/#primaryimage\"},\"thumbnailUrl\":\"https:\/\/amuse-mfg.com\/wp-content\/uploads\/2025\/12\/\u98de\u8f66-\u7a7f\u8d8a\u65f6\u7a7a003-\u526f\u672c.png\",\"datePublished\":\"2025-12-18T09:33:00+00:00\",\"dateModified\":\"2025-12-22T03:20:29+00:00\",\"breadcrumb\":{\"@id\":\"https:\/\/amuse-mfg.com\/product\/swawa-interstellar-space-shuttle-ride-futuristic-sci-fi-amusement-equipment-high-roi-immersive-18-seater-for-parks\/#breadcrumb\"},\"inLanguage\":\"pt-AO\",\"potentialAction\":[{\"@type\":\"ReadAction\",\"target\":[\"https:\/\/amuse-mfg.com\/product\/swawa-interstellar-space-shuttle-ride-futuristic-sci-fi-amusement-equipment-high-roi-immersive-18-seater-for-parks\/\"]}]},{\"@type\":\"ImageObject\",\"inLanguage\":\"pt-AO\",\"@id\":\"https:\/\/amuse-mfg.com\/product\/swawa-interstellar-space-shuttle-ride-futuristic-sci-fi-amusement-equipment-high-roi-immersive-18-seater-for-parks\/#primaryimage\",\"url\":\"https:\/\/amuse-mfg.com\/wp-content\/uploads\/2025\/12\/\u98de\u8f66-\u7a7f\u8d8a\u65f6\u7a7a003-\u526f\u672c.png\",\"contentUrl\":\"https:\/\/amuse-mfg.com\/wp-content\/uploads\/2025\/12\/\u98de\u8f66-\u7a7f\u8d8a\u65f6\u7a7a003-\u526f\u672c.png\",\"width\":1750,\"height\":984},{\"@type\":\"BreadcrumbList\",\"@id\":\"https:\/\/amuse-mfg.com\/product\/swawa-interstellar-space-shuttle-ride-futuristic-sci-fi-amusement-equipment-high-roi-immersive-18-seater-for-parks\/#breadcrumb\",\"itemListElement\":[{\"@type\":\"ListItem\",\"position\":1,\"name\":\"Home\",\"item\":\"https:\/\/amuse-mfg.com\/\"},{\"@type\":\"ListItem\",\"position\":2,\"name\":\"Shop\",\"item\":\"https:\/\/amuse-mfg.com\/shop\/\"},{\"@type\":\"ListItem\",\"position\":3,\"name\":\"Swawa Interstellar Space Shuttle Ride | Futuristic Sci-Fi Amusement Equipment | High-ROI &#038; Immersive 18-Seater for Parks\"}]},{\"@type\":\"WebSite\",\"@id\":\"https:\/\/amuse-mfg.com\/#website\",\"url\":\"https:\/\/amuse-mfg.com\/\",\"name\":\"Swawa | Amusement Rides Manufacturer | Complete Solutions | Funfair Equipment Manufacturer\",\"description\":\"Direct factory of amusement rides &amp; playground equipment. Exported to over 20 countries, we offer equipment, park design, revenue plans and full after-sales service.\",\"publisher\":{\"@id\":\"https:\/\/amuse-mfg.com\/#organization\"},\"alternateName\":\"Swawa | Amusement Rides Manufacturer\",\"potentialAction\":[{\"@type\":\"SearchAction\",\"target\":{\"@type\":\"EntryPoint\",\"urlTemplate\":\"https:\/\/amuse-mfg.com\/?s={search_term_string}\"},\"query-input\":{\"@type\":\"PropertyValueSpecification\",\"valueRequired\":true,\"valueName\":\"search_term_string\"}}],\"inLanguage\":\"pt-AO\"},{\"@type\":\"Organization\",\"@id\":\"https:\/\/amuse-mfg.com\/#organization\",\"name\":\"Swawa | Amusement Rides Manufacturer | Complete Solutions | Funfair Equipment Manufacturer\",\"alternateName\":\"Swawa\",\"url\":\"https:\/\/amuse-mfg.com\/\",\"logo\":{\"@type\":\"ImageObject\",\"inLanguage\":\"pt-AO\",\"@id\":\"https:\/\/amuse-mfg.com\/#\/schema\/logo\/image\/\",\"url\":\"https:\/\/amuse-mfg.com\/wp-content\/uploads\/2025\/12\/favicon-3.png\",\"contentUrl\":\"https:\/\/amuse-mfg.com\/wp-content\/uploads\/2025\/12\/favicon-3.png\",\"width\":192,\"height\":192,\"caption\":\"Swawa | Amusement Rides Manufacturer | Complete Solutions | Funfair Equipment Manufacturer\"},\"image\":{\"@id\":\"https:\/\/amuse-mfg.com\/#\/schema\/logo\/image\/\"},\"sameAs\":[\"https:\/\/www.youtube.com\/@SwawaAmuse-Mfg\",\"https:\/\/www.pinterest.com\/swawamfg\/\",\"https:\/\/www.instagram.com\/swawamfg\/\"]}]}<\/script>\n<!-- \/ Yoast SEO plugin. -->","yoast_head_json":{"title":"Passeio no vaiv\u00e9m espacial interestelar Swawa | Equipamento de divers\u00e3o futurista de fic\u00e7\u00e3o cient\u00edfica | Alto retorno sobre o investimento e imersivo com 18 lugares para parques | Swawa | Fabricante de equipamentos de divers\u00e3o | Solu\u00e7\u00f5es completas | Fabricante de equipamentos para parques de divers\u00f5es","robots":{"index":"index","follow":"follow","max-snippet":"max-snippet:-1","max-image-preview":"max-image-preview:large","max-video-preview":"max-video-preview:-1"},"canonical":"https:\/\/amuse-mfg.com\/pt\/product\/swawa-interstellar-space-shuttle-ride-futuristic-sci-fi-amusement-equipment-high-roi-immersive-18-seater-for-parks\/","og_locale":"pt_PT","og_type":"article","og_title":"Swawa Interstellar Space Shuttle Ride | Futuristic Sci-Fi Amusement Equipment | High-ROI & Immersive 18-Seater for Parks | Swawa | Amusement Rides Manufacturer | Complete Solutions | Funfair Equipment Manufacturer","og_description":"Buy the Swawa Interstellar Ride to skyrocket your park's traffic! Featuring sci-fi aesthetics, 18-seat capacity, and dazzling LED effects. No heavy foundation needed. Get a quote and start profitable operations in 20 days!","og_url":"https:\/\/amuse-mfg.com\/pt\/product\/swawa-interstellar-space-shuttle-ride-futuristic-sci-fi-amusement-equipment-high-roi-immersive-18-seater-for-parks\/","og_site_name":"Swawa | Amusement Rides Manufacturer | Complete Solutions | Funfair Equipment Manufacturer","article_modified_time":"2025-12-22T03:20:29+00:00","og_image":[{"width":1750,"height":984,"url":"https:\/\/amuse-mfg.com\/wp-content\/uploads\/2025\/12\/\u98de\u8f66-\u7a7f\u8d8a\u65f6\u7a7a003-\u526f\u672c.png","type":"image\/png"}],"twitter_card":"summary_large_image","twitter_misc":{"Est. reading time":"1 minuto"},"schema":{"@context":"https:\/\/schema.org","@graph":[{"@type":"WebPage","@id":"https:\/\/amuse-mfg.com\/product\/swawa-interstellar-space-shuttle-ride-futuristic-sci-fi-amusement-equipment-high-roi-immersive-18-seater-for-parks\/","url":"https:\/\/amuse-mfg.com\/product\/swawa-interstellar-space-shuttle-ride-futuristic-sci-fi-amusement-equipment-high-roi-immersive-18-seater-for-parks\/","name":"Passeio no vaiv\u00e9m espacial interestelar Swawa | Equipamento de divers\u00e3o futurista de fic\u00e7\u00e3o cient\u00edfica | Alto retorno sobre o investimento e imersivo com 18 lugares para parques | Swawa | Fabricante de equipamentos de divers\u00e3o | Solu\u00e7\u00f5es completas | Fabricante de equipamentos para parques de divers\u00f5es","isPartOf":{"@id":"https:\/\/amuse-mfg.com\/#website"},"primaryImageOfPage":{"@id":"https:\/\/amuse-mfg.com\/product\/swawa-interstellar-space-shuttle-ride-futuristic-sci-fi-amusement-equipment-high-roi-immersive-18-seater-for-parks\/#primaryimage"},"image":{"@id":"https:\/\/amuse-mfg.com\/product\/swawa-interstellar-space-shuttle-ride-futuristic-sci-fi-amusement-equipment-high-roi-immersive-18-seater-for-parks\/#primaryimage"},"thumbnailUrl":"https:\/\/amuse-mfg.com\/wp-content\/uploads\/2025\/12\/\u98de\u8f66-\u7a7f\u8d8a\u65f6\u7a7a003-\u526f\u672c.png","datePublished":"2025-12-18T09:33:00+00:00","dateModified":"2025-12-22T03:20:29+00:00","breadcrumb":{"@id":"https:\/\/amuse-mfg.com\/product\/swawa-interstellar-space-shuttle-ride-futuristic-sci-fi-amusement-equipment-high-roi-immersive-18-seater-for-parks\/#breadcrumb"},"inLanguage":"pt-AO","potentialAction":[{"@type":"ReadAction","target":["https:\/\/amuse-mfg.com\/product\/swawa-interstellar-space-shuttle-ride-futuristic-sci-fi-amusement-equipment-high-roi-immersive-18-seater-for-parks\/"]}]},{"@type":"ImageObject","inLanguage":"pt-AO","@id":"https:\/\/amuse-mfg.com\/product\/swawa-interstellar-space-shuttle-ride-futuristic-sci-fi-amusement-equipment-high-roi-immersive-18-seater-for-parks\/#primaryimage","url":"https:\/\/amuse-mfg.com\/wp-content\/uploads\/2025\/12\/\u98de\u8f66-\u7a7f\u8d8a\u65f6\u7a7a003-\u526f\u672c.png","contentUrl":"https:\/\/amuse-mfg.com\/wp-content\/uploads\/2025\/12\/\u98de\u8f66-\u7a7f\u8d8a\u65f6\u7a7a003-\u526f\u672c.png","width":1750,"height":984},{"@type":"BreadcrumbList","@id":"https:\/\/amuse-mfg.com\/product\/swawa-interstellar-space-shuttle-ride-futuristic-sci-fi-amusement-equipment-high-roi-immersive-18-seater-for-parks\/#breadcrumb","itemListElement":[{"@type":"ListItem","position":1,"name":"Home","item":"https:\/\/amuse-mfg.com\/"},{"@type":"ListItem","position":2,"name":"Shop","item":"https:\/\/amuse-mfg.com\/shop\/"},{"@type":"ListItem","position":3,"name":"Swawa Interstellar Space Shuttle Ride | Futuristic Sci-Fi Amusement Equipment | High-ROI &#038; Immersive 18-Seater for Parks"}]},{"@type":"WebSite","@id":"https:\/\/amuse-mfg.com\/#website","url":"https:\/\/amuse-mfg.com\/","name":"Swawa | Fabricante de divers\u00f5es | Solu\u00e7\u00f5es completas | Fabricante de equipamento para feiras de divers\u00f5es","description":"F\u00e1brica direta de equipamentos de divers\u00e3o e parques infantis. Exportados para mais de 20 pa\u00edses, oferecemos equipamento, conce\u00e7\u00e3o de parques, planos de receitas e servi\u00e7o p\u00f3s-venda completo.","publisher":{"@id":"https:\/\/amuse-mfg.com\/#organization"},"alternateName":"Swawa | Amusement Rides Manufacturer","potentialAction":[{"@type":"SearchAction","target":{"@type":"EntryPoint","urlTemplate":"https:\/\/amuse-mfg.com\/?s={search_term_string}"},"query-input":{"@type":"PropertyValueSpecification","valueRequired":true,"valueName":"search_term_string"}}],"inLanguage":"pt-AO"},{"@type":"Organization","@id":"https:\/\/amuse-mfg.com\/#organization","name":"Swawa | Fabricante de divers\u00f5es | Solu\u00e7\u00f5es completas | Fabricante de equipamento para feiras de divers\u00f5es","alternateName":"Swawa","url":"https:\/\/amuse-mfg.com\/","logo":{"@type":"ImageObject","inLanguage":"pt-AO","@id":"https:\/\/amuse-mfg.com\/#\/schema\/logo\/image\/","url":"https:\/\/amuse-mfg.com\/wp-content\/uploads\/2025\/12\/favicon-3.png","contentUrl":"https:\/\/amuse-mfg.com\/wp-content\/uploads\/2025\/12\/favicon-3.png","width":192,"height":192,"caption":"Swawa | Amusement Rides Manufacturer | Complete Solutions | Funfair Equipment Manufacturer"},"image":{"@id":"https:\/\/amuse-mfg.com\/#\/schema\/logo\/image\/"},"sameAs":["https:\/\/www.youtube.com\/@SwawaAmuse-Mfg","https:\/\/www.pinterest.com\/swawamfg\/","https:\/\/www.instagram.com\/swawamfg\/"]}]}},"_links":{"self":[{"href":"https:\/\/amuse-mfg.com\/pt\/wp-json\/wp\/v2\/product\/5392","targetHints":{"allow":["GET"]}}],"collection":[{"href":"https:\/\/amuse-mfg.com\/pt\/wp-json\/wp\/v2\/product"}],"about":[{"href":"https:\/\/amuse-mfg.com\/pt\/wp-json\/wp\/v2\/types\/product"}],"wp:featuredmedia":[{"embeddable":true,"href":"https:\/\/amuse-mfg.com\/pt\/wp-json\/wp\/v2\/media\/5395"}],"wp:attachment":[{"href":"https:\/\/amuse-mfg.com\/pt\/wp-json\/wp\/v2\/media?parent=5392"}],"wp:term":[{"taxonomy":"product_brand","embeddable":true,"href":"https:\/\/amuse-mfg.com\/pt\/wp-json\/wp\/v2\/product_brand?post=5392"},{"taxonomy":"product_cat","embeddable":true,"href":"https:\/\/amuse-mfg.com\/pt\/wp-json\/wp\/v2\/product_cat?post=5392"},{"taxonomy":"product_tag","embeddable":true,"href":"https:\/\/amuse-mfg.com\/pt\/wp-json\/wp\/v2\/product_tag?post=5392"}],"curies":[{"name":"wp","href":"https:\/\/api.w.org\/{rel}","templated":true}]}}