{"id":4577,"date":"2025-12-02T06:41:12","date_gmt":"2025-12-02T06:41:12","guid":{"rendered":"https:\/\/amuse-mfg.com\/?post_type=product&#038;p=4577"},"modified":"2025-12-22T03:20:29","modified_gmt":"2025-12-22T03:20:29","slug":"starcore-agents-viper-racing-style-bumper-car-2-seater-battery-operated-amusement-ride-manufacturer","status":"publish","type":"product","link":"https:\/\/amuse-mfg.com\/pt\/product\/starcore-agents-viper-racing-style-bumper-car-2-seater-battery-operated-amusement-ride-manufacturer\/","title":{"rendered":"StarCore Agents\u2122 Viper Racing Style Bumper Car (2 lugares, operado por bateria) | Fabricante de divers\u00f5es"},"content":{"rendered":"<p>Conhe\u00e7a o <strong>Swawa Viper<\/strong>, a melhor forma de gerar receita para espa\u00e7os fechados. Ao contr\u00e1rio dos carrinhos de bate-bate tradicionais, o Viper apresenta um design futurista de &quot;cabe\u00e7a de cobra&quot; com ilumina\u00e7\u00e3o LED agressiva que chama a aten\u00e7\u00e3o das crian\u00e7as instantaneamente.<\/p>\n<p>Funciona com baterias de alta capacidade, o que significa que voc\u00ea n\u00e3o precisa de grelhas de ch\u00e3o caras ou funda\u00e7\u00f5es el\u00e9tricas especializadas \u2014 basta carregar e jogar em qualquer superf\u00edcie plana.<\/p>\n<p>Para os investidores, isso significa custo zero de instala\u00e7\u00e3o e um modelo de neg\u00f3cio m\u00f3vel que permite come\u00e7ar a gerar receita desde o primeiro dia em qualquer \u00e1trio ou pra\u00e7a de shopping center.<\/p>\n<table class=\"w-full text-sm text-left text-gray-500 dark:text-gray-400 max-w-full rounded-xl\">\n<thead class=\"text-xs text-gray-700 uppercase bg-white dark:bg-gray-900 dark:text-gray-400 border-none\">\n<tr>\n<th class=\"px-2.5! py-2! cursor-pointer border-b border-gray-100! dark:border-gray-800!\" scope=\"col\">\n<div class=\"gap-1.5 text-left\">\n<div class=\"shrink-0 break-normal\">Carater\u00edstica<\/div>\n<\/div>\n<\/th>\n<th class=\"px-2.5! py-2! cursor-pointer border-b border-gray-100! dark:border-gray-800!\" scope=\"col\">\n<div class=\"gap-1.5 text-left\">\n<div class=\"shrink-0 break-normal\">Especifica\u00e7\u00e3o<\/div>\n<\/div>\n<\/th>\n<\/tr>\n<\/thead>\n<tbody>\n<tr class=\"bg-white dark:bg-gray-900 text-xs\">\n<td class=\"px-3! py-2! text-gray-900 dark:text-white w-max border-b border-gray-50! dark:border-gray-850!\">\n<div class=\"break-normal\"><strong>Nome do modelo<\/strong><\/div>\n<\/td>\n<td class=\"px-3! py-2! text-gray-900 dark:text-white w-max border-b border-gray-50! dark:border-gray-850!\">\n<div class=\"break-normal\">Carro de choque Swawa Viper (edi\u00e7\u00e3o Cobra)<\/div>\n<\/td>\n<\/tr>\n<tr class=\"bg-white dark:bg-gray-900 text-xs\">\n<td class=\"px-3! py-2! text-gray-900 dark:text-white w-max border-b border-gray-50! dark:border-gray-850!\">\n<div class=\"break-normal\"><strong>Dimens\u00f5es<\/strong><\/div>\n<\/td>\n<td class=\"px-3! py-2! text-gray-900 dark:text-white w-max border-b border-gray-50! dark:border-gray-850!\">\n<div class=\"break-normal\">C1,8m * L1,1m * A0,72m (Corrigido de 1,72m)<\/div>\n<\/td>\n<\/tr>\n<tr class=\"bg-white dark:bg-gray-900 text-xs\">\n<td class=\"px-3! py-2! text-gray-900 dark:text-white w-max border-b border-gray-50! dark:border-gray-850!\">\n<div class=\"break-normal\"><strong>Capacidade de carga<\/strong><\/div>\n<\/td>\n<td class=\"px-3! py-2! text-gray-900 dark:text-white w-max border-b border-gray-50! dark:border-gray-850!\">\n<div class=\"break-normal\">150 kg (Aproximadamente 2 pessoas: 1 adulto + 1 crian\u00e7a)<\/div>\n<\/td>\n<\/tr>\n<tr class=\"bg-white dark:bg-gray-900 text-xs\">\n<td class=\"px-3! py-2! text-gray-900 dark:text-white w-max border-b border-gray-50! dark:border-gray-850!\">\n<div class=\"break-normal\"><strong>Pot\u00eancia do motor<\/strong><\/div>\n<\/td>\n<td class=\"px-3! py-2! text-gray-900 dark:text-white w-max border-b border-gray-50! dark:border-gray-850!\">\n<div class=\"break-normal\">Motor de 350 W com escovas\/sem escovas<\/div>\n<\/td>\n<\/tr>\n<tr class=\"bg-white dark:bg-gray-900 text-xs\">\n<td class=\"px-3! py-2! text-gray-900 dark:text-white w-max border-b border-gray-50! dark:border-gray-850!\">\n<div class=\"break-normal\"><strong>Sistema de bateria<\/strong><\/div>\n<\/td>\n<td class=\"px-3! py-2! text-gray-900 dark:text-white w-max border-b border-gray-50! dark:border-gray-850!\">\n<div class=\"break-normal\">4 pilhas Chilwee (45AH)<\/div>\n<\/td>\n<\/tr>\n<tr class=\"bg-white dark:bg-gray-900 text-xs\">\n<td class=\"px-3! py-2! text-gray-900 dark:text-white w-max border-b border-gray-50! dark:border-gray-850!\">\n<div class=\"break-normal\"><strong>Velocidade\/Condu\u00e7\u00e3o<\/strong><\/div>\n<\/td>\n<td class=\"px-3! py-2! text-gray-900 dark:text-white w-max border-b border-gray-50! dark:border-gray-850!\">\n<div class=\"break-normal\">Controle por dois joysticks \/ Capacidade de derrapagem<\/div>\n<\/td>\n<\/tr>\n<tr class=\"bg-white dark:bg-gray-900 text-xs\">\n<td class=\"px-3! py-2! text-gray-900 dark:text-white w-max border-b border-gray-50! dark:border-gray-850!\">\n<div class=\"break-normal\"><strong>Caracter\u00edsticas<\/strong><\/div>\n<\/td>\n<td class=\"px-3! py-2! text-gray-900 dark:text-white w-max border-b border-gray-50! dark:border-gray-850!\">\n<div class=\"break-normal\">Cinto de seguran\u00e7a inteligente, m\u00fasica din\u00e2mica, ilumina\u00e7\u00e3o LED<\/div>\n<\/td>\n<\/tr>\n<tr class=\"bg-white dark:bg-gray-900 text-xs\">\n<td class=\"px-3! py-2! text-gray-900 dark:text-white w-max\">\n<div class=\"break-normal\"><strong>Tens\u00e3o<\/strong><\/div>\n<\/td>\n<td class=\"px-3! py-2! text-gray-900 dark:text-white w-max\">\n<div class=\"break-normal\">Sistema de 24V (estimativa baseada no motor)<\/div>\n<\/td>\n<\/tr>\n<\/tbody>\n<\/table>","protected":false},"excerpt":{"rendered":"<p>Aumente a receita do seu shopping com o carrinho de bate-bate Swawa Viper! Sem necessidade de estrutura no ch\u00e3o, pot\u00eancia de 350W e design moderno com LEDs. Comece seu neg\u00f3cio de aluguel em 20 dias.<\/p>","protected":false},"featured_media":5055,"menu_order":0,"template":"","meta":[],"product_brand":[],"product_cat":[55,53,58],"product_tag":[],"class_list":{"0":"post-4577","1":"product","2":"type-product","3":"status-publish","4":"has-post-thumbnail","6":"product_cat-childrens-kids-rides","7":"product_cat-indoor-amusement-equipment","8":"product_cat-shopping-mall-equipment","10":"first","11":"instock","12":"shipping-taxable","13":"purchasable","14":"product-type-simple"},"yoast_head":"<!-- This site is optimized with the Yoast SEO plugin v26.6 - https:\/\/yoast.com\/wordpress\/plugins\/seo\/ -->\n<title>StarCore Agents\u2122 Viper Racing Style Bumper Car (2-Seater, Battery Operated) | Amusement Ride Manufacturer | Swawa | Amusement Rides Manufacturer | Complete Solutions | Funfair Equipment Manufacturer<\/title>\n<meta name=\"robots\" content=\"index, follow, max-snippet:-1, max-image-preview:large, max-video-preview:-1\" \/>\n<link rel=\"canonical\" href=\"https:\/\/amuse-mfg.com\/pt\/product\/starcore-agents-viper-racing-style-bumper-car-2-seater-battery-operated-amusement-ride-manufacturer\/\" \/>\n<meta property=\"og:locale\" content=\"pt_PT\" \/>\n<meta property=\"og:type\" content=\"article\" \/>\n<meta property=\"og:title\" content=\"StarCore Agents\u2122 Viper Racing Style Bumper Car (2-Seater, Battery Operated) | Amusement Ride Manufacturer | Swawa | Amusement Rides Manufacturer | Complete Solutions | Funfair Equipment Manufacturer\" \/>\n<meta property=\"og:description\" content=\"Boost your mall revenue with the Swawa Viper Bumper Car! No floor grid needed, 350W power, and cool LED designs. Start your rental business in 20 days.\" \/>\n<meta property=\"og:url\" content=\"https:\/\/amuse-mfg.com\/pt\/product\/starcore-agents-viper-racing-style-bumper-car-2-seater-battery-operated-amusement-ride-manufacturer\/\" \/>\n<meta property=\"og:site_name\" content=\"Swawa | Amusement Rides Manufacturer | Complete Solutions | Funfair Equipment Manufacturer\" \/>\n<meta property=\"article:modified_time\" content=\"2025-12-22T03:20:29+00:00\" \/>\n<meta property=\"og:image\" content=\"https:\/\/amuse-mfg.com\/wp-content\/uploads\/2025\/12\/\u8770\u86c7\u78b0\u78b0\u8f66.png\" \/>\n\t<meta property=\"og:image:width\" content=\"1286\" \/>\n\t<meta property=\"og:image:height\" content=\"995\" \/>\n\t<meta property=\"og:image:type\" content=\"image\/png\" \/>\n<meta name=\"twitter:card\" content=\"summary_large_image\" \/>\n<meta name=\"twitter:label1\" content=\"Est. reading time\" \/>\n\t<meta name=\"twitter:data1\" content=\"1 minuto\" \/>\n<script type=\"application\/ld+json\" class=\"yoast-schema-graph\">{\"@context\":\"https:\/\/schema.org\",\"@graph\":[{\"@type\":\"WebPage\",\"@id\":\"https:\/\/amuse-mfg.com\/product\/starcore-agents-viper-racing-style-bumper-car-2-seater-battery-operated-amusement-ride-manufacturer\/\",\"url\":\"https:\/\/amuse-mfg.com\/product\/starcore-agents-viper-racing-style-bumper-car-2-seater-battery-operated-amusement-ride-manufacturer\/\",\"name\":\"StarCore Agents\u2122 Viper Racing Style Bumper Car (2-Seater, Battery Operated) | Amusement Ride Manufacturer | Swawa | Amusement Rides Manufacturer | Complete Solutions | Funfair Equipment Manufacturer\",\"isPartOf\":{\"@id\":\"https:\/\/amuse-mfg.com\/#website\"},\"primaryImageOfPage\":{\"@id\":\"https:\/\/amuse-mfg.com\/product\/starcore-agents-viper-racing-style-bumper-car-2-seater-battery-operated-amusement-ride-manufacturer\/#primaryimage\"},\"image\":{\"@id\":\"https:\/\/amuse-mfg.com\/product\/starcore-agents-viper-racing-style-bumper-car-2-seater-battery-operated-amusement-ride-manufacturer\/#primaryimage\"},\"thumbnailUrl\":\"https:\/\/amuse-mfg.com\/wp-content\/uploads\/2025\/12\/\u8770\u86c7\u78b0\u78b0\u8f66.png\",\"datePublished\":\"2025-12-02T06:41:12+00:00\",\"dateModified\":\"2025-12-22T03:20:29+00:00\",\"breadcrumb\":{\"@id\":\"https:\/\/amuse-mfg.com\/product\/starcore-agents-viper-racing-style-bumper-car-2-seater-battery-operated-amusement-ride-manufacturer\/#breadcrumb\"},\"inLanguage\":\"pt-AO\",\"potentialAction\":[{\"@type\":\"ReadAction\",\"target\":[\"https:\/\/amuse-mfg.com\/product\/starcore-agents-viper-racing-style-bumper-car-2-seater-battery-operated-amusement-ride-manufacturer\/\"]}]},{\"@type\":\"ImageObject\",\"inLanguage\":\"pt-AO\",\"@id\":\"https:\/\/amuse-mfg.com\/product\/starcore-agents-viper-racing-style-bumper-car-2-seater-battery-operated-amusement-ride-manufacturer\/#primaryimage\",\"url\":\"https:\/\/amuse-mfg.com\/wp-content\/uploads\/2025\/12\/\u8770\u86c7\u78b0\u78b0\u8f66.png\",\"contentUrl\":\"https:\/\/amuse-mfg.com\/wp-content\/uploads\/2025\/12\/\u8770\u86c7\u78b0\u78b0\u8f66.png\",\"width\":1286,\"height\":995},{\"@type\":\"BreadcrumbList\",\"@id\":\"https:\/\/amuse-mfg.com\/product\/starcore-agents-viper-racing-style-bumper-car-2-seater-battery-operated-amusement-ride-manufacturer\/#breadcrumb\",\"itemListElement\":[{\"@type\":\"ListItem\",\"position\":1,\"name\":\"Home\",\"item\":\"https:\/\/amuse-mfg.com\/\"},{\"@type\":\"ListItem\",\"position\":2,\"name\":\"Shop\",\"item\":\"https:\/\/amuse-mfg.com\/shop\/\"},{\"@type\":\"ListItem\",\"position\":3,\"name\":\"StarCore Agents\u2122 Viper Racing Style Bumper Car (2-Seater, Battery Operated) | Amusement Ride Manufacturer\"}]},{\"@type\":\"WebSite\",\"@id\":\"https:\/\/amuse-mfg.com\/#website\",\"url\":\"https:\/\/amuse-mfg.com\/\",\"name\":\"Swawa | Amusement Rides Manufacturer | Complete Solutions | Funfair Equipment Manufacturer\",\"description\":\"Direct factory of amusement rides &amp; playground equipment. Exported to over 20 countries, we offer equipment, park design, revenue plans and full after-sales service.\",\"publisher\":{\"@id\":\"https:\/\/amuse-mfg.com\/#organization\"},\"alternateName\":\"Swawa | Amusement Rides Manufacturer\",\"potentialAction\":[{\"@type\":\"SearchAction\",\"target\":{\"@type\":\"EntryPoint\",\"urlTemplate\":\"https:\/\/amuse-mfg.com\/?s={search_term_string}\"},\"query-input\":{\"@type\":\"PropertyValueSpecification\",\"valueRequired\":true,\"valueName\":\"search_term_string\"}}],\"inLanguage\":\"pt-AO\"},{\"@type\":\"Organization\",\"@id\":\"https:\/\/amuse-mfg.com\/#organization\",\"name\":\"Swawa | Amusement Rides Manufacturer | Complete Solutions | Funfair Equipment Manufacturer\",\"alternateName\":\"Swawa\",\"url\":\"https:\/\/amuse-mfg.com\/\",\"logo\":{\"@type\":\"ImageObject\",\"inLanguage\":\"pt-AO\",\"@id\":\"https:\/\/amuse-mfg.com\/#\/schema\/logo\/image\/\",\"url\":\"https:\/\/amuse-mfg.com\/wp-content\/uploads\/2025\/12\/favicon-3.png\",\"contentUrl\":\"https:\/\/amuse-mfg.com\/wp-content\/uploads\/2025\/12\/favicon-3.png\",\"width\":192,\"height\":192,\"caption\":\"Swawa | Amusement Rides Manufacturer | Complete Solutions | Funfair Equipment Manufacturer\"},\"image\":{\"@id\":\"https:\/\/amuse-mfg.com\/#\/schema\/logo\/image\/\"},\"sameAs\":[\"https:\/\/www.youtube.com\/@SwawaAmuse-Mfg\",\"https:\/\/www.pinterest.com\/swawamfg\/\",\"https:\/\/www.instagram.com\/swawamfg\/\"]}]}<\/script>\n<!-- \/ Yoast SEO plugin. -->","yoast_head_json":{"title":"StarCore Agents\u2122 Viper Racing Style Bumper Car (2 lugares, movido a bateria) | Fabricante de brinquedos para parques de divers\u00f5es | Swawa | Fabricante de brinquedos para parques de divers\u00f5es | Solu\u00e7\u00f5es completas | Fabricante de equipamentos para parques de divers\u00f5es","robots":{"index":"index","follow":"follow","max-snippet":"max-snippet:-1","max-image-preview":"max-image-preview:large","max-video-preview":"max-video-preview:-1"},"canonical":"https:\/\/amuse-mfg.com\/pt\/product\/starcore-agents-viper-racing-style-bumper-car-2-seater-battery-operated-amusement-ride-manufacturer\/","og_locale":"pt_PT","og_type":"article","og_title":"StarCore Agents\u2122 Viper Racing Style Bumper Car (2-Seater, Battery Operated) | Amusement Ride Manufacturer | Swawa | Amusement Rides Manufacturer | Complete Solutions | Funfair Equipment Manufacturer","og_description":"Boost your mall revenue with the Swawa Viper Bumper Car! No floor grid needed, 350W power, and cool LED designs. Start your rental business in 20 days.","og_url":"https:\/\/amuse-mfg.com\/pt\/product\/starcore-agents-viper-racing-style-bumper-car-2-seater-battery-operated-amusement-ride-manufacturer\/","og_site_name":"Swawa | Amusement Rides Manufacturer | Complete Solutions | Funfair Equipment Manufacturer","article_modified_time":"2025-12-22T03:20:29+00:00","og_image":[{"width":1286,"height":995,"url":"https:\/\/amuse-mfg.com\/wp-content\/uploads\/2025\/12\/\u8770\u86c7\u78b0\u78b0\u8f66.png","type":"image\/png"}],"twitter_card":"summary_large_image","twitter_misc":{"Est. reading time":"1 minuto"},"schema":{"@context":"https:\/\/schema.org","@graph":[{"@type":"WebPage","@id":"https:\/\/amuse-mfg.com\/product\/starcore-agents-viper-racing-style-bumper-car-2-seater-battery-operated-amusement-ride-manufacturer\/","url":"https:\/\/amuse-mfg.com\/product\/starcore-agents-viper-racing-style-bumper-car-2-seater-battery-operated-amusement-ride-manufacturer\/","name":"StarCore Agents\u2122 Viper Racing Style Bumper Car (2 lugares, movido a bateria) | Fabricante de brinquedos para parques de divers\u00f5es | Swawa | Fabricante de brinquedos para parques de divers\u00f5es | Solu\u00e7\u00f5es completas | Fabricante de equipamentos para parques de divers\u00f5es","isPartOf":{"@id":"https:\/\/amuse-mfg.com\/#website"},"primaryImageOfPage":{"@id":"https:\/\/amuse-mfg.com\/product\/starcore-agents-viper-racing-style-bumper-car-2-seater-battery-operated-amusement-ride-manufacturer\/#primaryimage"},"image":{"@id":"https:\/\/amuse-mfg.com\/product\/starcore-agents-viper-racing-style-bumper-car-2-seater-battery-operated-amusement-ride-manufacturer\/#primaryimage"},"thumbnailUrl":"https:\/\/amuse-mfg.com\/wp-content\/uploads\/2025\/12\/\u8770\u86c7\u78b0\u78b0\u8f66.png","datePublished":"2025-12-02T06:41:12+00:00","dateModified":"2025-12-22T03:20:29+00:00","breadcrumb":{"@id":"https:\/\/amuse-mfg.com\/product\/starcore-agents-viper-racing-style-bumper-car-2-seater-battery-operated-amusement-ride-manufacturer\/#breadcrumb"},"inLanguage":"pt-AO","potentialAction":[{"@type":"ReadAction","target":["https:\/\/amuse-mfg.com\/product\/starcore-agents-viper-racing-style-bumper-car-2-seater-battery-operated-amusement-ride-manufacturer\/"]}]},{"@type":"ImageObject","inLanguage":"pt-AO","@id":"https:\/\/amuse-mfg.com\/product\/starcore-agents-viper-racing-style-bumper-car-2-seater-battery-operated-amusement-ride-manufacturer\/#primaryimage","url":"https:\/\/amuse-mfg.com\/wp-content\/uploads\/2025\/12\/\u8770\u86c7\u78b0\u78b0\u8f66.png","contentUrl":"https:\/\/amuse-mfg.com\/wp-content\/uploads\/2025\/12\/\u8770\u86c7\u78b0\u78b0\u8f66.png","width":1286,"height":995},{"@type":"BreadcrumbList","@id":"https:\/\/amuse-mfg.com\/product\/starcore-agents-viper-racing-style-bumper-car-2-seater-battery-operated-amusement-ride-manufacturer\/#breadcrumb","itemListElement":[{"@type":"ListItem","position":1,"name":"Home","item":"https:\/\/amuse-mfg.com\/"},{"@type":"ListItem","position":2,"name":"Shop","item":"https:\/\/amuse-mfg.com\/shop\/"},{"@type":"ListItem","position":3,"name":"StarCore Agents\u2122 Viper Racing Style Bumper Car (2-Seater, Battery Operated) | Amusement Ride Manufacturer"}]},{"@type":"WebSite","@id":"https:\/\/amuse-mfg.com\/#website","url":"https:\/\/amuse-mfg.com\/","name":"Swawa | Fabricante de divers\u00f5es | Solu\u00e7\u00f5es completas | Fabricante de equipamento para feiras de divers\u00f5es","description":"F\u00e1brica direta de equipamentos de divers\u00e3o e parques infantis. Exportados para mais de 20 pa\u00edses, oferecemos equipamento, conce\u00e7\u00e3o de parques, planos de receitas e servi\u00e7o p\u00f3s-venda completo.","publisher":{"@id":"https:\/\/amuse-mfg.com\/#organization"},"alternateName":"Swawa | Amusement Rides Manufacturer","potentialAction":[{"@type":"SearchAction","target":{"@type":"EntryPoint","urlTemplate":"https:\/\/amuse-mfg.com\/?s={search_term_string}"},"query-input":{"@type":"PropertyValueSpecification","valueRequired":true,"valueName":"search_term_string"}}],"inLanguage":"pt-AO"},{"@type":"Organization","@id":"https:\/\/amuse-mfg.com\/#organization","name":"Swawa | Fabricante de divers\u00f5es | Solu\u00e7\u00f5es completas | Fabricante de equipamento para feiras de divers\u00f5es","alternateName":"Swawa","url":"https:\/\/amuse-mfg.com\/","logo":{"@type":"ImageObject","inLanguage":"pt-AO","@id":"https:\/\/amuse-mfg.com\/#\/schema\/logo\/image\/","url":"https:\/\/amuse-mfg.com\/wp-content\/uploads\/2025\/12\/favicon-3.png","contentUrl":"https:\/\/amuse-mfg.com\/wp-content\/uploads\/2025\/12\/favicon-3.png","width":192,"height":192,"caption":"Swawa | Amusement Rides Manufacturer | Complete Solutions | Funfair Equipment Manufacturer"},"image":{"@id":"https:\/\/amuse-mfg.com\/#\/schema\/logo\/image\/"},"sameAs":["https:\/\/www.youtube.com\/@SwawaAmuse-Mfg","https:\/\/www.pinterest.com\/swawamfg\/","https:\/\/www.instagram.com\/swawamfg\/"]}]}},"_links":{"self":[{"href":"https:\/\/amuse-mfg.com\/pt\/wp-json\/wp\/v2\/product\/4577","targetHints":{"allow":["GET"]}}],"collection":[{"href":"https:\/\/amuse-mfg.com\/pt\/wp-json\/wp\/v2\/product"}],"about":[{"href":"https:\/\/amuse-mfg.com\/pt\/wp-json\/wp\/v2\/types\/product"}],"wp:featuredmedia":[{"embeddable":true,"href":"https:\/\/amuse-mfg.com\/pt\/wp-json\/wp\/v2\/media\/5055"}],"wp:attachment":[{"href":"https:\/\/amuse-mfg.com\/pt\/wp-json\/wp\/v2\/media?parent=4577"}],"wp:term":[{"taxonomy":"product_brand","embeddable":true,"href":"https:\/\/amuse-mfg.com\/pt\/wp-json\/wp\/v2\/product_brand?post=4577"},{"taxonomy":"product_cat","embeddable":true,"href":"https:\/\/amuse-mfg.com\/pt\/wp-json\/wp\/v2\/product_cat?post=4577"},{"taxonomy":"product_tag","embeddable":true,"href":"https:\/\/amuse-mfg.com\/pt\/wp-json\/wp\/v2\/product_tag?post=4577"}],"curies":[{"name":"wp","href":"https:\/\/api.w.org\/{rel}","templated":true}]}}