{"id":4705,"date":"2025-12-03T09:28:21","date_gmt":"2025-12-03T09:28:21","guid":{"rendered":"https:\/\/amuse-mfg.com\/?page_id=4705"},"modified":"2026-02-02T08:40:34","modified_gmt":"2026-02-02T08:40:34","slug":"join-our-team-job","status":"publish","type":"page","link":"https:\/\/amuse-mfg.com\/pt\/join-our-team-job\/","title":{"rendered":"Junte-se \u00e0 nossa equipa\/trabalho"},"content":{"rendered":"<div data-elementor-type=\"wp-page\" data-elementor-id=\"4705\" class=\"elementor elementor-4705\">\n\t\t\t\t<div data-particle_enable=\"false\" data-particle-mobile-disabled=\"false\" class=\"elementor-element elementor-element-fb4acfa e-flex e-con-boxed e-con e-parent\" data-id=\"fb4acfa\" data-element_type=\"container\">\n\t\t\t\t\t<div class=\"e-con-inner\">\n\t\t\t\t<div class=\"elementor-element elementor-element-e97cf32 elementor-invisible elementor-widget elementor-widget-rt-title\" data-id=\"e97cf32\" data-element_type=\"widget\" data-widget_type=\"rt-title.default\">\n\t\t\t\t<div class=\"elementor-widget-container\">\n\t\t\t\t\t<div class=\"rt-section-title has-animation style1\">\n\t<div class=\"title-holder\">\t\t\n\t\t\t\t<div class=\"sub-title hide fadeInUp\" data-wow-delay=\"0.2s\" data-wow-duration=\"1.4s\">Swawa \t\t<span class=\"line\"><\/span><\/div>\n\t\t\t\t\t\t<h2 class=\"entry-title hide fadeInUp\" data-wow-delay=\"0.6s\" data-wow-duration=\"1.4s\">Oportunidades de emprego na Swawa Amusement<\/h2>\n\t\t\t\t\n\t<\/div>\n<\/div>\n\t\t\t\t<\/div>\n\t\t\t\t<\/div>\n\t\t\t\t\t<\/div>\n\t\t\t\t<\/div>\n\t\t<div data-particle_enable=\"false\" data-particle-mobile-disabled=\"false\" class=\"elementor-element elementor-element-b6675ff e-flex e-con-boxed e-con e-parent\" data-id=\"b6675ff\" data-element_type=\"container\">\n\t\t\t\t\t<div class=\"e-con-inner\">\n\t\t<div data-particle_enable=\"false\" data-particle-mobile-disabled=\"false\" class=\"elementor-element elementor-element-d2967a9 e-con-full e-flex e-con e-child\" data-id=\"d2967a9\" data-element_type=\"container\">\n\t\t\t\t<div class=\"elementor-element elementor-element-110f950 elementor-invisible elementor-widget elementor-widget-rt-info-box\" data-id=\"110f950\" data-element_type=\"widget\" data-widget_type=\"rt-info-box.default\">\n\t\t\t\t<div class=\"elementor-widget-container\">\n\t\t\t\t\t<div class=\"rt-info-box rt-info-style1 hide fadeInUp\" data-wow-delay=\"0.2s\" data-wow-duration=\"1.2s\">\n\t<div class=\"rt-info-item media-icon hover-animation\">\t\t\n\t\t<div class=\"rt-media\">\n\t\t\t \t\n\t\t\t\t\t\t\t<span class=\"rt-icon\"><i class=\"fas fa-smile-wink\"><\/i><\/span>\n\t\t\t\t\t\t\t\n\t\t<\/div>\n\t\t<div class=\"rt-content\">\n\t\t\t\t\t\t<h3 class=\"rt-title\">Especialista em Log\u00edstica e Armazenagem<\/h3>\n\t\t\t\t\t\t<div class=\"rt-text\">Respons\u00e1vel por todo o fluxo log\u00edstico, da f\u00e1brica aos clientes internacionais, garantindo a embalagem segura e a entrega pontual de equipamentos de divers\u00e3o (ex.: trens sem trilhos, carrinhos de bate-bate).<\/div>\n\t\t\t\t\t<\/div>\n\t<\/div>\n<\/div>\t\t\t\t<\/div>\n\t\t\t\t<\/div>\n\t\t\t\t<div class=\"elementor-element elementor-element-ca13e84 elementor-widget elementor-widget-text-editor\" data-id=\"ca13e84\" data-element_type=\"widget\" data-widget_type=\"text-editor.default\">\n\t\t\t\t\t\t\t\t\t<ul><li>Manuseio de embalagens profissionais para exporta\u00e7\u00e3o (refor\u00e7o com caixas de madeira e prote\u00e7\u00e3o contra impactos) para brinquedos de parques de divers\u00f5es, garantindo a seguran\u00e7a durante o transporte mar\u00edtimo de longa dist\u00e2ncia.<\/li><li>Operar empilhadeiras e equipamentos de movimenta\u00e7\u00e3o para carga\/descarga e armazenamento de estoque dentro da f\u00e1brica.<\/li><li>Coordenar com agentes de carga e companhias de transporte; preparar listas de embalagem e organizar o carregamento dos cont\u00eaineres.<\/li><li>Realizar auditorias de estoque regulares e inspecionar a qualidade visual das mercadorias antes do envio.<\/li><\/ul><p>Boa condi\u00e7\u00e3o f\u00edsica e disposi\u00e7\u00e3o para o trabalho; experi\u00eancia em armazenagem em f\u00e1brica ou embalagem para exporta\u00e7\u00e3o \u00e9 uma vantagem; carteira de habilita\u00e7\u00e3o para empilhadeira \u00e9 necess\u00e1ria.<\/p>\t\t\t\t\t\t\t\t<\/div>\n\t\t\t\t<\/div>\n\t\t<div data-particle_enable=\"false\" data-particle-mobile-disabled=\"false\" class=\"elementor-element elementor-element-d959bf5 e-con-full e-flex e-con e-child\" data-id=\"d959bf5\" data-element_type=\"container\">\n\t\t\t\t<div class=\"elementor-element elementor-element-e9751c5 elementor-invisible elementor-widget elementor-widget-rt-info-box\" data-id=\"e9751c5\" data-element_type=\"widget\" data-widget_type=\"rt-info-box.default\">\n\t\t\t\t<div class=\"elementor-widget-container\">\n\t\t\t\t\t<div class=\"rt-info-box rt-info-style1 hide fadeInUp\" data-wow-delay=\"0.2s\" data-wow-duration=\"1.2s\">\n\t<div class=\"rt-info-item media-icon hover-animation\">\t\t\n\t\t<div class=\"rt-media\">\n\t\t\t \t\n\t\t\t\t\t\t\t<span class=\"rt-icon\"><i class=\"fas fa-smile-wink\"><\/i><\/span>\n\t\t\t\t\t\t\t\n\t\t<\/div>\n\t\t<div class=\"rt-content\">\n\t\t\t\t\t\t<h3 class=\"rt-title\">Especialista em Vendas Internacionais<\/h3>\n\t\t\t\t\t\t<div class=\"rt-text\">Atuar como ponte entre a Swawa e o mercado global, expandindo os neg\u00f3cios no exterior e convertendo clientes B2B por meio do ingl\u00eas fluente e de idiomas espec\u00edficos (como o malaio).<\/div>\n\t\t\t\t\t<\/div>\n\t<\/div>\n<\/div>\t\t\t\t<\/div>\n\t\t\t\t<\/div>\n\t\t\t\t<div class=\"elementor-element elementor-element-0bb851b elementor-widget elementor-widget-text-editor\" data-id=\"0bb851b\" data-element_type=\"widget\" data-widget_type=\"text-editor.default\">\n\t\t\t\t\t\t\t\t\t<ul><li>Desenvolver novos clientes atrav\u00e9s de consultas no site, redes sociais e feiras comerciais; responder a pedidos de or\u00e7amento e personaliza\u00e7\u00e3o de brinquedos para parques de divers\u00f5es.<\/li><li>Utilize suas habilidades lingu\u00edsticas (ingl\u00eas e malaio\/espanhol, etc.) para negocia\u00e7\u00f5es comerciais e videoconfer\u00eancias com clientes regionais.<\/li><li>Acompanhar o processo de pedido desde o dep\u00f3sito at\u00e9 o feedback p\u00f3s-venda em rela\u00e7\u00e3o ao Gerenciamento de Relacionamento com o Cliente (CRM).<\/li><li>Transmitir com precis\u00e3o aos clientes as capacidades de fabrico do Zhongshan Amusement Equipment Industrial Park, estabelecendo a confian\u00e7a na Swawa como a marca oficial.<\/li><li>Flu\u00eancia em ingl\u00eas; profici\u00eancia em um segundo idioma (por exemplo, malaio) \u00e9 altamente desej\u00e1vel; familiaridade com processos de com\u00e9rcio exterior e Incoterms; excelentes habilidades de comunica\u00e7\u00e3o e negocia\u00e7\u00e3o.<\/li><\/ul>\t\t\t\t\t\t\t\t<\/div>\n\t\t\t\t<\/div>\n\t\t\t\t\t<\/div>\n\t\t\t\t<\/div>\n\t\t<div data-particle_enable=\"false\" data-particle-mobile-disabled=\"false\" class=\"elementor-element elementor-element-520fa53 e-flex e-con-boxed e-con e-parent\" data-id=\"520fa53\" data-element_type=\"container\">\n\t\t\t\t\t<div class=\"e-con-inner\">\n\t\t<div data-particle_enable=\"false\" data-particle-mobile-disabled=\"false\" class=\"elementor-element elementor-element-0ae83e2 e-con-full e-flex e-con e-child\" data-id=\"0ae83e2\" data-element_type=\"container\">\n\t\t\t\t<div class=\"elementor-element elementor-element-e529097 elementor-invisible elementor-widget elementor-widget-rt-info-box\" data-id=\"e529097\" data-element_type=\"widget\" data-widget_type=\"rt-info-box.default\">\n\t\t\t\t<div class=\"elementor-widget-container\">\n\t\t\t\t\t<div class=\"rt-info-box rt-info-style1 hide fadeInUp\" data-wow-delay=\"0.2s\" data-wow-duration=\"1.2s\">\n\t<div class=\"rt-info-item media-icon hover-animation\">\t\t\n\t\t<div class=\"rt-media\">\n\t\t\t \t\n\t\t\t\t\t\t\t<span class=\"rt-icon\"><i class=\"fas fa-smile-wink\"><\/i><\/span>\n\t\t\t\t\t\t\t\n\t\t<\/div>\n\t\t<div class=\"rt-content\">\n\t\t\t\t\t\t<h3 class=\"rt-title\"> Especialista T\u00e9cnico de Fabrica\u00e7\u00e3o<\/h3>\n\t\t\t\t\t\t<div class=\"rt-text\">Respons\u00e1vel pelos principais processos de fabrica\u00e7\u00e3o e depura\u00e7\u00e3o de equipamentos de divers\u00e3o, garantindo que cada unidade atenda aos padr\u00f5es internacionais de exporta\u00e7\u00e3o da Swawa antes de sair da f\u00e1brica.<\/div>\n\t\t\t\t\t<\/div>\n\t<\/div>\n<\/div>\t\t\t\t<\/div>\n\t\t\t\t<\/div>\n\t\t\t\t<div class=\"elementor-element elementor-element-54794f7 elementor-widget elementor-widget-text-editor\" data-id=\"54794f7\" data-element_type=\"widget\" data-widget_type=\"text-editor.default\">\n\t\t\t\t\t\t\t\t\t<ul><li><strong>Usinagem:<\/strong> Operar m\u00e1quinas CNC para processamento de componentes de precis\u00e3o, garantindo a exatid\u00e3o de trens sem trilhos e estruturas mec\u00e2nicas.<\/li><li><strong>Tratamento de superf\u00edcie:<\/strong> Gerenciar os processos de pintura e secagem para garantir cores vibrantes e resist\u00eancia \u00e0 ferrugem, atendendo aos padr\u00f5es est\u00e9ticos de shoppings.<\/li><li><strong>Depura\u00e7\u00e3o eletr\u00f4nica:<\/strong> Soldar e depurar caixas de controle e placas de circuito; configurar a alimenta\u00e7\u00e3o do motor, efeitos de ilumina\u00e7\u00e3o e sistemas de som.<\/li><li><strong>Solu\u00e7\u00e3o de problemas:<\/strong> Realizar testes de carga em equipamentos montados para eliminar ru\u00eddos mec\u00e2nicos ou falhas de circuito.<\/li><\/ul><p>Experi\u00eancia em mecatr\u00f4nica, pintura ou opera\u00e7\u00e3o de CNC; capacidade de ler desenhos CAD e diagramas de circuitos; experi\u00eancia na ind\u00fastria de equipamentos de divers\u00e3o \u00e9 preferencial.<\/p>\t\t\t\t\t\t\t\t<\/div>\n\t\t\t\t<\/div>\n\t\t\t\t\t<\/div>\n\t\t\t\t<\/div>\n\t\t<div data-particle_enable=\"false\" data-particle-mobile-disabled=\"false\" class=\"elementor-element elementor-element-b572db2 e-flex e-con-boxed e-con e-parent\" data-id=\"b572db2\" data-element_type=\"container\">\n\t\t\t\t\t<div class=\"e-con-inner\">\n\t\t\t\t<div class=\"elementor-element elementor-element-2c1b196 elementor-widget elementor-widget-text-editor\" data-id=\"2c1b196\" data-element_type=\"widget\" data-widget_type=\"text-editor.default\">\n\t\t\t\t\t\t\t\t\t<div id=\"target-textblock\" class=\"column-choose-contents\" data-v-a79a4fdd=\"\"><div id=\"texttarget\" class=\"custom-textareas\" data-v-a79a4fdd=\"\"><div class=\"text-target\" data-v-a79a4fdd=\"\"><div class=\"target-spans-box\" data-v-73440d51=\"\" data-caiyun-traget-id=\"'+i+'\"><span id=\"target_trans_0\" class=\"target-translate text-target-translate-0\" data-v-73440d51=\"\">Se voc\u00ea deseja se juntar \u00e0 nossa equipe, envie seu curr\u00edculo para admin@amuse-mfg.com.<\/span><\/div><\/div><\/div><\/div><div class=\"trans-actions-box\" data-v-c05f73c5=\"\" data-v-a79a4fdd=\"\"><div class=\"actions-box is-mock\" data-v-c05f73c5=\"\"><div class=\"actions-left\" data-v-c05f73c5=\"\"><div class=\"copy-button\" data-v-22b4c55d=\"\" data-v-c05f73c5=\"\">\u00a0<\/div><\/div><\/div><\/div>\t\t\t\t\t\t\t\t<\/div>\n\t\t\t\t\t<\/div>\n\t\t\t\t<\/div>\n\t\t\t\t<\/div>","protected":false},"excerpt":{"rendered":"<p>Carreiras na Swawa Especialista em log\u00edstica e armazenamento de equipamentos de divers\u00e3o Respons\u00e1vel por todo o fluxo log\u00edstico desde a f\u00e1brica at\u00e9 aos clientes internacionais, garantindo a embalagem segura e a entrega pontual de equipamentos de divers\u00e3o (por exemplo, comboios sem carris, carrinhos de choque). Lidar com embalagens profissionais para exporta\u00e7\u00e3o (\u00e0 prova de choque, refor\u00e7o com caixotes de madeira) para equipamentos de divers\u00e3o, a fim de garantir a seguran\u00e7a durante o transporte mar\u00edtimo de longa dist\u00e2ncia. Operar empilhadores e [\u2026]<\/p>","protected":false},"author":1,"featured_media":0,"parent":0,"menu_order":0,"comment_status":"closed","ping_status":"closed","template":"","meta":{"footnotes":""},"class_list":["post-4705","page","type-page","status-publish","hentry"],"yoast_head":"<!-- This site is optimized with the Yoast SEO plugin v26.6 - https:\/\/yoast.com\/wordpress\/plugins\/seo\/ -->\n<title>Join Our Team\/Job | Swawa | Amusement Rides Manufacturer | Complete Solutions | Funfair Equipment Manufacturer<\/title>\n<meta name=\"robots\" content=\"index, follow, max-snippet:-1, max-image-preview:large, max-video-preview:-1\" \/>\n<link rel=\"canonical\" href=\"https:\/\/amuse-mfg.com\/pt\/join-our-team-job\/\" \/>\n<meta property=\"og:locale\" content=\"pt_PT\" \/>\n<meta property=\"og:type\" content=\"article\" \/>\n<meta property=\"og:title\" content=\"Join Our Team\/Job | Swawa | Amusement Rides Manufacturer | Complete Solutions | Funfair Equipment Manufacturer\" \/>\n<meta property=\"og:description\" content=\"Swawa Careers at Swawa Amusement Logistics &amp; Warehousing Specialist Responsible for the entire logistics flow from factory to international clients, ensuring safe packaging and on-time delivery of amusement equipment (e.g., trackless trains, bumper cars). Handle professional export packaging (shockproof, wooden crate reinforcement) for amusement rides to ensure safety during long-distance sea freight. Operate forklifts and [&hellip;]\" \/>\n<meta property=\"og:url\" content=\"https:\/\/amuse-mfg.com\/pt\/join-our-team-job\/\" \/>\n<meta property=\"og:site_name\" content=\"Swawa | Amusement Rides Manufacturer | Complete Solutions | Funfair Equipment Manufacturer\" \/>\n<meta property=\"article:modified_time\" content=\"2026-02-02T08:40:34+00:00\" \/>\n<meta property=\"og:image\" content=\"https:\/\/amuse-mfg.com\/wp-content\/uploads\/2025\/12\/DSCF4059.jpg\" \/>\n\t<meta property=\"og:image:width\" content=\"1872\" \/>\n\t<meta property=\"og:image:height\" content=\"1054\" \/>\n\t<meta property=\"og:image:type\" content=\"image\/jpeg\" \/>\n<meta name=\"twitter:card\" content=\"summary_large_image\" \/>\n<meta name=\"twitter:label1\" content=\"Est. reading time\" \/>\n\t<meta name=\"twitter:data1\" content=\"1 minuto\" \/>\n<script type=\"application\/ld+json\" class=\"yoast-schema-graph\">{\"@context\":\"https:\/\/schema.org\",\"@graph\":[{\"@type\":\"WebPage\",\"@id\":\"https:\/\/amuse-mfg.com\/join-our-team-job\/\",\"url\":\"https:\/\/amuse-mfg.com\/join-our-team-job\/\",\"name\":\"Join Our Team\/Job | Swawa | Amusement Rides Manufacturer | Complete Solutions | Funfair Equipment Manufacturer\",\"isPartOf\":{\"@id\":\"https:\/\/amuse-mfg.com\/#website\"},\"datePublished\":\"2025-12-03T09:28:21+00:00\",\"dateModified\":\"2026-02-02T08:40:34+00:00\",\"breadcrumb\":{\"@id\":\"https:\/\/amuse-mfg.com\/join-our-team-job\/#breadcrumb\"},\"inLanguage\":\"pt-AO\",\"potentialAction\":[{\"@type\":\"ReadAction\",\"target\":[\"https:\/\/amuse-mfg.com\/join-our-team-job\/\"]}]},{\"@type\":\"BreadcrumbList\",\"@id\":\"https:\/\/amuse-mfg.com\/join-our-team-job\/#breadcrumb\",\"itemListElement\":[{\"@type\":\"ListItem\",\"position\":1,\"name\":\"Home\",\"item\":\"https:\/\/amuse-mfg.com\/\"},{\"@type\":\"ListItem\",\"position\":2,\"name\":\"Join Our Team\/Job\"}]},{\"@type\":\"WebSite\",\"@id\":\"https:\/\/amuse-mfg.com\/#website\",\"url\":\"https:\/\/amuse-mfg.com\/\",\"name\":\"Swawa | Amusement Rides Manufacturer | Complete Solutions | Funfair Equipment Manufacturer\",\"description\":\"Direct factory of amusement rides &amp; playground equipment. Exported to over 20 countries, we offer equipment, park design, revenue plans and full after-sales service.\",\"publisher\":{\"@id\":\"https:\/\/amuse-mfg.com\/#organization\"},\"alternateName\":\"Swawa | Amusement Rides Manufacturer\",\"potentialAction\":[{\"@type\":\"SearchAction\",\"target\":{\"@type\":\"EntryPoint\",\"urlTemplate\":\"https:\/\/amuse-mfg.com\/?s={search_term_string}\"},\"query-input\":{\"@type\":\"PropertyValueSpecification\",\"valueRequired\":true,\"valueName\":\"search_term_string\"}}],\"inLanguage\":\"pt-AO\"},{\"@type\":\"Organization\",\"@id\":\"https:\/\/amuse-mfg.com\/#organization\",\"name\":\"Swawa | Amusement Rides Manufacturer | Complete Solutions | Funfair Equipment Manufacturer\",\"alternateName\":\"Swawa\",\"url\":\"https:\/\/amuse-mfg.com\/\",\"logo\":{\"@type\":\"ImageObject\",\"inLanguage\":\"pt-AO\",\"@id\":\"https:\/\/amuse-mfg.com\/#\/schema\/logo\/image\/\",\"url\":\"https:\/\/amuse-mfg.com\/wp-content\/uploads\/2025\/12\/favicon-3.png\",\"contentUrl\":\"https:\/\/amuse-mfg.com\/wp-content\/uploads\/2025\/12\/favicon-3.png\",\"width\":192,\"height\":192,\"caption\":\"Swawa | Amusement Rides Manufacturer | Complete Solutions | Funfair Equipment Manufacturer\"},\"image\":{\"@id\":\"https:\/\/amuse-mfg.com\/#\/schema\/logo\/image\/\"},\"sameAs\":[\"https:\/\/www.youtube.com\/@SwawaAmuse-Mfg\",\"https:\/\/www.pinterest.com\/swawamfg\/\",\"https:\/\/www.instagram.com\/swawamfg\/\"]}]}<\/script>\n<!-- \/ Yoast SEO plugin. -->","yoast_head_json":{"title":"Junte-se \u00e0 nossa equipe\/Trabalho | Swawa | Fabricante de brinquedos para parques de divers\u00f5es | Solu\u00e7\u00f5es completas | Fabricante de equipamentos para parques de divers\u00f5es","robots":{"index":"index","follow":"follow","max-snippet":"max-snippet:-1","max-image-preview":"max-image-preview:large","max-video-preview":"max-video-preview:-1"},"canonical":"https:\/\/amuse-mfg.com\/pt\/join-our-team-job\/","og_locale":"pt_PT","og_type":"article","og_title":"Join Our Team\/Job | Swawa | Amusement Rides Manufacturer | Complete Solutions | Funfair Equipment Manufacturer","og_description":"Swawa Careers at Swawa Amusement Logistics &amp; Warehousing Specialist Responsible for the entire logistics flow from factory to international clients, ensuring safe packaging and on-time delivery of amusement equipment (e.g., trackless trains, bumper cars). Handle professional export packaging (shockproof, wooden crate reinforcement) for amusement rides to ensure safety during long-distance sea freight. Operate forklifts and [&hellip;]","og_url":"https:\/\/amuse-mfg.com\/pt\/join-our-team-job\/","og_site_name":"Swawa | Amusement Rides Manufacturer | Complete Solutions | Funfair Equipment Manufacturer","article_modified_time":"2026-02-02T08:40:34+00:00","og_image":[{"width":1872,"height":1054,"url":"https:\/\/amuse-mfg.com\/wp-content\/uploads\/2025\/12\/DSCF4059.jpg","type":"image\/jpeg"}],"twitter_card":"summary_large_image","twitter_misc":{"Est. reading time":"1 minuto"},"schema":{"@context":"https:\/\/schema.org","@graph":[{"@type":"WebPage","@id":"https:\/\/amuse-mfg.com\/join-our-team-job\/","url":"https:\/\/amuse-mfg.com\/join-our-team-job\/","name":"Junte-se \u00e0 nossa equipe\/Trabalho | Swawa | Fabricante de brinquedos para parques de divers\u00f5es | Solu\u00e7\u00f5es completas | Fabricante de equipamentos para parques de divers\u00f5es","isPartOf":{"@id":"https:\/\/amuse-mfg.com\/#website"},"datePublished":"2025-12-03T09:28:21+00:00","dateModified":"2026-02-02T08:40:34+00:00","breadcrumb":{"@id":"https:\/\/amuse-mfg.com\/join-our-team-job\/#breadcrumb"},"inLanguage":"pt-AO","potentialAction":[{"@type":"ReadAction","target":["https:\/\/amuse-mfg.com\/join-our-team-job\/"]}]},{"@type":"BreadcrumbList","@id":"https:\/\/amuse-mfg.com\/join-our-team-job\/#breadcrumb","itemListElement":[{"@type":"ListItem","position":1,"name":"Home","item":"https:\/\/amuse-mfg.com\/"},{"@type":"ListItem","position":2,"name":"Join Our Team\/Job"}]},{"@type":"WebSite","@id":"https:\/\/amuse-mfg.com\/#website","url":"https:\/\/amuse-mfg.com\/","name":"Swawa | Fabricante de divers\u00f5es | Solu\u00e7\u00f5es completas | Fabricante de equipamento para feiras de divers\u00f5es","description":"F\u00e1brica direta de equipamentos de divers\u00e3o e parques infantis. Exportados para mais de 20 pa\u00edses, oferecemos equipamento, conce\u00e7\u00e3o de parques, planos de receitas e servi\u00e7o p\u00f3s-venda completo.","publisher":{"@id":"https:\/\/amuse-mfg.com\/#organization"},"alternateName":"Swawa | Amusement Rides Manufacturer","potentialAction":[{"@type":"SearchAction","target":{"@type":"EntryPoint","urlTemplate":"https:\/\/amuse-mfg.com\/?s={search_term_string}"},"query-input":{"@type":"PropertyValueSpecification","valueRequired":true,"valueName":"search_term_string"}}],"inLanguage":"pt-AO"},{"@type":"Organization","@id":"https:\/\/amuse-mfg.com\/#organization","name":"Swawa | Fabricante de divers\u00f5es | Solu\u00e7\u00f5es completas | Fabricante de equipamento para feiras de divers\u00f5es","alternateName":"Swawa","url":"https:\/\/amuse-mfg.com\/","logo":{"@type":"ImageObject","inLanguage":"pt-AO","@id":"https:\/\/amuse-mfg.com\/#\/schema\/logo\/image\/","url":"https:\/\/amuse-mfg.com\/wp-content\/uploads\/2025\/12\/favicon-3.png","contentUrl":"https:\/\/amuse-mfg.com\/wp-content\/uploads\/2025\/12\/favicon-3.png","width":192,"height":192,"caption":"Swawa | Amusement Rides Manufacturer | Complete Solutions | Funfair Equipment Manufacturer"},"image":{"@id":"https:\/\/amuse-mfg.com\/#\/schema\/logo\/image\/"},"sameAs":["https:\/\/www.youtube.com\/@SwawaAmuse-Mfg","https:\/\/www.pinterest.com\/swawamfg\/","https:\/\/www.instagram.com\/swawamfg\/"]}]}},"_links":{"self":[{"href":"https:\/\/amuse-mfg.com\/pt\/wp-json\/wp\/v2\/pages\/4705","targetHints":{"allow":["GET"]}}],"collection":[{"href":"https:\/\/amuse-mfg.com\/pt\/wp-json\/wp\/v2\/pages"}],"about":[{"href":"https:\/\/amuse-mfg.com\/pt\/wp-json\/wp\/v2\/types\/page"}],"author":[{"embeddable":true,"href":"https:\/\/amuse-mfg.com\/pt\/wp-json\/wp\/v2\/users\/1"}],"replies":[{"embeddable":true,"href":"https:\/\/amuse-mfg.com\/pt\/wp-json\/wp\/v2\/comments?post=4705"}],"version-history":[{"count":3,"href":"https:\/\/amuse-mfg.com\/pt\/wp-json\/wp\/v2\/pages\/4705\/revisions"}],"predecessor-version":[{"id":6060,"href":"https:\/\/amuse-mfg.com\/pt\/wp-json\/wp\/v2\/pages\/4705\/revisions\/6060"}],"wp:attachment":[{"href":"https:\/\/amuse-mfg.com\/pt\/wp-json\/wp\/v2\/media?parent=4705"}],"curies":[{"name":"wp","href":"https:\/\/api.w.org\/{rel}","templated":true}]}}