{"id":4417,"date":"2023-02-06T03:35:02","date_gmt":"2023-02-06T03:35:02","guid":{"rendered":"https:\/\/radiustheme.com\/demo\/wordpress\/themes\/faktorie\/?page_id=16"},"modified":"2026-02-03T09:04:58","modified_gmt":"2026-02-03T09:04:58","slug":"contact","status":"publish","type":"page","link":"https:\/\/amuse-mfg.com\/pt\/contact\/","title":{"rendered":"Contacto"},"content":{"rendered":"<div data-elementor-type=\"wp-page\" data-elementor-id=\"4417\" class=\"elementor elementor-4417\">\n\t\t\t\t\t\t<section data-particle_enable=\"false\" data-particle-mobile-disabled=\"false\" class=\"elementor-section elementor-top-section elementor-element elementor-element-00254c2 elementor-section-full_width elementor-section-height-default elementor-section-height-default rt-parallax-bg-no\" data-id=\"00254c2\" data-element_type=\"section\">\n\t\t\t\t\t\t<div class=\"elementor-container elementor-column-gap-default\">\n\t\t\t\t\t<div class=\"elementor-column elementor-col-100 elementor-top-column elementor-element elementor-element-9cd5e43\" data-id=\"9cd5e43\" data-element_type=\"column\">\n\t\t\t<div class=\"elementor-widget-wrap elementor-element-populated\">\n\t\t\t\t\t\t<div class=\"elementor-element elementor-element-4ba1525 elementor-widget elementor-widget-google_maps\" data-id=\"4ba1525\" data-element_type=\"widget\" data-widget_type=\"google_maps.default\">\n\t\t\t\t\t\t\t<div class=\"elementor-custom-embed\">\n\t\t\t<iframe loading=\"lazy\"\n\t\t\t\t\tsrc=\"https:\/\/maps.google.com\/maps?q=51%20Muhejing%20East%20Road%2C%20Gangkou%20Town%2C%20Zhongshan%20City%2C%20GuangDong%2C%20China&#038;t=m&#038;z=10&#038;output=embed&#038;iwloc=near\"\n\t\t\t\t\ttitle=\"51 Muhejing East Road, Gangkou Town, Zhongshan City, GuangDong, China\"\n\t\t\t\t\taria-label=\"51 Muhejing East Road, Gangkou Town, Zhongshan City, GuangDong, China\"\n\t\t\t><\/iframe>\n\t\t<\/div>\n\t\t\t\t\t\t<\/div>\n\t\t\t\t\t<\/div>\n\t\t<\/div>\n\t\t\t\t\t<\/div>\n\t\t<\/section>\n\t\t\t\t<section data-particle_enable=\"false\" data-particle-mobile-disabled=\"false\" class=\"elementor-section elementor-top-section elementor-element elementor-element-0d42a88 elementor-section-boxed elementor-section-height-default elementor-section-height-default rt-parallax-bg-no\" data-id=\"0d42a88\" data-element_type=\"section\">\n\t\t\t\t\t\t<div class=\"elementor-container elementor-column-gap-default\">\n\t\t\t\t\t<div class=\"elementor-column elementor-col-33 elementor-top-column elementor-element elementor-element-9248a1a\" data-id=\"9248a1a\" data-element_type=\"column\" data-settings=\"{&quot;background_background&quot;:&quot;classic&quot;}\">\n\t\t\t<div class=\"elementor-widget-wrap elementor-element-populated\">\n\t\t\t\t\t\t<div class=\"elementor-element elementor-element-07b71e4 elementor-invisible elementor-widget elementor-widget-rt-title\" data-id=\"07b71e4\" data-element_type=\"widget\" data-widget_type=\"rt-title.default\">\n\t\t\t\t<div class=\"elementor-widget-container\">\n\t\t\t\t\t<div class=\"rt-section-title has-animation style1\">\n\t<div class=\"title-holder\">\t\t\n\t\t\t\t\t\t<h2 class=\"entry-title hide fadeInUp\" data-wow-delay=\"0.6s\" data-wow-duration=\"1.4s\">Informa\u00e7\u00e3o<\/h2>\n\t\t\t\t\n\t<\/div>\n<\/div>\n\t\t\t\t<\/div>\n\t\t\t\t<\/div>\n\t\t\t\t<div class=\"elementor-element elementor-element-693d467 elementor-widget elementor-widget-text-editor\" data-id=\"693d467\" data-element_type=\"widget\" data-widget_type=\"text-editor.default\">\n\t\t\t\t\t\t\t\t\t<p>F\u00e1brica direta de equipamentos de divers\u00e3o e parques infantis. Exportados para mais de 20 pa\u00edses, oferecemos equipamento, conce\u00e7\u00e3o de parques, planos de receitas e servi\u00e7o p\u00f3s-venda completo.<\/p>\t\t\t\t\t\t\t\t<\/div>\n\t\t\t\t<div class=\"elementor-element elementor-element-5136908 elementor-invisible elementor-widget elementor-widget-rt-contact-info\" data-id=\"5136908\" data-element_type=\"widget\" data-widget_type=\"rt-contact-info.default\">\n\t\t\t\t<div class=\"elementor-widget-container\">\n\t\t\t\t\t\n<div class=\"rt-contact-info\">\n    <div class=\"rt-item item-icon hide fadeInUp\" data-wow-delay=\"0.2s\" data-wow-duration=\"1.2s\">\n    \t<div class=\"rt-item-icon\">\n\t          \n\t        \t            <i aria-hidden=\"true\" class=\"icon-faktorie-location\"><\/i>\t        \t         \n\t    <\/div>\n\t    <div class=\"rt-item-content\">\n\t        <h3 class=\"entry-title\">Endere\u00e7o<\/h3>\n\t        <ul class=\"contact-list\">\n\t            \t            <li>\n\t                \t                    Muhejing East Road, Gangkou Town, Zhongshan City, GuangDong, China\n\t                \t            <\/li>\n\t            \t        <\/ul>\n\t    <\/div>\n    <\/div>\n<\/div>\t\t\t\t<\/div>\n\t\t\t\t<\/div>\n\t\t\t\t<div class=\"elementor-element elementor-element-4c2a3eb elementor-widget-divider--view-line elementor-widget elementor-widget-divider\" data-id=\"4c2a3eb\" data-element_type=\"widget\" data-widget_type=\"divider.default\">\n\t\t\t\t\t\t\t<div class=\"elementor-divider\">\n\t\t\t<span class=\"elementor-divider-separator\">\n\t\t\t\t\t\t<\/span>\n\t\t<\/div>\n\t\t\t\t\t\t<\/div>\n\t\t\t\t<div class=\"elementor-element elementor-element-d570e29 elementor-invisible elementor-widget elementor-widget-rt-contact-info\" data-id=\"d570e29\" data-element_type=\"widget\" data-widget_type=\"rt-contact-info.default\">\n\t\t\t\t<div class=\"elementor-widget-container\">\n\t\t\t\t\t\n<div class=\"rt-contact-info\">\n    <div class=\"rt-item item-icon hide fadeInUp\" data-wow-delay=\"0.2s\" data-wow-duration=\"1.2s\">\n    \t<div class=\"rt-item-icon\">\n\t          \n\t        \t            <i aria-hidden=\"true\" class=\"icon-faktorie-phone\"><\/i>\t        \t         \n\t    <\/div>\n\t    <div class=\"rt-item-content\">\n\t        <h3 class=\"entry-title\">WhatsApp<\/h3>\n\t        <ul class=\"contact-list\">\n\t            \t            <li>\n\t                \t                    <a href=\"https:\/\/wa.me\/+8613342997671\" target=\"_blank\">+8613342997671<\/a>\t                \t            <\/li>\n\t            \t        <\/ul>\n\t    <\/div>\n    <\/div>\n<\/div>\t\t\t\t<\/div>\n\t\t\t\t<\/div>\n\t\t\t\t<div class=\"elementor-element elementor-element-057b266 elementor-widget-divider--view-line elementor-widget elementor-widget-divider\" data-id=\"057b266\" data-element_type=\"widget\" data-widget_type=\"divider.default\">\n\t\t\t\t\t\t\t<div class=\"elementor-divider\">\n\t\t\t<span class=\"elementor-divider-separator\">\n\t\t\t\t\t\t<\/span>\n\t\t<\/div>\n\t\t\t\t\t\t<\/div>\n\t\t\t\t<div class=\"elementor-element elementor-element-ce50dd0 elementor-invisible elementor-widget elementor-widget-rt-contact-info\" data-id=\"ce50dd0\" data-element_type=\"widget\" data-widget_type=\"rt-contact-info.default\">\n\t\t\t\t<div class=\"elementor-widget-container\">\n\t\t\t\t\t\n<div class=\"rt-contact-info\">\n    <div class=\"rt-item item-icon hide fadeInUp\" data-wow-delay=\"0.2s\" data-wow-duration=\"1.2s\">\n    \t<div class=\"rt-item-icon\">\n\t          \n\t        \t            <i aria-hidden=\"true\" class=\"icon-faktorie-message\"><\/i>\t        \t         \n\t    <\/div>\n\t    <div class=\"rt-item-content\">\n\t        <h3 class=\"entry-title\"> E-mail<\/h3>\n\t        <ul class=\"contact-list\">\n\t            \t            <li>\n\t                \t                <a href=\"mailto:admin@amuse-mfg.com\">\n\t                    admin@amuse-mfg.com\t                <\/a>\n\t                \t            <\/li>\n\t            \t        <\/ul>\n\t    <\/div>\n    <\/div>\n<\/div>\t\t\t\t<\/div>\n\t\t\t\t<\/div>\n\t\t\t\t\t<\/div>\n\t\t<\/div>\n\t\t\t\t<div class=\"elementor-column elementor-col-66 elementor-top-column elementor-element elementor-element-c01cd81\" data-id=\"c01cd81\" data-element_type=\"column\" data-settings=\"{&quot;background_background&quot;:&quot;classic&quot;}\">\n\t\t\t<div class=\"elementor-widget-wrap elementor-element-populated\">\n\t\t\t\t\t\t<div class=\"elementor-element elementor-element-1a36075 elementor-invisible elementor-widget elementor-widget-rt-title\" data-id=\"1a36075\" data-element_type=\"widget\" data-widget_type=\"rt-title.default\">\n\t\t\t\t<div class=\"elementor-widget-container\">\n\t\t\t\t\t<div class=\"rt-section-title has-animation style1\">\n\t<div class=\"title-holder\">\t\t\n\t\t\t\t\t\t<h2 class=\"entry-title hide fadeInUp\" data-wow-delay=\"0.6s\" data-wow-duration=\"1.4s\">Entre em contato<\/h2>\n\t\t\t\t\n\t<\/div>\n<\/div>\n\t\t\t\t<\/div>\n\t\t\t\t<\/div>\n\t\t\t\t<div class=\"elementor-element elementor-element-5317bdb elementor-widget elementor-widget-text-editor\" data-id=\"5317bdb\" data-element_type=\"widget\" data-widget_type=\"text-editor.default\">\n\t\t\t\t\t\t\t\t\t<p>Como marca global oficial do Parque Industrial de Equipamento de Divers\u00f5es de Zhongshan, a Swawa Amusement fornece uma solu\u00e7\u00e3o completa e \u00fanica para projectos de divers\u00f5es. Combinamos design inovador, fabrico de classe mundial e apoio dedicado para dar vida ao seu parque, centro comercial ou centro de entretenimento familiar e maximizar as suas receitas.<\/p>\t\t\t\t\t\t\t\t<\/div>\n\t\t\t\t<div class=\"elementor-element elementor-element-8647d85 fluentform-widget-submit-button-custom elementor-widget elementor-widget-fluent-form-widget\" data-id=\"8647d85\" data-element_type=\"widget\" data-widget_type=\"fluent-form-widget.default\">\n\t\t\t\t<div class=\"elementor-widget-container\">\n\t\t\t\t\t\n            <div class=\"fluentform-widget-wrapper fluentform-widget-align-default\">\n\n            \n            <div class='fluentform ff-default fluentform_wrapper_5 ffs_default_wrap'><form data-form_id=\"5\" id=\"fluentform_5\" class=\"frm-fluent-form fluent_form_5 ff-el-form-top ff_form_instance_5_1 ff-form-loading ffs_default\" data-form_instance=\"ff_form_instance_5_1\" method=\"POST\" action=\"\" ><fieldset  style=\"border: none!important;margin: 0!important;padding: 0!important;background-color: transparent!important;box-shadow: none!important;outline: none!important; min-inline-size: 100%;\">\n                    <legend class=\"ff_screen_reader_title\" style=\"display: block; margin: 0!important;padding: 0!important;height: 0!important;text-indent: -999999px;width: 0!important;overflow:hidden;\">Formul\u00e1rio de contato<\/legend><input type='hidden' name='__fluent_form_embded_post_id' value='4417' \/><input type=\"hidden\" id=\"_fluentform_5_fluentformnonce\" name=\"_fluentform_5_fluentformnonce\" value=\"9935a21e0f\" \/><input type=\"hidden\" name=\"_wp_http_referer\" value=\"\/pt\/wp-json\/wp\/v2\/pages\/4417\" \/><div data-name=\"ff_cn_id_1\"  class='ff-t-container ff-column-container ff_columns_total_2 contact-form'><div class='ff-t-cell ff-t-column-1' style='flex-basis: 50%;'><div data-type=\"name-element\" data-name=\"names\" class=\"ff-field_container ff-name-field-wrapper\" ><div class='ff-t-container'><div class='ff-t-cell'><div class='ff-el-group'><div class='ff-el-input--content'><input type=\"text\" name=\"names[first_name]\" id=\"ff_5_names_first_name_\" class=\"ff-el-form-control\" placeholder=\"Nome\" aria-invalid=\"false\" aria-required=\"true\"><\/div><\/div><\/div><\/div><\/div><\/div><div class='ff-t-cell ff-t-column-2' style='flex-basis: 50%;'><div class='ff-el-group'><div class='ff-el-input--content'><input type=\"email\" name=\"email\" id=\"ff_5_email\" class=\"ff-el-form-control\" placeholder=\"Correio eletr\u00f3nico\" data-name=\"email\"  aria-invalid=\"false\" aria-required=\"true\"><\/div><\/div><\/div><\/div><div data-name=\"ff_cn_id_2\"  class='ff-t-container ff-column-container ff_columns_total_2 contact-form'><div class='ff-t-cell ff-t-column-1' style='flex-basis: 50%;'><div class='ff-el-group'><div class='ff-el-input--content'><input type=\"text\" name=\"input_text\" class=\"ff-el-form-control\" placeholder=\"Telefone\" data-name=\"input_text\" id=\"ff_5_input_text\"  aria-invalid=\"false\" aria-required=\"false\"><\/div><\/div><\/div><div class='ff-t-cell ff-t-column-2' style='flex-basis: 50%;'><div class='ff-el-group'><div class='ff-el-input--content'><input type=\"text\" name=\"subject\" class=\"ff-el-form-control\" placeholder=\"Assunto\" data-name=\"subject\" id=\"ff_5_subject\"  aria-invalid=\"false\" aria-required=\"false\"><\/div><\/div><\/div><\/div><div class='ff-el-group contact-form'><div class='ff-el-input--content'><textarea aria-required=\"true\" aria-labelledby=\"label_ff_5_message\" name=\"message\" id=\"ff_5_message\" class=\"ff-el-form-control\" placeholder=\"Coment\u00e1rios\" rows=\"6\" cols=\"2\" data-name=\"message\" ><\/textarea><\/div><\/div><div class='ff-el-group ff-text-left contact-form ff_submit_btn_wrapper'><button type=\"submit\" class=\"ff-btn ff-btn-submit ff-btn-md ff_btn_no_style\"  aria-label=\"ENVIE SUA MENSAGEM\">ENVIE SUA MENSAGEM<\/button><\/div><\/fieldset><input type=\"hidden\" name=\"trp-form-language\" value=\"pt\"\/><\/form><div id='fluentform_5_errors' class='ff-errors-in-stack ff_form_instance_5_1 ff-form-loading_errors ff_form_instance_5_1_errors'><\/div><\/div>            <script type=\"text\/javascript\">\n                window.fluent_form_ff_form_instance_5_1 = {\"id\":\"5\",\"settings\":{\"layout\":{\"labelPlacement\":\"top\",\"helpMessagePlacement\":\"with_label\",\"errorMessagePlacement\":\"inline\",\"cssClassName\":\"\",\"asteriskPlacement\":\"asterisk-right\"},\"restrictions\":{\"denyEmptySubmission\":{\"enabled\":false}}},\"form_instance\":\"ff_form_instance_5_1\",\"form_id_selector\":\"fluentform_5\",\"rules\":{\"names[first_name]\":{\"required\":{\"value\":true,\"message\":\"This field is required\"}},\"names[middle_name]\":{\"required\":{\"value\":false,\"message\":\"This field is required\"}},\"names[last_name]\":{\"required\":{\"value\":false,\"message\":\"This field is required\"}},\"email\":{\"required\":{\"value\":true,\"message\":\"This field is required\"},\"email\":{\"value\":true,\"message\":\"This field must contain a valid email\"}},\"input_text\":{\"required\":{\"value\":false,\"message\":\"This field is required\"}},\"subject\":{\"required\":{\"value\":false,\"message\":\"This field is required\"}},\"message\":{\"required\":{\"value\":true,\"message\":\"This field is required\"}}},\"debounce_time\":300};\n                            <\/script>\n                        <\/div>\n\n            \t\t\t\t<\/div>\n\t\t\t\t<\/div>\n\t\t\t\t\t<\/div>\n\t\t<\/div>\n\t\t\t\t\t<\/div>\n\t\t<\/section>\n\t\t\t\t<\/div>","protected":false},"excerpt":{"rendered":"<p>Informa\u00e7\u00f5es F\u00e1brica direta de equipamentos para parques de divers\u00f5es e parques infantis. Exportados para mais de 20 pa\u00edses, oferecemos equipamentos, projeto de parques, planos de receitas e servi\u00e7o p\u00f3s-venda completo. Endere\u00e7o Muhejing East Road, Gangkou Town, Zhongshan City, GuangDong, China What's App +8613342997671 E-Mail admin@amuse-mfg.com Entrar em contacto Como marca global oficial do Parque Industrial de Equipamento de Divers\u00f5es de Zhongshan, [...]<\/p>","protected":false},"author":1,"featured_media":0,"parent":0,"menu_order":0,"comment_status":"closed","ping_status":"closed","template":"elementor_header_footer","meta":{"footnotes":""},"class_list":["post-4417","page","type-page","status-publish","hentry"],"yoast_head":"<!-- This site is optimized with the Yoast SEO plugin v26.6 - https:\/\/yoast.com\/wordpress\/plugins\/seo\/ -->\n<title>Contact | Swawa | Amusement Rides Manufacturer | Complete Solutions | Funfair Equipment Manufacturer<\/title>\n<meta name=\"robots\" content=\"index, follow, max-snippet:-1, max-image-preview:large, max-video-preview:-1\" \/>\n<link rel=\"canonical\" href=\"https:\/\/amuse-mfg.com\/pt\/contact\/\" \/>\n<meta property=\"og:locale\" content=\"pt_PT\" \/>\n<meta property=\"og:type\" content=\"article\" \/>\n<meta property=\"og:title\" content=\"Contact | Swawa | Amusement Rides Manufacturer | Complete Solutions | Funfair Equipment Manufacturer\" \/>\n<meta property=\"og:description\" content=\"Information Direct factory of amusement rides &amp; playground equipment. Exported to over 20 countries, we offer equipment, park design, revenue plans and full after-sales service. Address Muhejing East Road, Gangkou Town, Zhongshan City, GuangDong, China What&#8217;s App +8613342997671 E-Mail admin@amuse-mfg.com Get In Touch As the official global brand of the Zhongshan Amusement Equipment Industrial Park, [&hellip;]\" \/>\n<meta property=\"og:url\" content=\"https:\/\/amuse-mfg.com\/pt\/contact\/\" \/>\n<meta property=\"og:site_name\" content=\"Swawa | Amusement Rides Manufacturer | Complete Solutions | Funfair Equipment Manufacturer\" \/>\n<meta property=\"article:modified_time\" content=\"2026-02-03T09:04:58+00:00\" \/>\n<meta property=\"og:image\" content=\"https:\/\/amuse-mfg.com\/wp-content\/uploads\/2025\/12\/DSCF4059.jpg\" \/>\n\t<meta property=\"og:image:width\" content=\"1872\" \/>\n\t<meta property=\"og:image:height\" content=\"1054\" \/>\n\t<meta property=\"og:image:type\" content=\"image\/jpeg\" \/>\n<meta name=\"twitter:card\" content=\"summary_large_image\" \/>\n<meta name=\"twitter:label1\" content=\"Est. reading time\" \/>\n\t<meta name=\"twitter:data1\" content=\"1 minuto\" \/>\n<script type=\"application\/ld+json\" class=\"yoast-schema-graph\">{\"@context\":\"https:\/\/schema.org\",\"@graph\":[{\"@type\":\"WebPage\",\"@id\":\"https:\/\/amuse-mfg.com\/contact\/\",\"url\":\"https:\/\/amuse-mfg.com\/contact\/\",\"name\":\"Contact | Swawa | Amusement Rides Manufacturer | Complete Solutions | Funfair Equipment Manufacturer\",\"isPartOf\":{\"@id\":\"https:\/\/amuse-mfg.com\/#website\"},\"datePublished\":\"2023-02-06T03:35:02+00:00\",\"dateModified\":\"2026-02-03T09:04:58+00:00\",\"breadcrumb\":{\"@id\":\"https:\/\/amuse-mfg.com\/contact\/#breadcrumb\"},\"inLanguage\":\"pt-AO\",\"potentialAction\":[{\"@type\":\"ReadAction\",\"target\":[\"https:\/\/amuse-mfg.com\/contact\/\"]}]},{\"@type\":\"BreadcrumbList\",\"@id\":\"https:\/\/amuse-mfg.com\/contact\/#breadcrumb\",\"itemListElement\":[{\"@type\":\"ListItem\",\"position\":1,\"name\":\"Home\",\"item\":\"https:\/\/amuse-mfg.com\/\"},{\"@type\":\"ListItem\",\"position\":2,\"name\":\"Contact\"}]},{\"@type\":\"WebSite\",\"@id\":\"https:\/\/amuse-mfg.com\/#website\",\"url\":\"https:\/\/amuse-mfg.com\/\",\"name\":\"Swawa | Amusement Rides Manufacturer | Complete Solutions | Funfair Equipment Manufacturer\",\"description\":\"Direct factory of amusement rides &amp; playground equipment. Exported to over 20 countries, we offer equipment, park design, revenue plans and full after-sales service.\",\"publisher\":{\"@id\":\"https:\/\/amuse-mfg.com\/#organization\"},\"alternateName\":\"Swawa | Amusement Rides Manufacturer\",\"potentialAction\":[{\"@type\":\"SearchAction\",\"target\":{\"@type\":\"EntryPoint\",\"urlTemplate\":\"https:\/\/amuse-mfg.com\/?s={search_term_string}\"},\"query-input\":{\"@type\":\"PropertyValueSpecification\",\"valueRequired\":true,\"valueName\":\"search_term_string\"}}],\"inLanguage\":\"pt-AO\"},{\"@type\":\"Organization\",\"@id\":\"https:\/\/amuse-mfg.com\/#organization\",\"name\":\"Swawa | Amusement Rides Manufacturer | Complete Solutions | Funfair Equipment Manufacturer\",\"alternateName\":\"Swawa\",\"url\":\"https:\/\/amuse-mfg.com\/\",\"logo\":{\"@type\":\"ImageObject\",\"inLanguage\":\"pt-AO\",\"@id\":\"https:\/\/amuse-mfg.com\/#\/schema\/logo\/image\/\",\"url\":\"https:\/\/amuse-mfg.com\/wp-content\/uploads\/2025\/12\/favicon-3.png\",\"contentUrl\":\"https:\/\/amuse-mfg.com\/wp-content\/uploads\/2025\/12\/favicon-3.png\",\"width\":192,\"height\":192,\"caption\":\"Swawa | Amusement Rides Manufacturer | Complete Solutions | Funfair Equipment Manufacturer\"},\"image\":{\"@id\":\"https:\/\/amuse-mfg.com\/#\/schema\/logo\/image\/\"},\"sameAs\":[\"https:\/\/www.youtube.com\/@SwawaAmuse-Mfg\",\"https:\/\/www.pinterest.com\/swawamfg\/\",\"https:\/\/www.instagram.com\/swawamfg\/\"]}]}<\/script>\n<!-- \/ Yoast SEO plugin. -->","yoast_head_json":{"title":"Contato | Swawa | Fabricante de Brinquedos para Parques de Divers\u00f5es | Solu\u00e7\u00f5es Completas | Fabricante de Equipamentos para Parques de Divers\u00f5es","robots":{"index":"index","follow":"follow","max-snippet":"max-snippet:-1","max-image-preview":"max-image-preview:large","max-video-preview":"max-video-preview:-1"},"canonical":"https:\/\/amuse-mfg.com\/pt\/contact\/","og_locale":"pt_PT","og_type":"article","og_title":"Contact | Swawa | Amusement Rides Manufacturer | Complete Solutions | Funfair Equipment Manufacturer","og_description":"Information Direct factory of amusement rides &amp; playground equipment. Exported to over 20 countries, we offer equipment, park design, revenue plans and full after-sales service. Address Muhejing East Road, Gangkou Town, Zhongshan City, GuangDong, China What&#8217;s App +8613342997671 E-Mail admin@amuse-mfg.com Get In Touch As the official global brand of the Zhongshan Amusement Equipment Industrial Park, [&hellip;]","og_url":"https:\/\/amuse-mfg.com\/pt\/contact\/","og_site_name":"Swawa | Amusement Rides Manufacturer | Complete Solutions | Funfair Equipment Manufacturer","article_modified_time":"2026-02-03T09:04:58+00:00","og_image":[{"width":1872,"height":1054,"url":"https:\/\/amuse-mfg.com\/wp-content\/uploads\/2025\/12\/DSCF4059.jpg","type":"image\/jpeg"}],"twitter_card":"summary_large_image","twitter_misc":{"Est. reading time":"1 minuto"},"schema":{"@context":"https:\/\/schema.org","@graph":[{"@type":"WebPage","@id":"https:\/\/amuse-mfg.com\/contact\/","url":"https:\/\/amuse-mfg.com\/contact\/","name":"Contato | Swawa | Fabricante de Brinquedos para Parques de Divers\u00f5es | Solu\u00e7\u00f5es Completas | Fabricante de Equipamentos para Parques de Divers\u00f5es","isPartOf":{"@id":"https:\/\/amuse-mfg.com\/#website"},"datePublished":"2023-02-06T03:35:02+00:00","dateModified":"2026-02-03T09:04:58+00:00","breadcrumb":{"@id":"https:\/\/amuse-mfg.com\/contact\/#breadcrumb"},"inLanguage":"pt-AO","potentialAction":[{"@type":"ReadAction","target":["https:\/\/amuse-mfg.com\/contact\/"]}]},{"@type":"BreadcrumbList","@id":"https:\/\/amuse-mfg.com\/contact\/#breadcrumb","itemListElement":[{"@type":"ListItem","position":1,"name":"Home","item":"https:\/\/amuse-mfg.com\/"},{"@type":"ListItem","position":2,"name":"Contact"}]},{"@type":"WebSite","@id":"https:\/\/amuse-mfg.com\/#website","url":"https:\/\/amuse-mfg.com\/","name":"Swawa | Fabricante de divers\u00f5es | Solu\u00e7\u00f5es completas | Fabricante de equipamento para feiras de divers\u00f5es","description":"F\u00e1brica direta de equipamentos de divers\u00e3o e parques infantis. Exportados para mais de 20 pa\u00edses, oferecemos equipamento, conce\u00e7\u00e3o de parques, planos de receitas e servi\u00e7o p\u00f3s-venda completo.","publisher":{"@id":"https:\/\/amuse-mfg.com\/#organization"},"alternateName":"Swawa | Amusement Rides Manufacturer","potentialAction":[{"@type":"SearchAction","target":{"@type":"EntryPoint","urlTemplate":"https:\/\/amuse-mfg.com\/?s={search_term_string}"},"query-input":{"@type":"PropertyValueSpecification","valueRequired":true,"valueName":"search_term_string"}}],"inLanguage":"pt-AO"},{"@type":"Organization","@id":"https:\/\/amuse-mfg.com\/#organization","name":"Swawa | Fabricante de divers\u00f5es | Solu\u00e7\u00f5es completas | Fabricante de equipamento para feiras de divers\u00f5es","alternateName":"Swawa","url":"https:\/\/amuse-mfg.com\/","logo":{"@type":"ImageObject","inLanguage":"pt-AO","@id":"https:\/\/amuse-mfg.com\/#\/schema\/logo\/image\/","url":"https:\/\/amuse-mfg.com\/wp-content\/uploads\/2025\/12\/favicon-3.png","contentUrl":"https:\/\/amuse-mfg.com\/wp-content\/uploads\/2025\/12\/favicon-3.png","width":192,"height":192,"caption":"Swawa | Amusement Rides Manufacturer | Complete Solutions | Funfair Equipment Manufacturer"},"image":{"@id":"https:\/\/amuse-mfg.com\/#\/schema\/logo\/image\/"},"sameAs":["https:\/\/www.youtube.com\/@SwawaAmuse-Mfg","https:\/\/www.pinterest.com\/swawamfg\/","https:\/\/www.instagram.com\/swawamfg\/"]}]}},"_links":{"self":[{"href":"https:\/\/amuse-mfg.com\/pt\/wp-json\/wp\/v2\/pages\/4417","targetHints":{"allow":["GET"]}}],"collection":[{"href":"https:\/\/amuse-mfg.com\/pt\/wp-json\/wp\/v2\/pages"}],"about":[{"href":"https:\/\/amuse-mfg.com\/pt\/wp-json\/wp\/v2\/types\/page"}],"author":[{"embeddable":true,"href":"https:\/\/amuse-mfg.com\/pt\/wp-json\/wp\/v2\/users\/1"}],"replies":[{"embeddable":true,"href":"https:\/\/amuse-mfg.com\/pt\/wp-json\/wp\/v2\/comments?post=4417"}],"version-history":[{"count":3,"href":"https:\/\/amuse-mfg.com\/pt\/wp-json\/wp\/v2\/pages\/4417\/revisions"}],"predecessor-version":[{"id":6118,"href":"https:\/\/amuse-mfg.com\/pt\/wp-json\/wp\/v2\/pages\/4417\/revisions\/6118"}],"wp:attachment":[{"href":"https:\/\/amuse-mfg.com\/pt\/wp-json\/wp\/v2\/media?parent=4417"}],"curies":[{"name":"wp","href":"https:\/\/api.w.org\/{rel}","templated":true}]}}