{"id":4414,"date":"2023-02-06T02:47:30","date_gmt":"2023-02-06T02:47:30","guid":{"rendered":"https:\/\/radiustheme.com\/demo\/wordpress\/themes\/faktorie\/?page_id=3"},"modified":"2025-12-18T02:38:10","modified_gmt":"2025-12-18T02:38:10","slug":"privacy-policy-2","status":"publish","type":"page","link":"https:\/\/amuse-mfg.com\/pt\/privacy-policy-2\/","title":{"rendered":"Pol\u00edtica de privacidade"},"content":{"rendered":"<div data-elementor-type=\"wp-page\" data-elementor-id=\"4414\" class=\"elementor elementor-4414\">\n\t\t\t\t\t\t<section data-particle_enable=\"false\" data-particle-mobile-disabled=\"false\" class=\"elementor-section elementor-top-section elementor-element elementor-element-67754772 elementor-section-boxed elementor-section-height-default elementor-section-height-default rt-parallax-bg-no\" data-id=\"67754772\" data-element_type=\"section\">\n\t\t\t\t\t\t<div class=\"elementor-container elementor-column-gap-default\">\n\t\t\t\t\t<div class=\"elementor-column elementor-col-100 elementor-top-column elementor-element elementor-element-3fe77ed9\" data-id=\"3fe77ed9\" data-element_type=\"column\">\n\t\t\t<div class=\"elementor-widget-wrap elementor-element-populated\">\n\t\t\t\t\t\t<div class=\"elementor-element elementor-element-2d32a90 elementor-invisible elementor-widget elementor-widget-rt-title\" data-id=\"2d32a90\" data-element_type=\"widget\" data-widget_type=\"rt-title.default\">\n\t\t\t\t<div class=\"elementor-widget-container\">\n\t\t\t\t\t<div class=\"rt-section-title has-animation style2\">\n\t<div class=\"title-holder\">\n\t\t\t\t<h2 class=\"entry-title hide fadeInUp\" data-wow-delay=\"0.6s\" data-wow-duration=\"1.4s\">Introdu\u00e7\u00e3o<\/h2>\t\t\n\t\t\t\t<div class=\"entry-text hide fadeInUp\" data-wow-delay=\"1s\" data-wow-duration=\"1.4s\"><p><strong>Divertimento Swawa<\/strong>, como marca global oficial e representante da <strong>F\u00e1brica Mi Ying<\/strong>, est\u00e1 comprometida em proteger a privacidade dos nossos clientes internacionais. Esta Pol\u00edtica de Privacidade explica como recolhemos, usamos e protegemos as suas informa\u00e7\u00f5es pessoais e comerciais quando visita o nosso site ou solicita informa\u00e7\u00f5es sobre as nossas solu\u00e7\u00f5es de propriedade intelectual para entretenimento. Respeitamos a sua confian\u00e7a e seguimos os padr\u00f5es internacionais de prote\u00e7\u00e3o de dados.<\/p><\/div>\n\t\t\t<\/div>\n<\/div>\t\t\t\t<\/div>\n\t\t\t\t<\/div>\n\t\t\t\t<div class=\"elementor-element elementor-element-51779b4 elementor-invisible elementor-widget elementor-widget-rt-title\" data-id=\"51779b4\" data-element_type=\"widget\" data-widget_type=\"rt-title.default\">\n\t\t\t\t<div class=\"elementor-widget-container\">\n\t\t\t\t\t<div class=\"rt-section-title has-animation style2\">\n\t<div class=\"title-holder\">\n\t\t\t\t<h2 class=\"entry-title hide fadeInUp\" data-wow-delay=\"0.6s\" data-wow-duration=\"1.4s\">Informa\u00e7\u00f5es que recolhemos<\/h2>\t\t\n\t\t\t\t<div class=\"entry-text hide fadeInUp\" data-wow-delay=\"1s\" data-wow-duration=\"1.4s\"><p dir=\"auto\">Para fornecer or\u00e7amentos precisos e solu\u00e7\u00f5es personalizadas, podemos recolher as seguintes informa\u00e7\u00f5es:<\/p><ul dir=\"auto\"><li class=\"text-start\"><strong>Identidade pessoal:<\/strong> Nome, cargo, nome da empresa.<\/li><li class=\"text-start\"><strong>Dados de contacto:<\/strong> Endere\u00e7o de e-mail, n\u00famero de telefone\/WhatsApp, endere\u00e7o de entrega.<\/li><li class=\"text-start\"><strong>Detalhes comerciais:<\/strong> Localiza\u00e7\u00e3o do projeto, plantas baixas do local (CAD\/PDF), or\u00e7amento dispon\u00edvel e requisitos espec\u00edficos para equipamentos de divers\u00e3o.<\/li><li class=\"text-start\"><strong>Dados t\u00e9cnicos:<\/strong> Endere\u00e7o IP, tipo de navegador e dados de utiliza\u00e7\u00e3o do site atrav\u00e9s de cookies (para melhorar o desempenho do site).<\/li><\/ul><\/div>\n\t\t\t<\/div>\n<\/div>\t\t\t\t<\/div>\n\t\t\t\t<\/div>\n\t\t\t\t<div class=\"elementor-element elementor-element-2d76fd4 elementor-invisible elementor-widget elementor-widget-rt-title\" data-id=\"2d76fd4\" data-element_type=\"widget\" data-widget_type=\"rt-title.default\">\n\t\t\t\t<div class=\"elementor-widget-container\">\n\t\t\t\t\t<div class=\"rt-section-title has-animation style2\">\n\t<div class=\"title-holder\">\n\t\t\t\t<h2 class=\"entry-title hide fadeInUp\" data-wow-delay=\"0.6s\" data-wow-duration=\"1.4s\">Como utilizamos as suas informa\u00e7\u00f5es<\/h2>\t\t\n\t\t\t\t<div class=\"entry-text hide fadeInUp\" data-wow-delay=\"1s\" data-wow-duration=\"1.4s\"><p dir=\"auto\">Utilizamos os seus dados estritamente para fins comerciais:<\/p><ul dir=\"auto\"><li class=\"text-start\"><strong>Execu\u00e7\u00e3o de encomendas:<\/strong> Processamento de faturas proforma (PI), organiza\u00e7\u00e3o da produ\u00e7\u00e3o na f\u00e1brica Mi Ying e coordena\u00e7\u00e3o do envio global.<\/li><li class=\"text-start\"><strong>Apoio ao cliente:<\/strong> Fornecimento de orienta\u00e7\u00f5es de instala\u00e7\u00e3o, atualiza\u00e7\u00f5es do \"Kit de pe\u00e7as sobressalentes\" e suporte p\u00f3s-venda por v\u00eddeo.<\/li><li class=\"text-start\"><strong>Marketing (opcional):<\/strong> Envio de informa\u00e7\u00f5es sobre o setor, lan\u00e7amentos de novos IPs (por exemplo, \"Mecha Series\") e guias de opera\u00e7\u00e3o com alto ROI. Pode cancelar a inscri\u00e7\u00e3o a qualquer momento.<\/li><\/ul><\/div>\n\t\t\t<\/div>\n<\/div>\t\t\t\t<\/div>\n\t\t\t\t<\/div>\n\t\t\t\t<div class=\"elementor-element elementor-element-d7396ad elementor-invisible elementor-widget elementor-widget-rt-title\" data-id=\"d7396ad\" data-element_type=\"widget\" data-widget_type=\"rt-title.default\">\n\t\t\t\t<div class=\"elementor-widget-container\">\n\t\t\t\t\t<div class=\"rt-section-title has-animation style2\">\n\t<div class=\"title-holder\">\n\t\t\t\t<h2 class=\"entry-title hide fadeInUp\" data-wow-delay=\"0.6s\" data-wow-duration=\"1.4s\">Seguran\u00e7a e armazenamento de dados <\/h2>\t\t\n\t\t\t\t<div class=\"entry-text hide fadeInUp\" data-wow-delay=\"1s\" data-wow-duration=\"1.4s\"><p dir=\"auto\">Os seus dados s\u00e3o armazenados em servidores seguros com acesso restrito.<\/p><ul dir=\"auto\"><li class=\"text-start\"><strong>Confidencialidade da f\u00e1brica:<\/strong> Os layouts dos seus projetos e planos de neg\u00f3cios est\u00e3o acess\u00edveis <em>apenas<\/em> \u00e0s nossas equipas de design e engenharia na Mi Ying Factory para fins de personaliza\u00e7\u00e3o. N\u00e3o divulgamos os seus projetos de parques aos concorrentes.<\/li><li class=\"text-start\"><strong>Criptografia:<\/strong> Utilizamos tecnologia SSL para encriptar a transmiss\u00e3o de dados no nosso website.<\/li><\/ul><\/div>\n\t\t\t<\/div>\n<\/div>\t\t\t\t<\/div>\n\t\t\t\t<\/div>\n\t\t\t\t<div class=\"elementor-element elementor-element-931e6f8 elementor-invisible elementor-widget elementor-widget-rt-title\" data-id=\"931e6f8\" data-element_type=\"widget\" data-widget_type=\"rt-title.default\">\n\t\t\t\t<div class=\"elementor-widget-container\">\n\t\t\t\t\t<div class=\"rt-section-title has-animation style2\">\n\t<div class=\"title-holder\">\n\t\t\t\t<h2 class=\"entry-title hide fadeInUp\" data-wow-delay=\"0.6s\" data-wow-duration=\"1.4s\">Divulga\u00e7\u00e3o a terceiros<\/h2>\t\t\n\t\t\t\t<div class=\"entry-text hide fadeInUp\" data-wow-delay=\"1s\" data-wow-duration=\"1.4s\"><p>N\u00f3s fazemos <strong>n\u00e3o<\/strong> vender, comercializar ou transferir as suas informa\u00e7\u00f5es pessoais identific\u00e1veis a terceiros. Isso exclui terceiros de confian\u00e7a que nos auxiliam na opera\u00e7\u00e3o do nosso site ou na condu\u00e7\u00e3o dos nossos neg\u00f3cios (por exemplo, empresas de log\u00edstica, despachantes aduaneiros), desde que essas partes concordem em manter essas informa\u00e7\u00f5es confidenciais.<\/p><\/div>\n\t\t\t<\/div>\n<\/div>\t\t\t\t<\/div>\n\t\t\t\t<\/div>\n\t\t\t\t<div class=\"elementor-element elementor-element-0c0ad41 elementor-invisible elementor-widget elementor-widget-rt-title\" data-id=\"0c0ad41\" data-element_type=\"widget\" data-widget_type=\"rt-title.default\">\n\t\t\t\t<div class=\"elementor-widget-container\">\n\t\t\t\t\t<div class=\"rt-section-title has-animation style2\">\n\t<div class=\"title-holder\">\n\t\t\t\t<h2 class=\"entry-title hide fadeInUp\" data-wow-delay=\"0.6s\" data-wow-duration=\"1.4s\">Pol\u00edtica de Cookies<\/h2>\t\t\n\t\t\t\t<div class=\"entry-text hide fadeInUp\" data-wow-delay=\"1s\" data-wow-duration=\"1.4s\"><p>Utilizamos cookies para compilar dados agregados sobre o tr\u00e1fego e as intera\u00e7\u00f5es do site, a fim de oferecer melhores experi\u00eancias e ferramentas no futuro. Pode optar por desativar todos os cookies nas configura\u00e7\u00f5es do seu navegador, embora algumas funcionalidades (como formul\u00e1rios de consulta) possam funcionar de forma diferente.<\/p><\/div>\n\t\t\t<\/div>\n<\/div>\t\t\t\t<\/div>\n\t\t\t\t<\/div>\n\t\t\t\t<div class=\"elementor-element elementor-element-38b8220 elementor-invisible elementor-widget elementor-widget-rt-title\" data-id=\"38b8220\" data-element_type=\"widget\" data-widget_type=\"rt-title.default\">\n\t\t\t\t<div class=\"elementor-widget-container\">\n\t\t\t\t\t<div class=\"rt-section-title has-animation style2\">\n\t<div class=\"title-holder\">\n\t\t\t\t<h2 class=\"entry-title hide fadeInUp\" data-wow-delay=\"0.6s\" data-wow-duration=\"1.4s\">Os seus direitos<\/h2>\t\t\n\t\t\t\t<div class=\"entry-text hide fadeInUp\" data-wow-delay=\"1s\" data-wow-duration=\"1.4s\"><p dir=\"auto\">Como cliente global, tem o direito de:<\/p><ul dir=\"auto\"><li class=\"text-start\">Solicite uma c\u00f3pia dos dados pessoais que mantemos sobre si.<\/li><li class=\"text-start\">Solicitar a corre\u00e7\u00e3o de dados imprecisos.<\/li><li class=\"text-start\">Solicite a elimina\u00e7\u00e3o dos seus dados do nosso sistema CRM (\"Direito ao esquecimento\"), a menos que sejamos obrigados a mant\u00ea-los para fins legais ou fiscais.<\/li><\/ul><\/div>\n\t\t\t<\/div>\n<\/div>\t\t\t\t<\/div>\n\t\t\t\t<\/div>\n\t\t\t\t<div class=\"elementor-element elementor-element-f746790 elementor-invisible elementor-widget elementor-widget-rt-title\" data-id=\"f746790\" data-element_type=\"widget\" data-widget_type=\"rt-title.default\">\n\t\t\t\t<div class=\"elementor-widget-container\">\n\t\t\t\t\t<div class=\"rt-section-title has-animation style2\">\n\t<div class=\"title-holder\">\n\t\t\t\t<h2 class=\"entry-title hide fadeInUp\" data-wow-delay=\"0.6s\" data-wow-duration=\"1.4s\">Contactar-nos<\/h2>\t\t\n\t\t\t\t<div class=\"entry-text hide fadeInUp\" data-wow-delay=\"1s\" data-wow-duration=\"1.4s\"><p>Se tiver alguma d\u00favida sobre esta pol\u00edtica de privacidade, entre em contacto connosco usando as informa\u00e7\u00f5es abaixo:\u00a0<a href=\"\/pt\/contact\/\">\/contacto\/<\/a><\/p><\/div>\n\t\t\t<\/div>\n<\/div>\t\t\t\t<\/div>\n\t\t\t\t<\/div>\n\t\t\t\t\t<\/div>\n\t\t<\/div>\n\t\t\t\t\t<\/div>\n\t\t<\/section>\n\t\t\t\t<\/div>","protected":false},"excerpt":{"rendered":"<p>Introdu\u00e7\u00e3o A Swawa Amusement, como marca global oficial e representante da Mi Ying Factory, est\u00e1 comprometida em proteger a privacidade dos nossos clientes internacionais. Esta Pol\u00edtica de Privacidade explica como recolhemos, usamos e protegemos as suas informa\u00e7\u00f5es pessoais e comerciais quando visita o nosso site ou solicita informa\u00e7\u00f5es sobre as nossas solu\u00e7\u00f5es de IP para divers\u00f5es. Respeitamos a sua confian\u00e7a [...]<\/p>","protected":false},"author":1,"featured_media":0,"parent":0,"menu_order":0,"comment_status":"closed","ping_status":"closed","template":"elementor_header_footer","meta":{"footnotes":""},"class_list":["post-4414","page","type-page","status-publish","hentry"],"yoast_head":"<!-- This site is optimized with the Yoast SEO plugin v26.6 - https:\/\/yoast.com\/wordpress\/plugins\/seo\/ -->\n<title>Privacy Policy | Swawa | Amusement Rides Manufacturer | Complete Solutions | Funfair Equipment Manufacturer<\/title>\n<meta name=\"robots\" content=\"index, follow, max-snippet:-1, max-image-preview:large, max-video-preview:-1\" \/>\n<link rel=\"canonical\" href=\"https:\/\/amuse-mfg.com\/pt\/privacy-policy-2\/\" \/>\n<meta property=\"og:locale\" content=\"pt_PT\" \/>\n<meta property=\"og:type\" content=\"article\" \/>\n<meta property=\"og:title\" content=\"Privacy Policy | Swawa | Amusement Rides Manufacturer | Complete Solutions | Funfair Equipment Manufacturer\" \/>\n<meta property=\"og:description\" content=\"Introduction Swawa Amusement, as the official global brand and representative of Mi Ying Factory, is committed to protecting the privacy of our international clients. This Privacy Policy explains how we collect, use, and safeguard your personal and business information when you visit our website or inquire about our amusement IP solutions. We respect your trust [&hellip;]\" \/>\n<meta property=\"og:url\" content=\"https:\/\/amuse-mfg.com\/pt\/privacy-policy-2\/\" \/>\n<meta property=\"og:site_name\" content=\"Swawa | Amusement Rides Manufacturer | Complete Solutions | Funfair Equipment Manufacturer\" \/>\n<meta property=\"article:modified_time\" content=\"2025-12-18T02:38:10+00:00\" \/>\n<meta property=\"og:image\" content=\"https:\/\/amuse-mfg.com\/wp-content\/uploads\/2025\/12\/DSCF4059.jpg\" \/>\n\t<meta property=\"og:image:width\" content=\"1872\" \/>\n\t<meta property=\"og:image:height\" content=\"1054\" \/>\n\t<meta property=\"og:image:type\" content=\"image\/jpeg\" \/>\n<meta name=\"twitter:card\" content=\"summary_large_image\" \/>\n<meta name=\"twitter:label1\" content=\"Est. reading time\" \/>\n\t<meta name=\"twitter:data1\" content=\"2 minutos\" \/>\n<script type=\"application\/ld+json\" class=\"yoast-schema-graph\">{\"@context\":\"https:\/\/schema.org\",\"@graph\":[{\"@type\":\"WebPage\",\"@id\":\"https:\/\/amuse-mfg.com\/privacy-policy-2\/\",\"url\":\"https:\/\/amuse-mfg.com\/privacy-policy-2\/\",\"name\":\"Privacy Policy | Swawa | Amusement Rides Manufacturer | Complete Solutions | Funfair Equipment Manufacturer\",\"isPartOf\":{\"@id\":\"https:\/\/amuse-mfg.com\/#website\"},\"datePublished\":\"2023-02-06T02:47:30+00:00\",\"dateModified\":\"2025-12-18T02:38:10+00:00\",\"breadcrumb\":{\"@id\":\"https:\/\/amuse-mfg.com\/privacy-policy-2\/#breadcrumb\"},\"inLanguage\":\"pt-AO\",\"potentialAction\":[{\"@type\":\"ReadAction\",\"target\":[\"https:\/\/amuse-mfg.com\/privacy-policy-2\/\"]}]},{\"@type\":\"BreadcrumbList\",\"@id\":\"https:\/\/amuse-mfg.com\/privacy-policy-2\/#breadcrumb\",\"itemListElement\":[{\"@type\":\"ListItem\",\"position\":1,\"name\":\"Home\",\"item\":\"https:\/\/amuse-mfg.com\/\"},{\"@type\":\"ListItem\",\"position\":2,\"name\":\"Privacy Policy\"}]},{\"@type\":\"WebSite\",\"@id\":\"https:\/\/amuse-mfg.com\/#website\",\"url\":\"https:\/\/amuse-mfg.com\/\",\"name\":\"Swawa | Amusement Rides Manufacturer | Complete Solutions | Funfair Equipment Manufacturer\",\"description\":\"Direct factory of amusement rides &amp; playground equipment. Exported to over 20 countries, we offer equipment, park design, revenue plans and full after-sales service.\",\"publisher\":{\"@id\":\"https:\/\/amuse-mfg.com\/#organization\"},\"alternateName\":\"Swawa | Amusement Rides Manufacturer\",\"potentialAction\":[{\"@type\":\"SearchAction\",\"target\":{\"@type\":\"EntryPoint\",\"urlTemplate\":\"https:\/\/amuse-mfg.com\/?s={search_term_string}\"},\"query-input\":{\"@type\":\"PropertyValueSpecification\",\"valueRequired\":true,\"valueName\":\"search_term_string\"}}],\"inLanguage\":\"pt-AO\"},{\"@type\":\"Organization\",\"@id\":\"https:\/\/amuse-mfg.com\/#organization\",\"name\":\"Swawa | Amusement Rides Manufacturer | Complete Solutions | Funfair Equipment Manufacturer\",\"alternateName\":\"Swawa\",\"url\":\"https:\/\/amuse-mfg.com\/\",\"logo\":{\"@type\":\"ImageObject\",\"inLanguage\":\"pt-AO\",\"@id\":\"https:\/\/amuse-mfg.com\/#\/schema\/logo\/image\/\",\"url\":\"https:\/\/amuse-mfg.com\/wp-content\/uploads\/2025\/12\/favicon-3.png\",\"contentUrl\":\"https:\/\/amuse-mfg.com\/wp-content\/uploads\/2025\/12\/favicon-3.png\",\"width\":192,\"height\":192,\"caption\":\"Swawa | Amusement Rides Manufacturer | Complete Solutions | Funfair Equipment Manufacturer\"},\"image\":{\"@id\":\"https:\/\/amuse-mfg.com\/#\/schema\/logo\/image\/\"},\"sameAs\":[\"https:\/\/www.youtube.com\/@SwawaAmuse-Mfg\",\"https:\/\/www.pinterest.com\/swawamfg\/\",\"https:\/\/www.instagram.com\/swawamfg\/\"]}]}<\/script>\n<!-- \/ Yoast SEO plugin. -->","yoast_head_json":{"title":"Pol\u00edtica de Privacidade | Swawa | Fabricante de Brinquedos para Parques de Divers\u00f5es | Solu\u00e7\u00f5es Completas | Fabricante de Equipamentos para Parques de Divers\u00f5es","robots":{"index":"index","follow":"follow","max-snippet":"max-snippet:-1","max-image-preview":"max-image-preview:large","max-video-preview":"max-video-preview:-1"},"canonical":"https:\/\/amuse-mfg.com\/pt\/privacy-policy-2\/","og_locale":"pt_PT","og_type":"article","og_title":"Privacy Policy | Swawa | Amusement Rides Manufacturer | Complete Solutions | Funfair Equipment Manufacturer","og_description":"Introduction Swawa Amusement, as the official global brand and representative of Mi Ying Factory, is committed to protecting the privacy of our international clients. This Privacy Policy explains how we collect, use, and safeguard your personal and business information when you visit our website or inquire about our amusement IP solutions. We respect your trust [&hellip;]","og_url":"https:\/\/amuse-mfg.com\/pt\/privacy-policy-2\/","og_site_name":"Swawa | Amusement Rides Manufacturer | Complete Solutions | Funfair Equipment Manufacturer","article_modified_time":"2025-12-18T02:38:10+00:00","og_image":[{"width":1872,"height":1054,"url":"https:\/\/amuse-mfg.com\/wp-content\/uploads\/2025\/12\/DSCF4059.jpg","type":"image\/jpeg"}],"twitter_card":"summary_large_image","twitter_misc":{"Est. reading time":"2 minutos"},"schema":{"@context":"https:\/\/schema.org","@graph":[{"@type":"WebPage","@id":"https:\/\/amuse-mfg.com\/privacy-policy-2\/","url":"https:\/\/amuse-mfg.com\/privacy-policy-2\/","name":"Pol\u00edtica de Privacidade | Swawa | Fabricante de Brinquedos para Parques de Divers\u00f5es | Solu\u00e7\u00f5es Completas | Fabricante de Equipamentos para Parques de Divers\u00f5es","isPartOf":{"@id":"https:\/\/amuse-mfg.com\/#website"},"datePublished":"2023-02-06T02:47:30+00:00","dateModified":"2025-12-18T02:38:10+00:00","breadcrumb":{"@id":"https:\/\/amuse-mfg.com\/privacy-policy-2\/#breadcrumb"},"inLanguage":"pt-AO","potentialAction":[{"@type":"ReadAction","target":["https:\/\/amuse-mfg.com\/privacy-policy-2\/"]}]},{"@type":"BreadcrumbList","@id":"https:\/\/amuse-mfg.com\/privacy-policy-2\/#breadcrumb","itemListElement":[{"@type":"ListItem","position":1,"name":"Home","item":"https:\/\/amuse-mfg.com\/"},{"@type":"ListItem","position":2,"name":"Privacy Policy"}]},{"@type":"WebSite","@id":"https:\/\/amuse-mfg.com\/#website","url":"https:\/\/amuse-mfg.com\/","name":"Swawa | Fabricante de divers\u00f5es | Solu\u00e7\u00f5es completas | Fabricante de equipamento para feiras de divers\u00f5es","description":"F\u00e1brica direta de equipamentos de divers\u00e3o e parques infantis. Exportados para mais de 20 pa\u00edses, oferecemos equipamento, conce\u00e7\u00e3o de parques, planos de receitas e servi\u00e7o p\u00f3s-venda completo.","publisher":{"@id":"https:\/\/amuse-mfg.com\/#organization"},"alternateName":"Swawa | Amusement Rides Manufacturer","potentialAction":[{"@type":"SearchAction","target":{"@type":"EntryPoint","urlTemplate":"https:\/\/amuse-mfg.com\/?s={search_term_string}"},"query-input":{"@type":"PropertyValueSpecification","valueRequired":true,"valueName":"search_term_string"}}],"inLanguage":"pt-AO"},{"@type":"Organization","@id":"https:\/\/amuse-mfg.com\/#organization","name":"Swawa | Fabricante de divers\u00f5es | Solu\u00e7\u00f5es completas | Fabricante de equipamento para feiras de divers\u00f5es","alternateName":"Swawa","url":"https:\/\/amuse-mfg.com\/","logo":{"@type":"ImageObject","inLanguage":"pt-AO","@id":"https:\/\/amuse-mfg.com\/#\/schema\/logo\/image\/","url":"https:\/\/amuse-mfg.com\/wp-content\/uploads\/2025\/12\/favicon-3.png","contentUrl":"https:\/\/amuse-mfg.com\/wp-content\/uploads\/2025\/12\/favicon-3.png","width":192,"height":192,"caption":"Swawa | Amusement Rides Manufacturer | Complete Solutions | Funfair Equipment Manufacturer"},"image":{"@id":"https:\/\/amuse-mfg.com\/#\/schema\/logo\/image\/"},"sameAs":["https:\/\/www.youtube.com\/@SwawaAmuse-Mfg","https:\/\/www.pinterest.com\/swawamfg\/","https:\/\/www.instagram.com\/swawamfg\/"]}]}},"_links":{"self":[{"href":"https:\/\/amuse-mfg.com\/pt\/wp-json\/wp\/v2\/pages\/4414","targetHints":{"allow":["GET"]}}],"collection":[{"href":"https:\/\/amuse-mfg.com\/pt\/wp-json\/wp\/v2\/pages"}],"about":[{"href":"https:\/\/amuse-mfg.com\/pt\/wp-json\/wp\/v2\/types\/page"}],"author":[{"embeddable":true,"href":"https:\/\/amuse-mfg.com\/pt\/wp-json\/wp\/v2\/users\/1"}],"replies":[{"embeddable":true,"href":"https:\/\/amuse-mfg.com\/pt\/wp-json\/wp\/v2\/comments?post=4414"}],"version-history":[{"count":0,"href":"https:\/\/amuse-mfg.com\/pt\/wp-json\/wp\/v2\/pages\/4414\/revisions"}],"wp:attachment":[{"href":"https:\/\/amuse-mfg.com\/pt\/wp-json\/wp\/v2\/media?parent=4414"}],"curies":[{"name":"wp","href":"https:\/\/api.w.org\/{rel}","templated":true}]}}