{"id":6026,"date":"2026-01-12T02:50:37","date_gmt":"2026-01-12T02:50:37","guid":{"rendered":"https:\/\/amuse-mfg.com\/?post_type=product&#038;p=6026"},"modified":"2026-01-12T02:50:37","modified_gmt":"2026-01-12T02:50:37","slug":"swawa-off-road-tank-bumper-car-rugged-2-seater-electric-ride-high-roi-mall-attraction","status":"publish","type":"product","link":"https:\/\/amuse-mfg.com\/es\/product\/swawa-off-road-tank-bumper-car-rugged-2-seater-electric-ride-high-roi-mall-attraction\/","title":{"rendered":"Swawa Off-Road Tank Bumper Car | Robusto 2-Seater Electric Ride | High-ROI Mall Attraction"},"content":{"rendered":"<p>Domine su recinto con el <strong>Dep\u00f3sito Swawa Off-Road<\/strong>, un robusto coche de carreras a pilas dise\u00f1ado para causar el m\u00e1ximo impacto visual. A diferencia de los coches de choque est\u00e1ndar, este \u201cmini-jeep\u201d cuenta con una jaula antivuelco de perfil alto, iluminaci\u00f3n LED brillante y un sistema de seguridad inteligente.<\/p>\n<p>Su espaciosa cabina de 2 plazas permite el emparejamiento de padres e hijos, duplicando as\u00ed el potencial de venta de entradas por viaje. .<\/p>\n<p>Con una resistente capacidad de carga de 150 kg y una bater\u00eda Chilwee de larga duraci\u00f3n, esta m\u00e1quina sin mantenimiento transforma los atrios vac\u00edos de los centros comerciales en bulliciosas zonas de aventura con grandes beneficios.<\/p>\n<table class=\"table table-striped-white table-bordered\" data-anchor-id=\"cs4b\">\n<thead>\n<tr>\n<th>Especificaci\u00f3n<\/th>\n<th>Detalles<\/th>\n<\/tr>\n<\/thead>\n<tbody>\n<tr>\n<td><strong>Nombre del producto<\/strong><\/td>\n<td>Tanque todoterreno (parachoques el\u00e9ctrico)<\/td>\n<\/tr>\n<tr>\n<td><strong>Dimensiones<\/strong><\/td>\n<td>L1.8m * W1.1m * H1.72m<\/td>\n<\/tr>\n<tr>\n<td><strong>Capacidad<\/strong><\/td>\n<td>2 personas (padres e hijos)<\/td>\n<\/tr>\n<tr>\n<td><strong>Capacidad de carga<\/strong><\/td>\n<td>150 kg<\/td>\n<\/tr>\n<tr>\n<td><strong>Potencia del motor<\/strong><\/td>\n<td>Motor de 350 W<\/td>\n<\/tr>\n<tr>\n<td><strong>Sistema de bater\u00edas<\/strong><\/td>\n<td>4x Bater\u00edas CHILWEE (configuraci\u00f3n 24V 45AH)<\/td>\n<\/tr>\n<tr>\n<td><strong>Caracter\u00edsticas<\/strong><\/td>\n<td>Cintur\u00f3n de seguridad inteligente, iluminaci\u00f3n din\u00e1mica, sistema de m\u00fasica<\/td>\n<\/tr>\n<\/tbody>\n<\/table>","protected":false},"excerpt":{"rendered":"<p>Impulsa el tr\u00e1fico de tu centro comercial con el Tanque Todoterreno Swawa. Esta atracci\u00f3n el\u00e9ctrica de 2 plazas cuenta con un robusto dise\u00f1o de jeep, luces intermitentes y un funcionamiento seguro. No necesita cimientos: \u00a1empiece su rentable negocio de atracciones en 20 d\u00edas!<\/p>","protected":false},"featured_media":6027,"menu_order":0,"template":"","meta":[],"product_brand":[],"product_cat":[55,53,58],"product_tag":[],"class_list":{"0":"post-6026","1":"product","2":"type-product","3":"status-publish","4":"has-post-thumbnail","6":"product_cat-childrens-kids-rides","7":"product_cat-indoor-amusement-equipment","8":"product_cat-shopping-mall-equipment","10":"first","11":"instock","12":"shipping-taxable","13":"product-type-simple"},"yoast_head":"<!-- This site is optimized with the Yoast SEO plugin v26.6 - https:\/\/yoast.com\/wordpress\/plugins\/seo\/ -->\n<title>Swawa Off-Road Tank Bumper Car | Rugged 2-Seater Electric Ride | High-ROI Mall Attraction | Swawa | Amusement Rides Manufacturer | Complete Solutions | Funfair Equipment Manufacturer<\/title>\n<meta name=\"robots\" content=\"index, follow, max-snippet:-1, max-image-preview:large, max-video-preview:-1\" \/>\n<link rel=\"canonical\" href=\"https:\/\/amuse-mfg.com\/es\/product\/swawa-off-road-tank-bumper-car-rugged-2-seater-electric-ride-high-roi-mall-attraction\/\" \/>\n<meta property=\"og:locale\" content=\"es_ES\" \/>\n<meta property=\"og:type\" content=\"article\" \/>\n<meta property=\"og:title\" content=\"Swawa Off-Road Tank Bumper Car | Rugged 2-Seater Electric Ride | High-ROI Mall Attraction | Swawa | Amusement Rides Manufacturer | Complete Solutions | Funfair Equipment Manufacturer\" \/>\n<meta property=\"og:description\" content=\"Boost your mall&#039;s traffic with the Swawa Off-Road Tank. This 2-seater electric ride features a rugged jeep design, flashing lights, and safe operation. No foundation needed\u2014start your profitable amusement business in 20 days!\" \/>\n<meta property=\"og:url\" content=\"https:\/\/amuse-mfg.com\/es\/product\/swawa-off-road-tank-bumper-car-rugged-2-seater-electric-ride-high-roi-mall-attraction\/\" \/>\n<meta property=\"og:site_name\" content=\"Swawa | Amusement Rides Manufacturer | Complete Solutions | Funfair Equipment Manufacturer\" \/>\n<meta property=\"og:image\" content=\"https:\/\/amuse-mfg.com\/wp-content\/uploads\/2026\/01\/yyzc-1.png\" \/>\n\t<meta property=\"og:image:width\" content=\"1400\" \/>\n\t<meta property=\"og:image:height\" content=\"689\" \/>\n\t<meta property=\"og:image:type\" content=\"image\/png\" \/>\n<meta name=\"twitter:card\" content=\"summary_large_image\" \/>\n<meta name=\"twitter:label1\" content=\"Est. reading time\" \/>\n\t<meta name=\"twitter:data1\" content=\"1 minuto\" \/>\n<script type=\"application\/ld+json\" class=\"yoast-schema-graph\">{\"@context\":\"https:\/\/schema.org\",\"@graph\":[{\"@type\":\"WebPage\",\"@id\":\"https:\/\/amuse-mfg.com\/product\/swawa-off-road-tank-bumper-car-rugged-2-seater-electric-ride-high-roi-mall-attraction\/\",\"url\":\"https:\/\/amuse-mfg.com\/product\/swawa-off-road-tank-bumper-car-rugged-2-seater-electric-ride-high-roi-mall-attraction\/\",\"name\":\"Swawa Off-Road Tank Bumper Car | Rugged 2-Seater Electric Ride | High-ROI Mall Attraction | Swawa | Amusement Rides Manufacturer | Complete Solutions | Funfair Equipment Manufacturer\",\"isPartOf\":{\"@id\":\"https:\/\/amuse-mfg.com\/#website\"},\"primaryImageOfPage\":{\"@id\":\"https:\/\/amuse-mfg.com\/product\/swawa-off-road-tank-bumper-car-rugged-2-seater-electric-ride-high-roi-mall-attraction\/#primaryimage\"},\"image\":{\"@id\":\"https:\/\/amuse-mfg.com\/product\/swawa-off-road-tank-bumper-car-rugged-2-seater-electric-ride-high-roi-mall-attraction\/#primaryimage\"},\"thumbnailUrl\":\"https:\/\/amuse-mfg.com\/wp-content\/uploads\/2026\/01\/yyzc-1.png\",\"datePublished\":\"2026-01-12T02:50:37+00:00\",\"breadcrumb\":{\"@id\":\"https:\/\/amuse-mfg.com\/product\/swawa-off-road-tank-bumper-car-rugged-2-seater-electric-ride-high-roi-mall-attraction\/#breadcrumb\"},\"inLanguage\":\"es\",\"potentialAction\":[{\"@type\":\"ReadAction\",\"target\":[\"https:\/\/amuse-mfg.com\/product\/swawa-off-road-tank-bumper-car-rugged-2-seater-electric-ride-high-roi-mall-attraction\/\"]}]},{\"@type\":\"ImageObject\",\"inLanguage\":\"es\",\"@id\":\"https:\/\/amuse-mfg.com\/product\/swawa-off-road-tank-bumper-car-rugged-2-seater-electric-ride-high-roi-mall-attraction\/#primaryimage\",\"url\":\"https:\/\/amuse-mfg.com\/wp-content\/uploads\/2026\/01\/yyzc-1.png\",\"contentUrl\":\"https:\/\/amuse-mfg.com\/wp-content\/uploads\/2026\/01\/yyzc-1.png\",\"width\":1400,\"height\":689,\"caption\":\"Swawa Off-Road Tank Bumper Car | Rugged 2-Seater Electric Ride | High-ROI Mall Attraction\"},{\"@type\":\"BreadcrumbList\",\"@id\":\"https:\/\/amuse-mfg.com\/product\/swawa-off-road-tank-bumper-car-rugged-2-seater-electric-ride-high-roi-mall-attraction\/#breadcrumb\",\"itemListElement\":[{\"@type\":\"ListItem\",\"position\":1,\"name\":\"Home\",\"item\":\"https:\/\/amuse-mfg.com\/\"},{\"@type\":\"ListItem\",\"position\":2,\"name\":\"Shop\",\"item\":\"https:\/\/amuse-mfg.com\/shop\/\"},{\"@type\":\"ListItem\",\"position\":3,\"name\":\"Swawa Off-Road Tank Bumper Car | Rugged 2-Seater Electric Ride | High-ROI Mall Attraction\"}]},{\"@type\":\"WebSite\",\"@id\":\"https:\/\/amuse-mfg.com\/#website\",\"url\":\"https:\/\/amuse-mfg.com\/\",\"name\":\"Swawa | Amusement Rides Manufacturer | Complete Solutions | Funfair Equipment Manufacturer\",\"description\":\"Direct factory of amusement rides &amp; playground equipment. Exported to over 20 countries, we offer equipment, park design, revenue plans and full after-sales service.\",\"publisher\":{\"@id\":\"https:\/\/amuse-mfg.com\/#organization\"},\"alternateName\":\"Swawa | Amusement Rides Manufacturer\",\"potentialAction\":[{\"@type\":\"SearchAction\",\"target\":{\"@type\":\"EntryPoint\",\"urlTemplate\":\"https:\/\/amuse-mfg.com\/?s={search_term_string}\"},\"query-input\":{\"@type\":\"PropertyValueSpecification\",\"valueRequired\":true,\"valueName\":\"search_term_string\"}}],\"inLanguage\":\"es\"},{\"@type\":\"Organization\",\"@id\":\"https:\/\/amuse-mfg.com\/#organization\",\"name\":\"Swawa | Amusement Rides Manufacturer | Complete Solutions | Funfair Equipment Manufacturer\",\"alternateName\":\"Swawa\",\"url\":\"https:\/\/amuse-mfg.com\/\",\"logo\":{\"@type\":\"ImageObject\",\"inLanguage\":\"es\",\"@id\":\"https:\/\/amuse-mfg.com\/#\/schema\/logo\/image\/\",\"url\":\"https:\/\/amuse-mfg.com\/wp-content\/uploads\/2025\/12\/favicon-3.png\",\"contentUrl\":\"https:\/\/amuse-mfg.com\/wp-content\/uploads\/2025\/12\/favicon-3.png\",\"width\":192,\"height\":192,\"caption\":\"Swawa | Amusement Rides Manufacturer | Complete Solutions | Funfair Equipment Manufacturer\"},\"image\":{\"@id\":\"https:\/\/amuse-mfg.com\/#\/schema\/logo\/image\/\"},\"sameAs\":[\"https:\/\/www.youtube.com\/@SwawaAmuse-Mfg\",\"https:\/\/www.pinterest.com\/swawamfg\/\",\"https:\/\/www.instagram.com\/swawamfg\/\"]}]}<\/script>\n<!-- \/ Yoast SEO plugin. -->","yoast_head_json":{"title":"Swawa Coche parachoques tanque todoterreno | Robusta atracci\u00f3n el\u00e9ctrica de 2 plazas | Atracci\u00f3n de centro comercial de alto ROI | Swawa | Fabricante de atracciones de feria | Soluciones completas | Fabricante de equipamiento para ferias de atracciones","robots":{"index":"index","follow":"follow","max-snippet":"max-snippet:-1","max-image-preview":"max-image-preview:large","max-video-preview":"max-video-preview:-1"},"canonical":"https:\/\/amuse-mfg.com\/es\/product\/swawa-off-road-tank-bumper-car-rugged-2-seater-electric-ride-high-roi-mall-attraction\/","og_locale":"es_ES","og_type":"article","og_title":"Swawa Off-Road Tank Bumper Car | Rugged 2-Seater Electric Ride | High-ROI Mall Attraction | Swawa | Amusement Rides Manufacturer | Complete Solutions | Funfair Equipment Manufacturer","og_description":"Boost your mall's traffic with the Swawa Off-Road Tank. This 2-seater electric ride features a rugged jeep design, flashing lights, and safe operation. No foundation needed\u2014start your profitable amusement business in 20 days!","og_url":"https:\/\/amuse-mfg.com\/es\/product\/swawa-off-road-tank-bumper-car-rugged-2-seater-electric-ride-high-roi-mall-attraction\/","og_site_name":"Swawa | Amusement Rides Manufacturer | Complete Solutions | Funfair Equipment Manufacturer","og_image":[{"width":1400,"height":689,"url":"https:\/\/amuse-mfg.com\/wp-content\/uploads\/2026\/01\/yyzc-1.png","type":"image\/png"}],"twitter_card":"summary_large_image","twitter_misc":{"Est. reading time":"1 minuto"},"schema":{"@context":"https:\/\/schema.org","@graph":[{"@type":"WebPage","@id":"https:\/\/amuse-mfg.com\/product\/swawa-off-road-tank-bumper-car-rugged-2-seater-electric-ride-high-roi-mall-attraction\/","url":"https:\/\/amuse-mfg.com\/product\/swawa-off-road-tank-bumper-car-rugged-2-seater-electric-ride-high-roi-mall-attraction\/","name":"Swawa Coche parachoques tanque todoterreno | Robusta atracci\u00f3n el\u00e9ctrica de 2 plazas | Atracci\u00f3n de centro comercial de alto ROI | Swawa | Fabricante de atracciones de feria | Soluciones completas | Fabricante de equipamiento para ferias de atracciones","isPartOf":{"@id":"https:\/\/amuse-mfg.com\/#website"},"primaryImageOfPage":{"@id":"https:\/\/amuse-mfg.com\/product\/swawa-off-road-tank-bumper-car-rugged-2-seater-electric-ride-high-roi-mall-attraction\/#primaryimage"},"image":{"@id":"https:\/\/amuse-mfg.com\/product\/swawa-off-road-tank-bumper-car-rugged-2-seater-electric-ride-high-roi-mall-attraction\/#primaryimage"},"thumbnailUrl":"https:\/\/amuse-mfg.com\/wp-content\/uploads\/2026\/01\/yyzc-1.png","datePublished":"2026-01-12T02:50:37+00:00","breadcrumb":{"@id":"https:\/\/amuse-mfg.com\/product\/swawa-off-road-tank-bumper-car-rugged-2-seater-electric-ride-high-roi-mall-attraction\/#breadcrumb"},"inLanguage":"es","potentialAction":[{"@type":"ReadAction","target":["https:\/\/amuse-mfg.com\/product\/swawa-off-road-tank-bumper-car-rugged-2-seater-electric-ride-high-roi-mall-attraction\/"]}]},{"@type":"ImageObject","inLanguage":"es","@id":"https:\/\/amuse-mfg.com\/product\/swawa-off-road-tank-bumper-car-rugged-2-seater-electric-ride-high-roi-mall-attraction\/#primaryimage","url":"https:\/\/amuse-mfg.com\/wp-content\/uploads\/2026\/01\/yyzc-1.png","contentUrl":"https:\/\/amuse-mfg.com\/wp-content\/uploads\/2026\/01\/yyzc-1.png","width":1400,"height":689,"caption":"Swawa Off-Road Tank Bumper Car | Rugged 2-Seater Electric Ride | High-ROI Mall Attraction"},{"@type":"BreadcrumbList","@id":"https:\/\/amuse-mfg.com\/product\/swawa-off-road-tank-bumper-car-rugged-2-seater-electric-ride-high-roi-mall-attraction\/#breadcrumb","itemListElement":[{"@type":"ListItem","position":1,"name":"Home","item":"https:\/\/amuse-mfg.com\/"},{"@type":"ListItem","position":2,"name":"Shop","item":"https:\/\/amuse-mfg.com\/shop\/"},{"@type":"ListItem","position":3,"name":"Swawa Off-Road Tank Bumper Car | Rugged 2-Seater Electric Ride | High-ROI Mall Attraction"}]},{"@type":"WebSite","@id":"https:\/\/amuse-mfg.com\/#website","url":"https:\/\/amuse-mfg.com\/","name":"Swawa | Fabricante de atracciones | Soluciones completas | Fabricante de equipos para ferias de atracciones","description":"F\u00e1brica directa de atracciones y juegos infantiles. Exportamos a m\u00e1s de 20 pa\u00edses y ofrecemos equipos, dise\u00f1o de parques, planes de ingresos y un completo servicio posventa.","publisher":{"@id":"https:\/\/amuse-mfg.com\/#organization"},"alternateName":"Swawa | Amusement Rides Manufacturer","potentialAction":[{"@type":"SearchAction","target":{"@type":"EntryPoint","urlTemplate":"https:\/\/amuse-mfg.com\/?s={search_term_string}"},"query-input":{"@type":"PropertyValueSpecification","valueRequired":true,"valueName":"search_term_string"}}],"inLanguage":"es"},{"@type":"Organization","@id":"https:\/\/amuse-mfg.com\/#organization","name":"Swawa | Fabricante de atracciones | Soluciones completas | Fabricante de equipos para ferias de atracciones","alternateName":"Swawa","url":"https:\/\/amuse-mfg.com\/","logo":{"@type":"ImageObject","inLanguage":"es","@id":"https:\/\/amuse-mfg.com\/#\/schema\/logo\/image\/","url":"https:\/\/amuse-mfg.com\/wp-content\/uploads\/2025\/12\/favicon-3.png","contentUrl":"https:\/\/amuse-mfg.com\/wp-content\/uploads\/2025\/12\/favicon-3.png","width":192,"height":192,"caption":"Swawa | Amusement Rides Manufacturer | Complete Solutions | Funfair Equipment Manufacturer"},"image":{"@id":"https:\/\/amuse-mfg.com\/#\/schema\/logo\/image\/"},"sameAs":["https:\/\/www.youtube.com\/@SwawaAmuse-Mfg","https:\/\/www.pinterest.com\/swawamfg\/","https:\/\/www.instagram.com\/swawamfg\/"]}]}},"_links":{"self":[{"href":"https:\/\/amuse-mfg.com\/es\/wp-json\/wp\/v2\/product\/6026","targetHints":{"allow":["GET"]}}],"collection":[{"href":"https:\/\/amuse-mfg.com\/es\/wp-json\/wp\/v2\/product"}],"about":[{"href":"https:\/\/amuse-mfg.com\/es\/wp-json\/wp\/v2\/types\/product"}],"wp:featuredmedia":[{"embeddable":true,"href":"https:\/\/amuse-mfg.com\/es\/wp-json\/wp\/v2\/media\/6027"}],"wp:attachment":[{"href":"https:\/\/amuse-mfg.com\/es\/wp-json\/wp\/v2\/media?parent=6026"}],"wp:term":[{"taxonomy":"product_brand","embeddable":true,"href":"https:\/\/amuse-mfg.com\/es\/wp-json\/wp\/v2\/product_brand?post=6026"},{"taxonomy":"product_cat","embeddable":true,"href":"https:\/\/amuse-mfg.com\/es\/wp-json\/wp\/v2\/product_cat?post=6026"},{"taxonomy":"product_tag","embeddable":true,"href":"https:\/\/amuse-mfg.com\/es\/wp-json\/wp\/v2\/product_tag?post=6026"}],"curies":[{"name":"wp","href":"https:\/\/api.w.org\/{rel}","templated":true}]}}