{"id":5958,"date":"2025-12-29T02:27:21","date_gmt":"2025-12-29T02:27:21","guid":{"rendered":"https:\/\/amuse-mfg.com\/?post_type=product&#038;p=5958"},"modified":"2025-12-29T02:27:21","modified_gmt":"2025-12-29T02:27:21","slug":"swawa-cyberpunk-drift-bumper-car-high-roi-48v-battery-operated-go-kart-for-malls","status":"publish","type":"product","link":"https:\/\/amuse-mfg.com\/es\/product\/swawa-cyberpunk-drift-bumper-car-high-roi-48v-battery-operated-go-kart-for-malls\/","title":{"rendered":"Swawa Cyberpunk Drift Bumper Car: kart de 48 V con bater\u00eda y alto retorno de la inversi\u00f3n para centros comerciales."},"content":{"rendered":"<p>Conoce la <strong>Coche de choque con deflector de velocidad del viento Swawa<\/strong>, el mejor impulsor de ingresos para centros comerciales y centros cubiertos. A diferencia de los coches de choque tradicionales, que requieren costosas rejillas en el suelo, este <strong>bestia que funciona con pilas<\/strong> Funciona en cualquier superficie plana, lo que le permite ahorrar miles de euros en costes de instalaci\u00f3n.<\/p>\n<p>Impulsado por un robusto motor sin escobillas de 48 V y un control de velocidad continuo, ofrece una emocionante acci\u00f3n de derrape para los adolescentes, al tiempo que sigue siendo lo suficientemente seguro para los ni\u00f1os m\u00e1s peque\u00f1os.<\/p>\n<p>Con una autonom\u00eda de hasta 7 horas por carga, puede trabajar todo el d\u00eda sin interrupciones, maximizando la venta de entradas y obteniendo un retorno de la inversi\u00f3n rapid\u00edsimo.<\/p>\n<div class=\"my-2\"><\/div>\n<div class=\"relative w-full group mb-2\">\n<div class=\"scrollbar-hidden relative overflow-x-auto max-w-full\">\n<table class=\"w-full text-sm text-left text-gray-500 dark:text-gray-400 max-w-full rounded-xl\" style=\"width: 100%; height: 220px;\">\n<thead class=\"text-xs text-gray-700 uppercase bg-white dark:bg-gray-900 dark:text-gray-400 border-none\">\n<tr style=\"height: 22px;\">\n<th class=\"px-2.5! py-2! cursor-pointer border-b border-gray-100! dark:border-gray-800!\" style=\"height: 22px;\" scope=\"col\">\n<div class=\"gap-1.5 text-left\">\n<div class=\"shrink-0 break-normal\">Especificaci\u00f3n<\/div>\n<\/div>\n<\/th>\n<th class=\"px-2.5! py-2! cursor-pointer border-b border-gray-100! dark:border-gray-800!\" style=\"height: 22px;\" scope=\"col\">\n<div class=\"gap-1.5 text-left\">\n<div class=\"shrink-0 break-normal\">Detalles<\/div>\n<\/div>\n<\/th>\n<\/tr>\n<\/thead>\n<tbody>\n<tr class=\"bg-white dark:bg-gray-900 text-xs\" style=\"height: 22px;\">\n<td class=\"px-3! py-2! text-gray-900 dark:text-white w-max border-b border-gray-50! dark:border-gray-850!\" style=\"height: 22px;\">\n<div class=\"break-normal\"><strong>Nombre del modelo<\/strong><\/div>\n<\/td>\n<td class=\"px-3! py-2! text-gray-900 dark:text-white w-max border-b border-gray-50! dark:border-gray-850!\" style=\"height: 22px;\">\n<div class=\"break-normal\">Coche de choque con deflector de velocidad del viento Swawa<\/div>\n<\/td>\n<\/tr>\n<tr class=\"bg-white dark:bg-gray-900 text-xs\" style=\"height: 22px;\">\n<td class=\"px-3! py-2! text-gray-900 dark:text-white w-max border-b border-gray-50! dark:border-gray-850!\" style=\"height: 22px;\">\n<div class=\"break-normal\"><strong>Dimensiones<\/strong><\/div>\n<\/td>\n<td class=\"px-3! py-2! text-gray-900 dark:text-white w-max border-b border-gray-50! dark:border-gray-850!\" style=\"height: 22px;\">\n<div class=\"break-normal\">1,5 m de largo * 0,9 m de ancho * 0,7 m de alto<\/div>\n<\/td>\n<\/tr>\n<tr class=\"bg-white dark:bg-gray-900 text-xs\" style=\"height: 22px;\">\n<td class=\"px-3! py-2! text-gray-900 dark:text-white w-max border-b border-gray-50! dark:border-gray-850!\" style=\"height: 22px;\">\n<div class=\"break-normal\"><strong>Peso<\/strong><\/div>\n<\/td>\n<td class=\"px-3! py-2! text-gray-900 dark:text-white w-max border-b border-gray-50! dark:border-gray-850!\" style=\"height: 22px;\">\n<div class=\"break-normal\">Peso neto: 80 kg<\/div>\n<\/td>\n<\/tr>\n<tr class=\"bg-white dark:bg-gray-900 text-xs\" style=\"height: 22px;\">\n<td class=\"px-3! py-2! text-gray-900 dark:text-white w-max border-b border-gray-50! dark:border-gray-850!\" style=\"height: 22px;\">\n<div class=\"break-normal\"><strong>Capacidad de carga<\/strong><\/div>\n<\/td>\n<td class=\"px-3! py-2! text-gray-900 dark:text-white w-max border-b border-gray-50! dark:border-gray-850!\" style=\"height: 22px;\">\n<div class=\"break-normal\">150 kg (apto para 1 adulto + 1 ni\u00f1o)<\/div>\n<\/td>\n<\/tr>\n<tr class=\"bg-white dark:bg-gray-900 text-xs\" style=\"height: 22px;\">\n<td class=\"px-3! py-2! text-gray-900 dark:text-white w-max border-b border-gray-50! dark:border-gray-850!\" style=\"height: 22px;\">\n<div class=\"break-normal\"><strong>Velocidad<\/strong><\/div>\n<\/td>\n<td class=\"px-3! py-2! text-gray-900 dark:text-white w-max border-b border-gray-50! dark:border-gray-850!\" style=\"height: 22px;\">\n<div class=\"break-normal\">6-20 km\/h (velocidad variable continua)<\/div>\n<\/td>\n<\/tr>\n<tr class=\"bg-white dark:bg-gray-900 text-xs\" style=\"height: 22px;\">\n<td class=\"px-3! py-2! text-gray-900 dark:text-white w-max border-b border-gray-50! dark:border-gray-850!\" style=\"height: 22px;\">\n<div class=\"break-normal\"><strong>Motor<\/strong><\/div>\n<\/td>\n<td class=\"px-3! py-2! text-gray-900 dark:text-white w-max border-b border-gray-50! dark:border-gray-850!\" style=\"height: 22px;\">\n<div class=\"break-normal\">Motorreductor sin escobillas de acero de 48 V y 500 W<\/div>\n<\/td>\n<\/tr>\n<tr class=\"bg-white dark:bg-gray-900 text-xs\" style=\"height: 22px;\">\n<td class=\"px-3! py-2! text-gray-900 dark:text-white w-max border-b border-gray-50! dark:border-gray-850!\" style=\"height: 22px;\">\n<div class=\"break-normal\"><strong>Bater\u00eda<\/strong><\/div>\n<\/td>\n<td class=\"px-3! py-2! text-gray-900 dark:text-white w-max border-b border-gray-50! dark:border-gray-850!\" style=\"height: 22px;\">\n<div class=\"break-normal\">48 V, 20 Ah (4 bater\u00edas de 12 V de la marca Chilwee)<\/div>\n<\/td>\n<\/tr>\n<tr class=\"bg-white dark:bg-gray-900 text-xs\" style=\"height: 22px;\">\n<td class=\"px-3! py-2! text-gray-900 dark:text-white w-max border-b border-gray-50! dark:border-gray-850!\" style=\"height: 22px;\">\n<div class=\"break-normal\"><strong>Tiempo de ejecuci\u00f3n<\/strong><\/div>\n<\/td>\n<td class=\"px-3! py-2! text-gray-900 dark:text-white w-max border-b border-gray-50! dark:border-gray-850!\" style=\"height: 22px;\">\n<div class=\"break-normal\">6-7 horas por carga<\/div>\n<\/td>\n<\/tr>\n<tr class=\"bg-white dark:bg-gray-900 text-xs\" style=\"height: 22px;\">\n<td class=\"px-3! py-2! text-gray-900 dark:text-white w-max\" style=\"height: 22px;\">\n<div class=\"break-normal\"><strong>Caracter\u00edsticas<\/strong><\/div>\n<\/td>\n<td class=\"px-3! py-2! text-gray-900 dark:text-white w-max\" style=\"height: 22px;\">\n<div class=\"break-normal\">Cintur\u00f3n de seguridad inteligente, iluminaci\u00f3n LED, m\u00fasica din\u00e1mica<\/div>\n<\/td>\n<\/tr>\n<\/tbody>\n<\/table>\n<\/div>\n<\/div>","protected":false},"excerpt":{"rendered":"<p dir=\"auto\">\u00a1Transforma tu local con los coches de choque Drift Bumper Car de Swawa! <strong>No se necesita capital inicial, empieza tu negocio en 20 d\u00edas.<\/strong> Cuenta con una potencia de 48 V, velocidad continua de 6 a 20 km\/h y LED vibrantes. \u00a1Solicite hoy mismo su presupuesto de f\u00e1brica!<\/p>\n<div class=\"my-2\"><\/div>\n<p dir=\"auto\">","protected":false},"featured_media":5959,"menu_order":0,"template":"","meta":[],"product_brand":[],"product_cat":[53,58],"product_tag":[],"class_list":{"0":"post-5958","1":"product","2":"type-product","3":"status-publish","4":"has-post-thumbnail","6":"product_cat-indoor-amusement-equipment","7":"product_cat-shopping-mall-equipment","9":"first","10":"instock","11":"shipping-taxable","12":"product-type-simple"},"yoast_head":"<!-- This site is optimized with the Yoast SEO plugin v26.6 - https:\/\/yoast.com\/wordpress\/plugins\/seo\/ -->\n<title>Swawa Cyberpunk Drift Bumper Car - High-ROI 48V Battery Operated Go Kart for Malls | Swawa | Amusement Rides Manufacturer | Complete Solutions | Funfair Equipment Manufacturer<\/title>\n<meta name=\"robots\" content=\"index, follow, max-snippet:-1, max-image-preview:large, max-video-preview:-1\" \/>\n<link rel=\"canonical\" href=\"https:\/\/amuse-mfg.com\/es\/product\/swawa-cyberpunk-drift-bumper-car-high-roi-48v-battery-operated-go-kart-for-malls\/\" \/>\n<meta property=\"og:locale\" content=\"es_ES\" \/>\n<meta property=\"og:type\" content=\"article\" \/>\n<meta property=\"og:title\" content=\"Swawa Cyberpunk Drift Bumper Car - High-ROI 48V Battery Operated Go Kart for Malls | Swawa | Amusement Rides Manufacturer | Complete Solutions | Funfair Equipment Manufacturer\" \/>\n<meta property=\"og:description\" content=\"Transform your venue with Swawa&#039;s Drift Bumper Car! No foundation needed, start business in 20 days. Features 48V power, 6-20km\/h stepless speed, and vibrant LEDs. Get your Factory Quote today!\" \/>\n<meta property=\"og:url\" content=\"https:\/\/amuse-mfg.com\/es\/product\/swawa-cyberpunk-drift-bumper-car-high-roi-48v-battery-operated-go-kart-for-malls\/\" \/>\n<meta property=\"og:site_name\" content=\"Swawa | Amusement Rides Manufacturer | Complete Solutions | Funfair Equipment Manufacturer\" \/>\n<meta property=\"og:image\" content=\"https:\/\/amuse-mfg.com\/wp-content\/uploads\/2025\/12\/ppc-5.png\" \/>\n\t<meta property=\"og:image:width\" content=\"1373\" \/>\n\t<meta property=\"og:image:height\" content=\"710\" \/>\n\t<meta property=\"og:image:type\" content=\"image\/png\" \/>\n<meta name=\"twitter:card\" content=\"summary_large_image\" \/>\n<meta name=\"twitter:label1\" content=\"Est. reading time\" \/>\n\t<meta name=\"twitter:data1\" content=\"1 minuto\" \/>\n<script type=\"application\/ld+json\" class=\"yoast-schema-graph\">{\"@context\":\"https:\/\/schema.org\",\"@graph\":[{\"@type\":\"WebPage\",\"@id\":\"https:\/\/amuse-mfg.com\/product\/swawa-cyberpunk-drift-bumper-car-high-roi-48v-battery-operated-go-kart-for-malls\/\",\"url\":\"https:\/\/amuse-mfg.com\/product\/swawa-cyberpunk-drift-bumper-car-high-roi-48v-battery-operated-go-kart-for-malls\/\",\"name\":\"Swawa Cyberpunk Drift Bumper Car - High-ROI 48V Battery Operated Go Kart for Malls | Swawa | Amusement Rides Manufacturer | Complete Solutions | Funfair Equipment Manufacturer\",\"isPartOf\":{\"@id\":\"https:\/\/amuse-mfg.com\/#website\"},\"primaryImageOfPage\":{\"@id\":\"https:\/\/amuse-mfg.com\/product\/swawa-cyberpunk-drift-bumper-car-high-roi-48v-battery-operated-go-kart-for-malls\/#primaryimage\"},\"image\":{\"@id\":\"https:\/\/amuse-mfg.com\/product\/swawa-cyberpunk-drift-bumper-car-high-roi-48v-battery-operated-go-kart-for-malls\/#primaryimage\"},\"thumbnailUrl\":\"https:\/\/amuse-mfg.com\/wp-content\/uploads\/2025\/12\/ppc-5.png\",\"datePublished\":\"2025-12-29T02:27:21+00:00\",\"breadcrumb\":{\"@id\":\"https:\/\/amuse-mfg.com\/product\/swawa-cyberpunk-drift-bumper-car-high-roi-48v-battery-operated-go-kart-for-malls\/#breadcrumb\"},\"inLanguage\":\"es\",\"potentialAction\":[{\"@type\":\"ReadAction\",\"target\":[\"https:\/\/amuse-mfg.com\/product\/swawa-cyberpunk-drift-bumper-car-high-roi-48v-battery-operated-go-kart-for-malls\/\"]}]},{\"@type\":\"ImageObject\",\"inLanguage\":\"es\",\"@id\":\"https:\/\/amuse-mfg.com\/product\/swawa-cyberpunk-drift-bumper-car-high-roi-48v-battery-operated-go-kart-for-malls\/#primaryimage\",\"url\":\"https:\/\/amuse-mfg.com\/wp-content\/uploads\/2025\/12\/ppc-5.png\",\"contentUrl\":\"https:\/\/amuse-mfg.com\/wp-content\/uploads\/2025\/12\/ppc-5.png\",\"width\":1373,\"height\":710,\"caption\":\"Swawa Cyberpunk Drift Bumper Car - High-ROI 48V Battery Operated Go Kart for Malls\"},{\"@type\":\"BreadcrumbList\",\"@id\":\"https:\/\/amuse-mfg.com\/product\/swawa-cyberpunk-drift-bumper-car-high-roi-48v-battery-operated-go-kart-for-malls\/#breadcrumb\",\"itemListElement\":[{\"@type\":\"ListItem\",\"position\":1,\"name\":\"Home\",\"item\":\"https:\/\/amuse-mfg.com\/\"},{\"@type\":\"ListItem\",\"position\":2,\"name\":\"Shop\",\"item\":\"https:\/\/amuse-mfg.com\/shop\/\"},{\"@type\":\"ListItem\",\"position\":3,\"name\":\"Swawa Cyberpunk Drift Bumper Car &#8211; High-ROI 48V Battery Operated Go Kart for Malls\"}]},{\"@type\":\"WebSite\",\"@id\":\"https:\/\/amuse-mfg.com\/#website\",\"url\":\"https:\/\/amuse-mfg.com\/\",\"name\":\"Swawa | Amusement Rides Manufacturer | Complete Solutions | Funfair Equipment Manufacturer\",\"description\":\"Direct factory of amusement rides &amp; playground equipment. Exported to over 20 countries, we offer equipment, park design, revenue plans and full after-sales service.\",\"publisher\":{\"@id\":\"https:\/\/amuse-mfg.com\/#organization\"},\"alternateName\":\"Swawa | Amusement Rides Manufacturer\",\"potentialAction\":[{\"@type\":\"SearchAction\",\"target\":{\"@type\":\"EntryPoint\",\"urlTemplate\":\"https:\/\/amuse-mfg.com\/?s={search_term_string}\"},\"query-input\":{\"@type\":\"PropertyValueSpecification\",\"valueRequired\":true,\"valueName\":\"search_term_string\"}}],\"inLanguage\":\"es\"},{\"@type\":\"Organization\",\"@id\":\"https:\/\/amuse-mfg.com\/#organization\",\"name\":\"Swawa | Amusement Rides Manufacturer | Complete Solutions | Funfair Equipment Manufacturer\",\"alternateName\":\"Swawa\",\"url\":\"https:\/\/amuse-mfg.com\/\",\"logo\":{\"@type\":\"ImageObject\",\"inLanguage\":\"es\",\"@id\":\"https:\/\/amuse-mfg.com\/#\/schema\/logo\/image\/\",\"url\":\"https:\/\/amuse-mfg.com\/wp-content\/uploads\/2025\/12\/favicon-3.png\",\"contentUrl\":\"https:\/\/amuse-mfg.com\/wp-content\/uploads\/2025\/12\/favicon-3.png\",\"width\":192,\"height\":192,\"caption\":\"Swawa | Amusement Rides Manufacturer | Complete Solutions | Funfair Equipment Manufacturer\"},\"image\":{\"@id\":\"https:\/\/amuse-mfg.com\/#\/schema\/logo\/image\/\"},\"sameAs\":[\"https:\/\/www.youtube.com\/@SwawaAmuse-Mfg\",\"https:\/\/www.pinterest.com\/swawamfg\/\",\"https:\/\/www.instagram.com\/swawamfg\/\"]}]}<\/script>\n<!-- \/ Yoast SEO plugin. -->","yoast_head_json":{"title":"Coche de choque Swawa Cyberpunk Drift: kart de 48 V con bater\u00eda y alto retorno de la inversi\u00f3n para centros comerciales | Swawa | Fabricante de atracciones | Soluciones completas | Fabricante de equipos para parques de atracciones","robots":{"index":"index","follow":"follow","max-snippet":"max-snippet:-1","max-image-preview":"max-image-preview:large","max-video-preview":"max-video-preview:-1"},"canonical":"https:\/\/amuse-mfg.com\/es\/product\/swawa-cyberpunk-drift-bumper-car-high-roi-48v-battery-operated-go-kart-for-malls\/","og_locale":"es_ES","og_type":"article","og_title":"Swawa Cyberpunk Drift Bumper Car - High-ROI 48V Battery Operated Go Kart for Malls | Swawa | Amusement Rides Manufacturer | Complete Solutions | Funfair Equipment Manufacturer","og_description":"Transform your venue with Swawa's Drift Bumper Car! No foundation needed, start business in 20 days. Features 48V power, 6-20km\/h stepless speed, and vibrant LEDs. Get your Factory Quote today!","og_url":"https:\/\/amuse-mfg.com\/es\/product\/swawa-cyberpunk-drift-bumper-car-high-roi-48v-battery-operated-go-kart-for-malls\/","og_site_name":"Swawa | Amusement Rides Manufacturer | Complete Solutions | Funfair Equipment Manufacturer","og_image":[{"width":1373,"height":710,"url":"https:\/\/amuse-mfg.com\/wp-content\/uploads\/2025\/12\/ppc-5.png","type":"image\/png"}],"twitter_card":"summary_large_image","twitter_misc":{"Est. reading time":"1 minuto"},"schema":{"@context":"https:\/\/schema.org","@graph":[{"@type":"WebPage","@id":"https:\/\/amuse-mfg.com\/product\/swawa-cyberpunk-drift-bumper-car-high-roi-48v-battery-operated-go-kart-for-malls\/","url":"https:\/\/amuse-mfg.com\/product\/swawa-cyberpunk-drift-bumper-car-high-roi-48v-battery-operated-go-kart-for-malls\/","name":"Coche de choque Swawa Cyberpunk Drift: kart de 48 V con bater\u00eda y alto retorno de la inversi\u00f3n para centros comerciales | Swawa | Fabricante de atracciones | Soluciones completas | Fabricante de equipos para parques de atracciones","isPartOf":{"@id":"https:\/\/amuse-mfg.com\/#website"},"primaryImageOfPage":{"@id":"https:\/\/amuse-mfg.com\/product\/swawa-cyberpunk-drift-bumper-car-high-roi-48v-battery-operated-go-kart-for-malls\/#primaryimage"},"image":{"@id":"https:\/\/amuse-mfg.com\/product\/swawa-cyberpunk-drift-bumper-car-high-roi-48v-battery-operated-go-kart-for-malls\/#primaryimage"},"thumbnailUrl":"https:\/\/amuse-mfg.com\/wp-content\/uploads\/2025\/12\/ppc-5.png","datePublished":"2025-12-29T02:27:21+00:00","breadcrumb":{"@id":"https:\/\/amuse-mfg.com\/product\/swawa-cyberpunk-drift-bumper-car-high-roi-48v-battery-operated-go-kart-for-malls\/#breadcrumb"},"inLanguage":"es","potentialAction":[{"@type":"ReadAction","target":["https:\/\/amuse-mfg.com\/product\/swawa-cyberpunk-drift-bumper-car-high-roi-48v-battery-operated-go-kart-for-malls\/"]}]},{"@type":"ImageObject","inLanguage":"es","@id":"https:\/\/amuse-mfg.com\/product\/swawa-cyberpunk-drift-bumper-car-high-roi-48v-battery-operated-go-kart-for-malls\/#primaryimage","url":"https:\/\/amuse-mfg.com\/wp-content\/uploads\/2025\/12\/ppc-5.png","contentUrl":"https:\/\/amuse-mfg.com\/wp-content\/uploads\/2025\/12\/ppc-5.png","width":1373,"height":710,"caption":"Swawa Cyberpunk Drift Bumper Car - High-ROI 48V Battery Operated Go Kart for Malls"},{"@type":"BreadcrumbList","@id":"https:\/\/amuse-mfg.com\/product\/swawa-cyberpunk-drift-bumper-car-high-roi-48v-battery-operated-go-kart-for-malls\/#breadcrumb","itemListElement":[{"@type":"ListItem","position":1,"name":"Home","item":"https:\/\/amuse-mfg.com\/"},{"@type":"ListItem","position":2,"name":"Shop","item":"https:\/\/amuse-mfg.com\/shop\/"},{"@type":"ListItem","position":3,"name":"Swawa Cyberpunk Drift Bumper Car &#8211; High-ROI 48V Battery Operated Go Kart for Malls"}]},{"@type":"WebSite","@id":"https:\/\/amuse-mfg.com\/#website","url":"https:\/\/amuse-mfg.com\/","name":"Swawa | Fabricante de atracciones | Soluciones completas | Fabricante de equipos para ferias de atracciones","description":"F\u00e1brica directa de atracciones y juegos infantiles. Exportamos a m\u00e1s de 20 pa\u00edses y ofrecemos equipos, dise\u00f1o de parques, planes de ingresos y un completo servicio posventa.","publisher":{"@id":"https:\/\/amuse-mfg.com\/#organization"},"alternateName":"Swawa | Amusement Rides Manufacturer","potentialAction":[{"@type":"SearchAction","target":{"@type":"EntryPoint","urlTemplate":"https:\/\/amuse-mfg.com\/?s={search_term_string}"},"query-input":{"@type":"PropertyValueSpecification","valueRequired":true,"valueName":"search_term_string"}}],"inLanguage":"es"},{"@type":"Organization","@id":"https:\/\/amuse-mfg.com\/#organization","name":"Swawa | Fabricante de atracciones | Soluciones completas | Fabricante de equipos para ferias de atracciones","alternateName":"Swawa","url":"https:\/\/amuse-mfg.com\/","logo":{"@type":"ImageObject","inLanguage":"es","@id":"https:\/\/amuse-mfg.com\/#\/schema\/logo\/image\/","url":"https:\/\/amuse-mfg.com\/wp-content\/uploads\/2025\/12\/favicon-3.png","contentUrl":"https:\/\/amuse-mfg.com\/wp-content\/uploads\/2025\/12\/favicon-3.png","width":192,"height":192,"caption":"Swawa | Amusement Rides Manufacturer | Complete Solutions | Funfair Equipment Manufacturer"},"image":{"@id":"https:\/\/amuse-mfg.com\/#\/schema\/logo\/image\/"},"sameAs":["https:\/\/www.youtube.com\/@SwawaAmuse-Mfg","https:\/\/www.pinterest.com\/swawamfg\/","https:\/\/www.instagram.com\/swawamfg\/"]}]}},"_links":{"self":[{"href":"https:\/\/amuse-mfg.com\/es\/wp-json\/wp\/v2\/product\/5958","targetHints":{"allow":["GET"]}}],"collection":[{"href":"https:\/\/amuse-mfg.com\/es\/wp-json\/wp\/v2\/product"}],"about":[{"href":"https:\/\/amuse-mfg.com\/es\/wp-json\/wp\/v2\/types\/product"}],"wp:featuredmedia":[{"embeddable":true,"href":"https:\/\/amuse-mfg.com\/es\/wp-json\/wp\/v2\/media\/5959"}],"wp:attachment":[{"href":"https:\/\/amuse-mfg.com\/es\/wp-json\/wp\/v2\/media?parent=5958"}],"wp:term":[{"taxonomy":"product_brand","embeddable":true,"href":"https:\/\/amuse-mfg.com\/es\/wp-json\/wp\/v2\/product_brand?post=5958"},{"taxonomy":"product_cat","embeddable":true,"href":"https:\/\/amuse-mfg.com\/es\/wp-json\/wp\/v2\/product_cat?post=5958"},{"taxonomy":"product_tag","embeddable":true,"href":"https:\/\/amuse-mfg.com\/es\/wp-json\/wp\/v2\/product_tag?post=5958"}],"curies":[{"name":"wp","href":"https:\/\/api.w.org\/{rel}","templated":true}]}}