{"id":5442,"date":"2025-12-19T06:06:53","date_gmt":"2025-12-19T06:06:53","guid":{"rendered":"https:\/\/amuse-mfg.com\/?post_type=product&#038;p=5442"},"modified":"2025-12-22T03:20:28","modified_gmt":"2025-12-22T03:20:28","slug":"swawa-futuristic-6-station-bungee-trampoline-high-roi-commercial-attraction-for-parks-malls","status":"publish","type":"product","link":"https:\/\/amuse-mfg.com\/es\/product\/swawa-futuristic-6-station-bungee-trampoline-high-roi-commercial-attraction-for-parks-malls\/","title":{"rendered":"Trampol\u00edn el\u00e1stico futurista Swawa de 6 estaciones: atracci\u00f3n comercial de alto rendimiento para parques y centros comerciales."},"content":{"rendered":"<p>Convierta cualquier espacio abierto en un im\u00e1n de beneficios con el <strong>Trampol\u00edn Bungee Interestelar Swawa<\/strong>. Dise\u00f1ada con una cautivadora propiedad intelectual \u201cFuture Space\u201d, esta atracci\u00f3n no es solo un trampol\u00edn, sino una aventura que desaf\u00eda la gravedad para hasta seis ni\u00f1os simult\u00e1neamente.<\/p>\n<p>A diferencia de las unidades tradicionales para un solo jugador, nuestro dise\u00f1o 6 en 1 maximiza sus ingresos por metro cuadrado y solo requiere un operador, lo que reduce significativamente los costes laborales.<\/p>\n<p>Gracias a su instalaci\u00f3n sin cimientos y su llamativa est\u00e9tica LED, podr\u00e1s poner en marcha tu negocio en solo unos d\u00edas y obtener un retorno de la inversi\u00f3n en tan solo 3 meses. .<\/p>\n<div class=\"my-2\"><\/div>\n<div class=\"relative w-full group mb-2\">\n<div class=\"scrollbar-hidden relative overflow-x-auto max-w-full\">\n<table class=\"w-full text-sm text-left text-gray-500 dark:text-gray-400 max-w-full rounded-xl\">\n<thead class=\"text-xs text-gray-700 uppercase bg-white dark:bg-gray-900 dark:text-gray-400 border-none\">\n<tr>\n<th class=\"px-2.5! py-2! cursor-pointer border-b border-gray-100! dark:border-gray-800!\" scope=\"col\">\n<div class=\"gap-1.5 text-left\">\n<div class=\"shrink-0 break-normal\">Par\u00e1metro<\/div>\n<\/div>\n<\/th>\n<th class=\"px-2.5! py-2! cursor-pointer border-b border-gray-100! dark:border-gray-800!\" scope=\"col\">\n<div class=\"gap-1.5 text-left\">\n<div class=\"shrink-0 break-normal\">Valor<\/div>\n<\/div>\n<\/th>\n<\/tr>\n<\/thead>\n<tbody>\n<tr class=\"bg-white dark:bg-gray-900 text-xs\">\n<td class=\"px-3! py-2! text-gray-900 dark:text-white w-max border-b border-gray-50! dark:border-gray-850!\">\n<div class=\"break-normal\"><strong>Nombre del producto<\/strong><\/div>\n<\/td>\n<td class=\"px-3! py-2! text-gray-900 dark:text-white w-max border-b border-gray-50! dark:border-gray-850!\">\n<div class=\"break-normal\">Trampol\u00edn interestelar para 6 personas<\/div>\n<\/td>\n<\/tr>\n<tr class=\"bg-white dark:bg-gray-900 text-xs\">\n<td class=\"px-3! py-2! text-gray-900 dark:text-white w-max border-b border-gray-50! dark:border-gray-850!\">\n<div class=\"break-normal\"><strong>Dimensiones (L<em>W<\/em>H)<\/strong><\/div>\n<\/td>\n<td class=\"px-3! py-2! text-gray-900 dark:text-white w-max border-b border-gray-50! dark:border-gray-850!\">\n<div class=\"break-normal\">7 m * 6 m * 5,6 m<\/div>\n<\/td>\n<\/tr>\n<tr class=\"bg-white dark:bg-gray-900 text-xs\">\n<td class=\"px-3! py-2! text-gray-900 dark:text-white w-max border-b border-gray-50! dark:border-gray-850!\">\n<div class=\"break-normal\"><strong>Capacidad<\/strong><\/div>\n<\/td>\n<td class=\"px-3! py-2! text-gray-900 dark:text-white w-max border-b border-gray-50! dark:border-gray-850!\">\n<div class=\"break-normal\">6 personas<\/div>\n<\/td>\n<\/tr>\n<tr class=\"bg-white dark:bg-gray-900 text-xs\">\n<td class=\"px-3! py-2! text-gray-900 dark:text-white w-max border-b border-gray-50! dark:border-gray-850!\">\n<div class=\"break-normal\"><strong>Tensi\u00f3n<\/strong><\/div>\n<\/td>\n<td class=\"px-3! py-2! text-gray-900 dark:text-white w-max border-b border-gray-50! dark:border-gray-850!\">\n<div class=\"break-normal\">220 V<\/div>\n<\/td>\n<\/tr>\n<tr class=\"bg-white dark:bg-gray-900 text-xs\">\n<td class=\"px-3! py-2! text-gray-900 dark:text-white w-max border-b border-gray-50! dark:border-gray-850!\">\n<div class=\"break-normal\"><strong>Potencia<\/strong><\/div>\n<\/td>\n<td class=\"px-3! py-2! text-gray-900 dark:text-white w-max border-b border-gray-50! dark:border-gray-850!\">\n<div class=\"break-normal\">4,5 kW<\/div>\n<\/td>\n<\/tr>\n<tr class=\"bg-white dark:bg-gray-900 text-xs\">\n<td class=\"px-3! py-2! text-gray-900 dark:text-white w-max border-b border-gray-50! dark:border-gray-850!\">\n<div class=\"break-normal\"><strong>Tema<\/strong><\/div>\n<\/td>\n<td class=\"px-3! py-2! text-gray-900 dark:text-white w-max border-b border-gray-50! dark:border-gray-850!\">\n<div class=\"break-normal\">Espacio futuro \/ Pato mec\u00e1nico<\/div>\n<\/td>\n<\/tr>\n<tr class=\"bg-white dark:bg-gray-900 text-xs\">\n<td class=\"px-3! py-2! text-gray-900 dark:text-white w-max\">\n<div class=\"break-normal\"><strong>Instalaci\u00f3n<\/strong><\/div>\n<\/td>\n<td class=\"px-3! py-2! text-gray-900 dark:text-white w-max\">\n<div class=\"break-normal\">No se necesita base<\/div>\n<\/td>\n<\/tr>\n<\/tbody>\n<\/table>\n<\/div>\n<\/div>","protected":false},"excerpt":{"rendered":"<p>\u00a1Aumente los ingresos de su local con la cama el\u00e1stica Swawa Interstellar! Tiene capacidad para 6 jugadores, un dise\u00f1o espacial envolvente y se instala sin necesidad de cimientos. <strong>Solicitar presupuesto<\/strong> para esta atracci\u00f3n de gran afluencia y r\u00e1pido retorno de la inversi\u00f3n.<\/p>","protected":false},"featured_media":5447,"menu_order":0,"template":"","meta":[],"product_brand":[],"product_cat":[55,58],"product_tag":[],"class_list":{"0":"post-5442","1":"product","2":"type-product","3":"status-publish","4":"has-post-thumbnail","6":"product_cat-childrens-kids-rides","7":"product_cat-shopping-mall-equipment","9":"first","10":"instock","11":"shipping-taxable","12":"purchasable","13":"product-type-simple"},"yoast_head":"<!-- This site is optimized with the Yoast SEO plugin v26.6 - https:\/\/yoast.com\/wordpress\/plugins\/seo\/ -->\n<title>Swawa Futuristic 6-Station Bungee Trampoline \u2013 High-ROI Commercial Attraction for Parks &amp; Malls | Swawa | Amusement Rides Manufacturer | Complete Solutions | Funfair Equipment Manufacturer<\/title>\n<meta name=\"robots\" content=\"index, follow, max-snippet:-1, max-image-preview:large, max-video-preview:-1\" \/>\n<link rel=\"canonical\" href=\"https:\/\/amuse-mfg.com\/es\/product\/swawa-futuristic-6-station-bungee-trampoline-high-roi-commercial-attraction-for-parks-malls\/\" \/>\n<meta property=\"og:locale\" content=\"es_ES\" \/>\n<meta property=\"og:type\" content=\"article\" \/>\n<meta property=\"og:title\" content=\"Swawa Futuristic 6-Station Bungee Trampoline \u2013 High-ROI Commercial Attraction for Parks &amp; Malls | Swawa | Amusement Rides Manufacturer | Complete Solutions | Funfair Equipment Manufacturer\" \/>\n<meta property=\"og:description\" content=\"Boost your venue&#039;s revenue with the Swawa Interstellar Trampoline! Features 6-player capacity, immersive space design, and zero-foundation setup. Get a Quote for this high-traffic, quick-ROI amusement ride today.\" \/>\n<meta property=\"og:url\" content=\"https:\/\/amuse-mfg.com\/es\/product\/swawa-futuristic-6-station-bungee-trampoline-high-roi-commercial-attraction-for-parks-malls\/\" \/>\n<meta property=\"og:site_name\" content=\"Swawa | Amusement Rides Manufacturer | Complete Solutions | Funfair Equipment Manufacturer\" \/>\n<meta property=\"article:modified_time\" content=\"2025-12-22T03:20:28+00:00\" \/>\n<meta property=\"og:image\" content=\"https:\/\/amuse-mfg.com\/wp-content\/uploads\/2025\/12\/\u661f\u9645\u63a2\u96696\u4eba\u8e66\u5e8a-4.png\" \/>\n\t<meta property=\"og:image:width\" content=\"1196\" \/>\n\t<meta property=\"og:image:height\" content=\"1236\" \/>\n\t<meta property=\"og:image:type\" content=\"image\/png\" \/>\n<meta name=\"twitter:card\" content=\"summary_large_image\" \/>\n<meta name=\"twitter:label1\" content=\"Est. reading time\" \/>\n\t<meta name=\"twitter:data1\" content=\"1 minuto\" \/>\n<script type=\"application\/ld+json\" class=\"yoast-schema-graph\">{\"@context\":\"https:\/\/schema.org\",\"@graph\":[{\"@type\":\"WebPage\",\"@id\":\"https:\/\/amuse-mfg.com\/product\/swawa-futuristic-6-station-bungee-trampoline-high-roi-commercial-attraction-for-parks-malls\/\",\"url\":\"https:\/\/amuse-mfg.com\/product\/swawa-futuristic-6-station-bungee-trampoline-high-roi-commercial-attraction-for-parks-malls\/\",\"name\":\"Swawa Futuristic 6-Station Bungee Trampoline \u2013 High-ROI Commercial Attraction for Parks & Malls | Swawa | Amusement Rides Manufacturer | Complete Solutions | Funfair Equipment Manufacturer\",\"isPartOf\":{\"@id\":\"https:\/\/amuse-mfg.com\/#website\"},\"primaryImageOfPage\":{\"@id\":\"https:\/\/amuse-mfg.com\/product\/swawa-futuristic-6-station-bungee-trampoline-high-roi-commercial-attraction-for-parks-malls\/#primaryimage\"},\"image\":{\"@id\":\"https:\/\/amuse-mfg.com\/product\/swawa-futuristic-6-station-bungee-trampoline-high-roi-commercial-attraction-for-parks-malls\/#primaryimage\"},\"thumbnailUrl\":\"https:\/\/amuse-mfg.com\/wp-content\/uploads\/2025\/12\/\u661f\u9645\u63a2\u96696\u4eba\u8e66\u5e8a-4.png\",\"datePublished\":\"2025-12-19T06:06:53+00:00\",\"dateModified\":\"2025-12-22T03:20:28+00:00\",\"breadcrumb\":{\"@id\":\"https:\/\/amuse-mfg.com\/product\/swawa-futuristic-6-station-bungee-trampoline-high-roi-commercial-attraction-for-parks-malls\/#breadcrumb\"},\"inLanguage\":\"es\",\"potentialAction\":[{\"@type\":\"ReadAction\",\"target\":[\"https:\/\/amuse-mfg.com\/product\/swawa-futuristic-6-station-bungee-trampoline-high-roi-commercial-attraction-for-parks-malls\/\"]}]},{\"@type\":\"ImageObject\",\"inLanguage\":\"es\",\"@id\":\"https:\/\/amuse-mfg.com\/product\/swawa-futuristic-6-station-bungee-trampoline-high-roi-commercial-attraction-for-parks-malls\/#primaryimage\",\"url\":\"https:\/\/amuse-mfg.com\/wp-content\/uploads\/2025\/12\/\u661f\u9645\u63a2\u96696\u4eba\u8e66\u5e8a-4.png\",\"contentUrl\":\"https:\/\/amuse-mfg.com\/wp-content\/uploads\/2025\/12\/\u661f\u9645\u63a2\u96696\u4eba\u8e66\u5e8a-4.png\",\"width\":1196,\"height\":1236},{\"@type\":\"BreadcrumbList\",\"@id\":\"https:\/\/amuse-mfg.com\/product\/swawa-futuristic-6-station-bungee-trampoline-high-roi-commercial-attraction-for-parks-malls\/#breadcrumb\",\"itemListElement\":[{\"@type\":\"ListItem\",\"position\":1,\"name\":\"Home\",\"item\":\"https:\/\/amuse-mfg.com\/\"},{\"@type\":\"ListItem\",\"position\":2,\"name\":\"Shop\",\"item\":\"https:\/\/amuse-mfg.com\/shop\/\"},{\"@type\":\"ListItem\",\"position\":3,\"name\":\"Swawa Futuristic 6-Station Bungee Trampoline \u2013 High-ROI Commercial Attraction for Parks &#038; Malls\"}]},{\"@type\":\"WebSite\",\"@id\":\"https:\/\/amuse-mfg.com\/#website\",\"url\":\"https:\/\/amuse-mfg.com\/\",\"name\":\"Swawa | Amusement Rides Manufacturer | Complete Solutions | Funfair Equipment Manufacturer\",\"description\":\"Direct factory of amusement rides &amp; playground equipment. Exported to over 20 countries, we offer equipment, park design, revenue plans and full after-sales service.\",\"publisher\":{\"@id\":\"https:\/\/amuse-mfg.com\/#organization\"},\"alternateName\":\"Swawa | Amusement Rides Manufacturer\",\"potentialAction\":[{\"@type\":\"SearchAction\",\"target\":{\"@type\":\"EntryPoint\",\"urlTemplate\":\"https:\/\/amuse-mfg.com\/?s={search_term_string}\"},\"query-input\":{\"@type\":\"PropertyValueSpecification\",\"valueRequired\":true,\"valueName\":\"search_term_string\"}}],\"inLanguage\":\"es\"},{\"@type\":\"Organization\",\"@id\":\"https:\/\/amuse-mfg.com\/#organization\",\"name\":\"Swawa | Amusement Rides Manufacturer | Complete Solutions | Funfair Equipment Manufacturer\",\"alternateName\":\"Swawa\",\"url\":\"https:\/\/amuse-mfg.com\/\",\"logo\":{\"@type\":\"ImageObject\",\"inLanguage\":\"es\",\"@id\":\"https:\/\/amuse-mfg.com\/#\/schema\/logo\/image\/\",\"url\":\"https:\/\/amuse-mfg.com\/wp-content\/uploads\/2025\/12\/favicon-3.png\",\"contentUrl\":\"https:\/\/amuse-mfg.com\/wp-content\/uploads\/2025\/12\/favicon-3.png\",\"width\":192,\"height\":192,\"caption\":\"Swawa | Amusement Rides Manufacturer | Complete Solutions | Funfair Equipment Manufacturer\"},\"image\":{\"@id\":\"https:\/\/amuse-mfg.com\/#\/schema\/logo\/image\/\"},\"sameAs\":[\"https:\/\/www.youtube.com\/@SwawaAmuse-Mfg\",\"https:\/\/www.pinterest.com\/swawamfg\/\",\"https:\/\/www.instagram.com\/swawamfg\/\"]}]}<\/script>\n<!-- \/ Yoast SEO plugin. -->","yoast_head_json":{"title":"Trampol\u00edn el\u00e1stico futurista Swawa de 6 estaciones: atracci\u00f3n comercial de alto rendimiento para parques y centros comerciales | Swawa | Fabricante de atracciones mec\u00e1nicas | Soluciones completas | Fabricante de equipos para parques de atracciones","robots":{"index":"index","follow":"follow","max-snippet":"max-snippet:-1","max-image-preview":"max-image-preview:large","max-video-preview":"max-video-preview:-1"},"canonical":"https:\/\/amuse-mfg.com\/es\/product\/swawa-futuristic-6-station-bungee-trampoline-high-roi-commercial-attraction-for-parks-malls\/","og_locale":"es_ES","og_type":"article","og_title":"Swawa Futuristic 6-Station Bungee Trampoline \u2013 High-ROI Commercial Attraction for Parks & Malls | Swawa | Amusement Rides Manufacturer | Complete Solutions | Funfair Equipment Manufacturer","og_description":"Boost your venue's revenue with the Swawa Interstellar Trampoline! Features 6-player capacity, immersive space design, and zero-foundation setup. Get a Quote for this high-traffic, quick-ROI amusement ride today.","og_url":"https:\/\/amuse-mfg.com\/es\/product\/swawa-futuristic-6-station-bungee-trampoline-high-roi-commercial-attraction-for-parks-malls\/","og_site_name":"Swawa | Amusement Rides Manufacturer | Complete Solutions | Funfair Equipment Manufacturer","article_modified_time":"2025-12-22T03:20:28+00:00","og_image":[{"width":1196,"height":1236,"url":"https:\/\/amuse-mfg.com\/wp-content\/uploads\/2025\/12\/\u661f\u9645\u63a2\u96696\u4eba\u8e66\u5e8a-4.png","type":"image\/png"}],"twitter_card":"summary_large_image","twitter_misc":{"Est. reading time":"1 minuto"},"schema":{"@context":"https:\/\/schema.org","@graph":[{"@type":"WebPage","@id":"https:\/\/amuse-mfg.com\/product\/swawa-futuristic-6-station-bungee-trampoline-high-roi-commercial-attraction-for-parks-malls\/","url":"https:\/\/amuse-mfg.com\/product\/swawa-futuristic-6-station-bungee-trampoline-high-roi-commercial-attraction-for-parks-malls\/","name":"Trampol\u00edn el\u00e1stico futurista Swawa de 6 estaciones: atracci\u00f3n comercial de alto rendimiento para parques y centros comerciales | Swawa | Fabricante de atracciones mec\u00e1nicas | Soluciones completas | Fabricante de equipos para parques de atracciones","isPartOf":{"@id":"https:\/\/amuse-mfg.com\/#website"},"primaryImageOfPage":{"@id":"https:\/\/amuse-mfg.com\/product\/swawa-futuristic-6-station-bungee-trampoline-high-roi-commercial-attraction-for-parks-malls\/#primaryimage"},"image":{"@id":"https:\/\/amuse-mfg.com\/product\/swawa-futuristic-6-station-bungee-trampoline-high-roi-commercial-attraction-for-parks-malls\/#primaryimage"},"thumbnailUrl":"https:\/\/amuse-mfg.com\/wp-content\/uploads\/2025\/12\/\u661f\u9645\u63a2\u96696\u4eba\u8e66\u5e8a-4.png","datePublished":"2025-12-19T06:06:53+00:00","dateModified":"2025-12-22T03:20:28+00:00","breadcrumb":{"@id":"https:\/\/amuse-mfg.com\/product\/swawa-futuristic-6-station-bungee-trampoline-high-roi-commercial-attraction-for-parks-malls\/#breadcrumb"},"inLanguage":"es","potentialAction":[{"@type":"ReadAction","target":["https:\/\/amuse-mfg.com\/product\/swawa-futuristic-6-station-bungee-trampoline-high-roi-commercial-attraction-for-parks-malls\/"]}]},{"@type":"ImageObject","inLanguage":"es","@id":"https:\/\/amuse-mfg.com\/product\/swawa-futuristic-6-station-bungee-trampoline-high-roi-commercial-attraction-for-parks-malls\/#primaryimage","url":"https:\/\/amuse-mfg.com\/wp-content\/uploads\/2025\/12\/\u661f\u9645\u63a2\u96696\u4eba\u8e66\u5e8a-4.png","contentUrl":"https:\/\/amuse-mfg.com\/wp-content\/uploads\/2025\/12\/\u661f\u9645\u63a2\u96696\u4eba\u8e66\u5e8a-4.png","width":1196,"height":1236},{"@type":"BreadcrumbList","@id":"https:\/\/amuse-mfg.com\/product\/swawa-futuristic-6-station-bungee-trampoline-high-roi-commercial-attraction-for-parks-malls\/#breadcrumb","itemListElement":[{"@type":"ListItem","position":1,"name":"Home","item":"https:\/\/amuse-mfg.com\/"},{"@type":"ListItem","position":2,"name":"Shop","item":"https:\/\/amuse-mfg.com\/shop\/"},{"@type":"ListItem","position":3,"name":"Swawa Futuristic 6-Station Bungee Trampoline \u2013 High-ROI Commercial Attraction for Parks &#038; Malls"}]},{"@type":"WebSite","@id":"https:\/\/amuse-mfg.com\/#website","url":"https:\/\/amuse-mfg.com\/","name":"Swawa | Fabricante de atracciones | Soluciones completas | Fabricante de equipos para ferias de atracciones","description":"F\u00e1brica directa de atracciones y juegos infantiles. Exportamos a m\u00e1s de 20 pa\u00edses y ofrecemos equipos, dise\u00f1o de parques, planes de ingresos y un completo servicio posventa.","publisher":{"@id":"https:\/\/amuse-mfg.com\/#organization"},"alternateName":"Swawa | Amusement Rides Manufacturer","potentialAction":[{"@type":"SearchAction","target":{"@type":"EntryPoint","urlTemplate":"https:\/\/amuse-mfg.com\/?s={search_term_string}"},"query-input":{"@type":"PropertyValueSpecification","valueRequired":true,"valueName":"search_term_string"}}],"inLanguage":"es"},{"@type":"Organization","@id":"https:\/\/amuse-mfg.com\/#organization","name":"Swawa | Fabricante de atracciones | Soluciones completas | Fabricante de equipos para ferias de atracciones","alternateName":"Swawa","url":"https:\/\/amuse-mfg.com\/","logo":{"@type":"ImageObject","inLanguage":"es","@id":"https:\/\/amuse-mfg.com\/#\/schema\/logo\/image\/","url":"https:\/\/amuse-mfg.com\/wp-content\/uploads\/2025\/12\/favicon-3.png","contentUrl":"https:\/\/amuse-mfg.com\/wp-content\/uploads\/2025\/12\/favicon-3.png","width":192,"height":192,"caption":"Swawa | Amusement Rides Manufacturer | Complete Solutions | Funfair Equipment Manufacturer"},"image":{"@id":"https:\/\/amuse-mfg.com\/#\/schema\/logo\/image\/"},"sameAs":["https:\/\/www.youtube.com\/@SwawaAmuse-Mfg","https:\/\/www.pinterest.com\/swawamfg\/","https:\/\/www.instagram.com\/swawamfg\/"]}]}},"_links":{"self":[{"href":"https:\/\/amuse-mfg.com\/es\/wp-json\/wp\/v2\/product\/5442","targetHints":{"allow":["GET"]}}],"collection":[{"href":"https:\/\/amuse-mfg.com\/es\/wp-json\/wp\/v2\/product"}],"about":[{"href":"https:\/\/amuse-mfg.com\/es\/wp-json\/wp\/v2\/types\/product"}],"wp:featuredmedia":[{"embeddable":true,"href":"https:\/\/amuse-mfg.com\/es\/wp-json\/wp\/v2\/media\/5447"}],"wp:attachment":[{"href":"https:\/\/amuse-mfg.com\/es\/wp-json\/wp\/v2\/media?parent=5442"}],"wp:term":[{"taxonomy":"product_brand","embeddable":true,"href":"https:\/\/amuse-mfg.com\/es\/wp-json\/wp\/v2\/product_brand?post=5442"},{"taxonomy":"product_cat","embeddable":true,"href":"https:\/\/amuse-mfg.com\/es\/wp-json\/wp\/v2\/product_cat?post=5442"},{"taxonomy":"product_tag","embeddable":true,"href":"https:\/\/amuse-mfg.com\/es\/wp-json\/wp\/v2\/product_tag?post=5442"}],"curies":[{"name":"wp","href":"https:\/\/api.w.org\/{rel}","templated":true}]}}