{"id":5422,"date":"2025-12-19T04:12:07","date_gmt":"2025-12-19T04:12:07","guid":{"rendered":"https:\/\/amuse-mfg.com\/?post_type=product&#038;p=5422"},"modified":"2025-12-22T03:20:28","modified_gmt":"2025-12-22T03:20:28","slug":"swawa-fantasy-star-happy-swing-viral-high-capacity-outdoor-amusement-ride-for-parks-malls","status":"publish","type":"product","link":"https:\/\/amuse-mfg.com\/es\/product\/swawa-fantasy-star-happy-swing-viral-high-capacity-outdoor-amusement-ride-for-parks-malls\/","title":{"rendered":"Swawa Fantasy Star Happy Swing - Atracciones virales de gran capacidad para parques y centros comerciales"},"content":{"rendered":"<p dir=\"auto\">Transforme su local en un hotspot viral con el <strong>Columpio Swawa Fantasy Star<\/strong>. Dise\u00f1ada con la est\u00e9tica \u201cStar Core\u201d de moda y simp\u00e1ticos personajes de IP, esta atracci\u00f3n no es s\u00f3lo un equipo: es un im\u00e1n para el p\u00fablico.<\/p>\n<ul dir=\"auto\">\n<li class=\"text-start\"><strong>Caracter\u00edstica:<\/strong> Una enorme capacidad para 20 personas combinada con un robusto sistema de alimentaci\u00f3n de 6 kW y una vibrante iluminaci\u00f3n LED multicolor.<\/li>\n<li class=\"text-start\"><strong>Ventaja:<\/strong> El alto rendimiento se traduce en colas m\u00e1s cortas y mayores ventas de entradas por hora. El dise\u00f1o \u201cInternet Celebrity\u201d anima a los pasajeros a hacer fotos y compartirlas, lo que les permite promocionarse gratis en las redes sociales.<\/li>\n<li class=\"text-start\"><strong>Beneficio:<\/strong> Se obtiene un <strong>R\u00e1pido retorno de la inversi\u00f3n<\/strong> m\u00e1quina que revitaliza espacios muertos en centros comerciales o parques, convirtiendo el tr\u00e1fico peatonal en flujo de caja inmediato sin complejas obras de cimentaci\u00f3n.<\/li>\n<\/ul>\n<div class=\"relative w-full group mb-2\">\n<div class=\"scrollbar-hidden relative overflow-x-auto max-w-full\">\n<table class=\"w-full text-sm text-left text-gray-500 dark:text-gray-400 max-w-full rounded-xl\">\n<thead class=\"text-xs text-gray-700 uppercase bg-white dark:bg-gray-900 dark:text-gray-400 border-none\">\n<tr>\n<th class=\"px-2.5! py-2! cursor-pointer border-b border-gray-100! dark:border-gray-800!\" scope=\"col\">\n<div class=\"gap-1.5 text-left\">\n<div class=\"shrink-0 break-normal\">Par\u00e1metro<\/div>\n<\/div>\n<\/th>\n<th class=\"px-2.5! py-2! cursor-pointer border-b border-gray-100! dark:border-gray-800!\" scope=\"col\">\n<div class=\"gap-1.5 text-left\">\n<div class=\"shrink-0 break-normal\">Valor<\/div>\n<\/div>\n<\/th>\n<\/tr>\n<\/thead>\n<tbody>\n<tr class=\"bg-white dark:bg-gray-900 text-xs\">\n<td class=\"px-3! py-2! text-gray-900 dark:text-white w-max border-b border-gray-50! dark:border-gray-850!\">\n<div class=\"break-normal\"><strong>Nombre del producto<\/strong><\/div>\n<\/td>\n<td class=\"px-3! py-2! text-gray-900 dark:text-white w-max border-b border-gray-50! dark:border-gray-850!\">\n<div class=\"break-normal\">Columpio para famosos en Internet Fantasy Star<\/div>\n<\/td>\n<\/tr>\n<tr class=\"bg-white dark:bg-gray-900 text-xs\">\n<td class=\"px-3! py-2! text-gray-900 dark:text-white w-max border-b border-gray-50! dark:border-gray-850!\">\n<div class=\"break-normal\"><strong>Talla<\/strong><\/div>\n<\/td>\n<td class=\"px-3! py-2! text-gray-900 dark:text-white w-max border-b border-gray-50! dark:border-gray-850!\">\n<div class=\"break-normal\">L8m * W7m * H6m (Valla incluida)<\/div>\n<\/td>\n<\/tr>\n<tr class=\"bg-white dark:bg-gray-900 text-xs\">\n<td class=\"px-3! py-2! text-gray-900 dark:text-white w-max border-b border-gray-50! dark:border-gray-850!\">\n<div class=\"break-normal\"><strong>Capacidad<\/strong><\/div>\n<\/td>\n<td class=\"px-3! py-2! text-gray-900 dark:text-white w-max border-b border-gray-50! dark:border-gray-850!\">\n<div class=\"break-normal\">20 personas<\/div>\n<\/td>\n<\/tr>\n<tr class=\"bg-white dark:bg-gray-900 text-xs\">\n<td class=\"px-3! py-2! text-gray-900 dark:text-white w-max border-b border-gray-50! dark:border-gray-850!\">\n<div class=\"break-normal\"><strong>Tensi\u00f3n<\/strong><\/div>\n<\/td>\n<td class=\"px-3! py-2! text-gray-900 dark:text-white w-max border-b border-gray-50! dark:border-gray-850!\">\n<div class=\"break-normal\">380V<\/div>\n<\/td>\n<\/tr>\n<tr class=\"bg-white dark:bg-gray-900 text-xs\">\n<td class=\"px-3! py-2! text-gray-900 dark:text-white w-max border-b border-gray-50! dark:border-gray-850!\">\n<div class=\"break-normal\"><strong>Potencia<\/strong><\/div>\n<\/td>\n<td class=\"px-3! py-2! text-gray-900 dark:text-white w-max border-b border-gray-50! dark:border-gray-850!\">\n<div class=\"break-normal\">6KW<\/div>\n<\/td>\n<\/tr>\n<tr class=\"bg-white dark:bg-gray-900 text-xs\">\n<td class=\"px-3! py-2! text-gray-900 dark:text-white w-max border-b border-gray-50! dark:border-gray-850!\">\n<div class=\"break-normal\"><strong>Tema Estilo<\/strong><\/div>\n<\/td>\n<td class=\"px-3! py-2! text-gray-900 dark:text-white w-max border-b border-gray-50! dark:border-gray-850!\">\n<div class=\"break-normal\">Estrella de fantas\u00eda \/ Simp\u00e1ticos personajes de IP<\/div>\n<\/td>\n<\/tr>\n<tr class=\"bg-white dark:bg-gray-900 text-xs\">\n<td class=\"px-3! py-2! text-gray-900 dark:text-white w-max\">\n<div class=\"break-normal\"><strong>Utilizaci\u00f3n<\/strong><\/div>\n<\/td>\n<td class=\"px-3! py-2! text-gray-900 dark:text-white w-max\">\n<div class=\"break-normal\">Parques al aire libre, plazas de centros comerciales<\/div>\n<\/td>\n<\/tr>\n<\/tbody>\n<\/table>\n<\/div>\n<\/div>","protected":false},"excerpt":{"rendered":"<p>Aumente el tr\u00e1fico de su local con el columpio Swawa Fantasy Star. Tiene capacidad para 20 personas y un dise\u00f1o viral e Instagrammable. R\u00e1pido retorno de la inversi\u00f3n y f\u00e1cil instalaci\u00f3n: \u00a1empieza hoy mismo tu rentable negocio de atracciones!<\/p>","protected":false},"featured_media":5423,"menu_order":0,"template":"","meta":[],"product_brand":[],"product_cat":[54,58],"product_tag":[],"class_list":{"0":"post-5422","1":"product","2":"type-product","3":"status-publish","4":"has-post-thumbnail","6":"product_cat-outdoor-amusement-equipment","7":"product_cat-shopping-mall-equipment","9":"first","10":"instock","11":"shipping-taxable","12":"purchasable","13":"product-type-simple"},"yoast_head":"<!-- This site is optimized with the Yoast SEO plugin v26.6 - https:\/\/yoast.com\/wordpress\/plugins\/seo\/ -->\n<title>Swawa Fantasy Star Happy Swing - Viral High-Capacity Outdoor Amusement Ride for Parks &amp; Malls | Swawa | Amusement Rides Manufacturer | Complete Solutions | Funfair Equipment Manufacturer<\/title>\n<meta name=\"robots\" content=\"index, follow, max-snippet:-1, max-image-preview:large, max-video-preview:-1\" \/>\n<link rel=\"canonical\" href=\"https:\/\/amuse-mfg.com\/es\/product\/swawa-fantasy-star-happy-swing-viral-high-capacity-outdoor-amusement-ride-for-parks-malls\/\" \/>\n<meta property=\"og:locale\" content=\"es_ES\" \/>\n<meta property=\"og:type\" content=\"article\" \/>\n<meta property=\"og:title\" content=\"Swawa Fantasy Star Happy Swing - Viral High-Capacity Outdoor Amusement Ride for Parks &amp; Malls | Swawa | Amusement Rides Manufacturer | Complete Solutions | Funfair Equipment Manufacturer\" \/>\n<meta property=\"og:description\" content=\"Boost your venue&#039;s traffic with the Swawa Fantasy Star Swing! Features a 20-person capacity for maximum throughput and a viral, Instagrammable design. Quick ROI and easy installation\u2014start your profitable amusement business today!\" \/>\n<meta property=\"og:url\" content=\"https:\/\/amuse-mfg.com\/es\/product\/swawa-fantasy-star-happy-swing-viral-high-capacity-outdoor-amusement-ride-for-parks-malls\/\" \/>\n<meta property=\"og:site_name\" content=\"Swawa | Amusement Rides Manufacturer | Complete Solutions | Funfair Equipment Manufacturer\" \/>\n<meta property=\"article:modified_time\" content=\"2025-12-22T03:20:28+00:00\" \/>\n<meta property=\"og:image\" content=\"https:\/\/amuse-mfg.com\/wp-content\/uploads\/2025\/12\/\u68a6\u5e7b\u661f\u7f51\u7ea2\u79cb\u5343-1.png\" \/>\n\t<meta property=\"og:image:width\" content=\"1604\" \/>\n\t<meta property=\"og:image:height\" content=\"904\" \/>\n\t<meta property=\"og:image:type\" content=\"image\/png\" \/>\n<meta name=\"twitter:card\" content=\"summary_large_image\" \/>\n<meta name=\"twitter:label1\" content=\"Est. reading time\" \/>\n\t<meta name=\"twitter:data1\" content=\"1 minuto\" \/>\n<script type=\"application\/ld+json\" class=\"yoast-schema-graph\">{\"@context\":\"https:\/\/schema.org\",\"@graph\":[{\"@type\":\"WebPage\",\"@id\":\"https:\/\/amuse-mfg.com\/product\/swawa-fantasy-star-happy-swing-viral-high-capacity-outdoor-amusement-ride-for-parks-malls\/\",\"url\":\"https:\/\/amuse-mfg.com\/product\/swawa-fantasy-star-happy-swing-viral-high-capacity-outdoor-amusement-ride-for-parks-malls\/\",\"name\":\"Swawa Fantasy Star Happy Swing - Viral High-Capacity Outdoor Amusement Ride for Parks & Malls | Swawa | Amusement Rides Manufacturer | Complete Solutions | Funfair Equipment Manufacturer\",\"isPartOf\":{\"@id\":\"https:\/\/amuse-mfg.com\/#website\"},\"primaryImageOfPage\":{\"@id\":\"https:\/\/amuse-mfg.com\/product\/swawa-fantasy-star-happy-swing-viral-high-capacity-outdoor-amusement-ride-for-parks-malls\/#primaryimage\"},\"image\":{\"@id\":\"https:\/\/amuse-mfg.com\/product\/swawa-fantasy-star-happy-swing-viral-high-capacity-outdoor-amusement-ride-for-parks-malls\/#primaryimage\"},\"thumbnailUrl\":\"https:\/\/amuse-mfg.com\/wp-content\/uploads\/2025\/12\/\u68a6\u5e7b\u661f\u7f51\u7ea2\u79cb\u5343-1.png\",\"datePublished\":\"2025-12-19T04:12:07+00:00\",\"dateModified\":\"2025-12-22T03:20:28+00:00\",\"breadcrumb\":{\"@id\":\"https:\/\/amuse-mfg.com\/product\/swawa-fantasy-star-happy-swing-viral-high-capacity-outdoor-amusement-ride-for-parks-malls\/#breadcrumb\"},\"inLanguage\":\"es\",\"potentialAction\":[{\"@type\":\"ReadAction\",\"target\":[\"https:\/\/amuse-mfg.com\/product\/swawa-fantasy-star-happy-swing-viral-high-capacity-outdoor-amusement-ride-for-parks-malls\/\"]}]},{\"@type\":\"ImageObject\",\"inLanguage\":\"es\",\"@id\":\"https:\/\/amuse-mfg.com\/product\/swawa-fantasy-star-happy-swing-viral-high-capacity-outdoor-amusement-ride-for-parks-malls\/#primaryimage\",\"url\":\"https:\/\/amuse-mfg.com\/wp-content\/uploads\/2025\/12\/\u68a6\u5e7b\u661f\u7f51\u7ea2\u79cb\u5343-1.png\",\"contentUrl\":\"https:\/\/amuse-mfg.com\/wp-content\/uploads\/2025\/12\/\u68a6\u5e7b\u661f\u7f51\u7ea2\u79cb\u5343-1.png\",\"width\":1604,\"height\":904},{\"@type\":\"BreadcrumbList\",\"@id\":\"https:\/\/amuse-mfg.com\/product\/swawa-fantasy-star-happy-swing-viral-high-capacity-outdoor-amusement-ride-for-parks-malls\/#breadcrumb\",\"itemListElement\":[{\"@type\":\"ListItem\",\"position\":1,\"name\":\"Home\",\"item\":\"https:\/\/amuse-mfg.com\/\"},{\"@type\":\"ListItem\",\"position\":2,\"name\":\"Shop\",\"item\":\"https:\/\/amuse-mfg.com\/shop\/\"},{\"@type\":\"ListItem\",\"position\":3,\"name\":\"Swawa Fantasy Star Happy Swing &#8211; Viral High-Capacity Outdoor Amusement Ride for Parks &#038; Malls\"}]},{\"@type\":\"WebSite\",\"@id\":\"https:\/\/amuse-mfg.com\/#website\",\"url\":\"https:\/\/amuse-mfg.com\/\",\"name\":\"Swawa | Amusement Rides Manufacturer | Complete Solutions | Funfair Equipment Manufacturer\",\"description\":\"Direct factory of amusement rides &amp; playground equipment. Exported to over 20 countries, we offer equipment, park design, revenue plans and full after-sales service.\",\"publisher\":{\"@id\":\"https:\/\/amuse-mfg.com\/#organization\"},\"alternateName\":\"Swawa | Amusement Rides Manufacturer\",\"potentialAction\":[{\"@type\":\"SearchAction\",\"target\":{\"@type\":\"EntryPoint\",\"urlTemplate\":\"https:\/\/amuse-mfg.com\/?s={search_term_string}\"},\"query-input\":{\"@type\":\"PropertyValueSpecification\",\"valueRequired\":true,\"valueName\":\"search_term_string\"}}],\"inLanguage\":\"es\"},{\"@type\":\"Organization\",\"@id\":\"https:\/\/amuse-mfg.com\/#organization\",\"name\":\"Swawa | Amusement Rides Manufacturer | Complete Solutions | Funfair Equipment Manufacturer\",\"alternateName\":\"Swawa\",\"url\":\"https:\/\/amuse-mfg.com\/\",\"logo\":{\"@type\":\"ImageObject\",\"inLanguage\":\"es\",\"@id\":\"https:\/\/amuse-mfg.com\/#\/schema\/logo\/image\/\",\"url\":\"https:\/\/amuse-mfg.com\/wp-content\/uploads\/2025\/12\/favicon-3.png\",\"contentUrl\":\"https:\/\/amuse-mfg.com\/wp-content\/uploads\/2025\/12\/favicon-3.png\",\"width\":192,\"height\":192,\"caption\":\"Swawa | Amusement Rides Manufacturer | Complete Solutions | Funfair Equipment Manufacturer\"},\"image\":{\"@id\":\"https:\/\/amuse-mfg.com\/#\/schema\/logo\/image\/\"},\"sameAs\":[\"https:\/\/www.youtube.com\/@SwawaAmuse-Mfg\",\"https:\/\/www.pinterest.com\/swawamfg\/\",\"https:\/\/www.instagram.com\/swawamfg\/\"]}]}<\/script>\n<!-- \/ Yoast SEO plugin. -->","yoast_head_json":{"title":"Swawa Fantasy Star Happy Swing - Atracciones virales de gran capacidad para parques y centros comerciales | Swawa | Fabricante de atracciones | Soluciones completas | Fabricante de equipamiento para parques de atracciones","robots":{"index":"index","follow":"follow","max-snippet":"max-snippet:-1","max-image-preview":"max-image-preview:large","max-video-preview":"max-video-preview:-1"},"canonical":"https:\/\/amuse-mfg.com\/es\/product\/swawa-fantasy-star-happy-swing-viral-high-capacity-outdoor-amusement-ride-for-parks-malls\/","og_locale":"es_ES","og_type":"article","og_title":"Swawa Fantasy Star Happy Swing - Viral High-Capacity Outdoor Amusement Ride for Parks & Malls | Swawa | Amusement Rides Manufacturer | Complete Solutions | Funfair Equipment Manufacturer","og_description":"Boost your venue's traffic with the Swawa Fantasy Star Swing! Features a 20-person capacity for maximum throughput and a viral, Instagrammable design. Quick ROI and easy installation\u2014start your profitable amusement business today!","og_url":"https:\/\/amuse-mfg.com\/es\/product\/swawa-fantasy-star-happy-swing-viral-high-capacity-outdoor-amusement-ride-for-parks-malls\/","og_site_name":"Swawa | Amusement Rides Manufacturer | Complete Solutions | Funfair Equipment Manufacturer","article_modified_time":"2025-12-22T03:20:28+00:00","og_image":[{"width":1604,"height":904,"url":"https:\/\/amuse-mfg.com\/wp-content\/uploads\/2025\/12\/\u68a6\u5e7b\u661f\u7f51\u7ea2\u79cb\u5343-1.png","type":"image\/png"}],"twitter_card":"summary_large_image","twitter_misc":{"Est. reading time":"1 minuto"},"schema":{"@context":"https:\/\/schema.org","@graph":[{"@type":"WebPage","@id":"https:\/\/amuse-mfg.com\/product\/swawa-fantasy-star-happy-swing-viral-high-capacity-outdoor-amusement-ride-for-parks-malls\/","url":"https:\/\/amuse-mfg.com\/product\/swawa-fantasy-star-happy-swing-viral-high-capacity-outdoor-amusement-ride-for-parks-malls\/","name":"Swawa Fantasy Star Happy Swing - Atracciones virales de gran capacidad para parques y centros comerciales | Swawa | Fabricante de atracciones | Soluciones completas | Fabricante de equipamiento para parques de atracciones","isPartOf":{"@id":"https:\/\/amuse-mfg.com\/#website"},"primaryImageOfPage":{"@id":"https:\/\/amuse-mfg.com\/product\/swawa-fantasy-star-happy-swing-viral-high-capacity-outdoor-amusement-ride-for-parks-malls\/#primaryimage"},"image":{"@id":"https:\/\/amuse-mfg.com\/product\/swawa-fantasy-star-happy-swing-viral-high-capacity-outdoor-amusement-ride-for-parks-malls\/#primaryimage"},"thumbnailUrl":"https:\/\/amuse-mfg.com\/wp-content\/uploads\/2025\/12\/\u68a6\u5e7b\u661f\u7f51\u7ea2\u79cb\u5343-1.png","datePublished":"2025-12-19T04:12:07+00:00","dateModified":"2025-12-22T03:20:28+00:00","breadcrumb":{"@id":"https:\/\/amuse-mfg.com\/product\/swawa-fantasy-star-happy-swing-viral-high-capacity-outdoor-amusement-ride-for-parks-malls\/#breadcrumb"},"inLanguage":"es","potentialAction":[{"@type":"ReadAction","target":["https:\/\/amuse-mfg.com\/product\/swawa-fantasy-star-happy-swing-viral-high-capacity-outdoor-amusement-ride-for-parks-malls\/"]}]},{"@type":"ImageObject","inLanguage":"es","@id":"https:\/\/amuse-mfg.com\/product\/swawa-fantasy-star-happy-swing-viral-high-capacity-outdoor-amusement-ride-for-parks-malls\/#primaryimage","url":"https:\/\/amuse-mfg.com\/wp-content\/uploads\/2025\/12\/\u68a6\u5e7b\u661f\u7f51\u7ea2\u79cb\u5343-1.png","contentUrl":"https:\/\/amuse-mfg.com\/wp-content\/uploads\/2025\/12\/\u68a6\u5e7b\u661f\u7f51\u7ea2\u79cb\u5343-1.png","width":1604,"height":904},{"@type":"BreadcrumbList","@id":"https:\/\/amuse-mfg.com\/product\/swawa-fantasy-star-happy-swing-viral-high-capacity-outdoor-amusement-ride-for-parks-malls\/#breadcrumb","itemListElement":[{"@type":"ListItem","position":1,"name":"Home","item":"https:\/\/amuse-mfg.com\/"},{"@type":"ListItem","position":2,"name":"Shop","item":"https:\/\/amuse-mfg.com\/shop\/"},{"@type":"ListItem","position":3,"name":"Swawa Fantasy Star Happy Swing &#8211; Viral High-Capacity Outdoor Amusement Ride for Parks &#038; Malls"}]},{"@type":"WebSite","@id":"https:\/\/amuse-mfg.com\/#website","url":"https:\/\/amuse-mfg.com\/","name":"Swawa | Fabricante de atracciones | Soluciones completas | Fabricante de equipos para ferias de atracciones","description":"F\u00e1brica directa de atracciones y juegos infantiles. Exportamos a m\u00e1s de 20 pa\u00edses y ofrecemos equipos, dise\u00f1o de parques, planes de ingresos y un completo servicio posventa.","publisher":{"@id":"https:\/\/amuse-mfg.com\/#organization"},"alternateName":"Swawa | Amusement Rides Manufacturer","potentialAction":[{"@type":"SearchAction","target":{"@type":"EntryPoint","urlTemplate":"https:\/\/amuse-mfg.com\/?s={search_term_string}"},"query-input":{"@type":"PropertyValueSpecification","valueRequired":true,"valueName":"search_term_string"}}],"inLanguage":"es"},{"@type":"Organization","@id":"https:\/\/amuse-mfg.com\/#organization","name":"Swawa | Fabricante de atracciones | Soluciones completas | Fabricante de equipos para ferias de atracciones","alternateName":"Swawa","url":"https:\/\/amuse-mfg.com\/","logo":{"@type":"ImageObject","inLanguage":"es","@id":"https:\/\/amuse-mfg.com\/#\/schema\/logo\/image\/","url":"https:\/\/amuse-mfg.com\/wp-content\/uploads\/2025\/12\/favicon-3.png","contentUrl":"https:\/\/amuse-mfg.com\/wp-content\/uploads\/2025\/12\/favicon-3.png","width":192,"height":192,"caption":"Swawa | Amusement Rides Manufacturer | Complete Solutions | Funfair Equipment Manufacturer"},"image":{"@id":"https:\/\/amuse-mfg.com\/#\/schema\/logo\/image\/"},"sameAs":["https:\/\/www.youtube.com\/@SwawaAmuse-Mfg","https:\/\/www.pinterest.com\/swawamfg\/","https:\/\/www.instagram.com\/swawamfg\/"]}]}},"_links":{"self":[{"href":"https:\/\/amuse-mfg.com\/es\/wp-json\/wp\/v2\/product\/5422","targetHints":{"allow":["GET"]}}],"collection":[{"href":"https:\/\/amuse-mfg.com\/es\/wp-json\/wp\/v2\/product"}],"about":[{"href":"https:\/\/amuse-mfg.com\/es\/wp-json\/wp\/v2\/types\/product"}],"wp:featuredmedia":[{"embeddable":true,"href":"https:\/\/amuse-mfg.com\/es\/wp-json\/wp\/v2\/media\/5423"}],"wp:attachment":[{"href":"https:\/\/amuse-mfg.com\/es\/wp-json\/wp\/v2\/media?parent=5422"}],"wp:term":[{"taxonomy":"product_brand","embeddable":true,"href":"https:\/\/amuse-mfg.com\/es\/wp-json\/wp\/v2\/product_brand?post=5422"},{"taxonomy":"product_cat","embeddable":true,"href":"https:\/\/amuse-mfg.com\/es\/wp-json\/wp\/v2\/product_cat?post=5422"},{"taxonomy":"product_tag","embeddable":true,"href":"https:\/\/amuse-mfg.com\/es\/wp-json\/wp\/v2\/product_tag?post=5422"}],"curies":[{"name":"wp","href":"https:\/\/api.w.org\/{rel}","templated":true}]}}