{"id":4559,"date":"2025-12-02T04:08:30","date_gmt":"2025-12-02T04:08:30","guid":{"rendered":"https:\/\/amuse-mfg.com\/?post_type=product&#038;p=4559"},"modified":"2025-12-22T03:20:30","modified_gmt":"2025-12-22T03:20:30","slug":"starcore-agents-catnip-knight-futuristic-motorcycle-carousel-amusement-park-rides-for-sale","status":"publish","type":"product","link":"https:\/\/amuse-mfg.com\/es\/product\/starcore-agents-catnip-knight-futuristic-motorcycle-carousel-amusement-park-rides-for-sale\/","title":{"rendered":"StarCore Agents\u2122 \u201cCatnip Knight\u201d Futurista Moto Carrusel | Parque de Atracciones Rides for Sale"},"content":{"rendered":"<p>Deja de vender veh\u00edculos obsoletos. Presentamos a &quot;Catnip Knight&quot;, una obra maestra de nuestro universo de propiedad intelectual &quot;StarCore Agents\u2122&quot;.<\/p>\n<p>Este no es simplemente otro carrusel; es una atracci\u00f3n de 20 asientos con tem\u00e1tica cyberpunk, con impresionantes detalles visuales y efectos de iluminaci\u00f3n integrados.<\/p>\n<p>Su ingenioso dise\u00f1o no requiere una base especial, lo que reduce dr\u00e1sticamente el tiempo y los costos de instalaci\u00f3n. Es perfecto para centros comerciales, parques y espacios para eventos que buscan un elemento visualmente atractivo.<\/p>\n<p>Para los inversores, esto significa un lanzamiento m\u00e1s r\u00e1pido, atraer a una nueva generaci\u00f3n de clientes que buscan experiencias \u00fanicas y lograr un retorno de la inversi\u00f3n m\u00e1s r\u00e1pido. Con Swawa, no solo compra equipos; invierte en una soluci\u00f3n IP probada que cautiva al p\u00fablico y aumenta las ganancias.<\/p>\n<table class=\"w-full text-sm text-left text-gray-500 dark:text-gray-400 max-w-full rounded-xl\">\n<thead class=\"text-xs text-gray-700 uppercase bg-white dark:bg-gray-900 dark:text-gray-400 border-none\">\n<tr>\n<th class=\"px-2.5! py-2! cursor-pointer border-b border-gray-100! dark:border-gray-800!\" scope=\"col\">\n<div class=\"gap-1.5 text-left\">\n<div class=\"shrink-0 break-normal\">Especificaci\u00f3n<\/div>\n<\/div>\n<\/th>\n<th class=\"px-2.5! py-2! cursor-pointer border-b border-gray-100! dark:border-gray-800!\" scope=\"col\">\n<div class=\"gap-1.5 text-left\">\n<div class=\"shrink-0 break-normal\">Valor (m\u00e9trico)<\/div>\n<\/div>\n<\/th>\n<th class=\"px-2.5! py-2! cursor-pointer border-b border-gray-100! dark:border-gray-800!\" scope=\"col\"><\/th>\n<\/tr>\n<\/thead>\n<tbody>\n<tr class=\"bg-white dark:bg-gray-900 text-xs\">\n<td class=\"px-3! py-2! text-gray-900 dark:text-white w-max border-b border-gray-50! dark:border-gray-850!\">\n<div class=\"break-normal\"><strong>Modelo<\/strong><\/div>\n<\/td>\n<td class=\"px-3! py-2! text-gray-900 dark:text-white w-max border-b border-gray-50! dark:border-gray-850!\">\n<div class=\"break-normal\">Caballero de la hierba gatera (IP)<\/div>\n<\/td>\n<td class=\"px-3! py-2! text-gray-900 dark:text-white w-max border-b border-gray-50! dark:border-gray-850!\"><\/td>\n<\/tr>\n<tr class=\"bg-white dark:bg-gray-900 text-xs\">\n<td class=\"px-3! py-2! text-gray-900 dark:text-white w-max border-b border-gray-50! dark:border-gray-850!\">\n<div class=\"break-normal\"><strong>Capacidad<\/strong><\/div>\n<\/td>\n<td class=\"px-3! py-2! text-gray-900 dark:text-white w-max border-b border-gray-50! dark:border-gray-850!\">\n<div class=\"break-normal\">20 personas<\/div>\n<\/td>\n<td class=\"px-3! py-2! text-gray-900 dark:text-white w-max border-b border-gray-50! dark:border-gray-850!\"><\/td>\n<\/tr>\n<tr class=\"bg-white dark:bg-gray-900 text-xs\">\n<td class=\"px-3! py-2! text-gray-900 dark:text-white w-max border-b border-gray-50! dark:border-gray-850!\">\n<div class=\"break-normal\"><strong>Di\u00e1metro<\/strong><\/div>\n<\/td>\n<td class=\"px-3! py-2! text-gray-900 dark:text-white w-max border-b border-gray-50! dark:border-gray-850!\">\n<div class=\"break-normal\">10,1 m (incluida la valla)<\/div>\n<\/td>\n<td class=\"px-3! py-2! text-gray-900 dark:text-white w-max border-b border-gray-50! dark:border-gray-850!\"><\/td>\n<\/tr>\n<tr class=\"bg-white dark:bg-gray-900 text-xs\">\n<td class=\"px-3! py-2! text-gray-900 dark:text-white w-max border-b border-gray-50! dark:border-gray-850!\">\n<div class=\"break-normal\"><strong>Altura<\/strong><\/div>\n<\/td>\n<td class=\"px-3! py-2! text-gray-900 dark:text-white w-max border-b border-gray-50! dark:border-gray-850!\">\n<div class=\"break-normal\">7,5 metros<\/div>\n<\/td>\n<td class=\"px-3! py-2! text-gray-900 dark:text-white w-max border-b border-gray-50! dark:border-gray-850!\"><\/td>\n<\/tr>\n<tr class=\"bg-white dark:bg-gray-900 text-xs\">\n<td class=\"px-3! py-2! text-gray-900 dark:text-white w-max border-b border-gray-50! dark:border-gray-850!\">\n<div class=\"break-normal\"><strong>Potencia<\/strong><\/div>\n<\/td>\n<td class=\"px-3! py-2! text-gray-900 dark:text-white w-max border-b border-gray-50! dark:border-gray-850!\">\n<div class=\"break-normal\">6 kW<\/div>\n<\/td>\n<td class=\"px-3! py-2! text-gray-900 dark:text-white w-max border-b border-gray-50! dark:border-gray-850!\"><\/td>\n<\/tr>\n<tr class=\"bg-white dark:bg-gray-900 text-xs\">\n<td class=\"px-3! py-2! text-gray-900 dark:text-white w-max border-b border-gray-50! dark:border-gray-850!\">\n<div class=\"break-normal\"><strong>Tensi\u00f3n<\/strong><\/div>\n<\/td>\n<td class=\"px-3! py-2! text-gray-900 dark:text-white w-max border-b border-gray-50! dark:border-gray-850!\">\n<div class=\"break-normal\">380 V (personalizable)<\/div>\n<\/td>\n<td class=\"px-3! py-2! text-gray-900 dark:text-white w-max border-b border-gray-50! dark:border-gray-850!\"><\/td>\n<\/tr>\n<tr class=\"bg-white dark:bg-gray-900 text-xs\">\n<td class=\"px-3! py-2! text-gray-900 dark:text-white w-max border-b border-gray-50! dark:border-gray-850!\">\n<div class=\"break-normal\"><strong>Material<\/strong><\/div>\n<\/td>\n<td class=\"px-3! py-2! text-gray-900 dark:text-white w-max border-b border-gray-50! dark:border-gray-850!\">\n<div class=\"break-normal\">Acero de alta calidad, pl\u00e1stico reforzado con fibra de vidrio (PRFV)<\/div>\n<\/td>\n<td class=\"px-3! py-2! text-gray-900 dark:text-white w-max border-b border-gray-50! dark:border-gray-850!\"><\/td>\n<\/tr>\n<tr class=\"bg-white dark:bg-gray-900 text-xs\">\n<td class=\"px-3! py-2! text-gray-900 dark:text-white w-max border-b border-gray-50! dark:border-gray-850!\">\n<div class=\"break-normal\"><strong>Base<\/strong><\/div>\n<\/td>\n<td class=\"px-3! py-2! text-gray-900 dark:text-white w-max border-b border-gray-50! dark:border-gray-850!\">\n<div class=\"break-normal\">No requerido<\/div>\n<\/td>\n<td class=\"px-3! py-2! text-gray-900 dark:text-white w-max border-b border-gray-50! dark:border-gray-850!\"><\/td>\n<\/tr>\n<tr class=\"bg-white dark:bg-gray-900 text-xs\">\n<td class=\"px-3! py-2! text-gray-900 dark:text-white w-max\">\n<div class=\"break-normal\"><strong>Iluminaci\u00f3n<\/strong><\/div>\n<\/td>\n<td class=\"px-3! py-2! text-gray-900 dark:text-white w-max\">\n<div class=\"break-normal\">Sistema de iluminaci\u00f3n LED integrado<\/div>\n<\/td>\n<td class=\"px-3! py-2! text-gray-900 dark:text-white w-max\"><\/td>\n<\/tr>\n<\/tbody>\n<\/table>","protected":false},"excerpt":{"rendered":"<p>Descubra nuestra atracci\u00f3n de alto rendimiento, el Catnip Knight. Este carrusel para 20 personas es f\u00e1cil de instalar (sin cimientos) para un retorno r\u00e1pido. \u00a1Solicite su cotizaci\u00f3n hoy mismo!<\/p>","protected":false},"featured_media":5030,"menu_order":0,"template":"","meta":[],"product_brand":[],"product_cat":[55,54,58],"product_tag":[],"class_list":{"0":"post-4559","1":"product","2":"type-product","3":"status-publish","4":"has-post-thumbnail","6":"product_cat-childrens-kids-rides","7":"product_cat-outdoor-amusement-equipment","8":"product_cat-shopping-mall-equipment","10":"first","11":"instock","12":"shipping-taxable","13":"purchasable","14":"product-type-simple"},"yoast_head":"<!-- This site is optimized with the Yoast SEO plugin v26.6 - https:\/\/yoast.com\/wordpress\/plugins\/seo\/ -->\n<title>StarCore Agents\u2122 &quot;Catnip Knight&quot; Futuristic Motorcycle Carousel | Amusement Park Rides for Sale | Swawa | Amusement Rides Manufacturer | Complete Solutions | Funfair Equipment Manufacturer<\/title>\n<meta name=\"robots\" content=\"index, follow, max-snippet:-1, max-image-preview:large, max-video-preview:-1\" \/>\n<link rel=\"canonical\" href=\"https:\/\/amuse-mfg.com\/es\/product\/starcore-agents-catnip-knight-futuristic-motorcycle-carousel-amusement-park-rides-for-sale\/\" \/>\n<meta property=\"og:locale\" content=\"es_ES\" \/>\n<meta property=\"og:type\" content=\"article\" \/>\n<meta property=\"og:title\" content=\"StarCore Agents\u2122 &quot;Catnip Knight&quot; Futuristic Motorcycle Carousel | Amusement Park Rides for Sale | Swawa | Amusement Rides Manufacturer | Complete Solutions | Funfair Equipment Manufacturer\" \/>\n<meta property=\"og:description\" content=\"Discover our high-ROI amusement park ride, the Catnip Knight. This 20-person carousel is easy to install (no foundation) for a quick return. Get your quote today!\" \/>\n<meta property=\"og:url\" content=\"https:\/\/amuse-mfg.com\/es\/product\/starcore-agents-catnip-knight-futuristic-motorcycle-carousel-amusement-park-rides-for-sale\/\" \/>\n<meta property=\"og:site_name\" content=\"Swawa | Amusement Rides Manufacturer | Complete Solutions | Funfair Equipment Manufacturer\" \/>\n<meta property=\"article:modified_time\" content=\"2025-12-22T03:20:30+00:00\" \/>\n<meta property=\"og:image\" content=\"https:\/\/amuse-mfg.com\/wp-content\/uploads\/2025\/12\/\u55b5\u6838\u9a91\u58eb.png\" \/>\n\t<meta property=\"og:image:width\" content=\"1717\" \/>\n\t<meta property=\"og:image:height\" content=\"1420\" \/>\n\t<meta property=\"og:image:type\" content=\"image\/png\" \/>\n<meta name=\"twitter:card\" content=\"summary_large_image\" \/>\n<meta name=\"twitter:label1\" content=\"Est. reading time\" \/>\n\t<meta name=\"twitter:data1\" content=\"1 minuto\" \/>\n<script type=\"application\/ld+json\" class=\"yoast-schema-graph\">{\"@context\":\"https:\/\/schema.org\",\"@graph\":[{\"@type\":\"WebPage\",\"@id\":\"https:\/\/amuse-mfg.com\/product\/starcore-agents-catnip-knight-futuristic-motorcycle-carousel-amusement-park-rides-for-sale\/\",\"url\":\"https:\/\/amuse-mfg.com\/product\/starcore-agents-catnip-knight-futuristic-motorcycle-carousel-amusement-park-rides-for-sale\/\",\"name\":\"StarCore Agents\u2122 \\\"Catnip Knight\\\" Futuristic Motorcycle Carousel | Amusement Park Rides for Sale | Swawa | Amusement Rides Manufacturer | Complete Solutions | Funfair Equipment Manufacturer\",\"isPartOf\":{\"@id\":\"https:\/\/amuse-mfg.com\/#website\"},\"primaryImageOfPage\":{\"@id\":\"https:\/\/amuse-mfg.com\/product\/starcore-agents-catnip-knight-futuristic-motorcycle-carousel-amusement-park-rides-for-sale\/#primaryimage\"},\"image\":{\"@id\":\"https:\/\/amuse-mfg.com\/product\/starcore-agents-catnip-knight-futuristic-motorcycle-carousel-amusement-park-rides-for-sale\/#primaryimage\"},\"thumbnailUrl\":\"https:\/\/amuse-mfg.com\/wp-content\/uploads\/2025\/12\/\u55b5\u6838\u9a91\u58eb.png\",\"datePublished\":\"2025-12-02T04:08:30+00:00\",\"dateModified\":\"2025-12-22T03:20:30+00:00\",\"breadcrumb\":{\"@id\":\"https:\/\/amuse-mfg.com\/product\/starcore-agents-catnip-knight-futuristic-motorcycle-carousel-amusement-park-rides-for-sale\/#breadcrumb\"},\"inLanguage\":\"es\",\"potentialAction\":[{\"@type\":\"ReadAction\",\"target\":[\"https:\/\/amuse-mfg.com\/product\/starcore-agents-catnip-knight-futuristic-motorcycle-carousel-amusement-park-rides-for-sale\/\"]}]},{\"@type\":\"ImageObject\",\"inLanguage\":\"es\",\"@id\":\"https:\/\/amuse-mfg.com\/product\/starcore-agents-catnip-knight-futuristic-motorcycle-carousel-amusement-park-rides-for-sale\/#primaryimage\",\"url\":\"https:\/\/amuse-mfg.com\/wp-content\/uploads\/2025\/12\/\u55b5\u6838\u9a91\u58eb.png\",\"contentUrl\":\"https:\/\/amuse-mfg.com\/wp-content\/uploads\/2025\/12\/\u55b5\u6838\u9a91\u58eb.png\",\"width\":1717,\"height\":1420},{\"@type\":\"BreadcrumbList\",\"@id\":\"https:\/\/amuse-mfg.com\/product\/starcore-agents-catnip-knight-futuristic-motorcycle-carousel-amusement-park-rides-for-sale\/#breadcrumb\",\"itemListElement\":[{\"@type\":\"ListItem\",\"position\":1,\"name\":\"Home\",\"item\":\"https:\/\/amuse-mfg.com\/\"},{\"@type\":\"ListItem\",\"position\":2,\"name\":\"Shop\",\"item\":\"https:\/\/amuse-mfg.com\/shop\/\"},{\"@type\":\"ListItem\",\"position\":3,\"name\":\"StarCore Agents\u2122 &#8220;Catnip Knight&#8221; Futuristic Motorcycle Carousel | Amusement Park Rides for Sale\"}]},{\"@type\":\"WebSite\",\"@id\":\"https:\/\/amuse-mfg.com\/#website\",\"url\":\"https:\/\/amuse-mfg.com\/\",\"name\":\"Swawa | Amusement Rides Manufacturer | Complete Solutions | Funfair Equipment Manufacturer\",\"description\":\"Direct factory of amusement rides &amp; playground equipment. Exported to over 20 countries, we offer equipment, park design, revenue plans and full after-sales service.\",\"publisher\":{\"@id\":\"https:\/\/amuse-mfg.com\/#organization\"},\"alternateName\":\"Swawa | Amusement Rides Manufacturer\",\"potentialAction\":[{\"@type\":\"SearchAction\",\"target\":{\"@type\":\"EntryPoint\",\"urlTemplate\":\"https:\/\/amuse-mfg.com\/?s={search_term_string}\"},\"query-input\":{\"@type\":\"PropertyValueSpecification\",\"valueRequired\":true,\"valueName\":\"search_term_string\"}}],\"inLanguage\":\"es\"},{\"@type\":\"Organization\",\"@id\":\"https:\/\/amuse-mfg.com\/#organization\",\"name\":\"Swawa | Amusement Rides Manufacturer | Complete Solutions | Funfair Equipment Manufacturer\",\"alternateName\":\"Swawa\",\"url\":\"https:\/\/amuse-mfg.com\/\",\"logo\":{\"@type\":\"ImageObject\",\"inLanguage\":\"es\",\"@id\":\"https:\/\/amuse-mfg.com\/#\/schema\/logo\/image\/\",\"url\":\"https:\/\/amuse-mfg.com\/wp-content\/uploads\/2025\/12\/favicon-3.png\",\"contentUrl\":\"https:\/\/amuse-mfg.com\/wp-content\/uploads\/2025\/12\/favicon-3.png\",\"width\":192,\"height\":192,\"caption\":\"Swawa | Amusement Rides Manufacturer | Complete Solutions | Funfair Equipment Manufacturer\"},\"image\":{\"@id\":\"https:\/\/amuse-mfg.com\/#\/schema\/logo\/image\/\"},\"sameAs\":[\"https:\/\/www.youtube.com\/@SwawaAmuse-Mfg\",\"https:\/\/www.pinterest.com\/swawamfg\/\",\"https:\/\/www.instagram.com\/swawamfg\/\"]}]}<\/script>\n<!-- \/ Yoast SEO plugin. -->","yoast_head_json":{"title":"Carrusel de motocicletas futurista &quot;Catnip Knight&quot; de StarCore Agents\u2122 | Venta de atracciones para parques de atracciones | Swawa | Fabricante de atracciones | Soluciones completas | Fabricante de equipos para ferias","robots":{"index":"index","follow":"follow","max-snippet":"max-snippet:-1","max-image-preview":"max-image-preview:large","max-video-preview":"max-video-preview:-1"},"canonical":"https:\/\/amuse-mfg.com\/es\/product\/starcore-agents-catnip-knight-futuristic-motorcycle-carousel-amusement-park-rides-for-sale\/","og_locale":"es_ES","og_type":"article","og_title":"StarCore Agents\u2122 \"Catnip Knight\" Futuristic Motorcycle Carousel | Amusement Park Rides for Sale | Swawa | Amusement Rides Manufacturer | Complete Solutions | Funfair Equipment Manufacturer","og_description":"Discover our high-ROI amusement park ride, the Catnip Knight. This 20-person carousel is easy to install (no foundation) for a quick return. Get your quote today!","og_url":"https:\/\/amuse-mfg.com\/es\/product\/starcore-agents-catnip-knight-futuristic-motorcycle-carousel-amusement-park-rides-for-sale\/","og_site_name":"Swawa | Amusement Rides Manufacturer | Complete Solutions | Funfair Equipment Manufacturer","article_modified_time":"2025-12-22T03:20:30+00:00","og_image":[{"width":1717,"height":1420,"url":"https:\/\/amuse-mfg.com\/wp-content\/uploads\/2025\/12\/\u55b5\u6838\u9a91\u58eb.png","type":"image\/png"}],"twitter_card":"summary_large_image","twitter_misc":{"Est. reading time":"1 minuto"},"schema":{"@context":"https:\/\/schema.org","@graph":[{"@type":"WebPage","@id":"https:\/\/amuse-mfg.com\/product\/starcore-agents-catnip-knight-futuristic-motorcycle-carousel-amusement-park-rides-for-sale\/","url":"https:\/\/amuse-mfg.com\/product\/starcore-agents-catnip-knight-futuristic-motorcycle-carousel-amusement-park-rides-for-sale\/","name":"Carrusel de motocicletas futurista &quot;Catnip Knight&quot; de StarCore Agents\u2122 | Venta de atracciones para parques de atracciones | Swawa | Fabricante de atracciones | Soluciones completas | Fabricante de equipos para ferias","isPartOf":{"@id":"https:\/\/amuse-mfg.com\/#website"},"primaryImageOfPage":{"@id":"https:\/\/amuse-mfg.com\/product\/starcore-agents-catnip-knight-futuristic-motorcycle-carousel-amusement-park-rides-for-sale\/#primaryimage"},"image":{"@id":"https:\/\/amuse-mfg.com\/product\/starcore-agents-catnip-knight-futuristic-motorcycle-carousel-amusement-park-rides-for-sale\/#primaryimage"},"thumbnailUrl":"https:\/\/amuse-mfg.com\/wp-content\/uploads\/2025\/12\/\u55b5\u6838\u9a91\u58eb.png","datePublished":"2025-12-02T04:08:30+00:00","dateModified":"2025-12-22T03:20:30+00:00","breadcrumb":{"@id":"https:\/\/amuse-mfg.com\/product\/starcore-agents-catnip-knight-futuristic-motorcycle-carousel-amusement-park-rides-for-sale\/#breadcrumb"},"inLanguage":"es","potentialAction":[{"@type":"ReadAction","target":["https:\/\/amuse-mfg.com\/product\/starcore-agents-catnip-knight-futuristic-motorcycle-carousel-amusement-park-rides-for-sale\/"]}]},{"@type":"ImageObject","inLanguage":"es","@id":"https:\/\/amuse-mfg.com\/product\/starcore-agents-catnip-knight-futuristic-motorcycle-carousel-amusement-park-rides-for-sale\/#primaryimage","url":"https:\/\/amuse-mfg.com\/wp-content\/uploads\/2025\/12\/\u55b5\u6838\u9a91\u58eb.png","contentUrl":"https:\/\/amuse-mfg.com\/wp-content\/uploads\/2025\/12\/\u55b5\u6838\u9a91\u58eb.png","width":1717,"height":1420},{"@type":"BreadcrumbList","@id":"https:\/\/amuse-mfg.com\/product\/starcore-agents-catnip-knight-futuristic-motorcycle-carousel-amusement-park-rides-for-sale\/#breadcrumb","itemListElement":[{"@type":"ListItem","position":1,"name":"Home","item":"https:\/\/amuse-mfg.com\/"},{"@type":"ListItem","position":2,"name":"Shop","item":"https:\/\/amuse-mfg.com\/shop\/"},{"@type":"ListItem","position":3,"name":"StarCore Agents\u2122 &#8220;Catnip Knight&#8221; Futuristic Motorcycle Carousel | Amusement Park Rides for Sale"}]},{"@type":"WebSite","@id":"https:\/\/amuse-mfg.com\/#website","url":"https:\/\/amuse-mfg.com\/","name":"Swawa | Fabricante de atracciones | Soluciones completas | Fabricante de equipos para ferias de atracciones","description":"F\u00e1brica directa de atracciones y juegos infantiles. Exportamos a m\u00e1s de 20 pa\u00edses y ofrecemos equipos, dise\u00f1o de parques, planes de ingresos y un completo servicio posventa.","publisher":{"@id":"https:\/\/amuse-mfg.com\/#organization"},"alternateName":"Swawa | Amusement Rides Manufacturer","potentialAction":[{"@type":"SearchAction","target":{"@type":"EntryPoint","urlTemplate":"https:\/\/amuse-mfg.com\/?s={search_term_string}"},"query-input":{"@type":"PropertyValueSpecification","valueRequired":true,"valueName":"search_term_string"}}],"inLanguage":"es"},{"@type":"Organization","@id":"https:\/\/amuse-mfg.com\/#organization","name":"Swawa | Fabricante de atracciones | Soluciones completas | Fabricante de equipos para ferias de atracciones","alternateName":"Swawa","url":"https:\/\/amuse-mfg.com\/","logo":{"@type":"ImageObject","inLanguage":"es","@id":"https:\/\/amuse-mfg.com\/#\/schema\/logo\/image\/","url":"https:\/\/amuse-mfg.com\/wp-content\/uploads\/2025\/12\/favicon-3.png","contentUrl":"https:\/\/amuse-mfg.com\/wp-content\/uploads\/2025\/12\/favicon-3.png","width":192,"height":192,"caption":"Swawa | Amusement Rides Manufacturer | Complete Solutions | Funfair Equipment Manufacturer"},"image":{"@id":"https:\/\/amuse-mfg.com\/#\/schema\/logo\/image\/"},"sameAs":["https:\/\/www.youtube.com\/@SwawaAmuse-Mfg","https:\/\/www.pinterest.com\/swawamfg\/","https:\/\/www.instagram.com\/swawamfg\/"]}]}},"_links":{"self":[{"href":"https:\/\/amuse-mfg.com\/es\/wp-json\/wp\/v2\/product\/4559","targetHints":{"allow":["GET"]}}],"collection":[{"href":"https:\/\/amuse-mfg.com\/es\/wp-json\/wp\/v2\/product"}],"about":[{"href":"https:\/\/amuse-mfg.com\/es\/wp-json\/wp\/v2\/types\/product"}],"wp:featuredmedia":[{"embeddable":true,"href":"https:\/\/amuse-mfg.com\/es\/wp-json\/wp\/v2\/media\/5030"}],"wp:attachment":[{"href":"https:\/\/amuse-mfg.com\/es\/wp-json\/wp\/v2\/media?parent=4559"}],"wp:term":[{"taxonomy":"product_brand","embeddable":true,"href":"https:\/\/amuse-mfg.com\/es\/wp-json\/wp\/v2\/product_brand?post=4559"},{"taxonomy":"product_cat","embeddable":true,"href":"https:\/\/amuse-mfg.com\/es\/wp-json\/wp\/v2\/product_cat?post=4559"},{"taxonomy":"product_tag","embeddable":true,"href":"https:\/\/amuse-mfg.com\/es\/wp-json\/wp\/v2\/product_tag?post=4559"}],"curies":[{"name":"wp","href":"https:\/\/api.w.org\/{rel}","templated":true}]}}