{"id":579,"date":"2023-02-08T05:19:27","date_gmt":"2023-02-08T05:19:27","guid":{"rendered":"https:\/\/radiustheme.com\/demo\/wordpress\/themes\/faktorie\/our-mission-copy\/"},"modified":"2025-12-18T02:31:09","modified_gmt":"2025-12-18T02:31:09","slug":"terms-conditions","status":"publish","type":"page","link":"https:\/\/amuse-mfg.com\/es\/terms-conditions\/","title":{"rendered":"Condiciones generales"},"content":{"rendered":"<div data-elementor-type=\"wp-page\" data-elementor-id=\"579\" class=\"elementor elementor-579\">\n\t\t\t\t\t\t<section data-particle_enable=\"false\" data-particle-mobile-disabled=\"false\" class=\"elementor-section elementor-top-section elementor-element elementor-element-fff3d51 elementor-section-boxed elementor-section-height-default elementor-section-height-default rt-parallax-bg-no\" data-id=\"fff3d51\" data-element_type=\"section\">\n\t\t\t\t\t\t<div class=\"elementor-container elementor-column-gap-default\">\n\t\t\t\t\t<div class=\"elementor-column elementor-col-100 elementor-top-column elementor-element elementor-element-268a30f1\" data-id=\"268a30f1\" data-element_type=\"column\">\n\t\t\t<div class=\"elementor-widget-wrap elementor-element-populated\">\n\t\t\t\t\t\t<div class=\"elementor-element elementor-element-a697eb3 elementor-invisible elementor-widget elementor-widget-rt-title\" data-id=\"a697eb3\" data-element_type=\"widget\" data-widget_type=\"rt-title.default\">\n\t\t\t\t<div class=\"elementor-widget-container\">\n\t\t\t\t\t<div class=\"rt-section-title has-animation style2\">\n\t<div class=\"title-holder\">\n\t\t\t\t<h2 class=\"entry-title hide fadeInUp\" data-wow-delay=\"0.6s\" data-wow-duration=\"1.4s\">Disposiciones generales<\/h2>\t\t\n\t\t\t\t<div class=\"entry-text hide fadeInUp\" data-wow-delay=\"1s\" data-wow-duration=\"1.4s\"><p>Las presentes Condiciones Generales (\"Condiciones\") regulan la venta de equipos y servicios de ocio por parte de <strong>Atracciones Swawa<\/strong> (\"Vendedor\", \"Nosotros\", \"Nos\"), la marca mundial oficial y representante de <strong>F\u00e1brica Mi Ying<\/strong>, al comprador (\"Comprador\", \"Cliente\"). Al realizar un pedido, el Comprador acepta quedar vinculado por las presentes Condiciones. Estas Condiciones sustituyen a cualquier acuerdo o entendimiento anterior.<\/p><\/div>\n\t\t\t<\/div>\n<\/div>\t\t\t\t<\/div>\n\t\t\t\t<\/div>\n\t\t\t\t<div class=\"elementor-element elementor-element-ec2835b elementor-invisible elementor-widget elementor-widget-rt-title\" data-id=\"ec2835b\" data-element_type=\"widget\" data-widget_type=\"rt-title.default\">\n\t\t\t\t<div class=\"elementor-widget-container\">\n\t\t\t\t\t<div class=\"rt-section-title has-animation style2\">\n\t<div class=\"title-holder\">\n\t\t\t\t<h2 class=\"entry-title hide fadeInUp\" data-wow-delay=\"0.6s\" data-wow-duration=\"1.4s\">Pedidos y especificaciones<\/h2>\t\t\n\t\t\t\t<div class=\"entry-text hide fadeInUp\" data-wow-delay=\"1s\" data-wow-duration=\"1.4s\"><p>Todos los pedidos est\u00e1n sujetos a la aceptaci\u00f3n de Swawa Amusement. Las especificaciones, dimensiones y par\u00e1metros t\u00e9cnicos de las atracciones (incluidos los dise\u00f1os IP personalizados como \"Future Space\" o \"Mecha\") se confirmar\u00e1n en la factura proforma (PI) o el contrato de venta. El Vendedor se reserva el derecho a realizar peque\u00f1os ajustes de fabricaci\u00f3n que no afecten a la funcionalidad b\u00e1sica o a la seguridad del equipo.<\/p><\/div>\n\t\t\t<\/div>\n<\/div>\t\t\t\t<\/div>\n\t\t\t\t<\/div>\n\t\t\t\t<div class=\"elementor-element elementor-element-29e3d25 elementor-invisible elementor-widget elementor-widget-rt-title\" data-id=\"29e3d25\" data-element_type=\"widget\" data-widget_type=\"rt-title.default\">\n\t\t\t\t<div class=\"elementor-widget-container\">\n\t\t\t\t\t<div class=\"rt-section-title has-animation style2\">\n\t<div class=\"title-holder\">\n\t\t\t\t<h2 class=\"entry-title hide fadeInUp\" data-wow-delay=\"0.6s\" data-wow-duration=\"1.4s\"> Limitaci\u00f3n de responsabilidad<\/h2>\t\t\n\t\t\t\t<div class=\"entry-text hide fadeInUp\" data-wow-delay=\"1s\" data-wow-duration=\"1.4s\"><p>Swawa Amusement no se hace responsable de los da\u00f1os indirectos, incidentales o consecuentes derivados del uso del equipo, incluyendo pero no limitado a la p\u00e9rdida de beneficios o ingresos. El Comprador es responsable de garantizar que el equipo se utiliza de acuerdo con las normas de seguridad locales y el manual de usuario proporcionado.<\/p><\/div>\n\t\t\t<\/div>\n<\/div>\t\t\t\t<\/div>\n\t\t\t\t<\/div>\n\t\t\t\t<div class=\"elementor-element elementor-element-157fdae elementor-invisible elementor-widget elementor-widget-rt-title\" data-id=\"157fdae\" data-element_type=\"widget\" data-widget_type=\"rt-title.default\">\n\t\t\t\t<div class=\"elementor-widget-container\">\n\t\t\t\t\t<div class=\"rt-section-title has-animation style2\">\n\t<div class=\"title-holder\">\n\t\t\t\t<h2 class=\"entry-title hide fadeInUp\" data-wow-delay=\"0.6s\" data-wow-duration=\"1.4s\">Instalaci\u00f3n<\/h2>\t\t\n\t\t\t\t<div class=\"entry-text hide fadeInUp\" data-wow-delay=\"1s\" data-wow-duration=\"1.4s\"><p dir=\"auto\">Las atracciones Swawa est\u00e1n dise\u00f1adas para una configuraci\u00f3n de \"bajo umbral\".<\/p><ul dir=\"auto\"><li class=\"text-start\"><strong>Orientaci\u00f3n:<\/strong> Se proporcionan gratuitamente completos planos de instalaci\u00f3n en 3D y tutoriales en v\u00eddeo.<\/li><li class=\"text-start\"><strong>Servicio in situ:<\/strong> Si el Comprador requiere ingenieros de instalaci\u00f3n in situ, el Comprador correr\u00e1 con los gastos de billetes de avi\u00f3n de ida y vuelta, tasas de visado, alojamiento y una tasa de servicio diaria por ingeniero.<\/li><\/ul><\/div>\n\t\t\t<\/div>\n<\/div>\t\t\t\t<\/div>\n\t\t\t\t<\/div>\n\t\t\t\t\t<\/div>\n\t\t<\/div>\n\t\t\t\t\t<\/div>\n\t\t<\/section>\n\t\t\t\t<\/div>","protected":false},"excerpt":{"rendered":"<p>Disposiciones generales Los presentes T\u00e9rminos y condiciones (\u201cT\u00e9rminos\u201d) rigen la venta de equipos y servicios de entretenimiento por parte de Swawa Amusement (\u201cVendedor\u201d, \u201cNosotros\u201d), la marca global oficial y representante de Mi Ying Factory, al comprador (\u201cComprador\u201d, \u201cCliente\u201d). Al realizar un pedido, el Comprador acepta quedar vinculado por los presentes T\u00e9rminos. Los presentes T\u00e9rminos sustituyen cualquier acuerdo anterior [\u2026]<\/p>","protected":false},"author":1,"featured_media":0,"parent":0,"menu_order":0,"comment_status":"closed","ping_status":"closed","template":"elementor_header_footer","meta":{"footnotes":""},"class_list":["post-579","page","type-page","status-publish","hentry"],"yoast_head":"<!-- This site is optimized with the Yoast SEO plugin v26.6 - https:\/\/yoast.com\/wordpress\/plugins\/seo\/ -->\n<title>Terms &amp; Conditions | Swawa | Amusement Rides Manufacturer | Complete Solutions | Funfair Equipment Manufacturer<\/title>\n<meta name=\"robots\" content=\"index, follow, max-snippet:-1, max-image-preview:large, max-video-preview:-1\" \/>\n<link rel=\"canonical\" href=\"https:\/\/amuse-mfg.com\/es\/terms-conditions\/\" \/>\n<meta property=\"og:locale\" content=\"es_ES\" \/>\n<meta property=\"og:type\" content=\"article\" \/>\n<meta property=\"og:title\" content=\"Terms &amp; Conditions | Swawa | Amusement Rides Manufacturer | Complete Solutions | Funfair Equipment Manufacturer\" \/>\n<meta property=\"og:description\" content=\"General Provisions These Terms and Conditions (&#8220;Terms&#8221;) govern the sale of amusement equipment and services by Swawa Amusement (&#8220;Seller&#8221;, &#8220;We&#8221;, &#8220;Us&#8221;), the official global brand and representative of Mi Ying Factory, to the purchaser (&#8220;Buyer&#8221;, &#8220;Client&#8221;). By placing an order, the Buyer agrees to be bound by these Terms. These Terms supersede any prior agreements [&hellip;]\" \/>\n<meta property=\"og:url\" content=\"https:\/\/amuse-mfg.com\/es\/terms-conditions\/\" \/>\n<meta property=\"og:site_name\" content=\"Swawa | Amusement Rides Manufacturer | Complete Solutions | Funfair Equipment Manufacturer\" \/>\n<meta property=\"article:modified_time\" content=\"2025-12-18T02:31:09+00:00\" \/>\n<meta property=\"og:image\" content=\"https:\/\/amuse-mfg.com\/wp-content\/uploads\/2025\/12\/DSCF4059.jpg\" \/>\n\t<meta property=\"og:image:width\" content=\"1872\" \/>\n\t<meta property=\"og:image:height\" content=\"1054\" \/>\n\t<meta property=\"og:image:type\" content=\"image\/jpeg\" \/>\n<meta name=\"twitter:card\" content=\"summary_large_image\" \/>\n<meta name=\"twitter:label1\" content=\"Est. reading time\" \/>\n\t<meta name=\"twitter:data1\" content=\"1 minuto\" \/>\n<script type=\"application\/ld+json\" class=\"yoast-schema-graph\">{\"@context\":\"https:\/\/schema.org\",\"@graph\":[{\"@type\":\"WebPage\",\"@id\":\"https:\/\/amuse-mfg.com\/terms-conditions\/\",\"url\":\"https:\/\/amuse-mfg.com\/terms-conditions\/\",\"name\":\"Terms & Conditions | Swawa | Amusement Rides Manufacturer | Complete Solutions | Funfair Equipment Manufacturer\",\"isPartOf\":{\"@id\":\"https:\/\/amuse-mfg.com\/#website\"},\"datePublished\":\"2023-02-08T05:19:27+00:00\",\"dateModified\":\"2025-12-18T02:31:09+00:00\",\"breadcrumb\":{\"@id\":\"https:\/\/amuse-mfg.com\/terms-conditions\/#breadcrumb\"},\"inLanguage\":\"es\",\"potentialAction\":[{\"@type\":\"ReadAction\",\"target\":[\"https:\/\/amuse-mfg.com\/terms-conditions\/\"]}]},{\"@type\":\"BreadcrumbList\",\"@id\":\"https:\/\/amuse-mfg.com\/terms-conditions\/#breadcrumb\",\"itemListElement\":[{\"@type\":\"ListItem\",\"position\":1,\"name\":\"Home\",\"item\":\"https:\/\/amuse-mfg.com\/\"},{\"@type\":\"ListItem\",\"position\":2,\"name\":\"Terms &#038; Conditions\"}]},{\"@type\":\"WebSite\",\"@id\":\"https:\/\/amuse-mfg.com\/#website\",\"url\":\"https:\/\/amuse-mfg.com\/\",\"name\":\"Swawa | Amusement Rides Manufacturer | Complete Solutions | Funfair Equipment Manufacturer\",\"description\":\"Direct factory of amusement rides &amp; playground equipment. Exported to over 20 countries, we offer equipment, park design, revenue plans and full after-sales service.\",\"publisher\":{\"@id\":\"https:\/\/amuse-mfg.com\/#organization\"},\"alternateName\":\"Swawa | Amusement Rides Manufacturer\",\"potentialAction\":[{\"@type\":\"SearchAction\",\"target\":{\"@type\":\"EntryPoint\",\"urlTemplate\":\"https:\/\/amuse-mfg.com\/?s={search_term_string}\"},\"query-input\":{\"@type\":\"PropertyValueSpecification\",\"valueRequired\":true,\"valueName\":\"search_term_string\"}}],\"inLanguage\":\"es\"},{\"@type\":\"Organization\",\"@id\":\"https:\/\/amuse-mfg.com\/#organization\",\"name\":\"Swawa | Amusement Rides Manufacturer | Complete Solutions | Funfair Equipment Manufacturer\",\"alternateName\":\"Swawa\",\"url\":\"https:\/\/amuse-mfg.com\/\",\"logo\":{\"@type\":\"ImageObject\",\"inLanguage\":\"es\",\"@id\":\"https:\/\/amuse-mfg.com\/#\/schema\/logo\/image\/\",\"url\":\"https:\/\/amuse-mfg.com\/wp-content\/uploads\/2025\/12\/favicon-3.png\",\"contentUrl\":\"https:\/\/amuse-mfg.com\/wp-content\/uploads\/2025\/12\/favicon-3.png\",\"width\":192,\"height\":192,\"caption\":\"Swawa | Amusement Rides Manufacturer | Complete Solutions | Funfair Equipment Manufacturer\"},\"image\":{\"@id\":\"https:\/\/amuse-mfg.com\/#\/schema\/logo\/image\/\"},\"sameAs\":[\"https:\/\/www.youtube.com\/@SwawaAmuse-Mfg\",\"https:\/\/www.pinterest.com\/swawamfg\/\",\"https:\/\/www.instagram.com\/swawamfg\/\"]}]}<\/script>\n<!-- \/ Yoast SEO plugin. -->","yoast_head_json":{"title":"T\u00e9rminos y condiciones | Swawa | Fabricante de atracciones | Soluciones completas | Fabricante de equipos para ferias de atracciones","robots":{"index":"index","follow":"follow","max-snippet":"max-snippet:-1","max-image-preview":"max-image-preview:large","max-video-preview":"max-video-preview:-1"},"canonical":"https:\/\/amuse-mfg.com\/es\/terms-conditions\/","og_locale":"es_ES","og_type":"article","og_title":"Terms & Conditions | Swawa | Amusement Rides Manufacturer | Complete Solutions | Funfair Equipment Manufacturer","og_description":"General Provisions These Terms and Conditions (&#8220;Terms&#8221;) govern the sale of amusement equipment and services by Swawa Amusement (&#8220;Seller&#8221;, &#8220;We&#8221;, &#8220;Us&#8221;), the official global brand and representative of Mi Ying Factory, to the purchaser (&#8220;Buyer&#8221;, &#8220;Client&#8221;). By placing an order, the Buyer agrees to be bound by these Terms. These Terms supersede any prior agreements [&hellip;]","og_url":"https:\/\/amuse-mfg.com\/es\/terms-conditions\/","og_site_name":"Swawa | Amusement Rides Manufacturer | Complete Solutions | Funfair Equipment Manufacturer","article_modified_time":"2025-12-18T02:31:09+00:00","og_image":[{"width":1872,"height":1054,"url":"https:\/\/amuse-mfg.com\/wp-content\/uploads\/2025\/12\/DSCF4059.jpg","type":"image\/jpeg"}],"twitter_card":"summary_large_image","twitter_misc":{"Est. reading time":"1 minuto"},"schema":{"@context":"https:\/\/schema.org","@graph":[{"@type":"WebPage","@id":"https:\/\/amuse-mfg.com\/terms-conditions\/","url":"https:\/\/amuse-mfg.com\/terms-conditions\/","name":"T\u00e9rminos y condiciones | Swawa | Fabricante de atracciones | Soluciones completas | Fabricante de equipos para ferias de atracciones","isPartOf":{"@id":"https:\/\/amuse-mfg.com\/#website"},"datePublished":"2023-02-08T05:19:27+00:00","dateModified":"2025-12-18T02:31:09+00:00","breadcrumb":{"@id":"https:\/\/amuse-mfg.com\/terms-conditions\/#breadcrumb"},"inLanguage":"es","potentialAction":[{"@type":"ReadAction","target":["https:\/\/amuse-mfg.com\/terms-conditions\/"]}]},{"@type":"BreadcrumbList","@id":"https:\/\/amuse-mfg.com\/terms-conditions\/#breadcrumb","itemListElement":[{"@type":"ListItem","position":1,"name":"Home","item":"https:\/\/amuse-mfg.com\/"},{"@type":"ListItem","position":2,"name":"Terms &#038; Conditions"}]},{"@type":"WebSite","@id":"https:\/\/amuse-mfg.com\/#website","url":"https:\/\/amuse-mfg.com\/","name":"Swawa | Fabricante de atracciones | Soluciones completas | Fabricante de equipos para ferias de atracciones","description":"F\u00e1brica directa de atracciones y juegos infantiles. Exportamos a m\u00e1s de 20 pa\u00edses y ofrecemos equipos, dise\u00f1o de parques, planes de ingresos y un completo servicio posventa.","publisher":{"@id":"https:\/\/amuse-mfg.com\/#organization"},"alternateName":"Swawa | Amusement Rides Manufacturer","potentialAction":[{"@type":"SearchAction","target":{"@type":"EntryPoint","urlTemplate":"https:\/\/amuse-mfg.com\/?s={search_term_string}"},"query-input":{"@type":"PropertyValueSpecification","valueRequired":true,"valueName":"search_term_string"}}],"inLanguage":"es"},{"@type":"Organization","@id":"https:\/\/amuse-mfg.com\/#organization","name":"Swawa | Fabricante de atracciones | Soluciones completas | Fabricante de equipos para ferias de atracciones","alternateName":"Swawa","url":"https:\/\/amuse-mfg.com\/","logo":{"@type":"ImageObject","inLanguage":"es","@id":"https:\/\/amuse-mfg.com\/#\/schema\/logo\/image\/","url":"https:\/\/amuse-mfg.com\/wp-content\/uploads\/2025\/12\/favicon-3.png","contentUrl":"https:\/\/amuse-mfg.com\/wp-content\/uploads\/2025\/12\/favicon-3.png","width":192,"height":192,"caption":"Swawa | Amusement Rides Manufacturer | Complete Solutions | Funfair Equipment Manufacturer"},"image":{"@id":"https:\/\/amuse-mfg.com\/#\/schema\/logo\/image\/"},"sameAs":["https:\/\/www.youtube.com\/@SwawaAmuse-Mfg","https:\/\/www.pinterest.com\/swawamfg\/","https:\/\/www.instagram.com\/swawamfg\/"]}]}},"_links":{"self":[{"href":"https:\/\/amuse-mfg.com\/es\/wp-json\/wp\/v2\/pages\/579","targetHints":{"allow":["GET"]}}],"collection":[{"href":"https:\/\/amuse-mfg.com\/es\/wp-json\/wp\/v2\/pages"}],"about":[{"href":"https:\/\/amuse-mfg.com\/es\/wp-json\/wp\/v2\/types\/page"}],"author":[{"embeddable":true,"href":"https:\/\/amuse-mfg.com\/es\/wp-json\/wp\/v2\/users\/1"}],"replies":[{"embeddable":true,"href":"https:\/\/amuse-mfg.com\/es\/wp-json\/wp\/v2\/comments?post=579"}],"version-history":[{"count":0,"href":"https:\/\/amuse-mfg.com\/es\/wp-json\/wp\/v2\/pages\/579\/revisions"}],"wp:attachment":[{"href":"https:\/\/amuse-mfg.com\/es\/wp-json\/wp\/v2\/media?parent=579"}],"curies":[{"name":"wp","href":"https:\/\/api.w.org\/{rel}","templated":true}]}}