{"id":4705,"date":"2025-12-03T09:28:21","date_gmt":"2025-12-03T09:28:21","guid":{"rendered":"https:\/\/amuse-mfg.com\/?page_id=4705"},"modified":"2026-02-02T08:40:34","modified_gmt":"2026-02-02T08:40:34","slug":"join-our-team-job","status":"publish","type":"page","link":"https:\/\/amuse-mfg.com\/es\/join-our-team-job\/","title":{"rendered":"\u00danete a nuestro equipo\/trabajo"},"content":{"rendered":"<div data-elementor-type=\"wp-page\" data-elementor-id=\"4705\" class=\"elementor elementor-4705\">\n\t\t\t\t<div data-particle_enable=\"false\" data-particle-mobile-disabled=\"false\" class=\"elementor-element elementor-element-fb4acfa e-flex e-con-boxed e-con e-parent\" data-id=\"fb4acfa\" data-element_type=\"container\">\n\t\t\t\t\t<div class=\"e-con-inner\">\n\t\t\t\t<div class=\"elementor-element elementor-element-e97cf32 elementor-invisible elementor-widget elementor-widget-rt-title\" data-id=\"e97cf32\" data-element_type=\"widget\" data-widget_type=\"rt-title.default\">\n\t\t\t\t<div class=\"elementor-widget-container\">\n\t\t\t\t\t<div class=\"rt-section-title has-animation style1\">\n\t<div class=\"title-holder\">\t\t\n\t\t\t\t<div class=\"sub-title hide fadeInUp\" data-wow-delay=\"0.2s\" data-wow-duration=\"1.4s\">Swawa \t\t<span class=\"line\"><\/span><\/div>\n\t\t\t\t\t\t<h2 class=\"entry-title hide fadeInUp\" data-wow-delay=\"0.6s\" data-wow-duration=\"1.4s\">Carreras en Swawa Amusement<\/h2>\n\t\t\t\t\n\t<\/div>\n<\/div>\n\t\t\t\t<\/div>\n\t\t\t\t<\/div>\n\t\t\t\t\t<\/div>\n\t\t\t\t<\/div>\n\t\t<div data-particle_enable=\"false\" data-particle-mobile-disabled=\"false\" class=\"elementor-element elementor-element-b6675ff e-flex e-con-boxed e-con e-parent\" data-id=\"b6675ff\" data-element_type=\"container\">\n\t\t\t\t\t<div class=\"e-con-inner\">\n\t\t<div data-particle_enable=\"false\" data-particle-mobile-disabled=\"false\" class=\"elementor-element elementor-element-d2967a9 e-con-full e-flex e-con e-child\" data-id=\"d2967a9\" data-element_type=\"container\">\n\t\t\t\t<div class=\"elementor-element elementor-element-110f950 elementor-invisible elementor-widget elementor-widget-rt-info-box\" data-id=\"110f950\" data-element_type=\"widget\" data-widget_type=\"rt-info-box.default\">\n\t\t\t\t<div class=\"elementor-widget-container\">\n\t\t\t\t\t<div class=\"rt-info-box rt-info-style1 hide fadeInUp\" data-wow-delay=\"0.2s\" data-wow-duration=\"1.2s\">\n\t<div class=\"rt-info-item media-icon hover-animation\">\t\t\n\t\t<div class=\"rt-media\">\n\t\t\t \t\n\t\t\t\t\t\t\t<span class=\"rt-icon\"><i class=\"fas fa-smile-wink\"><\/i><\/span>\n\t\t\t\t\t\t\t\n\t\t<\/div>\n\t\t<div class=\"rt-content\">\n\t\t\t\t\t\t<h3 class=\"rt-title\">Especialista en log\u00edstica y almacenamiento<\/h3>\n\t\t\t\t\t\t<div class=\"rt-text\">Responsable de todo el flujo log\u00edstico desde la f\u00e1brica hasta los clientes internacionales, garantizando el embalaje seguro y la entrega a tiempo de equipos de entretenimiento (por ejemplo, trenes sin v\u00edas, autos chocadores).<\/div>\n\t\t\t\t\t<\/div>\n\t<\/div>\n<\/div>\t\t\t\t<\/div>\n\t\t\t\t<\/div>\n\t\t\t\t<div class=\"elementor-element elementor-element-ca13e84 elementor-widget elementor-widget-text-editor\" data-id=\"ca13e84\" data-element_type=\"widget\" data-widget_type=\"text-editor.default\">\n\t\t\t\t\t\t\t\t\t<ul><li>Manipule embalajes de exportaci\u00f3n profesionales (a prueba de golpes, refuerzo de cajas de madera) para atracciones de feria para garantizar la seguridad durante el transporte mar\u00edtimo de larga distancia.<\/li><li>Operar montacargas y equipos de manipulaci\u00f3n para carga\/descarga y colocaci\u00f3n de inventario dentro de la f\u00e1brica.<\/li><li>Coordinar con transportistas y compa\u00f1\u00edas navieras; preparar listas de embalaje y organizar la carga de contenedores.<\/li><li>Realizar auditor\u00edas de inventario peri\u00f3dicas e inspeccionar la calidad visual de los productos antes del env\u00edo.<\/li><\/ul><p>F\u00edsicamente apto y trabajador; experiencia en almacenamiento en f\u00e1brica o embalaje para exportaci\u00f3n es una ventaja; se aplica licencia de montacargas.<\/p>\t\t\t\t\t\t\t\t<\/div>\n\t\t\t\t<\/div>\n\t\t<div data-particle_enable=\"false\" data-particle-mobile-disabled=\"false\" class=\"elementor-element elementor-element-d959bf5 e-con-full e-flex e-con e-child\" data-id=\"d959bf5\" data-element_type=\"container\">\n\t\t\t\t<div class=\"elementor-element elementor-element-e9751c5 elementor-invisible elementor-widget elementor-widget-rt-info-box\" data-id=\"e9751c5\" data-element_type=\"widget\" data-widget_type=\"rt-info-box.default\">\n\t\t\t\t<div class=\"elementor-widget-container\">\n\t\t\t\t\t<div class=\"rt-info-box rt-info-style1 hide fadeInUp\" data-wow-delay=\"0.2s\" data-wow-duration=\"1.2s\">\n\t<div class=\"rt-info-item media-icon hover-animation\">\t\t\n\t\t<div class=\"rt-media\">\n\t\t\t \t\n\t\t\t\t\t\t\t<span class=\"rt-icon\"><i class=\"fas fa-smile-wink\"><\/i><\/span>\n\t\t\t\t\t\t\t\n\t\t<\/div>\n\t\t<div class=\"rt-content\">\n\t\t\t\t\t\t<h3 class=\"rt-title\">Especialista en ventas internacionales<\/h3>\n\t\t\t\t\t\t<div class=\"rt-text\">Actuar como puente entre Swawa y el mercado global, expandiendo negocios en el extranjero y convirtiendo clientes B2B a trav\u00e9s de un ingl\u00e9s fluido y de idiomas especializados (por ejemplo, malayo).<\/div>\n\t\t\t\t\t<\/div>\n\t<\/div>\n<\/div>\t\t\t\t<\/div>\n\t\t\t\t<\/div>\n\t\t\t\t<div class=\"elementor-element elementor-element-0bb851b elementor-widget elementor-widget-text-editor\" data-id=\"0bb851b\" data-element_type=\"widget\" data-widget_type=\"text-editor.default\">\n\t\t\t\t\t\t\t\t\t<ul><li>Desarrollar nuevos clientes a trav\u00e9s de consultas en sitios web, redes sociales y ferias comerciales; responder cotizaciones y consultas de personalizaci\u00f3n con respecto a atracciones mec\u00e1nicas.<\/li><li>Utilizar habilidades ling\u00fc\u00edsticas (ingl\u00e9s y malayo\/espa\u00f1ol, etc.) para negociaciones comerciales y videoconferencias con clientes regionales.<\/li><li>Seguimiento del proceso de pedido desde el dep\u00f3sito hasta la retroalimentaci\u00f3n posventa con respecto a la Gesti\u00f3n de Relaciones con el Cliente (CRM).<\/li><li>Transmitir con precisi\u00f3n las capacidades de fabricaci\u00f3n de Zhongshan Amusement Equipment Industrial Park a los clientes, estableciendo la confianza en Swawa como marca oficial.<\/li><li>Fluidez en ingl\u00e9s; se prefiere competencia en un segundo idioma (por ejemplo, malayo); familiarizado con los procesos de comercio exterior e Incoterms; excelentes habilidades de comunicaci\u00f3n y negociaci\u00f3n.<\/li><\/ul>\t\t\t\t\t\t\t\t<\/div>\n\t\t\t\t<\/div>\n\t\t\t\t\t<\/div>\n\t\t\t\t<\/div>\n\t\t<div data-particle_enable=\"false\" data-particle-mobile-disabled=\"false\" class=\"elementor-element elementor-element-520fa53 e-flex e-con-boxed e-con e-parent\" data-id=\"520fa53\" data-element_type=\"container\">\n\t\t\t\t\t<div class=\"e-con-inner\">\n\t\t<div data-particle_enable=\"false\" data-particle-mobile-disabled=\"false\" class=\"elementor-element elementor-element-0ae83e2 e-con-full e-flex e-con e-child\" data-id=\"0ae83e2\" data-element_type=\"container\">\n\t\t\t\t<div class=\"elementor-element elementor-element-e529097 elementor-invisible elementor-widget elementor-widget-rt-info-box\" data-id=\"e529097\" data-element_type=\"widget\" data-widget_type=\"rt-info-box.default\">\n\t\t\t\t<div class=\"elementor-widget-container\">\n\t\t\t\t\t<div class=\"rt-info-box rt-info-style1 hide fadeInUp\" data-wow-delay=\"0.2s\" data-wow-duration=\"1.2s\">\n\t<div class=\"rt-info-item media-icon hover-animation\">\t\t\n\t\t<div class=\"rt-media\">\n\t\t\t \t\n\t\t\t\t\t\t\t<span class=\"rt-icon\"><i class=\"fas fa-smile-wink\"><\/i><\/span>\n\t\t\t\t\t\t\t\n\t\t<\/div>\n\t\t<div class=\"rt-content\">\n\t\t\t\t\t\t<h3 class=\"rt-title\"> Especialista t\u00e9cnico en fabricaci\u00f3n<\/h3>\n\t\t\t\t\t\t<div class=\"rt-text\">Responsable de los principales procesos de fabricaci\u00f3n y depuraci\u00f3n de equipos de entretenimiento, garantizando que cada unidad cumpla con los est\u00e1ndares de exportaci\u00f3n internacionales de Swawa antes de salir de la f\u00e1brica.<\/div>\n\t\t\t\t\t<\/div>\n\t<\/div>\n<\/div>\t\t\t\t<\/div>\n\t\t\t\t<\/div>\n\t\t\t\t<div class=\"elementor-element elementor-element-54794f7 elementor-widget elementor-widget-text-editor\" data-id=\"54794f7\" data-element_type=\"widget\" data-widget_type=\"text-editor.default\">\n\t\t\t\t\t\t\t\t\t<ul><li><strong>Mecanizado:<\/strong> Operar m\u00e1quinas CNC para el procesamiento de componentes de precisi\u00f3n, garantizando la precisi\u00f3n de trenes sin v\u00edas y estructuras mec\u00e1nicas.<\/li><li><strong>Tratamiento de superficie:<\/strong> Manejar procesos de pintura y horneado para verificar colores vibrantes y resistencia al \u00f3xido, cumpliendo con los est\u00e1ndares est\u00e9ticos del centro comercial.<\/li><li><strong>Depuraci\u00f3n electr\u00f3nica:<\/strong> Soldar y depurar cajas de control y placas de circuitos; configurar la potencia del motor, los efectos de iluminaci\u00f3n y los sistemas de sonido.<\/li><li><strong>Soluci\u00f3n de problemas:<\/strong> Realizar pruebas de carga en equipos ensamblados para eliminar ruido mec\u00e1nico o fallas en el circuito.<\/li><\/ul><p>Experiencia en mecatr\u00f3nica, pintura u operaci\u00f3n CNC; capacidad para leer dibujos CAD y diagramas de circuitos; se prefiere experiencia en la industria de equipos de entretenimiento.<\/p>\t\t\t\t\t\t\t\t<\/div>\n\t\t\t\t<\/div>\n\t\t\t\t\t<\/div>\n\t\t\t\t<\/div>\n\t\t<div data-particle_enable=\"false\" data-particle-mobile-disabled=\"false\" class=\"elementor-element elementor-element-b572db2 e-flex e-con-boxed e-con e-parent\" data-id=\"b572db2\" data-element_type=\"container\">\n\t\t\t\t\t<div class=\"e-con-inner\">\n\t\t\t\t<div class=\"elementor-element elementor-element-2c1b196 elementor-widget elementor-widget-text-editor\" data-id=\"2c1b196\" data-element_type=\"widget\" data-widget_type=\"text-editor.default\">\n\t\t\t\t\t\t\t\t\t<div id=\"target-textblock\" class=\"column-choose-contents\" data-v-a79a4fdd=\"\"><div id=\"texttarget\" class=\"custom-textareas\" data-v-a79a4fdd=\"\"><div class=\"text-target\" data-v-a79a4fdd=\"\"><div class=\"target-spans-box\" data-v-73440d51=\"\" data-caiyun-traget-id=\"'+i+'\"><span id=\"target_trans_0\" class=\"target-translate text-target-translate-0\" data-v-73440d51=\"\">Si quieres unirte a nosotros, puedes enviar tu curr\u00edculum a admin@amuse-mfg.com<\/span><\/div><\/div><\/div><\/div><div class=\"trans-actions-box\" data-v-c05f73c5=\"\" data-v-a79a4fdd=\"\"><div class=\"actions-box is-mock\" data-v-c05f73c5=\"\"><div class=\"actions-left\" data-v-c05f73c5=\"\"><div class=\"copy-button\" data-v-22b4c55d=\"\" data-v-c05f73c5=\"\">\u00a0<\/div><\/div><\/div><\/div>\t\t\t\t\t\t\t\t<\/div>\n\t\t\t\t\t<\/div>\n\t\t\t\t<\/div>\n\t\t\t\t<\/div>","protected":false},"excerpt":{"rendered":"<p>Empleos en Swawa Especialista en log\u00edstica y almacenamiento de atracciones Responsable de todo el flujo log\u00edstico desde la f\u00e1brica hasta los clientes internacionales, garantizando el embalaje seguro y la entrega puntual de equipos de atracciones (por ejemplo, trenes sin v\u00edas, coches de choque). Manejar el embalaje profesional para exportaci\u00f3n (a prueba de golpes, refuerzo con cajas de madera) de las atracciones para garantizar la seguridad durante el transporte mar\u00edtimo de larga distancia. Manejar carretillas elevadoras y [\u2026]<\/p>","protected":false},"author":1,"featured_media":0,"parent":0,"menu_order":0,"comment_status":"closed","ping_status":"closed","template":"","meta":{"footnotes":""},"class_list":["post-4705","page","type-page","status-publish","hentry"],"yoast_head":"<!-- This site is optimized with the Yoast SEO plugin v26.6 - https:\/\/yoast.com\/wordpress\/plugins\/seo\/ -->\n<title>Join Our Team\/Job | Swawa | Amusement Rides Manufacturer | Complete Solutions | Funfair Equipment Manufacturer<\/title>\n<meta name=\"robots\" content=\"index, follow, max-snippet:-1, max-image-preview:large, max-video-preview:-1\" \/>\n<link rel=\"canonical\" href=\"https:\/\/amuse-mfg.com\/es\/join-our-team-job\/\" \/>\n<meta property=\"og:locale\" content=\"es_ES\" \/>\n<meta property=\"og:type\" content=\"article\" \/>\n<meta property=\"og:title\" content=\"Join Our Team\/Job | Swawa | Amusement Rides Manufacturer | Complete Solutions | Funfair Equipment Manufacturer\" \/>\n<meta property=\"og:description\" content=\"Swawa Careers at Swawa Amusement Logistics &amp; Warehousing Specialist Responsible for the entire logistics flow from factory to international clients, ensuring safe packaging and on-time delivery of amusement equipment (e.g., trackless trains, bumper cars). Handle professional export packaging (shockproof, wooden crate reinforcement) for amusement rides to ensure safety during long-distance sea freight. Operate forklifts and [&hellip;]\" \/>\n<meta property=\"og:url\" content=\"https:\/\/amuse-mfg.com\/es\/join-our-team-job\/\" \/>\n<meta property=\"og:site_name\" content=\"Swawa | Amusement Rides Manufacturer | Complete Solutions | Funfair Equipment Manufacturer\" \/>\n<meta property=\"article:modified_time\" content=\"2026-02-02T08:40:34+00:00\" \/>\n<meta property=\"og:image\" content=\"https:\/\/amuse-mfg.com\/wp-content\/uploads\/2025\/12\/DSCF4059.jpg\" \/>\n\t<meta property=\"og:image:width\" content=\"1872\" \/>\n\t<meta property=\"og:image:height\" content=\"1054\" \/>\n\t<meta property=\"og:image:type\" content=\"image\/jpeg\" \/>\n<meta name=\"twitter:card\" content=\"summary_large_image\" \/>\n<meta name=\"twitter:label1\" content=\"Est. reading time\" \/>\n\t<meta name=\"twitter:data1\" content=\"1 minuto\" \/>\n<script type=\"application\/ld+json\" class=\"yoast-schema-graph\">{\"@context\":\"https:\/\/schema.org\",\"@graph\":[{\"@type\":\"WebPage\",\"@id\":\"https:\/\/amuse-mfg.com\/join-our-team-job\/\",\"url\":\"https:\/\/amuse-mfg.com\/join-our-team-job\/\",\"name\":\"Join Our Team\/Job | Swawa | Amusement Rides Manufacturer | Complete Solutions | Funfair Equipment Manufacturer\",\"isPartOf\":{\"@id\":\"https:\/\/amuse-mfg.com\/#website\"},\"datePublished\":\"2025-12-03T09:28:21+00:00\",\"dateModified\":\"2026-02-02T08:40:34+00:00\",\"breadcrumb\":{\"@id\":\"https:\/\/amuse-mfg.com\/join-our-team-job\/#breadcrumb\"},\"inLanguage\":\"es\",\"potentialAction\":[{\"@type\":\"ReadAction\",\"target\":[\"https:\/\/amuse-mfg.com\/join-our-team-job\/\"]}]},{\"@type\":\"BreadcrumbList\",\"@id\":\"https:\/\/amuse-mfg.com\/join-our-team-job\/#breadcrumb\",\"itemListElement\":[{\"@type\":\"ListItem\",\"position\":1,\"name\":\"Home\",\"item\":\"https:\/\/amuse-mfg.com\/\"},{\"@type\":\"ListItem\",\"position\":2,\"name\":\"Join Our Team\/Job\"}]},{\"@type\":\"WebSite\",\"@id\":\"https:\/\/amuse-mfg.com\/#website\",\"url\":\"https:\/\/amuse-mfg.com\/\",\"name\":\"Swawa | Amusement Rides Manufacturer | Complete Solutions | Funfair Equipment Manufacturer\",\"description\":\"Direct factory of amusement rides &amp; playground equipment. Exported to over 20 countries, we offer equipment, park design, revenue plans and full after-sales service.\",\"publisher\":{\"@id\":\"https:\/\/amuse-mfg.com\/#organization\"},\"alternateName\":\"Swawa | Amusement Rides Manufacturer\",\"potentialAction\":[{\"@type\":\"SearchAction\",\"target\":{\"@type\":\"EntryPoint\",\"urlTemplate\":\"https:\/\/amuse-mfg.com\/?s={search_term_string}\"},\"query-input\":{\"@type\":\"PropertyValueSpecification\",\"valueRequired\":true,\"valueName\":\"search_term_string\"}}],\"inLanguage\":\"es\"},{\"@type\":\"Organization\",\"@id\":\"https:\/\/amuse-mfg.com\/#organization\",\"name\":\"Swawa | Amusement Rides Manufacturer | Complete Solutions | Funfair Equipment Manufacturer\",\"alternateName\":\"Swawa\",\"url\":\"https:\/\/amuse-mfg.com\/\",\"logo\":{\"@type\":\"ImageObject\",\"inLanguage\":\"es\",\"@id\":\"https:\/\/amuse-mfg.com\/#\/schema\/logo\/image\/\",\"url\":\"https:\/\/amuse-mfg.com\/wp-content\/uploads\/2025\/12\/favicon-3.png\",\"contentUrl\":\"https:\/\/amuse-mfg.com\/wp-content\/uploads\/2025\/12\/favicon-3.png\",\"width\":192,\"height\":192,\"caption\":\"Swawa | Amusement Rides Manufacturer | Complete Solutions | Funfair Equipment Manufacturer\"},\"image\":{\"@id\":\"https:\/\/amuse-mfg.com\/#\/schema\/logo\/image\/\"},\"sameAs\":[\"https:\/\/www.youtube.com\/@SwawaAmuse-Mfg\",\"https:\/\/www.pinterest.com\/swawamfg\/\",\"https:\/\/www.instagram.com\/swawamfg\/\"]}]}<\/script>\n<!-- \/ Yoast SEO plugin. -->","yoast_head_json":{"title":"\u00danete a nuestro equipo\/Empleo | Swawa | Fabricante de atracciones | Soluciones completas | Fabricante de equipos para ferias","robots":{"index":"index","follow":"follow","max-snippet":"max-snippet:-1","max-image-preview":"max-image-preview:large","max-video-preview":"max-video-preview:-1"},"canonical":"https:\/\/amuse-mfg.com\/es\/join-our-team-job\/","og_locale":"es_ES","og_type":"article","og_title":"Join Our Team\/Job | Swawa | Amusement Rides Manufacturer | Complete Solutions | Funfair Equipment Manufacturer","og_description":"Swawa Careers at Swawa Amusement Logistics &amp; Warehousing Specialist Responsible for the entire logistics flow from factory to international clients, ensuring safe packaging and on-time delivery of amusement equipment (e.g., trackless trains, bumper cars). Handle professional export packaging (shockproof, wooden crate reinforcement) for amusement rides to ensure safety during long-distance sea freight. Operate forklifts and [&hellip;]","og_url":"https:\/\/amuse-mfg.com\/es\/join-our-team-job\/","og_site_name":"Swawa | Amusement Rides Manufacturer | Complete Solutions | Funfair Equipment Manufacturer","article_modified_time":"2026-02-02T08:40:34+00:00","og_image":[{"width":1872,"height":1054,"url":"https:\/\/amuse-mfg.com\/wp-content\/uploads\/2025\/12\/DSCF4059.jpg","type":"image\/jpeg"}],"twitter_card":"summary_large_image","twitter_misc":{"Est. reading time":"1 minuto"},"schema":{"@context":"https:\/\/schema.org","@graph":[{"@type":"WebPage","@id":"https:\/\/amuse-mfg.com\/join-our-team-job\/","url":"https:\/\/amuse-mfg.com\/join-our-team-job\/","name":"\u00danete a nuestro equipo\/Empleo | Swawa | Fabricante de atracciones | Soluciones completas | Fabricante de equipos para ferias","isPartOf":{"@id":"https:\/\/amuse-mfg.com\/#website"},"datePublished":"2025-12-03T09:28:21+00:00","dateModified":"2026-02-02T08:40:34+00:00","breadcrumb":{"@id":"https:\/\/amuse-mfg.com\/join-our-team-job\/#breadcrumb"},"inLanguage":"es","potentialAction":[{"@type":"ReadAction","target":["https:\/\/amuse-mfg.com\/join-our-team-job\/"]}]},{"@type":"BreadcrumbList","@id":"https:\/\/amuse-mfg.com\/join-our-team-job\/#breadcrumb","itemListElement":[{"@type":"ListItem","position":1,"name":"Home","item":"https:\/\/amuse-mfg.com\/"},{"@type":"ListItem","position":2,"name":"Join Our Team\/Job"}]},{"@type":"WebSite","@id":"https:\/\/amuse-mfg.com\/#website","url":"https:\/\/amuse-mfg.com\/","name":"Swawa | Fabricante de atracciones | Soluciones completas | Fabricante de equipos para ferias de atracciones","description":"F\u00e1brica directa de atracciones y juegos infantiles. Exportamos a m\u00e1s de 20 pa\u00edses y ofrecemos equipos, dise\u00f1o de parques, planes de ingresos y un completo servicio posventa.","publisher":{"@id":"https:\/\/amuse-mfg.com\/#organization"},"alternateName":"Swawa | Amusement Rides Manufacturer","potentialAction":[{"@type":"SearchAction","target":{"@type":"EntryPoint","urlTemplate":"https:\/\/amuse-mfg.com\/?s={search_term_string}"},"query-input":{"@type":"PropertyValueSpecification","valueRequired":true,"valueName":"search_term_string"}}],"inLanguage":"es"},{"@type":"Organization","@id":"https:\/\/amuse-mfg.com\/#organization","name":"Swawa | Fabricante de atracciones | Soluciones completas | Fabricante de equipos para ferias de atracciones","alternateName":"Swawa","url":"https:\/\/amuse-mfg.com\/","logo":{"@type":"ImageObject","inLanguage":"es","@id":"https:\/\/amuse-mfg.com\/#\/schema\/logo\/image\/","url":"https:\/\/amuse-mfg.com\/wp-content\/uploads\/2025\/12\/favicon-3.png","contentUrl":"https:\/\/amuse-mfg.com\/wp-content\/uploads\/2025\/12\/favicon-3.png","width":192,"height":192,"caption":"Swawa | Amusement Rides Manufacturer | Complete Solutions | Funfair Equipment Manufacturer"},"image":{"@id":"https:\/\/amuse-mfg.com\/#\/schema\/logo\/image\/"},"sameAs":["https:\/\/www.youtube.com\/@SwawaAmuse-Mfg","https:\/\/www.pinterest.com\/swawamfg\/","https:\/\/www.instagram.com\/swawamfg\/"]}]}},"_links":{"self":[{"href":"https:\/\/amuse-mfg.com\/es\/wp-json\/wp\/v2\/pages\/4705","targetHints":{"allow":["GET"]}}],"collection":[{"href":"https:\/\/amuse-mfg.com\/es\/wp-json\/wp\/v2\/pages"}],"about":[{"href":"https:\/\/amuse-mfg.com\/es\/wp-json\/wp\/v2\/types\/page"}],"author":[{"embeddable":true,"href":"https:\/\/amuse-mfg.com\/es\/wp-json\/wp\/v2\/users\/1"}],"replies":[{"embeddable":true,"href":"https:\/\/amuse-mfg.com\/es\/wp-json\/wp\/v2\/comments?post=4705"}],"version-history":[{"count":3,"href":"https:\/\/amuse-mfg.com\/es\/wp-json\/wp\/v2\/pages\/4705\/revisions"}],"predecessor-version":[{"id":6060,"href":"https:\/\/amuse-mfg.com\/es\/wp-json\/wp\/v2\/pages\/4705\/revisions\/6060"}],"wp:attachment":[{"href":"https:\/\/amuse-mfg.com\/es\/wp-json\/wp\/v2\/media?parent=4705"}],"curies":[{"name":"wp","href":"https:\/\/api.w.org\/{rel}","templated":true}]}}