{"id":4414,"date":"2023-02-06T02:47:30","date_gmt":"2023-02-06T02:47:30","guid":{"rendered":"https:\/\/radiustheme.com\/demo\/wordpress\/themes\/faktorie\/?page_id=3"},"modified":"2025-12-18T02:38:10","modified_gmt":"2025-12-18T02:38:10","slug":"privacy-policy-2","status":"publish","type":"page","link":"https:\/\/amuse-mfg.com\/es\/privacy-policy-2\/","title":{"rendered":"Pol\u00edtica de privacidad"},"content":{"rendered":"<div data-elementor-type=\"wp-page\" data-elementor-id=\"4414\" class=\"elementor elementor-4414\">\n\t\t\t\t\t\t<section data-particle_enable=\"false\" data-particle-mobile-disabled=\"false\" class=\"elementor-section elementor-top-section elementor-element elementor-element-67754772 elementor-section-boxed elementor-section-height-default elementor-section-height-default rt-parallax-bg-no\" data-id=\"67754772\" data-element_type=\"section\">\n\t\t\t\t\t\t<div class=\"elementor-container elementor-column-gap-default\">\n\t\t\t\t\t<div class=\"elementor-column elementor-col-100 elementor-top-column elementor-element elementor-element-3fe77ed9\" data-id=\"3fe77ed9\" data-element_type=\"column\">\n\t\t\t<div class=\"elementor-widget-wrap elementor-element-populated\">\n\t\t\t\t\t\t<div class=\"elementor-element elementor-element-2d32a90 elementor-invisible elementor-widget elementor-widget-rt-title\" data-id=\"2d32a90\" data-element_type=\"widget\" data-widget_type=\"rt-title.default\">\n\t\t\t\t<div class=\"elementor-widget-container\">\n\t\t\t\t\t<div class=\"rt-section-title has-animation style2\">\n\t<div class=\"title-holder\">\n\t\t\t\t<h2 class=\"entry-title hide fadeInUp\" data-wow-delay=\"0.6s\" data-wow-duration=\"1.4s\">Introducci\u00f3n<\/h2>\t\t\n\t\t\t\t<div class=\"entry-text hide fadeInUp\" data-wow-delay=\"1s\" data-wow-duration=\"1.4s\"><p><strong>Atracciones Swawa<\/strong>, como marca mundial oficial y representante de <strong>F\u00e1brica Mi Ying<\/strong>, Nos comprometemos a proteger la privacidad de nuestros clientes internacionales. Esta Pol\u00edtica de Privacidad explica c\u00f3mo recopilamos, usamos y protegemos su informaci\u00f3n personal y comercial cuando visita nuestro sitio web o consulta sobre nuestras soluciones de propiedad intelectual para el sector del entretenimiento. Respetamos su confianza y cumplimos con los est\u00e1ndares internacionales de protecci\u00f3n de datos.<\/p><\/div>\n\t\t\t<\/div>\n<\/div>\t\t\t\t<\/div>\n\t\t\t\t<\/div>\n\t\t\t\t<div class=\"elementor-element elementor-element-51779b4 elementor-invisible elementor-widget elementor-widget-rt-title\" data-id=\"51779b4\" data-element_type=\"widget\" data-widget_type=\"rt-title.default\">\n\t\t\t\t<div class=\"elementor-widget-container\">\n\t\t\t\t\t<div class=\"rt-section-title has-animation style2\">\n\t<div class=\"title-holder\">\n\t\t\t\t<h2 class=\"entry-title hide fadeInUp\" data-wow-delay=\"0.6s\" data-wow-duration=\"1.4s\">Informaci\u00f3n que recopilamos<\/h2>\t\t\n\t\t\t\t<div class=\"entry-text hide fadeInUp\" data-wow-delay=\"1s\" data-wow-duration=\"1.4s\"><p dir=\"auto\">Para proporcionar cotizaciones precisas y soluciones personalizadas, podemos recopilar lo siguiente:<\/p><ul dir=\"auto\"><li class=\"text-start\"><strong>Identidad personal:<\/strong> Nombre, puesto de trabajo, nombre de la empresa.<\/li><li class=\"text-start\"><strong>Datos de contacto:<\/strong> Direcci\u00f3n de correo electr\u00f3nico, n\u00famero de tel\u00e9fono\/WhatsApp, direcci\u00f3n de env\u00edo.<\/li><li class=\"text-start\"><strong>Detalles del negocio:<\/strong> Ubicaci\u00f3n del proyecto, planos del lugar (CAD\/PDF), rango de presupuesto y requisitos espec\u00edficos para el equipo de entretenimiento.<\/li><li class=\"text-start\"><strong>Datos t\u00e9cnicos:<\/strong> Direcci\u00f3n IP, tipo de navegador y datos de uso del sitio a trav\u00e9s de Cookies (para mejorar el rendimiento del sitio).<\/li><\/ul><\/div>\n\t\t\t<\/div>\n<\/div>\t\t\t\t<\/div>\n\t\t\t\t<\/div>\n\t\t\t\t<div class=\"elementor-element elementor-element-2d76fd4 elementor-invisible elementor-widget elementor-widget-rt-title\" data-id=\"2d76fd4\" data-element_type=\"widget\" data-widget_type=\"rt-title.default\">\n\t\t\t\t<div class=\"elementor-widget-container\">\n\t\t\t\t\t<div class=\"rt-section-title has-animation style2\">\n\t<div class=\"title-holder\">\n\t\t\t\t<h2 class=\"entry-title hide fadeInUp\" data-wow-delay=\"0.6s\" data-wow-duration=\"1.4s\">C\u00f3mo usamos su informaci\u00f3n<\/h2>\t\t\n\t\t\t\t<div class=\"entry-text hide fadeInUp\" data-wow-delay=\"1s\" data-wow-duration=\"1.4s\"><p dir=\"auto\">Utilizamos sus datos estrictamente para fines comerciales:<\/p><ul dir=\"auto\"><li class=\"text-start\"><strong>Cumplimiento de pedidos:<\/strong> Procesar facturas proforma (PI), organizar la fabricaci\u00f3n en la f\u00e1brica de Mi Ying y coordinar env\u00edos globales.<\/li><li class=\"text-start\"><strong>Atenci\u00f3n al cliente:<\/strong> Proporcionamos orientaci\u00f3n sobre la instalaci\u00f3n, actualizaciones del &quot;Kit de repuestos&quot; y soporte de video posventa.<\/li><li class=\"text-start\"><strong>Marketing (opcional):<\/strong> Env\u00edo de informaci\u00f3n del sector, nuevos lanzamientos de propiedad intelectual (p. ej., &quot;Serie Mecha&quot;) y gu\u00edas operativas de alto rendimiento de la inversi\u00f3n (ROI). Puede darse de baja en cualquier momento.<\/li><\/ul><\/div>\n\t\t\t<\/div>\n<\/div>\t\t\t\t<\/div>\n\t\t\t\t<\/div>\n\t\t\t\t<div class=\"elementor-element elementor-element-d7396ad elementor-invisible elementor-widget elementor-widget-rt-title\" data-id=\"d7396ad\" data-element_type=\"widget\" data-widget_type=\"rt-title.default\">\n\t\t\t\t<div class=\"elementor-widget-container\">\n\t\t\t\t\t<div class=\"rt-section-title has-animation style2\">\n\t<div class=\"title-holder\">\n\t\t\t\t<h2 class=\"entry-title hide fadeInUp\" data-wow-delay=\"0.6s\" data-wow-duration=\"1.4s\">Seguridad y almacenamiento de datos <\/h2>\t\t\n\t\t\t\t<div class=\"entry-text hide fadeInUp\" data-wow-delay=\"1s\" data-wow-duration=\"1.4s\"><p dir=\"auto\">Sus datos se almacenan en servidores seguros con acceso restringido.<\/p><ul dir=\"auto\"><li class=\"text-start\"><strong>Confidencialidad de la f\u00e1brica:<\/strong> Los dise\u00f1os de sus proyectos y planes de negocios son accesibles <em>solo<\/em> A nuestros equipos de dise\u00f1o e ingenier\u00eda en la f\u00e1brica Mi Ying para su personalizaci\u00f3n. No divulgamos los dise\u00f1os de su parque a la competencia.<\/li><li class=\"text-start\"><strong>Cifrado:<\/strong> Utilizamos tecnolog\u00eda SSL para encriptar la transmisi\u00f3n de datos en nuestro sitio web.<\/li><\/ul><\/div>\n\t\t\t<\/div>\n<\/div>\t\t\t\t<\/div>\n\t\t\t\t<\/div>\n\t\t\t\t<div class=\"elementor-element elementor-element-931e6f8 elementor-invisible elementor-widget elementor-widget-rt-title\" data-id=\"931e6f8\" data-element_type=\"widget\" data-widget_type=\"rt-title.default\">\n\t\t\t\t<div class=\"elementor-widget-container\">\n\t\t\t\t\t<div class=\"rt-section-title has-animation style2\">\n\t<div class=\"title-holder\">\n\t\t\t\t<h2 class=\"entry-title hide fadeInUp\" data-wow-delay=\"0.6s\" data-wow-duration=\"1.4s\">Divulgaci\u00f3n a terceros<\/h2>\t\t\n\t\t\t\t<div class=\"entry-text hide fadeInUp\" data-wow-delay=\"1s\" data-wow-duration=\"1.4s\"><p>Nosotros lo hacemos <strong>no<\/strong> Vender, intercambiar o transferir su informaci\u00f3n personal identificable a terceros. Esto excluye a terceros de confianza que nos ayudan a operar nuestro sitio web o a dirigir nuestro negocio (por ejemplo, empresas de log\u00edstica, agentes de aduanas), siempre que se comprometan a mantener la confidencialidad de esta informaci\u00f3n.<\/p><\/div>\n\t\t\t<\/div>\n<\/div>\t\t\t\t<\/div>\n\t\t\t\t<\/div>\n\t\t\t\t<div class=\"elementor-element elementor-element-0c0ad41 elementor-invisible elementor-widget elementor-widget-rt-title\" data-id=\"0c0ad41\" data-element_type=\"widget\" data-widget_type=\"rt-title.default\">\n\t\t\t\t<div class=\"elementor-widget-container\">\n\t\t\t\t\t<div class=\"rt-section-title has-animation style2\">\n\t<div class=\"title-holder\">\n\t\t\t\t<h2 class=\"entry-title hide fadeInUp\" data-wow-delay=\"0.6s\" data-wow-duration=\"1.4s\">Pol\u00edtica de cookies<\/h2>\t\t\n\t\t\t\t<div class=\"entry-text hide fadeInUp\" data-wow-delay=\"1s\" data-wow-duration=\"1.4s\"><p>Utilizamos cookies para recopilar datos agregados sobre el tr\u00e1fico y las interacciones del sitio web con el fin de ofrecer mejores experiencias y herramientas en el futuro. Puede desactivar todas las cookies en la configuraci\u00f3n de su navegador, aunque algunas funciones (como los formularios de consulta) podr\u00edan funcionar de forma diferente.<\/p><\/div>\n\t\t\t<\/div>\n<\/div>\t\t\t\t<\/div>\n\t\t\t\t<\/div>\n\t\t\t\t<div class=\"elementor-element elementor-element-38b8220 elementor-invisible elementor-widget elementor-widget-rt-title\" data-id=\"38b8220\" data-element_type=\"widget\" data-widget_type=\"rt-title.default\">\n\t\t\t\t<div class=\"elementor-widget-container\">\n\t\t\t\t\t<div class=\"rt-section-title has-animation style2\">\n\t<div class=\"title-holder\">\n\t\t\t\t<h2 class=\"entry-title hide fadeInUp\" data-wow-delay=\"0.6s\" data-wow-duration=\"1.4s\">Sus derechos<\/h2>\t\t\n\t\t\t\t<div class=\"entry-text hide fadeInUp\" data-wow-delay=\"1s\" data-wow-duration=\"1.4s\"><p dir=\"auto\">Como cliente global, usted tiene derecho a:<\/p><ul dir=\"auto\"><li class=\"text-start\">Solicite una copia de los datos personales que tenemos sobre usted.<\/li><li class=\"text-start\">Solicitar correcci\u00f3n de datos inexactos.<\/li><li class=\"text-start\">Solicitar la eliminaci\u00f3n de sus datos de nuestro sistema CRM (&quot;Derecho al olvido&quot;), a menos que estemos obligados a conservarlos para registros legales o fiscales.<\/li><\/ul><\/div>\n\t\t\t<\/div>\n<\/div>\t\t\t\t<\/div>\n\t\t\t\t<\/div>\n\t\t\t\t<div class=\"elementor-element elementor-element-f746790 elementor-invisible elementor-widget elementor-widget-rt-title\" data-id=\"f746790\" data-element_type=\"widget\" data-widget_type=\"rt-title.default\">\n\t\t\t\t<div class=\"elementor-widget-container\">\n\t\t\t\t\t<div class=\"rt-section-title has-animation style2\">\n\t<div class=\"title-holder\">\n\t\t\t\t<h2 class=\"entry-title hide fadeInUp\" data-wow-delay=\"0.6s\" data-wow-duration=\"1.4s\">Contacte con nosotros<\/h2>\t\t\n\t\t\t\t<div class=\"entry-text hide fadeInUp\" data-wow-delay=\"1s\" data-wow-duration=\"1.4s\"><p>Si tiene alguna pregunta sobre esta pol\u00edtica de privacidad, puede contactarnos utilizando la siguiente informaci\u00f3n:\u00a0<a href=\"\/es\/contact\/\">\/contacto\/<\/a><\/p><\/div>\n\t\t\t<\/div>\n<\/div>\t\t\t\t<\/div>\n\t\t\t\t<\/div>\n\t\t\t\t\t<\/div>\n\t\t<\/div>\n\t\t\t\t\t<\/div>\n\t\t<\/section>\n\t\t\t\t<\/div>","protected":false},"excerpt":{"rendered":"<p>Introducci\u00f3n Swawa Amusement, como marca global oficial y representante de Mi Ying Factory, se compromete a proteger la privacidad de nuestros clientes internacionales. Esta Pol\u00edtica de privacidad explica c\u00f3mo recopilamos, utilizamos y protegemos su informaci\u00f3n personal y comercial cuando visita nuestro sitio web o solicita informaci\u00f3n sobre nuestras soluciones de propiedad intelectual para parques de atracciones. Respetamos su confianza [\u2026]<\/p>","protected":false},"author":1,"featured_media":0,"parent":0,"menu_order":0,"comment_status":"closed","ping_status":"closed","template":"elementor_header_footer","meta":{"footnotes":""},"class_list":["post-4414","page","type-page","status-publish","hentry"],"yoast_head":"<!-- This site is optimized with the Yoast SEO plugin v26.6 - https:\/\/yoast.com\/wordpress\/plugins\/seo\/ -->\n<title>Privacy Policy | Swawa | Amusement Rides Manufacturer | Complete Solutions | Funfair Equipment Manufacturer<\/title>\n<meta name=\"robots\" content=\"index, follow, max-snippet:-1, max-image-preview:large, max-video-preview:-1\" \/>\n<link rel=\"canonical\" href=\"https:\/\/amuse-mfg.com\/es\/privacy-policy-2\/\" \/>\n<meta property=\"og:locale\" content=\"es_ES\" \/>\n<meta property=\"og:type\" content=\"article\" \/>\n<meta property=\"og:title\" content=\"Privacy Policy | Swawa | Amusement Rides Manufacturer | Complete Solutions | Funfair Equipment Manufacturer\" \/>\n<meta property=\"og:description\" content=\"Introduction Swawa Amusement, as the official global brand and representative of Mi Ying Factory, is committed to protecting the privacy of our international clients. This Privacy Policy explains how we collect, use, and safeguard your personal and business information when you visit our website or inquire about our amusement IP solutions. We respect your trust [&hellip;]\" \/>\n<meta property=\"og:url\" content=\"https:\/\/amuse-mfg.com\/es\/privacy-policy-2\/\" \/>\n<meta property=\"og:site_name\" content=\"Swawa | Amusement Rides Manufacturer | Complete Solutions | Funfair Equipment Manufacturer\" \/>\n<meta property=\"article:modified_time\" content=\"2025-12-18T02:38:10+00:00\" \/>\n<meta property=\"og:image\" content=\"https:\/\/amuse-mfg.com\/wp-content\/uploads\/2025\/12\/DSCF4059.jpg\" \/>\n\t<meta property=\"og:image:width\" content=\"1872\" \/>\n\t<meta property=\"og:image:height\" content=\"1054\" \/>\n\t<meta property=\"og:image:type\" content=\"image\/jpeg\" \/>\n<meta name=\"twitter:card\" content=\"summary_large_image\" \/>\n<meta name=\"twitter:label1\" content=\"Est. reading time\" \/>\n\t<meta name=\"twitter:data1\" content=\"2 minutos\" \/>\n<script type=\"application\/ld+json\" class=\"yoast-schema-graph\">{\"@context\":\"https:\/\/schema.org\",\"@graph\":[{\"@type\":\"WebPage\",\"@id\":\"https:\/\/amuse-mfg.com\/privacy-policy-2\/\",\"url\":\"https:\/\/amuse-mfg.com\/privacy-policy-2\/\",\"name\":\"Privacy Policy | Swawa | Amusement Rides Manufacturer | Complete Solutions | Funfair Equipment Manufacturer\",\"isPartOf\":{\"@id\":\"https:\/\/amuse-mfg.com\/#website\"},\"datePublished\":\"2023-02-06T02:47:30+00:00\",\"dateModified\":\"2025-12-18T02:38:10+00:00\",\"breadcrumb\":{\"@id\":\"https:\/\/amuse-mfg.com\/privacy-policy-2\/#breadcrumb\"},\"inLanguage\":\"es\",\"potentialAction\":[{\"@type\":\"ReadAction\",\"target\":[\"https:\/\/amuse-mfg.com\/privacy-policy-2\/\"]}]},{\"@type\":\"BreadcrumbList\",\"@id\":\"https:\/\/amuse-mfg.com\/privacy-policy-2\/#breadcrumb\",\"itemListElement\":[{\"@type\":\"ListItem\",\"position\":1,\"name\":\"Home\",\"item\":\"https:\/\/amuse-mfg.com\/\"},{\"@type\":\"ListItem\",\"position\":2,\"name\":\"Privacy Policy\"}]},{\"@type\":\"WebSite\",\"@id\":\"https:\/\/amuse-mfg.com\/#website\",\"url\":\"https:\/\/amuse-mfg.com\/\",\"name\":\"Swawa | Amusement Rides Manufacturer | Complete Solutions | Funfair Equipment Manufacturer\",\"description\":\"Direct factory of amusement rides &amp; playground equipment. Exported to over 20 countries, we offer equipment, park design, revenue plans and full after-sales service.\",\"publisher\":{\"@id\":\"https:\/\/amuse-mfg.com\/#organization\"},\"alternateName\":\"Swawa | Amusement Rides Manufacturer\",\"potentialAction\":[{\"@type\":\"SearchAction\",\"target\":{\"@type\":\"EntryPoint\",\"urlTemplate\":\"https:\/\/amuse-mfg.com\/?s={search_term_string}\"},\"query-input\":{\"@type\":\"PropertyValueSpecification\",\"valueRequired\":true,\"valueName\":\"search_term_string\"}}],\"inLanguage\":\"es\"},{\"@type\":\"Organization\",\"@id\":\"https:\/\/amuse-mfg.com\/#organization\",\"name\":\"Swawa | Amusement Rides Manufacturer | Complete Solutions | Funfair Equipment Manufacturer\",\"alternateName\":\"Swawa\",\"url\":\"https:\/\/amuse-mfg.com\/\",\"logo\":{\"@type\":\"ImageObject\",\"inLanguage\":\"es\",\"@id\":\"https:\/\/amuse-mfg.com\/#\/schema\/logo\/image\/\",\"url\":\"https:\/\/amuse-mfg.com\/wp-content\/uploads\/2025\/12\/favicon-3.png\",\"contentUrl\":\"https:\/\/amuse-mfg.com\/wp-content\/uploads\/2025\/12\/favicon-3.png\",\"width\":192,\"height\":192,\"caption\":\"Swawa | Amusement Rides Manufacturer | Complete Solutions | Funfair Equipment Manufacturer\"},\"image\":{\"@id\":\"https:\/\/amuse-mfg.com\/#\/schema\/logo\/image\/\"},\"sameAs\":[\"https:\/\/www.youtube.com\/@SwawaAmuse-Mfg\",\"https:\/\/www.pinterest.com\/swawamfg\/\",\"https:\/\/www.instagram.com\/swawamfg\/\"]}]}<\/script>\n<!-- \/ Yoast SEO plugin. -->","yoast_head_json":{"title":"Pol\u00edtica de privacidad | Swawa | Fabricante de atracciones | Soluciones completas | Fabricante de equipos para ferias","robots":{"index":"index","follow":"follow","max-snippet":"max-snippet:-1","max-image-preview":"max-image-preview:large","max-video-preview":"max-video-preview:-1"},"canonical":"https:\/\/amuse-mfg.com\/es\/privacy-policy-2\/","og_locale":"es_ES","og_type":"article","og_title":"Privacy Policy | Swawa | Amusement Rides Manufacturer | Complete Solutions | Funfair Equipment Manufacturer","og_description":"Introduction Swawa Amusement, as the official global brand and representative of Mi Ying Factory, is committed to protecting the privacy of our international clients. This Privacy Policy explains how we collect, use, and safeguard your personal and business information when you visit our website or inquire about our amusement IP solutions. We respect your trust [&hellip;]","og_url":"https:\/\/amuse-mfg.com\/es\/privacy-policy-2\/","og_site_name":"Swawa | Amusement Rides Manufacturer | Complete Solutions | Funfair Equipment Manufacturer","article_modified_time":"2025-12-18T02:38:10+00:00","og_image":[{"width":1872,"height":1054,"url":"https:\/\/amuse-mfg.com\/wp-content\/uploads\/2025\/12\/DSCF4059.jpg","type":"image\/jpeg"}],"twitter_card":"summary_large_image","twitter_misc":{"Est. reading time":"2 minutos"},"schema":{"@context":"https:\/\/schema.org","@graph":[{"@type":"WebPage","@id":"https:\/\/amuse-mfg.com\/privacy-policy-2\/","url":"https:\/\/amuse-mfg.com\/privacy-policy-2\/","name":"Pol\u00edtica de privacidad | Swawa | Fabricante de atracciones | Soluciones completas | Fabricante de equipos para ferias","isPartOf":{"@id":"https:\/\/amuse-mfg.com\/#website"},"datePublished":"2023-02-06T02:47:30+00:00","dateModified":"2025-12-18T02:38:10+00:00","breadcrumb":{"@id":"https:\/\/amuse-mfg.com\/privacy-policy-2\/#breadcrumb"},"inLanguage":"es","potentialAction":[{"@type":"ReadAction","target":["https:\/\/amuse-mfg.com\/privacy-policy-2\/"]}]},{"@type":"BreadcrumbList","@id":"https:\/\/amuse-mfg.com\/privacy-policy-2\/#breadcrumb","itemListElement":[{"@type":"ListItem","position":1,"name":"Home","item":"https:\/\/amuse-mfg.com\/"},{"@type":"ListItem","position":2,"name":"Privacy Policy"}]},{"@type":"WebSite","@id":"https:\/\/amuse-mfg.com\/#website","url":"https:\/\/amuse-mfg.com\/","name":"Swawa | Fabricante de atracciones | Soluciones completas | Fabricante de equipos para ferias de atracciones","description":"F\u00e1brica directa de atracciones y juegos infantiles. Exportamos a m\u00e1s de 20 pa\u00edses y ofrecemos equipos, dise\u00f1o de parques, planes de ingresos y un completo servicio posventa.","publisher":{"@id":"https:\/\/amuse-mfg.com\/#organization"},"alternateName":"Swawa | Amusement Rides Manufacturer","potentialAction":[{"@type":"SearchAction","target":{"@type":"EntryPoint","urlTemplate":"https:\/\/amuse-mfg.com\/?s={search_term_string}"},"query-input":{"@type":"PropertyValueSpecification","valueRequired":true,"valueName":"search_term_string"}}],"inLanguage":"es"},{"@type":"Organization","@id":"https:\/\/amuse-mfg.com\/#organization","name":"Swawa | Fabricante de atracciones | Soluciones completas | Fabricante de equipos para ferias de atracciones","alternateName":"Swawa","url":"https:\/\/amuse-mfg.com\/","logo":{"@type":"ImageObject","inLanguage":"es","@id":"https:\/\/amuse-mfg.com\/#\/schema\/logo\/image\/","url":"https:\/\/amuse-mfg.com\/wp-content\/uploads\/2025\/12\/favicon-3.png","contentUrl":"https:\/\/amuse-mfg.com\/wp-content\/uploads\/2025\/12\/favicon-3.png","width":192,"height":192,"caption":"Swawa | Amusement Rides Manufacturer | Complete Solutions | Funfair Equipment Manufacturer"},"image":{"@id":"https:\/\/amuse-mfg.com\/#\/schema\/logo\/image\/"},"sameAs":["https:\/\/www.youtube.com\/@SwawaAmuse-Mfg","https:\/\/www.pinterest.com\/swawamfg\/","https:\/\/www.instagram.com\/swawamfg\/"]}]}},"_links":{"self":[{"href":"https:\/\/amuse-mfg.com\/es\/wp-json\/wp\/v2\/pages\/4414","targetHints":{"allow":["GET"]}}],"collection":[{"href":"https:\/\/amuse-mfg.com\/es\/wp-json\/wp\/v2\/pages"}],"about":[{"href":"https:\/\/amuse-mfg.com\/es\/wp-json\/wp\/v2\/types\/page"}],"author":[{"embeddable":true,"href":"https:\/\/amuse-mfg.com\/es\/wp-json\/wp\/v2\/users\/1"}],"replies":[{"embeddable":true,"href":"https:\/\/amuse-mfg.com\/es\/wp-json\/wp\/v2\/comments?post=4414"}],"version-history":[{"count":0,"href":"https:\/\/amuse-mfg.com\/es\/wp-json\/wp\/v2\/pages\/4414\/revisions"}],"wp:attachment":[{"href":"https:\/\/amuse-mfg.com\/es\/wp-json\/wp\/v2\/media?parent=4414"}],"curies":[{"name":"wp","href":"https:\/\/api.w.org\/{rel}","templated":true}]}}