{"id":6043,"date":"2026-01-14T02:41:00","date_gmt":"2026-01-14T02:41:00","guid":{"rendered":"https:\/\/amuse-mfg.com\/?post_type=product&#038;p=6043"},"modified":"2026-01-14T02:41:00","modified_gmt":"2026-01-14T02:41:00","slug":"swawa-kids-interactive-sensory-tables-fishing-pools-high-roi-educational-mall-equipment","status":"publish","type":"product","link":"https:\/\/amuse-mfg.com\/de\/product\/swawa-kids-interactive-sensory-tables-fishing-pools-high-roi-educational-mall-equipment\/","title":{"rendered":"Swawa Kids\u2019 Interactive Sensory Tables &amp; Fishing Pools | High-ROI Educational Mall Equipment"},"content":{"rendered":"<p>Verwandeln Sie jede tote Ecke Ihres Einkaufszentrums oder Supermarkts in ein lebendiges, Geld bringendes Zentrum mit Swawas <strong>Interaktive Bildungsreihe<\/strong>. Im Gegensatz zu gro\u00dfen Fahrgesch\u00e4ften sind diese kompakten <strong>Sinnliche DIY-Tische<\/strong> Und <strong>Magic Water Pools<\/strong> keine Installationsgrundlage und nur minimalen Personalaufwand erfordern<\/p>\n<ul>\n<li class=\"text-start\"><strong>Merkmal<\/strong>: Bezaubernde IP-Themen wie \u201cSpace Rabbit\u201d und \u201cDuck Detective\u201d mit abgerundeten, sicheren Glasfaserdesigns.<\/li>\n<li class=\"text-start\"><strong>Vorteil<\/strong>: Modulare Inseln, die sich perfekt in die Gehwege einf\u00fcgen und sofort einen \u201csticky\u201d Bereich f\u00fcr Familien schaffen.<\/li>\n<li class=\"text-start\"><strong>Nutzen Sie<\/strong>: Die Eltern haben eine Pause, w\u00e4hrend die Kinder lernen, und Sie erhalten einen kontinuierlichen Strom von margentr\u00e4chtigen M\u00fcnz-\/Ticketeinnahmen. Verwandeln Sie passiven Fu\u00dfverkehr noch heute in aktiven Gewinn!<\/li>\n<\/ul>\n<table class=\"table table-striped-white table-bordered\" style=\"width: 100%; height: 198px;\" data-anchor-id=\"vi45\">\n<thead>\n<tr style=\"height: 22px;\">\n<th style=\"height: 22px;\">Parameter<\/th>\n<th style=\"height: 22px;\">Spezifikation<\/th>\n<\/tr>\n<\/thead>\n<tbody>\n<tr style=\"height: 22px;\">\n<td style=\"height: 22px;\"><strong>Produktserie<\/strong><\/td>\n<td style=\"height: 22px;\">Swawa Educational &amp; Sensory Play Serie<\/td>\n<\/tr>\n<tr style=\"height: 22px;\">\n<td style=\"height: 22px;\"><strong>Hauptmaterial<\/strong><\/td>\n<td style=\"height: 22px;\">Hochwertiges FRP (Fiberglas), Acryl, LED-Komponenten<\/td>\n<\/tr>\n<tr style=\"height: 22px;\">\n<td style=\"height: 22px;\"><strong>Spannung\/Leistung<\/strong><\/td>\n<td style=\"height: 22px;\">110V\/220V (anpassbar); LED\/Pumpe mit geringem Stromverbrauch<\/td>\n<\/tr>\n<tr style=\"height: 22px;\">\n<td style=\"height: 22px;\"><strong>Kapazit\u00e4t<\/strong><\/td>\n<td style=\"height: 22px;\">4-8 Kinder pro Einheit (je nach Modellform)<\/td>\n<\/tr>\n<tr style=\"height: 22px;\">\n<td style=\"height: 22px;\"><strong>Gameplay-Typen<\/strong><\/td>\n<td style=\"height: 22px;\">Kinetischer Sand, DIY-Basteln, Magnetisches Fischen, Magisches Gel-Wasserspiel<\/td>\n<\/tr>\n<tr style=\"height: 22px;\">\n<td style=\"height: 22px;\"><strong>Ziel Alter<\/strong><\/td>\n<td style=\"height: 22px;\">3 - 8 Jahre alt<\/td>\n<\/tr>\n<tr style=\"height: 22px;\">\n<td style=\"height: 22px;\"><strong>Einrichtung<\/strong><\/td>\n<td style=\"height: 22px;\">Plug &amp; Play (kein Fundament erforderlich)<\/td>\n<\/tr>\n<tr style=\"height: 22px;\">\n<td style=\"height: 22px;\"><strong>Idealer Standort<\/strong><\/td>\n<td style=\"height: 22px;\">Atrium des Einkaufszentrums, Eingang zum Supermarkt, Kinderbereich<\/td>\n<\/tr>\n<\/tbody>\n<\/table>","protected":false},"excerpt":{"rendered":"<p>Steigern Sie die Verweildauer in Ihrem Einkaufszentrum mit den p\u00e4dagogischen Sensory Tables und Fishing Pools von Swawa. Geringer Platzbedarf, hohe Wiederspielrate. Starten Sie Ihr Gesch\u00e4ft mit der Kinderecke in 20 Tagen!<\/p>","protected":false},"featured_media":6045,"menu_order":0,"template":"","meta":[],"product_brand":[],"product_cat":[55,53],"product_tag":[],"class_list":{"0":"post-6043","1":"product","2":"type-product","3":"status-publish","4":"has-post-thumbnail","6":"product_cat-childrens-kids-rides","7":"product_cat-indoor-amusement-equipment","9":"first","10":"instock","11":"shipping-taxable","12":"product-type-simple"},"yoast_head":"<!-- This site is optimized with the Yoast SEO plugin v26.6 - https:\/\/yoast.com\/wordpress\/plugins\/seo\/ -->\n<title>Swawa Kids&#039; Interactive Sensory Tables &amp; Fishing Pools | High-ROI Educational Mall Equipment | Swawa | Amusement Rides Manufacturer | Complete Solutions | Funfair Equipment Manufacturer<\/title>\n<meta name=\"robots\" content=\"index, follow, max-snippet:-1, max-image-preview:large, max-video-preview:-1\" \/>\n<link rel=\"canonical\" href=\"https:\/\/amuse-mfg.com\/de\/product\/swawa-kids-interactive-sensory-tables-fishing-pools-high-roi-educational-mall-equipment\/\" \/>\n<meta property=\"og:locale\" content=\"de_DE\" \/>\n<meta property=\"og:type\" content=\"article\" \/>\n<meta property=\"og:title\" content=\"Swawa Kids&#039; Interactive Sensory Tables &amp; Fishing Pools | High-ROI Educational Mall Equipment | Swawa | Amusement Rides Manufacturer | Complete Solutions | Funfair Equipment Manufacturer\" \/>\n<meta property=\"og:description\" content=\"Boost your mall&#039;s dwell time with Swawa&#039;s Educational Sensory Tables and Fishing Pools. Low footprint, high repeat play rate. Start your kids&#039; corner business in 20 days!\" \/>\n<meta property=\"og:url\" content=\"https:\/\/amuse-mfg.com\/de\/product\/swawa-kids-interactive-sensory-tables-fishing-pools-high-roi-educational-mall-equipment\/\" \/>\n<meta property=\"og:site_name\" content=\"Swawa | Amusement Rides Manufacturer | Complete Solutions | Funfair Equipment Manufacturer\" \/>\n<meta property=\"og:image\" content=\"https:\/\/amuse-mfg.com\/wp-content\/uploads\/2026\/01\/sgz1-scaled.png\" \/>\n\t<meta property=\"og:image:width\" content=\"2560\" \/>\n\t<meta property=\"og:image:height\" content=\"442\" \/>\n\t<meta property=\"og:image:type\" content=\"image\/png\" \/>\n<meta name=\"twitter:card\" content=\"summary_large_image\" \/>\n<meta name=\"twitter:label1\" content=\"Est. reading time\" \/>\n\t<meta name=\"twitter:data1\" content=\"1\u00a0Minute\" \/>\n<script type=\"application\/ld+json\" class=\"yoast-schema-graph\">{\"@context\":\"https:\/\/schema.org\",\"@graph\":[{\"@type\":\"WebPage\",\"@id\":\"https:\/\/amuse-mfg.com\/product\/swawa-kids-interactive-sensory-tables-fishing-pools-high-roi-educational-mall-equipment\/\",\"url\":\"https:\/\/amuse-mfg.com\/product\/swawa-kids-interactive-sensory-tables-fishing-pools-high-roi-educational-mall-equipment\/\",\"name\":\"Swawa Kids' Interactive Sensory Tables & Fishing Pools | High-ROI Educational Mall Equipment | Swawa | Amusement Rides Manufacturer | Complete Solutions | Funfair Equipment Manufacturer\",\"isPartOf\":{\"@id\":\"https:\/\/amuse-mfg.com\/#website\"},\"primaryImageOfPage\":{\"@id\":\"https:\/\/amuse-mfg.com\/product\/swawa-kids-interactive-sensory-tables-fishing-pools-high-roi-educational-mall-equipment\/#primaryimage\"},\"image\":{\"@id\":\"https:\/\/amuse-mfg.com\/product\/swawa-kids-interactive-sensory-tables-fishing-pools-high-roi-educational-mall-equipment\/#primaryimage\"},\"thumbnailUrl\":\"https:\/\/amuse-mfg.com\/wp-content\/uploads\/2026\/01\/sgz1-scaled.png\",\"datePublished\":\"2026-01-14T02:41:00+00:00\",\"breadcrumb\":{\"@id\":\"https:\/\/amuse-mfg.com\/product\/swawa-kids-interactive-sensory-tables-fishing-pools-high-roi-educational-mall-equipment\/#breadcrumb\"},\"inLanguage\":\"de\",\"potentialAction\":[{\"@type\":\"ReadAction\",\"target\":[\"https:\/\/amuse-mfg.com\/product\/swawa-kids-interactive-sensory-tables-fishing-pools-high-roi-educational-mall-equipment\/\"]}]},{\"@type\":\"ImageObject\",\"inLanguage\":\"de\",\"@id\":\"https:\/\/amuse-mfg.com\/product\/swawa-kids-interactive-sensory-tables-fishing-pools-high-roi-educational-mall-equipment\/#primaryimage\",\"url\":\"https:\/\/amuse-mfg.com\/wp-content\/uploads\/2026\/01\/sgz1-scaled.png\",\"contentUrl\":\"https:\/\/amuse-mfg.com\/wp-content\/uploads\/2026\/01\/sgz1-scaled.png\",\"width\":2560,\"height\":442,\"caption\":\"Swawa Kids' Interactive Sensory Tables & Fishing Pools | High-ROI Educational Mall Equipment\"},{\"@type\":\"BreadcrumbList\",\"@id\":\"https:\/\/amuse-mfg.com\/product\/swawa-kids-interactive-sensory-tables-fishing-pools-high-roi-educational-mall-equipment\/#breadcrumb\",\"itemListElement\":[{\"@type\":\"ListItem\",\"position\":1,\"name\":\"Home\",\"item\":\"https:\/\/amuse-mfg.com\/\"},{\"@type\":\"ListItem\",\"position\":2,\"name\":\"Shop\",\"item\":\"https:\/\/amuse-mfg.com\/shop\/\"},{\"@type\":\"ListItem\",\"position\":3,\"name\":\"Swawa Kids&#8217; Interactive Sensory Tables &#038; Fishing Pools | High-ROI Educational Mall Equipment\"}]},{\"@type\":\"WebSite\",\"@id\":\"https:\/\/amuse-mfg.com\/#website\",\"url\":\"https:\/\/amuse-mfg.com\/\",\"name\":\"Swawa | Amusement Rides Manufacturer | Complete Solutions | Funfair Equipment Manufacturer\",\"description\":\"Direct factory of amusement rides &amp; playground equipment. Exported to over 20 countries, we offer equipment, park design, revenue plans and full after-sales service.\",\"publisher\":{\"@id\":\"https:\/\/amuse-mfg.com\/#organization\"},\"alternateName\":\"Swawa | Amusement Rides Manufacturer\",\"potentialAction\":[{\"@type\":\"SearchAction\",\"target\":{\"@type\":\"EntryPoint\",\"urlTemplate\":\"https:\/\/amuse-mfg.com\/?s={search_term_string}\"},\"query-input\":{\"@type\":\"PropertyValueSpecification\",\"valueRequired\":true,\"valueName\":\"search_term_string\"}}],\"inLanguage\":\"de\"},{\"@type\":\"Organization\",\"@id\":\"https:\/\/amuse-mfg.com\/#organization\",\"name\":\"Swawa | Amusement Rides Manufacturer | Complete Solutions | Funfair Equipment Manufacturer\",\"alternateName\":\"Swawa\",\"url\":\"https:\/\/amuse-mfg.com\/\",\"logo\":{\"@type\":\"ImageObject\",\"inLanguage\":\"de\",\"@id\":\"https:\/\/amuse-mfg.com\/#\/schema\/logo\/image\/\",\"url\":\"https:\/\/amuse-mfg.com\/wp-content\/uploads\/2025\/12\/favicon-3.png\",\"contentUrl\":\"https:\/\/amuse-mfg.com\/wp-content\/uploads\/2025\/12\/favicon-3.png\",\"width\":192,\"height\":192,\"caption\":\"Swawa | Amusement Rides Manufacturer | Complete Solutions | Funfair Equipment Manufacturer\"},\"image\":{\"@id\":\"https:\/\/amuse-mfg.com\/#\/schema\/logo\/image\/\"},\"sameAs\":[\"https:\/\/www.youtube.com\/@SwawaAmuse-Mfg\",\"https:\/\/www.pinterest.com\/swawamfg\/\",\"https:\/\/www.instagram.com\/swawamfg\/\"]}]}<\/script>\n<!-- \/ Yoast SEO plugin. -->","yoast_head_json":{"title":"Swawa Interaktive Kindertische &amp; Fischteiche | High-ROI Educational Mall Equipment | Swawa | Amusement Rides Manufacturer | Complete Solutions | Funfair Equipment Manufacturer","robots":{"index":"index","follow":"follow","max-snippet":"max-snippet:-1","max-image-preview":"max-image-preview:large","max-video-preview":"max-video-preview:-1"},"canonical":"https:\/\/amuse-mfg.com\/de\/product\/swawa-kids-interactive-sensory-tables-fishing-pools-high-roi-educational-mall-equipment\/","og_locale":"de_DE","og_type":"article","og_title":"Swawa Kids' Interactive Sensory Tables & Fishing Pools | High-ROI Educational Mall Equipment | Swawa | Amusement Rides Manufacturer | Complete Solutions | Funfair Equipment Manufacturer","og_description":"Boost your mall's dwell time with Swawa's Educational Sensory Tables and Fishing Pools. Low footprint, high repeat play rate. Start your kids' corner business in 20 days!","og_url":"https:\/\/amuse-mfg.com\/de\/product\/swawa-kids-interactive-sensory-tables-fishing-pools-high-roi-educational-mall-equipment\/","og_site_name":"Swawa | Amusement Rides Manufacturer | Complete Solutions | Funfair Equipment Manufacturer","og_image":[{"width":2560,"height":442,"url":"https:\/\/amuse-mfg.com\/wp-content\/uploads\/2026\/01\/sgz1-scaled.png","type":"image\/png"}],"twitter_card":"summary_large_image","twitter_misc":{"Est. reading time":"1\u00a0Minute"},"schema":{"@context":"https:\/\/schema.org","@graph":[{"@type":"WebPage","@id":"https:\/\/amuse-mfg.com\/product\/swawa-kids-interactive-sensory-tables-fishing-pools-high-roi-educational-mall-equipment\/","url":"https:\/\/amuse-mfg.com\/product\/swawa-kids-interactive-sensory-tables-fishing-pools-high-roi-educational-mall-equipment\/","name":"Swawa Interaktive Kindertische &amp; Fischteiche | High-ROI Educational Mall Equipment | Swawa | Amusement Rides Manufacturer | Complete Solutions | Funfair Equipment Manufacturer","isPartOf":{"@id":"https:\/\/amuse-mfg.com\/#website"},"primaryImageOfPage":{"@id":"https:\/\/amuse-mfg.com\/product\/swawa-kids-interactive-sensory-tables-fishing-pools-high-roi-educational-mall-equipment\/#primaryimage"},"image":{"@id":"https:\/\/amuse-mfg.com\/product\/swawa-kids-interactive-sensory-tables-fishing-pools-high-roi-educational-mall-equipment\/#primaryimage"},"thumbnailUrl":"https:\/\/amuse-mfg.com\/wp-content\/uploads\/2026\/01\/sgz1-scaled.png","datePublished":"2026-01-14T02:41:00+00:00","breadcrumb":{"@id":"https:\/\/amuse-mfg.com\/product\/swawa-kids-interactive-sensory-tables-fishing-pools-high-roi-educational-mall-equipment\/#breadcrumb"},"inLanguage":"de","potentialAction":[{"@type":"ReadAction","target":["https:\/\/amuse-mfg.com\/product\/swawa-kids-interactive-sensory-tables-fishing-pools-high-roi-educational-mall-equipment\/"]}]},{"@type":"ImageObject","inLanguage":"de","@id":"https:\/\/amuse-mfg.com\/product\/swawa-kids-interactive-sensory-tables-fishing-pools-high-roi-educational-mall-equipment\/#primaryimage","url":"https:\/\/amuse-mfg.com\/wp-content\/uploads\/2026\/01\/sgz1-scaled.png","contentUrl":"https:\/\/amuse-mfg.com\/wp-content\/uploads\/2026\/01\/sgz1-scaled.png","width":2560,"height":442,"caption":"Swawa Kids' Interactive Sensory Tables & Fishing Pools | High-ROI Educational Mall Equipment"},{"@type":"BreadcrumbList","@id":"https:\/\/amuse-mfg.com\/product\/swawa-kids-interactive-sensory-tables-fishing-pools-high-roi-educational-mall-equipment\/#breadcrumb","itemListElement":[{"@type":"ListItem","position":1,"name":"Home","item":"https:\/\/amuse-mfg.com\/"},{"@type":"ListItem","position":2,"name":"Shop","item":"https:\/\/amuse-mfg.com\/shop\/"},{"@type":"ListItem","position":3,"name":"Swawa Kids&#8217; Interactive Sensory Tables &#038; Fishing Pools | High-ROI Educational Mall Equipment"}]},{"@type":"WebSite","@id":"https:\/\/amuse-mfg.com\/#website","url":"https:\/\/amuse-mfg.com\/","name":"Swawa | Hersteller von Fahrgesch\u00e4ften | Komplettl\u00f6sungen | Hersteller von Kirmesausr\u00fcstung","description":"Direkter Hersteller von Fahrgesch\u00e4ften und Spielplatzger\u00e4ten. Wir exportieren in \u00fcber 20 L\u00e4nder und bieten Ausr\u00fcstung, Parkdesign, Ertragspl\u00e4ne und umfassenden Kundendienst.","publisher":{"@id":"https:\/\/amuse-mfg.com\/#organization"},"alternateName":"Swawa | Amusement Rides Manufacturer","potentialAction":[{"@type":"SearchAction","target":{"@type":"EntryPoint","urlTemplate":"https:\/\/amuse-mfg.com\/?s={search_term_string}"},"query-input":{"@type":"PropertyValueSpecification","valueRequired":true,"valueName":"search_term_string"}}],"inLanguage":"de"},{"@type":"Organization","@id":"https:\/\/amuse-mfg.com\/#organization","name":"Swawa | Hersteller von Fahrgesch\u00e4ften | Komplettl\u00f6sungen | Hersteller von Kirmesausr\u00fcstung","alternateName":"Swawa","url":"https:\/\/amuse-mfg.com\/","logo":{"@type":"ImageObject","inLanguage":"de","@id":"https:\/\/amuse-mfg.com\/#\/schema\/logo\/image\/","url":"https:\/\/amuse-mfg.com\/wp-content\/uploads\/2025\/12\/favicon-3.png","contentUrl":"https:\/\/amuse-mfg.com\/wp-content\/uploads\/2025\/12\/favicon-3.png","width":192,"height":192,"caption":"Swawa | Amusement Rides Manufacturer | Complete Solutions | Funfair Equipment Manufacturer"},"image":{"@id":"https:\/\/amuse-mfg.com\/#\/schema\/logo\/image\/"},"sameAs":["https:\/\/www.youtube.com\/@SwawaAmuse-Mfg","https:\/\/www.pinterest.com\/swawamfg\/","https:\/\/www.instagram.com\/swawamfg\/"]}]}},"_links":{"self":[{"href":"https:\/\/amuse-mfg.com\/de\/wp-json\/wp\/v2\/product\/6043","targetHints":{"allow":["GET"]}}],"collection":[{"href":"https:\/\/amuse-mfg.com\/de\/wp-json\/wp\/v2\/product"}],"about":[{"href":"https:\/\/amuse-mfg.com\/de\/wp-json\/wp\/v2\/types\/product"}],"wp:featuredmedia":[{"embeddable":true,"href":"https:\/\/amuse-mfg.com\/de\/wp-json\/wp\/v2\/media\/6045"}],"wp:attachment":[{"href":"https:\/\/amuse-mfg.com\/de\/wp-json\/wp\/v2\/media?parent=6043"}],"wp:term":[{"taxonomy":"product_brand","embeddable":true,"href":"https:\/\/amuse-mfg.com\/de\/wp-json\/wp\/v2\/product_brand?post=6043"},{"taxonomy":"product_cat","embeddable":true,"href":"https:\/\/amuse-mfg.com\/de\/wp-json\/wp\/v2\/product_cat?post=6043"},{"taxonomy":"product_tag","embeddable":true,"href":"https:\/\/amuse-mfg.com\/de\/wp-json\/wp\/v2\/product_tag?post=6043"}],"curies":[{"name":"wp","href":"https:\/\/api.w.org\/{rel}","templated":true}]}}