{"id":5852,"date":"2025-12-25T02:30:54","date_gmt":"2025-12-25T02:30:54","guid":{"rendered":"https:\/\/amuse-mfg.com\/?post_type=product&#038;p=5852"},"modified":"2025-12-25T02:30:54","modified_gmt":"2025-12-25T02:30:54","slug":"swawa-koduck-themed-trackless-train-high-roi-electric-mall-ride-with-lithium-battery","status":"publish","type":"product","link":"https:\/\/amuse-mfg.com\/de\/product\/swawa-koduck-themed-trackless-train-high-roi-electric-mall-ride-with-lithium-battery\/","title":{"rendered":"Swawa Koduck Themen-Trackless-Zug \u2013 Elektrisches Fahrgesch\u00e4ft f\u00fcr Einkaufszentren mit Lithium-Batterie und hoher Kapitalrendite"},"content":{"rendered":"<p>Treffen Sie die <strong>Swawa Koduck Mini-Zug<\/strong>, der ultimative Publikumsmagnet f\u00fcr Einkaufszentren und Familienunterhaltungszentren. Im Gegensatz zu herk\u00f6mmlichen Blei-S\u00e4ure-Z\u00fcgen wird dieses Ger\u00e4t angetrieben durch <strong>fortschrittliche Lithium-Eisenphosphat-Batterien<\/strong>, wodurch ein voller Betriebstag mit schnellerer Aufladung und ohne Wartungsprobleme gew\u00e4hrleistet ist. Dank seines 1,2 m schmalen Geh\u00e4uses kann er m\u00fchelos durch enge G\u00e4nge navigieren und so ungenutzten Raum in eine mobile Einnahmequelle verwandeln. Mit seinem auff\u00e4lligen \u201cKoduck\u201d-IP-Design zieht er sofort die Aufmerksamkeit der Kinder auf sich und garantiert so einen hohen Ticketumsatz und eine <strong>Die Kapitalrendite (ROI) ist oft schon innerhalb von nur 2\u20133 Monaten zu beobachten.<\/strong>.<\/p>\n<p dir=\"auto\">\n<div class=\"relative w-full group mb-2\">\n<div class=\"scrollbar-hidden relative overflow-x-auto max-w-full\">\n<table class=\"w-full text-sm text-left text-gray-500 dark:text-gray-400 max-w-full rounded-xl\">\n<thead class=\"text-xs text-gray-700 uppercase bg-white dark:bg-gray-900 dark:text-gray-400 border-none\">\n<tr>\n<th class=\"px-2.5! py-2! cursor-pointer border-b border-gray-100! dark:border-gray-800!\" scope=\"col\">\n<div class=\"gap-1.5 text-left\">\n<div class=\"shrink-0 break-normal\">Merkmal<\/div>\n<\/div>\n<\/th>\n<th class=\"px-2.5! py-2! cursor-pointer border-b border-gray-100! dark:border-gray-800!\" scope=\"col\">\n<div class=\"gap-1.5 text-left\">\n<div class=\"shrink-0 break-normal\">Einzelheiten<\/div>\n<\/div>\n<\/th>\n<\/tr>\n<\/thead>\n<tbody>\n<tr class=\"bg-white dark:bg-gray-900 text-xs\">\n<td class=\"px-3! py-2! text-gray-900 dark:text-white w-max border-b border-gray-50! dark:border-gray-850!\">\n<div class=\"break-normal\"><strong>Produktname<\/strong><\/div>\n<\/td>\n<td class=\"px-3! py-2! text-gray-900 dark:text-white w-max border-b border-gray-50! dark:border-gray-850!\">\n<div class=\"break-normal\">Koduck-Minizug<\/div>\n<\/td>\n<\/tr>\n<tr class=\"bg-white dark:bg-gray-900 text-xs\">\n<td class=\"px-3! py-2! text-gray-900 dark:text-white w-max border-b border-gray-50! dark:border-gray-850!\">\n<div class=\"break-normal\"><strong>Abmessungen<\/strong><\/div>\n<\/td>\n<td class=\"px-3! py-2! text-gray-900 dark:text-white w-max border-b border-gray-50! dark:border-gray-850!\">\n<div class=\"break-normal\">L 12 m * B 1,2 m * H 1,4\u20131,6 m<\/div>\n<\/td>\n<\/tr>\n<tr class=\"bg-white dark:bg-gray-900 text-xs\">\n<td class=\"px-3! py-2! text-gray-900 dark:text-white w-max border-b border-gray-50! dark:border-gray-850!\">\n<div class=\"break-normal\"><strong>Kapazit\u00e4t<\/strong><\/div>\n<\/td>\n<td class=\"px-3! py-2! text-gray-900 dark:text-white w-max border-b border-gray-50! dark:border-gray-850!\">\n<div class=\"break-normal\">11 Personen (1 Fahrer + 10 Passagiere)<\/div>\n<\/td>\n<\/tr>\n<tr class=\"bg-white dark:bg-gray-900 text-xs\">\n<td class=\"px-3! py-2! text-gray-900 dark:text-white w-max border-b border-gray-50! dark:border-gray-850!\">\n<div class=\"break-normal\"><strong>Motorleistung<\/strong><\/div>\n<\/td>\n<td class=\"px-3! py-2! text-gray-900 dark:text-white w-max border-b border-gray-50! dark:border-gray-850!\">\n<div class=\"break-normal\">2,5-kW-Motor mit hohem Drehmoment<\/div>\n<\/td>\n<\/tr>\n<tr class=\"bg-white dark:bg-gray-900 text-xs\">\n<td class=\"px-3! py-2! text-gray-900 dark:text-white w-max border-b border-gray-50! dark:border-gray-850!\">\n<div class=\"break-normal\"><strong>Stromversorgung<\/strong><\/div>\n<\/td>\n<td class=\"px-3! py-2! text-gray-900 dark:text-white w-max border-b border-gray-50! dark:border-gray-850!\">\n<div class=\"break-normal\">2 S\u00e4tze 48V 120AH Lithium-Eisenphosphat-Batterien<\/div>\n<\/td>\n<\/tr>\n<tr class=\"bg-white dark:bg-gray-900 text-xs\">\n<td class=\"px-3! py-2! text-gray-900 dark:text-white w-max border-b border-gray-50! dark:border-gray-850!\">\n<div class=\"break-normal\"><strong>Fahrmodus<\/strong><\/div>\n<\/td>\n<td class=\"px-3! py-2! text-gray-900 dark:text-white w-max border-b border-gray-50! dark:border-gray-850!\">\n<div class=\"break-normal\">Eine Lokomotive zieht f\u00fcnf Waggons<\/div>\n<\/td>\n<\/tr>\n<tr class=\"bg-white dark:bg-gray-900 text-xs\">\n<td class=\"px-3! py-2! text-gray-900 dark:text-white w-max border-b border-gray-50! dark:border-gray-850!\">\n<div class=\"break-normal\"><strong>Material<\/strong><\/div>\n<\/td>\n<td class=\"px-3! py-2! text-gray-900 dark:text-white w-max border-b border-gray-50! dark:border-gray-850!\">\n<div class=\"break-normal\">Glasfaserverst\u00e4rkter Kunststoff (GFK) + Stahlrahmen<\/div>\n<\/td>\n<\/tr>\n<tr class=\"bg-white dark:bg-gray-900 text-xs\">\n<td class=\"px-3! py-2! text-gray-900 dark:text-white w-max\">\n<div class=\"break-normal\"><strong>Verwendung<\/strong><\/div>\n<\/td>\n<td class=\"px-3! py-2! text-gray-900 dark:text-white w-max\">\n<div class=\"break-normal\">Innen-\/Au\u00dfenbereich (Einkaufszentren, Pl\u00e4tze, Parks)<\/div>\n<\/td>\n<\/tr>\n<\/tbody>\n<\/table>\n<\/div>\n<\/div>","protected":false},"excerpt":{"rendered":"<p>Suche nach einem <strong>Koduck-gleisloses Zugsystem<\/strong> F\u00fcr Ihren Veranstaltungsort? Swawa bietet dieses Elektrofahrzeug mit 11 Sitzpl\u00e4tzen und sicheren LiFePO4-Batterien an. Keine Schienen erforderlich, Einrichtung in 20 Tagen. <strong>Fordern Sie noch heute ein Angebot direkt vom Hersteller an!<\/strong><\/p>","protected":false},"featured_media":5853,"menu_order":0,"template":"","meta":[],"product_brand":[],"product_cat":[58,56],"product_tag":[],"class_list":{"0":"post-5852","1":"product","2":"type-product","3":"status-publish","4":"has-post-thumbnail","6":"product_cat-shopping-mall-equipment","7":"product_cat-trackless-train-rides","9":"first","10":"instock","11":"shipping-taxable","12":"product-type-simple"},"yoast_head":"<!-- This site is optimized with the Yoast SEO plugin v26.6 - https:\/\/yoast.com\/wordpress\/plugins\/seo\/ -->\n<title>Swawa Koduck Themed Trackless Train - High-ROI Electric Mall Ride with Lithium Battery | Swawa | Amusement Rides Manufacturer | Complete Solutions | Funfair Equipment Manufacturer<\/title>\n<meta name=\"robots\" content=\"index, follow, max-snippet:-1, max-image-preview:large, max-video-preview:-1\" \/>\n<link rel=\"canonical\" href=\"https:\/\/amuse-mfg.com\/de\/product\/swawa-koduck-themed-trackless-train-high-roi-electric-mall-ride-with-lithium-battery\/\" \/>\n<meta property=\"og:locale\" content=\"de_DE\" \/>\n<meta property=\"og:type\" content=\"article\" \/>\n<meta property=\"og:title\" content=\"Swawa Koduck Themed Trackless Train - High-ROI Electric Mall Ride with Lithium Battery | Swawa | Amusement Rides Manufacturer | Complete Solutions | Funfair Equipment Manufacturer\" \/>\n<meta property=\"og:description\" content=\"Looking for a Koduck Trackless Train for your venue? Swawa offers this 11-seater electric ride with safe LiFePO4 batteries. No track required, set up in 20 days. Get a factory direct quote today!\" \/>\n<meta property=\"og:url\" content=\"https:\/\/amuse-mfg.com\/de\/product\/swawa-koduck-themed-trackless-train-high-roi-electric-mall-ride-with-lithium-battery\/\" \/>\n<meta property=\"og:site_name\" content=\"Swawa | Amusement Rides Manufacturer | Complete Solutions | Funfair Equipment Manufacturer\" \/>\n<meta property=\"og:image\" content=\"https:\/\/amuse-mfg.com\/wp-content\/uploads\/2025\/12\/dadaya.png\" \/>\n\t<meta property=\"og:image:width\" content=\"1627\" \/>\n\t<meta property=\"og:image:height\" content=\"900\" \/>\n\t<meta property=\"og:image:type\" content=\"image\/png\" \/>\n<meta name=\"twitter:card\" content=\"summary_large_image\" \/>\n<meta name=\"twitter:label1\" content=\"Est. reading time\" \/>\n\t<meta name=\"twitter:data1\" content=\"1\u00a0Minute\" \/>\n<script type=\"application\/ld+json\" class=\"yoast-schema-graph\">{\"@context\":\"https:\/\/schema.org\",\"@graph\":[{\"@type\":\"WebPage\",\"@id\":\"https:\/\/amuse-mfg.com\/product\/swawa-koduck-themed-trackless-train-high-roi-electric-mall-ride-with-lithium-battery\/\",\"url\":\"https:\/\/amuse-mfg.com\/product\/swawa-koduck-themed-trackless-train-high-roi-electric-mall-ride-with-lithium-battery\/\",\"name\":\"Swawa Koduck Themed Trackless Train - High-ROI Electric Mall Ride with Lithium Battery | Swawa | Amusement Rides Manufacturer | Complete Solutions | Funfair Equipment Manufacturer\",\"isPartOf\":{\"@id\":\"https:\/\/amuse-mfg.com\/#website\"},\"primaryImageOfPage\":{\"@id\":\"https:\/\/amuse-mfg.com\/product\/swawa-koduck-themed-trackless-train-high-roi-electric-mall-ride-with-lithium-battery\/#primaryimage\"},\"image\":{\"@id\":\"https:\/\/amuse-mfg.com\/product\/swawa-koduck-themed-trackless-train-high-roi-electric-mall-ride-with-lithium-battery\/#primaryimage\"},\"thumbnailUrl\":\"https:\/\/amuse-mfg.com\/wp-content\/uploads\/2025\/12\/dadaya.png\",\"datePublished\":\"2025-12-25T02:30:54+00:00\",\"breadcrumb\":{\"@id\":\"https:\/\/amuse-mfg.com\/product\/swawa-koduck-themed-trackless-train-high-roi-electric-mall-ride-with-lithium-battery\/#breadcrumb\"},\"inLanguage\":\"de\",\"potentialAction\":[{\"@type\":\"ReadAction\",\"target\":[\"https:\/\/amuse-mfg.com\/product\/swawa-koduck-themed-trackless-train-high-roi-electric-mall-ride-with-lithium-battery\/\"]}]},{\"@type\":\"ImageObject\",\"inLanguage\":\"de\",\"@id\":\"https:\/\/amuse-mfg.com\/product\/swawa-koduck-themed-trackless-train-high-roi-electric-mall-ride-with-lithium-battery\/#primaryimage\",\"url\":\"https:\/\/amuse-mfg.com\/wp-content\/uploads\/2025\/12\/dadaya.png\",\"contentUrl\":\"https:\/\/amuse-mfg.com\/wp-content\/uploads\/2025\/12\/dadaya.png\",\"width\":1627,\"height\":900},{\"@type\":\"BreadcrumbList\",\"@id\":\"https:\/\/amuse-mfg.com\/product\/swawa-koduck-themed-trackless-train-high-roi-electric-mall-ride-with-lithium-battery\/#breadcrumb\",\"itemListElement\":[{\"@type\":\"ListItem\",\"position\":1,\"name\":\"Home\",\"item\":\"https:\/\/amuse-mfg.com\/\"},{\"@type\":\"ListItem\",\"position\":2,\"name\":\"Shop\",\"item\":\"https:\/\/amuse-mfg.com\/shop\/\"},{\"@type\":\"ListItem\",\"position\":3,\"name\":\"Swawa Koduck Themed Trackless Train &#8211; High-ROI Electric Mall Ride with Lithium Battery\"}]},{\"@type\":\"WebSite\",\"@id\":\"https:\/\/amuse-mfg.com\/#website\",\"url\":\"https:\/\/amuse-mfg.com\/\",\"name\":\"Swawa | Amusement Rides Manufacturer | Complete Solutions | Funfair Equipment Manufacturer\",\"description\":\"Direct factory of amusement rides &amp; playground equipment. Exported to over 20 countries, we offer equipment, park design, revenue plans and full after-sales service.\",\"publisher\":{\"@id\":\"https:\/\/amuse-mfg.com\/#organization\"},\"alternateName\":\"Swawa | Amusement Rides Manufacturer\",\"potentialAction\":[{\"@type\":\"SearchAction\",\"target\":{\"@type\":\"EntryPoint\",\"urlTemplate\":\"https:\/\/amuse-mfg.com\/?s={search_term_string}\"},\"query-input\":{\"@type\":\"PropertyValueSpecification\",\"valueRequired\":true,\"valueName\":\"search_term_string\"}}],\"inLanguage\":\"de\"},{\"@type\":\"Organization\",\"@id\":\"https:\/\/amuse-mfg.com\/#organization\",\"name\":\"Swawa | Amusement Rides Manufacturer | Complete Solutions | Funfair Equipment Manufacturer\",\"alternateName\":\"Swawa\",\"url\":\"https:\/\/amuse-mfg.com\/\",\"logo\":{\"@type\":\"ImageObject\",\"inLanguage\":\"de\",\"@id\":\"https:\/\/amuse-mfg.com\/#\/schema\/logo\/image\/\",\"url\":\"https:\/\/amuse-mfg.com\/wp-content\/uploads\/2025\/12\/favicon-3.png\",\"contentUrl\":\"https:\/\/amuse-mfg.com\/wp-content\/uploads\/2025\/12\/favicon-3.png\",\"width\":192,\"height\":192,\"caption\":\"Swawa | Amusement Rides Manufacturer | Complete Solutions | Funfair Equipment Manufacturer\"},\"image\":{\"@id\":\"https:\/\/amuse-mfg.com\/#\/schema\/logo\/image\/\"},\"sameAs\":[\"https:\/\/www.youtube.com\/@SwawaAmuse-Mfg\",\"https:\/\/www.pinterest.com\/swawamfg\/\",\"https:\/\/www.instagram.com\/swawamfg\/\"]}]}<\/script>\n<!-- \/ Yoast SEO plugin. -->","yoast_head_json":{"title":"Swawa Koduck Themen-Trackless-Zug \u2013 Elektrische Mall-Attraktion mit hohem ROI und Lithium-Batterie | Swawa | Hersteller von Vergn\u00fcgungsattraktionen | Komplettl\u00f6sungen | Hersteller von Jahrmarktsausr\u00fcstung","robots":{"index":"index","follow":"follow","max-snippet":"max-snippet:-1","max-image-preview":"max-image-preview:large","max-video-preview":"max-video-preview:-1"},"canonical":"https:\/\/amuse-mfg.com\/de\/product\/swawa-koduck-themed-trackless-train-high-roi-electric-mall-ride-with-lithium-battery\/","og_locale":"de_DE","og_type":"article","og_title":"Swawa Koduck Themed Trackless Train - High-ROI Electric Mall Ride with Lithium Battery | Swawa | Amusement Rides Manufacturer | Complete Solutions | Funfair Equipment Manufacturer","og_description":"Looking for a Koduck Trackless Train for your venue? Swawa offers this 11-seater electric ride with safe LiFePO4 batteries. No track required, set up in 20 days. Get a factory direct quote today!","og_url":"https:\/\/amuse-mfg.com\/de\/product\/swawa-koduck-themed-trackless-train-high-roi-electric-mall-ride-with-lithium-battery\/","og_site_name":"Swawa | Amusement Rides Manufacturer | Complete Solutions | Funfair Equipment Manufacturer","og_image":[{"width":1627,"height":900,"url":"https:\/\/amuse-mfg.com\/wp-content\/uploads\/2025\/12\/dadaya.png","type":"image\/png"}],"twitter_card":"summary_large_image","twitter_misc":{"Est. reading time":"1\u00a0Minute"},"schema":{"@context":"https:\/\/schema.org","@graph":[{"@type":"WebPage","@id":"https:\/\/amuse-mfg.com\/product\/swawa-koduck-themed-trackless-train-high-roi-electric-mall-ride-with-lithium-battery\/","url":"https:\/\/amuse-mfg.com\/product\/swawa-koduck-themed-trackless-train-high-roi-electric-mall-ride-with-lithium-battery\/","name":"Swawa Koduck Themen-Trackless-Zug \u2013 Elektrische Mall-Attraktion mit hohem ROI und Lithium-Batterie | Swawa | Hersteller von Vergn\u00fcgungsattraktionen | Komplettl\u00f6sungen | Hersteller von Jahrmarktsausr\u00fcstung","isPartOf":{"@id":"https:\/\/amuse-mfg.com\/#website"},"primaryImageOfPage":{"@id":"https:\/\/amuse-mfg.com\/product\/swawa-koduck-themed-trackless-train-high-roi-electric-mall-ride-with-lithium-battery\/#primaryimage"},"image":{"@id":"https:\/\/amuse-mfg.com\/product\/swawa-koduck-themed-trackless-train-high-roi-electric-mall-ride-with-lithium-battery\/#primaryimage"},"thumbnailUrl":"https:\/\/amuse-mfg.com\/wp-content\/uploads\/2025\/12\/dadaya.png","datePublished":"2025-12-25T02:30:54+00:00","breadcrumb":{"@id":"https:\/\/amuse-mfg.com\/product\/swawa-koduck-themed-trackless-train-high-roi-electric-mall-ride-with-lithium-battery\/#breadcrumb"},"inLanguage":"de","potentialAction":[{"@type":"ReadAction","target":["https:\/\/amuse-mfg.com\/product\/swawa-koduck-themed-trackless-train-high-roi-electric-mall-ride-with-lithium-battery\/"]}]},{"@type":"ImageObject","inLanguage":"de","@id":"https:\/\/amuse-mfg.com\/product\/swawa-koduck-themed-trackless-train-high-roi-electric-mall-ride-with-lithium-battery\/#primaryimage","url":"https:\/\/amuse-mfg.com\/wp-content\/uploads\/2025\/12\/dadaya.png","contentUrl":"https:\/\/amuse-mfg.com\/wp-content\/uploads\/2025\/12\/dadaya.png","width":1627,"height":900},{"@type":"BreadcrumbList","@id":"https:\/\/amuse-mfg.com\/product\/swawa-koduck-themed-trackless-train-high-roi-electric-mall-ride-with-lithium-battery\/#breadcrumb","itemListElement":[{"@type":"ListItem","position":1,"name":"Home","item":"https:\/\/amuse-mfg.com\/"},{"@type":"ListItem","position":2,"name":"Shop","item":"https:\/\/amuse-mfg.com\/shop\/"},{"@type":"ListItem","position":3,"name":"Swawa Koduck Themed Trackless Train &#8211; High-ROI Electric Mall Ride with Lithium Battery"}]},{"@type":"WebSite","@id":"https:\/\/amuse-mfg.com\/#website","url":"https:\/\/amuse-mfg.com\/","name":"Swawa | Hersteller von Fahrgesch\u00e4ften | Komplettl\u00f6sungen | Hersteller von Kirmesausr\u00fcstung","description":"Direkter Hersteller von Fahrgesch\u00e4ften und Spielplatzger\u00e4ten. Wir exportieren in \u00fcber 20 L\u00e4nder und bieten Ausr\u00fcstung, Parkdesign, Ertragspl\u00e4ne und umfassenden Kundendienst.","publisher":{"@id":"https:\/\/amuse-mfg.com\/#organization"},"alternateName":"Swawa | Amusement Rides Manufacturer","potentialAction":[{"@type":"SearchAction","target":{"@type":"EntryPoint","urlTemplate":"https:\/\/amuse-mfg.com\/?s={search_term_string}"},"query-input":{"@type":"PropertyValueSpecification","valueRequired":true,"valueName":"search_term_string"}}],"inLanguage":"de"},{"@type":"Organization","@id":"https:\/\/amuse-mfg.com\/#organization","name":"Swawa | Hersteller von Fahrgesch\u00e4ften | Komplettl\u00f6sungen | Hersteller von Kirmesausr\u00fcstung","alternateName":"Swawa","url":"https:\/\/amuse-mfg.com\/","logo":{"@type":"ImageObject","inLanguage":"de","@id":"https:\/\/amuse-mfg.com\/#\/schema\/logo\/image\/","url":"https:\/\/amuse-mfg.com\/wp-content\/uploads\/2025\/12\/favicon-3.png","contentUrl":"https:\/\/amuse-mfg.com\/wp-content\/uploads\/2025\/12\/favicon-3.png","width":192,"height":192,"caption":"Swawa | Amusement Rides Manufacturer | Complete Solutions | Funfair Equipment Manufacturer"},"image":{"@id":"https:\/\/amuse-mfg.com\/#\/schema\/logo\/image\/"},"sameAs":["https:\/\/www.youtube.com\/@SwawaAmuse-Mfg","https:\/\/www.pinterest.com\/swawamfg\/","https:\/\/www.instagram.com\/swawamfg\/"]}]}},"_links":{"self":[{"href":"https:\/\/amuse-mfg.com\/de\/wp-json\/wp\/v2\/product\/5852","targetHints":{"allow":["GET"]}}],"collection":[{"href":"https:\/\/amuse-mfg.com\/de\/wp-json\/wp\/v2\/product"}],"about":[{"href":"https:\/\/amuse-mfg.com\/de\/wp-json\/wp\/v2\/types\/product"}],"wp:featuredmedia":[{"embeddable":true,"href":"https:\/\/amuse-mfg.com\/de\/wp-json\/wp\/v2\/media\/5853"}],"wp:attachment":[{"href":"https:\/\/amuse-mfg.com\/de\/wp-json\/wp\/v2\/media?parent=5852"}],"wp:term":[{"taxonomy":"product_brand","embeddable":true,"href":"https:\/\/amuse-mfg.com\/de\/wp-json\/wp\/v2\/product_brand?post=5852"},{"taxonomy":"product_cat","embeddable":true,"href":"https:\/\/amuse-mfg.com\/de\/wp-json\/wp\/v2\/product_cat?post=5852"},{"taxonomy":"product_tag","embeddable":true,"href":"https:\/\/amuse-mfg.com\/de\/wp-json\/wp\/v2\/product_tag?post=5852"}],"curies":[{"name":"wp","href":"https:\/\/api.w.org\/{rel}","templated":true}]}}