{"id":5442,"date":"2025-12-19T06:06:53","date_gmt":"2025-12-19T06:06:53","guid":{"rendered":"https:\/\/amuse-mfg.com\/?post_type=product&#038;p=5442"},"modified":"2025-12-22T03:20:28","modified_gmt":"2025-12-22T03:20:28","slug":"swawa-futuristic-6-station-bungee-trampoline-high-roi-commercial-attraction-for-parks-malls","status":"publish","type":"product","link":"https:\/\/amuse-mfg.com\/de\/product\/swawa-futuristic-6-station-bungee-trampoline-high-roi-commercial-attraction-for-parks-malls\/","title":{"rendered":"Swawa Futuristisches 6-Stationen-Bungee-Trampolin - kommerzielle Attraktion mit hohem ROI f\u00fcr Parks und Einkaufszentren"},"content":{"rendered":"<p>Verwandeln Sie jede freie Fl\u00e4che mit dem <strong>Swawa Interstellar Bungee-Trampolin<\/strong>. Diese Attraktion, die auf der faszinierenden \u201cFuture Space\u201d-IP basiert, ist nicht einfach nur ein Trampolin \u2013 sie ist ein die Schwerkraft \u00fcberwindendes Abenteuer f\u00fcr bis zu sechs Kinder gleichzeitig.<\/p>\n<p>Im Gegensatz zu herk\u00f6mmlichen Einzelplatzger\u00e4ten maximiert unser 6-in-1-Design Ihren Umsatz pro Quadratmeter bei gleichzeitig nur einem Bediener, wodurch die Arbeitskosten deutlich gesenkt werden.<\/p>\n<p>Dank der Installation ohne Fundament und der ansprechenden LED-\u00c4sthetik k\u00f6nnen Sie Ihr Unternehmen in nur wenigen Tagen starten und bereits nach 3 Monaten einen ROI erzielen. .<\/p>\n<div class=\"my-2\"><\/div>\n<div class=\"relative w-full group mb-2\">\n<div class=\"scrollbar-hidden relative overflow-x-auto max-w-full\">\n<table class=\"w-full text-sm text-left text-gray-500 dark:text-gray-400 max-w-full rounded-xl\">\n<thead class=\"text-xs text-gray-700 uppercase bg-white dark:bg-gray-900 dark:text-gray-400 border-none\">\n<tr>\n<th class=\"px-2.5! py-2! cursor-pointer border-b border-gray-100! dark:border-gray-800!\" scope=\"col\">\n<div class=\"gap-1.5 text-left\">\n<div class=\"shrink-0 break-normal\">Parameter<\/div>\n<\/div>\n<\/th>\n<th class=\"px-2.5! py-2! cursor-pointer border-b border-gray-100! dark:border-gray-800!\" scope=\"col\">\n<div class=\"gap-1.5 text-left\">\n<div class=\"shrink-0 break-normal\">Wert<\/div>\n<\/div>\n<\/th>\n<\/tr>\n<\/thead>\n<tbody>\n<tr class=\"bg-white dark:bg-gray-900 text-xs\">\n<td class=\"px-3! py-2! text-gray-900 dark:text-white w-max border-b border-gray-50! dark:border-gray-850!\">\n<div class=\"break-normal\"><strong>Produktname<\/strong><\/div>\n<\/td>\n<td class=\"px-3! py-2! text-gray-900 dark:text-white w-max border-b border-gray-50! dark:border-gray-850!\">\n<div class=\"break-normal\">Interstellares Trampolin f\u00fcr 6 Personen<\/div>\n<\/td>\n<\/tr>\n<tr class=\"bg-white dark:bg-gray-900 text-xs\">\n<td class=\"px-3! py-2! text-gray-900 dark:text-white w-max border-b border-gray-50! dark:border-gray-850!\">\n<div class=\"break-normal\"><strong>Abmessungen (L<em>W<\/em>H)<\/strong><\/div>\n<\/td>\n<td class=\"px-3! py-2! text-gray-900 dark:text-white w-max border-b border-gray-50! dark:border-gray-850!\">\n<div class=\"break-normal\">7 m \u00d7 6 m \u00d7 5,6 m<\/div>\n<\/td>\n<\/tr>\n<tr class=\"bg-white dark:bg-gray-900 text-xs\">\n<td class=\"px-3! py-2! text-gray-900 dark:text-white w-max border-b border-gray-50! dark:border-gray-850!\">\n<div class=\"break-normal\"><strong>Kapazit\u00e4t<\/strong><\/div>\n<\/td>\n<td class=\"px-3! py-2! text-gray-900 dark:text-white w-max border-b border-gray-50! dark:border-gray-850!\">\n<div class=\"break-normal\">6 Personen<\/div>\n<\/td>\n<\/tr>\n<tr class=\"bg-white dark:bg-gray-900 text-xs\">\n<td class=\"px-3! py-2! text-gray-900 dark:text-white w-max border-b border-gray-50! dark:border-gray-850!\">\n<div class=\"break-normal\"><strong>Spannung<\/strong><\/div>\n<\/td>\n<td class=\"px-3! py-2! text-gray-900 dark:text-white w-max border-b border-gray-50! dark:border-gray-850!\">\n<div class=\"break-normal\">220 V<\/div>\n<\/td>\n<\/tr>\n<tr class=\"bg-white dark:bg-gray-900 text-xs\">\n<td class=\"px-3! py-2! text-gray-900 dark:text-white w-max border-b border-gray-50! dark:border-gray-850!\">\n<div class=\"break-normal\"><strong>Strom<\/strong><\/div>\n<\/td>\n<td class=\"px-3! py-2! text-gray-900 dark:text-white w-max border-b border-gray-50! dark:border-gray-850!\">\n<div class=\"break-normal\">4,5 kW<\/div>\n<\/td>\n<\/tr>\n<tr class=\"bg-white dark:bg-gray-900 text-xs\">\n<td class=\"px-3! py-2! text-gray-900 dark:text-white w-max border-b border-gray-50! dark:border-gray-850!\">\n<div class=\"break-normal\"><strong>Thema<\/strong><\/div>\n<\/td>\n<td class=\"px-3! py-2! text-gray-900 dark:text-white w-max border-b border-gray-50! dark:border-gray-850!\">\n<div class=\"break-normal\">Zukunftsweltraum \/ Mecha-Ente<\/div>\n<\/td>\n<\/tr>\n<tr class=\"bg-white dark:bg-gray-900 text-xs\">\n<td class=\"px-3! py-2! text-gray-900 dark:text-white w-max\">\n<div class=\"break-normal\"><strong>Einrichtung<\/strong><\/div>\n<\/td>\n<td class=\"px-3! py-2! text-gray-900 dark:text-white w-max\">\n<div class=\"break-normal\">Kein Fundament erforderlich<\/div>\n<\/td>\n<\/tr>\n<\/tbody>\n<\/table>\n<\/div>\n<\/div>","protected":false},"excerpt":{"rendered":"<p>Steigern Sie die Einnahmen Ihres Veranstaltungsortes mit dem Swawa Interstellar Trampolin! Es bietet Platz f\u00fcr 6 Spieler, ein immersives Weltraumdesign und l\u00e4sst sich ohne Fundament aufbauen. <strong>Angebot einholen<\/strong> f\u00fcr diese stark frequentierte und sich schnell amortisierende Attraktion noch heute.<\/p>","protected":false},"featured_media":5447,"menu_order":0,"template":"","meta":[],"product_brand":[],"product_cat":[55,58],"product_tag":[],"class_list":{"0":"post-5442","1":"product","2":"type-product","3":"status-publish","4":"has-post-thumbnail","6":"product_cat-childrens-kids-rides","7":"product_cat-shopping-mall-equipment","9":"first","10":"instock","11":"shipping-taxable","12":"purchasable","13":"product-type-simple"},"yoast_head":"<!-- This site is optimized with the Yoast SEO plugin v26.6 - https:\/\/yoast.com\/wordpress\/plugins\/seo\/ -->\n<title>Swawa Futuristic 6-Station Bungee Trampoline \u2013 High-ROI Commercial Attraction for Parks &amp; Malls | Swawa | Amusement Rides Manufacturer | Complete Solutions | Funfair Equipment Manufacturer<\/title>\n<meta name=\"robots\" content=\"index, follow, max-snippet:-1, max-image-preview:large, max-video-preview:-1\" \/>\n<link rel=\"canonical\" href=\"https:\/\/amuse-mfg.com\/de\/product\/swawa-futuristic-6-station-bungee-trampoline-high-roi-commercial-attraction-for-parks-malls\/\" \/>\n<meta property=\"og:locale\" content=\"de_DE\" \/>\n<meta property=\"og:type\" content=\"article\" \/>\n<meta property=\"og:title\" content=\"Swawa Futuristic 6-Station Bungee Trampoline \u2013 High-ROI Commercial Attraction for Parks &amp; Malls | Swawa | Amusement Rides Manufacturer | Complete Solutions | Funfair Equipment Manufacturer\" \/>\n<meta property=\"og:description\" content=\"Boost your venue&#039;s revenue with the Swawa Interstellar Trampoline! Features 6-player capacity, immersive space design, and zero-foundation setup. Get a Quote for this high-traffic, quick-ROI amusement ride today.\" \/>\n<meta property=\"og:url\" content=\"https:\/\/amuse-mfg.com\/de\/product\/swawa-futuristic-6-station-bungee-trampoline-high-roi-commercial-attraction-for-parks-malls\/\" \/>\n<meta property=\"og:site_name\" content=\"Swawa | Amusement Rides Manufacturer | Complete Solutions | Funfair Equipment Manufacturer\" \/>\n<meta property=\"article:modified_time\" content=\"2025-12-22T03:20:28+00:00\" \/>\n<meta property=\"og:image\" content=\"https:\/\/amuse-mfg.com\/wp-content\/uploads\/2025\/12\/\u661f\u9645\u63a2\u96696\u4eba\u8e66\u5e8a-4.png\" \/>\n\t<meta property=\"og:image:width\" content=\"1196\" \/>\n\t<meta property=\"og:image:height\" content=\"1236\" \/>\n\t<meta property=\"og:image:type\" content=\"image\/png\" \/>\n<meta name=\"twitter:card\" content=\"summary_large_image\" \/>\n<meta name=\"twitter:label1\" content=\"Est. reading time\" \/>\n\t<meta name=\"twitter:data1\" content=\"1\u00a0Minute\" \/>\n<script type=\"application\/ld+json\" class=\"yoast-schema-graph\">{\"@context\":\"https:\/\/schema.org\",\"@graph\":[{\"@type\":\"WebPage\",\"@id\":\"https:\/\/amuse-mfg.com\/product\/swawa-futuristic-6-station-bungee-trampoline-high-roi-commercial-attraction-for-parks-malls\/\",\"url\":\"https:\/\/amuse-mfg.com\/product\/swawa-futuristic-6-station-bungee-trampoline-high-roi-commercial-attraction-for-parks-malls\/\",\"name\":\"Swawa Futuristic 6-Station Bungee Trampoline \u2013 High-ROI Commercial Attraction for Parks & Malls | Swawa | Amusement Rides Manufacturer | Complete Solutions | Funfair Equipment Manufacturer\",\"isPartOf\":{\"@id\":\"https:\/\/amuse-mfg.com\/#website\"},\"primaryImageOfPage\":{\"@id\":\"https:\/\/amuse-mfg.com\/product\/swawa-futuristic-6-station-bungee-trampoline-high-roi-commercial-attraction-for-parks-malls\/#primaryimage\"},\"image\":{\"@id\":\"https:\/\/amuse-mfg.com\/product\/swawa-futuristic-6-station-bungee-trampoline-high-roi-commercial-attraction-for-parks-malls\/#primaryimage\"},\"thumbnailUrl\":\"https:\/\/amuse-mfg.com\/wp-content\/uploads\/2025\/12\/\u661f\u9645\u63a2\u96696\u4eba\u8e66\u5e8a-4.png\",\"datePublished\":\"2025-12-19T06:06:53+00:00\",\"dateModified\":\"2025-12-22T03:20:28+00:00\",\"breadcrumb\":{\"@id\":\"https:\/\/amuse-mfg.com\/product\/swawa-futuristic-6-station-bungee-trampoline-high-roi-commercial-attraction-for-parks-malls\/#breadcrumb\"},\"inLanguage\":\"de\",\"potentialAction\":[{\"@type\":\"ReadAction\",\"target\":[\"https:\/\/amuse-mfg.com\/product\/swawa-futuristic-6-station-bungee-trampoline-high-roi-commercial-attraction-for-parks-malls\/\"]}]},{\"@type\":\"ImageObject\",\"inLanguage\":\"de\",\"@id\":\"https:\/\/amuse-mfg.com\/product\/swawa-futuristic-6-station-bungee-trampoline-high-roi-commercial-attraction-for-parks-malls\/#primaryimage\",\"url\":\"https:\/\/amuse-mfg.com\/wp-content\/uploads\/2025\/12\/\u661f\u9645\u63a2\u96696\u4eba\u8e66\u5e8a-4.png\",\"contentUrl\":\"https:\/\/amuse-mfg.com\/wp-content\/uploads\/2025\/12\/\u661f\u9645\u63a2\u96696\u4eba\u8e66\u5e8a-4.png\",\"width\":1196,\"height\":1236},{\"@type\":\"BreadcrumbList\",\"@id\":\"https:\/\/amuse-mfg.com\/product\/swawa-futuristic-6-station-bungee-trampoline-high-roi-commercial-attraction-for-parks-malls\/#breadcrumb\",\"itemListElement\":[{\"@type\":\"ListItem\",\"position\":1,\"name\":\"Home\",\"item\":\"https:\/\/amuse-mfg.com\/\"},{\"@type\":\"ListItem\",\"position\":2,\"name\":\"Shop\",\"item\":\"https:\/\/amuse-mfg.com\/shop\/\"},{\"@type\":\"ListItem\",\"position\":3,\"name\":\"Swawa Futuristic 6-Station Bungee Trampoline \u2013 High-ROI Commercial Attraction for Parks &#038; Malls\"}]},{\"@type\":\"WebSite\",\"@id\":\"https:\/\/amuse-mfg.com\/#website\",\"url\":\"https:\/\/amuse-mfg.com\/\",\"name\":\"Swawa | Amusement Rides Manufacturer | Complete Solutions | Funfair Equipment Manufacturer\",\"description\":\"Direct factory of amusement rides &amp; playground equipment. Exported to over 20 countries, we offer equipment, park design, revenue plans and full after-sales service.\",\"publisher\":{\"@id\":\"https:\/\/amuse-mfg.com\/#organization\"},\"alternateName\":\"Swawa | Amusement Rides Manufacturer\",\"potentialAction\":[{\"@type\":\"SearchAction\",\"target\":{\"@type\":\"EntryPoint\",\"urlTemplate\":\"https:\/\/amuse-mfg.com\/?s={search_term_string}\"},\"query-input\":{\"@type\":\"PropertyValueSpecification\",\"valueRequired\":true,\"valueName\":\"search_term_string\"}}],\"inLanguage\":\"de\"},{\"@type\":\"Organization\",\"@id\":\"https:\/\/amuse-mfg.com\/#organization\",\"name\":\"Swawa | Amusement Rides Manufacturer | Complete Solutions | Funfair Equipment Manufacturer\",\"alternateName\":\"Swawa\",\"url\":\"https:\/\/amuse-mfg.com\/\",\"logo\":{\"@type\":\"ImageObject\",\"inLanguage\":\"de\",\"@id\":\"https:\/\/amuse-mfg.com\/#\/schema\/logo\/image\/\",\"url\":\"https:\/\/amuse-mfg.com\/wp-content\/uploads\/2025\/12\/favicon-3.png\",\"contentUrl\":\"https:\/\/amuse-mfg.com\/wp-content\/uploads\/2025\/12\/favicon-3.png\",\"width\":192,\"height\":192,\"caption\":\"Swawa | Amusement Rides Manufacturer | Complete Solutions | Funfair Equipment Manufacturer\"},\"image\":{\"@id\":\"https:\/\/amuse-mfg.com\/#\/schema\/logo\/image\/\"},\"sameAs\":[\"https:\/\/www.youtube.com\/@SwawaAmuse-Mfg\",\"https:\/\/www.pinterest.com\/swawamfg\/\",\"https:\/\/www.instagram.com\/swawamfg\/\"]}]}<\/script>\n<!-- \/ Yoast SEO plugin. -->","yoast_head_json":{"title":"Swawa Futuristisches 6-Stationen-Bungee-Trampolin \u2013 Kommerzielle Attraktion mit hohem ROI f\u00fcr Parks und Einkaufszentren | Swawa | Hersteller von Fahrgesch\u00e4ften | Komplettl\u00f6sungen | Hersteller von Jahrmarktsausr\u00fcstung","robots":{"index":"index","follow":"follow","max-snippet":"max-snippet:-1","max-image-preview":"max-image-preview:large","max-video-preview":"max-video-preview:-1"},"canonical":"https:\/\/amuse-mfg.com\/de\/product\/swawa-futuristic-6-station-bungee-trampoline-high-roi-commercial-attraction-for-parks-malls\/","og_locale":"de_DE","og_type":"article","og_title":"Swawa Futuristic 6-Station Bungee Trampoline \u2013 High-ROI Commercial Attraction for Parks & Malls | Swawa | Amusement Rides Manufacturer | Complete Solutions | Funfair Equipment Manufacturer","og_description":"Boost your venue's revenue with the Swawa Interstellar Trampoline! Features 6-player capacity, immersive space design, and zero-foundation setup. Get a Quote for this high-traffic, quick-ROI amusement ride today.","og_url":"https:\/\/amuse-mfg.com\/de\/product\/swawa-futuristic-6-station-bungee-trampoline-high-roi-commercial-attraction-for-parks-malls\/","og_site_name":"Swawa | Amusement Rides Manufacturer | Complete Solutions | Funfair Equipment Manufacturer","article_modified_time":"2025-12-22T03:20:28+00:00","og_image":[{"width":1196,"height":1236,"url":"https:\/\/amuse-mfg.com\/wp-content\/uploads\/2025\/12\/\u661f\u9645\u63a2\u96696\u4eba\u8e66\u5e8a-4.png","type":"image\/png"}],"twitter_card":"summary_large_image","twitter_misc":{"Est. reading time":"1\u00a0Minute"},"schema":{"@context":"https:\/\/schema.org","@graph":[{"@type":"WebPage","@id":"https:\/\/amuse-mfg.com\/product\/swawa-futuristic-6-station-bungee-trampoline-high-roi-commercial-attraction-for-parks-malls\/","url":"https:\/\/amuse-mfg.com\/product\/swawa-futuristic-6-station-bungee-trampoline-high-roi-commercial-attraction-for-parks-malls\/","name":"Swawa Futuristisches 6-Stationen-Bungee-Trampolin \u2013 Kommerzielle Attraktion mit hohem ROI f\u00fcr Parks und Einkaufszentren | Swawa | Hersteller von Fahrgesch\u00e4ften | Komplettl\u00f6sungen | Hersteller von Jahrmarktsausr\u00fcstung","isPartOf":{"@id":"https:\/\/amuse-mfg.com\/#website"},"primaryImageOfPage":{"@id":"https:\/\/amuse-mfg.com\/product\/swawa-futuristic-6-station-bungee-trampoline-high-roi-commercial-attraction-for-parks-malls\/#primaryimage"},"image":{"@id":"https:\/\/amuse-mfg.com\/product\/swawa-futuristic-6-station-bungee-trampoline-high-roi-commercial-attraction-for-parks-malls\/#primaryimage"},"thumbnailUrl":"https:\/\/amuse-mfg.com\/wp-content\/uploads\/2025\/12\/\u661f\u9645\u63a2\u96696\u4eba\u8e66\u5e8a-4.png","datePublished":"2025-12-19T06:06:53+00:00","dateModified":"2025-12-22T03:20:28+00:00","breadcrumb":{"@id":"https:\/\/amuse-mfg.com\/product\/swawa-futuristic-6-station-bungee-trampoline-high-roi-commercial-attraction-for-parks-malls\/#breadcrumb"},"inLanguage":"de","potentialAction":[{"@type":"ReadAction","target":["https:\/\/amuse-mfg.com\/product\/swawa-futuristic-6-station-bungee-trampoline-high-roi-commercial-attraction-for-parks-malls\/"]}]},{"@type":"ImageObject","inLanguage":"de","@id":"https:\/\/amuse-mfg.com\/product\/swawa-futuristic-6-station-bungee-trampoline-high-roi-commercial-attraction-for-parks-malls\/#primaryimage","url":"https:\/\/amuse-mfg.com\/wp-content\/uploads\/2025\/12\/\u661f\u9645\u63a2\u96696\u4eba\u8e66\u5e8a-4.png","contentUrl":"https:\/\/amuse-mfg.com\/wp-content\/uploads\/2025\/12\/\u661f\u9645\u63a2\u96696\u4eba\u8e66\u5e8a-4.png","width":1196,"height":1236},{"@type":"BreadcrumbList","@id":"https:\/\/amuse-mfg.com\/product\/swawa-futuristic-6-station-bungee-trampoline-high-roi-commercial-attraction-for-parks-malls\/#breadcrumb","itemListElement":[{"@type":"ListItem","position":1,"name":"Home","item":"https:\/\/amuse-mfg.com\/"},{"@type":"ListItem","position":2,"name":"Shop","item":"https:\/\/amuse-mfg.com\/shop\/"},{"@type":"ListItem","position":3,"name":"Swawa Futuristic 6-Station Bungee Trampoline \u2013 High-ROI Commercial Attraction for Parks &#038; Malls"}]},{"@type":"WebSite","@id":"https:\/\/amuse-mfg.com\/#website","url":"https:\/\/amuse-mfg.com\/","name":"Swawa | Hersteller von Fahrgesch\u00e4ften | Komplettl\u00f6sungen | Hersteller von Kirmesausr\u00fcstung","description":"Direkter Hersteller von Fahrgesch\u00e4ften und Spielplatzger\u00e4ten. Wir exportieren in \u00fcber 20 L\u00e4nder und bieten Ausr\u00fcstung, Parkdesign, Ertragspl\u00e4ne und umfassenden Kundendienst.","publisher":{"@id":"https:\/\/amuse-mfg.com\/#organization"},"alternateName":"Swawa | Amusement Rides Manufacturer","potentialAction":[{"@type":"SearchAction","target":{"@type":"EntryPoint","urlTemplate":"https:\/\/amuse-mfg.com\/?s={search_term_string}"},"query-input":{"@type":"PropertyValueSpecification","valueRequired":true,"valueName":"search_term_string"}}],"inLanguage":"de"},{"@type":"Organization","@id":"https:\/\/amuse-mfg.com\/#organization","name":"Swawa | Hersteller von Fahrgesch\u00e4ften | Komplettl\u00f6sungen | Hersteller von Kirmesausr\u00fcstung","alternateName":"Swawa","url":"https:\/\/amuse-mfg.com\/","logo":{"@type":"ImageObject","inLanguage":"de","@id":"https:\/\/amuse-mfg.com\/#\/schema\/logo\/image\/","url":"https:\/\/amuse-mfg.com\/wp-content\/uploads\/2025\/12\/favicon-3.png","contentUrl":"https:\/\/amuse-mfg.com\/wp-content\/uploads\/2025\/12\/favicon-3.png","width":192,"height":192,"caption":"Swawa | Amusement Rides Manufacturer | Complete Solutions | Funfair Equipment Manufacturer"},"image":{"@id":"https:\/\/amuse-mfg.com\/#\/schema\/logo\/image\/"},"sameAs":["https:\/\/www.youtube.com\/@SwawaAmuse-Mfg","https:\/\/www.pinterest.com\/swawamfg\/","https:\/\/www.instagram.com\/swawamfg\/"]}]}},"_links":{"self":[{"href":"https:\/\/amuse-mfg.com\/de\/wp-json\/wp\/v2\/product\/5442","targetHints":{"allow":["GET"]}}],"collection":[{"href":"https:\/\/amuse-mfg.com\/de\/wp-json\/wp\/v2\/product"}],"about":[{"href":"https:\/\/amuse-mfg.com\/de\/wp-json\/wp\/v2\/types\/product"}],"wp:featuredmedia":[{"embeddable":true,"href":"https:\/\/amuse-mfg.com\/de\/wp-json\/wp\/v2\/media\/5447"}],"wp:attachment":[{"href":"https:\/\/amuse-mfg.com\/de\/wp-json\/wp\/v2\/media?parent=5442"}],"wp:term":[{"taxonomy":"product_brand","embeddable":true,"href":"https:\/\/amuse-mfg.com\/de\/wp-json\/wp\/v2\/product_brand?post=5442"},{"taxonomy":"product_cat","embeddable":true,"href":"https:\/\/amuse-mfg.com\/de\/wp-json\/wp\/v2\/product_cat?post=5442"},{"taxonomy":"product_tag","embeddable":true,"href":"https:\/\/amuse-mfg.com\/de\/wp-json\/wp\/v2\/product_tag?post=5442"}],"curies":[{"name":"wp","href":"https:\/\/api.w.org\/{rel}","templated":true}]}}