{"id":5392,"date":"2025-12-18T09:33:00","date_gmt":"2025-12-18T09:33:00","guid":{"rendered":"https:\/\/amuse-mfg.com\/?post_type=product&#038;p=5392"},"modified":"2025-12-22T03:20:29","modified_gmt":"2025-12-22T03:20:29","slug":"swawa-interstellar-space-shuttle-ride-futuristic-sci-fi-amusement-equipment-high-roi-immersive-18-seater-for-parks","status":"publish","type":"product","link":"https:\/\/amuse-mfg.com\/de\/product\/swawa-interstellar-space-shuttle-ride-futuristic-sci-fi-amusement-equipment-high-roi-immersive-18-seater-for-parks\/","title":{"rendered":"Swawa Interstellar Space Shuttle Ride | Futuristische Sci-Fi-Attraktion | Hoher ROI &amp; immersives 18-Sitzer-Erlebnis f\u00fcr Freizeitparks"},"content":{"rendered":"<p>Verwandeln Sie Ihren Veranstaltungsort mit dem <strong>Swawa Interstellar<\/strong>, Das Flaggschiff unserer \u201cStar Core Mobile Force\u201d-IP. Es ist nicht nur ein Fahrzeug, sondern ein echter Blickfang.<\/p>\n<p>Verkleidet mit hochwertigem, silberplattiertem Fiberglas und ausgestattet mit dynamisch rotierenden Fl\u00fcgeln und Triebwerken, bietet es selbst im Stillstand ein faszinierendes Science-Fiction-Spektakel.<\/p>\n<p>Mit einer Kapazit\u00e4t von 18 Personen und einem optimierten 8-kW-Stromversorgungssystem bietet es ein ausgewogenes Verh\u00e4ltnis zwischen hohem Durchsatz und niedrigen Betriebskosten.<\/p>\n<p>F\u00fcr Investoren bedeutet dies ein \u201cInstagram-taugliches\u201d Wahrzeichen, das vom ersten Tag an die Massen anzieht und so einen blitzschnellen ROI ohne den Aufwand komplexer Instandhaltung gew\u00e4hrleistet.<\/p>\n<div class=\"relative w-full group mb-2\">\n<div class=\"scrollbar-hidden relative overflow-x-auto max-w-full\">\n<table class=\"w-full text-sm text-left text-gray-500 dark:text-gray-400 max-w-full rounded-xl\" style=\"width: 100%; height: 220px;\">\n<thead class=\"text-xs text-gray-700 uppercase bg-white dark:bg-gray-900 dark:text-gray-400 border-none\">\n<tr style=\"height: 22px;\">\n<th class=\"px-2.5! py-2! cursor-pointer border-b border-gray-100! dark:border-gray-800!\" style=\"height: 22px;\" scope=\"col\">\n<div class=\"gap-1.5 text-left\">\n<div class=\"shrink-0 break-normal\">Parameter<\/div>\n<\/div>\n<\/th>\n<th class=\"px-2.5! py-2! cursor-pointer border-b border-gray-100! dark:border-gray-800!\" style=\"height: 22px;\" scope=\"col\">\n<div class=\"gap-1.5 text-left\">\n<div class=\"shrink-0 break-normal\">Wert<\/div>\n<\/div>\n<\/th>\n<\/tr>\n<\/thead>\n<tbody>\n<tr class=\"bg-white dark:bg-gray-900 text-xs\" style=\"height: 22px;\">\n<td class=\"px-3! py-2! text-gray-900 dark:text-white w-max border-b border-gray-50! dark:border-gray-850!\" style=\"height: 22px;\">\n<div class=\"break-normal\"><strong>Produktname<\/strong><\/div>\n<\/td>\n<td class=\"px-3! py-2! text-gray-900 dark:text-white w-max border-b border-gray-50! dark:border-gray-850!\" style=\"height: 22px;\">\n<div class=\"break-normal\">Interstellar (Star Core Mobile Force-Serie)<\/div>\n<\/td>\n<\/tr>\n<tr class=\"bg-white dark:bg-gray-900 text-xs\" style=\"height: 22px;\">\n<td class=\"px-3! py-2! text-gray-900 dark:text-white w-max border-b border-gray-50! dark:border-gray-850!\" style=\"height: 22px;\">\n<div class=\"break-normal\"><strong>Abmessungen (L<em>W<\/em>H)<\/strong><\/div>\n<\/td>\n<td class=\"px-3! py-2! text-gray-900 dark:text-white w-max border-b border-gray-50! dark:border-gray-850!\" style=\"height: 22px;\">\n<div class=\"break-normal\">15 m \u00d7 10 m \u00d7 6 m<\/div>\n<\/td>\n<\/tr>\n<tr class=\"bg-white dark:bg-gray-900 text-xs\" style=\"height: 22px;\">\n<td class=\"px-3! py-2! text-gray-900 dark:text-white w-max border-b border-gray-50! dark:border-gray-850!\" style=\"height: 22px;\">\n<div class=\"break-normal\"><strong>Kapazit\u00e4t<\/strong><\/div>\n<\/td>\n<td class=\"px-3! py-2! text-gray-900 dark:text-white w-max border-b border-gray-50! dark:border-gray-850!\" style=\"height: 22px;\">\n<div class=\"break-normal\">18 Personen<\/div>\n<\/td>\n<\/tr>\n<tr class=\"bg-white dark:bg-gray-900 text-xs\" style=\"height: 22px;\">\n<td class=\"px-3! py-2! text-gray-900 dark:text-white w-max border-b border-gray-50! dark:border-gray-850!\" style=\"height: 22px;\">\n<div class=\"break-normal\"><strong>Ausr\u00fcstung Gewicht<\/strong><\/div>\n<\/td>\n<td class=\"px-3! py-2! text-gray-900 dark:text-white w-max border-b border-gray-50! dark:border-gray-850!\" style=\"height: 22px;\">\n<div class=\"break-normal\">5.000 kg<\/div>\n<\/td>\n<\/tr>\n<tr class=\"bg-white dark:bg-gray-900 text-xs\" style=\"height: 22px;\">\n<td class=\"px-3! py-2! text-gray-900 dark:text-white w-max border-b border-gray-50! dark:border-gray-850!\" style=\"height: 22px;\">\n<div class=\"break-normal\"><strong>Strom<\/strong><\/div>\n<\/td>\n<td class=\"px-3! py-2! text-gray-900 dark:text-white w-max border-b border-gray-50! dark:border-gray-850!\" style=\"height: 22px;\">\n<div class=\"break-normal\">8 kW<\/div>\n<\/td>\n<\/tr>\n<tr class=\"bg-white dark:bg-gray-900 text-xs\" style=\"height: 22px;\">\n<td class=\"px-3! py-2! text-gray-900 dark:text-white w-max border-b border-gray-50! dark:border-gray-850!\" style=\"height: 22px;\">\n<div class=\"break-normal\"><strong>Spannung<\/strong><\/div>\n<\/td>\n<td class=\"px-3! py-2! text-gray-900 dark:text-white w-max border-b border-gray-50! dark:border-gray-850!\" style=\"height: 22px;\">\n<div class=\"break-normal\">380V<\/div>\n<\/td>\n<\/tr>\n<tr class=\"bg-white dark:bg-gray-900 text-xs\" style=\"height: 22px;\">\n<td class=\"px-3! py-2! text-gray-900 dark:text-white w-max border-b border-gray-50! dark:border-gray-850!\" style=\"height: 22px;\">\n<div class=\"break-normal\"><strong>Betriebsh\u00f6he<\/strong><\/div>\n<\/td>\n<td class=\"px-3! py-2! text-gray-900 dark:text-white w-max border-b border-gray-50! dark:border-gray-850!\" style=\"height: 22px;\">\n<div class=\"break-normal\">1,98 Mio.<\/div>\n<\/td>\n<\/tr>\n<tr class=\"bg-white dark:bg-gray-900 text-xs\" style=\"height: 22px;\">\n<td class=\"px-3! py-2! text-gray-900 dark:text-white w-max border-b border-gray-50! dark:border-gray-850!\" style=\"height: 22px;\">\n<div class=\"break-normal\"><strong>Material<\/strong><\/div>\n<\/td>\n<td class=\"px-3! py-2! text-gray-900 dark:text-white w-max border-b border-gray-50! dark:border-gray-850!\" style=\"height: 22px;\">\n<div class=\"break-normal\">Versilbertes Fiberglas (GFK), Acryl, Stahl<\/div>\n<\/td>\n<\/tr>\n<tr class=\"bg-white dark:bg-gray-900 text-xs\" style=\"height: 22px;\">\n<td class=\"px-3! py-2! text-gray-900 dark:text-white w-max\" style=\"height: 22px;\">\n<div class=\"break-normal\"><strong>Besondere Merkmale<\/strong><\/div>\n<\/td>\n<td class=\"px-3! py-2! text-gray-900 dark:text-white w-max\" style=\"height: 22px;\">\n<div class=\"break-normal\">Drehfl\u00fcgel (45\u00b0), Drehtriebwerke, LED-Beleuchtung<\/div>\n<\/td>\n<\/tr>\n<\/tbody>\n<\/table>\n<\/div>\n<\/div>","protected":false},"excerpt":{"rendered":"<p>Steigern Sie die Besucherzahlen Ihres Parks mit dem Swawa Interstellar Ride! Das Fahrgesch\u00e4ft besticht durch futuristisches Design, 18 Sitzpl\u00e4tze und beeindruckende LED-Effekte. Kein schweres Fundament erforderlich. Fordern Sie jetzt ein Angebot an und starten Sie innerhalb von 20 Tagen mit dem profitablen Betrieb!<\/p>","protected":false},"featured_media":5395,"menu_order":0,"template":"","meta":[],"product_brand":[],"product_cat":[54],"product_tag":[],"class_list":{"0":"post-5392","1":"product","2":"type-product","3":"status-publish","4":"has-post-thumbnail","6":"product_cat-outdoor-amusement-equipment","8":"first","9":"instock","10":"shipping-taxable","11":"purchasable","12":"product-type-simple"},"yoast_head":"<!-- This site is optimized with the Yoast SEO plugin v26.6 - https:\/\/yoast.com\/wordpress\/plugins\/seo\/ -->\n<title>Swawa Interstellar Space Shuttle Ride | Futuristic Sci-Fi Amusement Equipment | High-ROI &amp; Immersive 18-Seater for Parks | Swawa | Amusement Rides Manufacturer | Complete Solutions | Funfair Equipment Manufacturer<\/title>\n<meta name=\"robots\" content=\"index, follow, max-snippet:-1, max-image-preview:large, max-video-preview:-1\" \/>\n<link rel=\"canonical\" href=\"https:\/\/amuse-mfg.com\/de\/product\/swawa-interstellar-space-shuttle-ride-futuristic-sci-fi-amusement-equipment-high-roi-immersive-18-seater-for-parks\/\" \/>\n<meta property=\"og:locale\" content=\"de_DE\" \/>\n<meta property=\"og:type\" content=\"article\" \/>\n<meta property=\"og:title\" content=\"Swawa Interstellar Space Shuttle Ride | Futuristic Sci-Fi Amusement Equipment | High-ROI &amp; Immersive 18-Seater for Parks | Swawa | Amusement Rides Manufacturer | Complete Solutions | Funfair Equipment Manufacturer\" \/>\n<meta property=\"og:description\" content=\"Buy the Swawa Interstellar Ride to skyrocket your park&#039;s traffic! Featuring sci-fi aesthetics, 18-seat capacity, and dazzling LED effects. No heavy foundation needed. Get a quote and start profitable operations in 20 days!\" \/>\n<meta property=\"og:url\" content=\"https:\/\/amuse-mfg.com\/de\/product\/swawa-interstellar-space-shuttle-ride-futuristic-sci-fi-amusement-equipment-high-roi-immersive-18-seater-for-parks\/\" \/>\n<meta property=\"og:site_name\" content=\"Swawa | Amusement Rides Manufacturer | Complete Solutions | Funfair Equipment Manufacturer\" \/>\n<meta property=\"article:modified_time\" content=\"2025-12-22T03:20:29+00:00\" \/>\n<meta property=\"og:image\" content=\"https:\/\/amuse-mfg.com\/wp-content\/uploads\/2025\/12\/\u98de\u8f66-\u7a7f\u8d8a\u65f6\u7a7a003-\u526f\u672c.png\" \/>\n\t<meta property=\"og:image:width\" content=\"1750\" \/>\n\t<meta property=\"og:image:height\" content=\"984\" \/>\n\t<meta property=\"og:image:type\" content=\"image\/png\" \/>\n<meta name=\"twitter:card\" content=\"summary_large_image\" \/>\n<meta name=\"twitter:label1\" content=\"Est. reading time\" \/>\n\t<meta name=\"twitter:data1\" content=\"1\u00a0Minute\" \/>\n<script type=\"application\/ld+json\" class=\"yoast-schema-graph\">{\"@context\":\"https:\/\/schema.org\",\"@graph\":[{\"@type\":\"WebPage\",\"@id\":\"https:\/\/amuse-mfg.com\/product\/swawa-interstellar-space-shuttle-ride-futuristic-sci-fi-amusement-equipment-high-roi-immersive-18-seater-for-parks\/\",\"url\":\"https:\/\/amuse-mfg.com\/product\/swawa-interstellar-space-shuttle-ride-futuristic-sci-fi-amusement-equipment-high-roi-immersive-18-seater-for-parks\/\",\"name\":\"Swawa Interstellar Space Shuttle Ride | Futuristic Sci-Fi Amusement Equipment | High-ROI & Immersive 18-Seater for Parks | Swawa | Amusement Rides Manufacturer | Complete Solutions | Funfair Equipment Manufacturer\",\"isPartOf\":{\"@id\":\"https:\/\/amuse-mfg.com\/#website\"},\"primaryImageOfPage\":{\"@id\":\"https:\/\/amuse-mfg.com\/product\/swawa-interstellar-space-shuttle-ride-futuristic-sci-fi-amusement-equipment-high-roi-immersive-18-seater-for-parks\/#primaryimage\"},\"image\":{\"@id\":\"https:\/\/amuse-mfg.com\/product\/swawa-interstellar-space-shuttle-ride-futuristic-sci-fi-amusement-equipment-high-roi-immersive-18-seater-for-parks\/#primaryimage\"},\"thumbnailUrl\":\"https:\/\/amuse-mfg.com\/wp-content\/uploads\/2025\/12\/\u98de\u8f66-\u7a7f\u8d8a\u65f6\u7a7a003-\u526f\u672c.png\",\"datePublished\":\"2025-12-18T09:33:00+00:00\",\"dateModified\":\"2025-12-22T03:20:29+00:00\",\"breadcrumb\":{\"@id\":\"https:\/\/amuse-mfg.com\/product\/swawa-interstellar-space-shuttle-ride-futuristic-sci-fi-amusement-equipment-high-roi-immersive-18-seater-for-parks\/#breadcrumb\"},\"inLanguage\":\"de\",\"potentialAction\":[{\"@type\":\"ReadAction\",\"target\":[\"https:\/\/amuse-mfg.com\/product\/swawa-interstellar-space-shuttle-ride-futuristic-sci-fi-amusement-equipment-high-roi-immersive-18-seater-for-parks\/\"]}]},{\"@type\":\"ImageObject\",\"inLanguage\":\"de\",\"@id\":\"https:\/\/amuse-mfg.com\/product\/swawa-interstellar-space-shuttle-ride-futuristic-sci-fi-amusement-equipment-high-roi-immersive-18-seater-for-parks\/#primaryimage\",\"url\":\"https:\/\/amuse-mfg.com\/wp-content\/uploads\/2025\/12\/\u98de\u8f66-\u7a7f\u8d8a\u65f6\u7a7a003-\u526f\u672c.png\",\"contentUrl\":\"https:\/\/amuse-mfg.com\/wp-content\/uploads\/2025\/12\/\u98de\u8f66-\u7a7f\u8d8a\u65f6\u7a7a003-\u526f\u672c.png\",\"width\":1750,\"height\":984},{\"@type\":\"BreadcrumbList\",\"@id\":\"https:\/\/amuse-mfg.com\/product\/swawa-interstellar-space-shuttle-ride-futuristic-sci-fi-amusement-equipment-high-roi-immersive-18-seater-for-parks\/#breadcrumb\",\"itemListElement\":[{\"@type\":\"ListItem\",\"position\":1,\"name\":\"Home\",\"item\":\"https:\/\/amuse-mfg.com\/\"},{\"@type\":\"ListItem\",\"position\":2,\"name\":\"Shop\",\"item\":\"https:\/\/amuse-mfg.com\/shop\/\"},{\"@type\":\"ListItem\",\"position\":3,\"name\":\"Swawa Interstellar Space Shuttle Ride | Futuristic Sci-Fi Amusement Equipment | High-ROI &#038; Immersive 18-Seater for Parks\"}]},{\"@type\":\"WebSite\",\"@id\":\"https:\/\/amuse-mfg.com\/#website\",\"url\":\"https:\/\/amuse-mfg.com\/\",\"name\":\"Swawa | Amusement Rides Manufacturer | Complete Solutions | Funfair Equipment Manufacturer\",\"description\":\"Direct factory of amusement rides &amp; playground equipment. Exported to over 20 countries, we offer equipment, park design, revenue plans and full after-sales service.\",\"publisher\":{\"@id\":\"https:\/\/amuse-mfg.com\/#organization\"},\"alternateName\":\"Swawa | Amusement Rides Manufacturer\",\"potentialAction\":[{\"@type\":\"SearchAction\",\"target\":{\"@type\":\"EntryPoint\",\"urlTemplate\":\"https:\/\/amuse-mfg.com\/?s={search_term_string}\"},\"query-input\":{\"@type\":\"PropertyValueSpecification\",\"valueRequired\":true,\"valueName\":\"search_term_string\"}}],\"inLanguage\":\"de\"},{\"@type\":\"Organization\",\"@id\":\"https:\/\/amuse-mfg.com\/#organization\",\"name\":\"Swawa | Amusement Rides Manufacturer | Complete Solutions | Funfair Equipment Manufacturer\",\"alternateName\":\"Swawa\",\"url\":\"https:\/\/amuse-mfg.com\/\",\"logo\":{\"@type\":\"ImageObject\",\"inLanguage\":\"de\",\"@id\":\"https:\/\/amuse-mfg.com\/#\/schema\/logo\/image\/\",\"url\":\"https:\/\/amuse-mfg.com\/wp-content\/uploads\/2025\/12\/favicon-3.png\",\"contentUrl\":\"https:\/\/amuse-mfg.com\/wp-content\/uploads\/2025\/12\/favicon-3.png\",\"width\":192,\"height\":192,\"caption\":\"Swawa | Amusement Rides Manufacturer | Complete Solutions | Funfair Equipment Manufacturer\"},\"image\":{\"@id\":\"https:\/\/amuse-mfg.com\/#\/schema\/logo\/image\/\"},\"sameAs\":[\"https:\/\/www.youtube.com\/@SwawaAmuse-Mfg\",\"https:\/\/www.pinterest.com\/swawamfg\/\",\"https:\/\/www.instagram.com\/swawamfg\/\"]}]}<\/script>\n<!-- \/ Yoast SEO plugin. -->","yoast_head_json":{"title":"Swawa Interstellares Space Shuttle-Fahrgesch\u00e4ft | Futuristische Sci-Fi-Fahrgesch\u00e4ftanlage | Hoher ROI &amp; immersives 18-Sitzer-Fahrgesch\u00e4ft f\u00fcr Parks | Swawa | Hersteller von Fahrgesch\u00e4ften | Komplettl\u00f6sungen | Hersteller von Jahrmarktsausr\u00fcstung","robots":{"index":"index","follow":"follow","max-snippet":"max-snippet:-1","max-image-preview":"max-image-preview:large","max-video-preview":"max-video-preview:-1"},"canonical":"https:\/\/amuse-mfg.com\/de\/product\/swawa-interstellar-space-shuttle-ride-futuristic-sci-fi-amusement-equipment-high-roi-immersive-18-seater-for-parks\/","og_locale":"de_DE","og_type":"article","og_title":"Swawa Interstellar Space Shuttle Ride | Futuristic Sci-Fi Amusement Equipment | High-ROI & Immersive 18-Seater for Parks | Swawa | Amusement Rides Manufacturer | Complete Solutions | Funfair Equipment Manufacturer","og_description":"Buy the Swawa Interstellar Ride to skyrocket your park's traffic! Featuring sci-fi aesthetics, 18-seat capacity, and dazzling LED effects. No heavy foundation needed. Get a quote and start profitable operations in 20 days!","og_url":"https:\/\/amuse-mfg.com\/de\/product\/swawa-interstellar-space-shuttle-ride-futuristic-sci-fi-amusement-equipment-high-roi-immersive-18-seater-for-parks\/","og_site_name":"Swawa | Amusement Rides Manufacturer | Complete Solutions | Funfair Equipment Manufacturer","article_modified_time":"2025-12-22T03:20:29+00:00","og_image":[{"width":1750,"height":984,"url":"https:\/\/amuse-mfg.com\/wp-content\/uploads\/2025\/12\/\u98de\u8f66-\u7a7f\u8d8a\u65f6\u7a7a003-\u526f\u672c.png","type":"image\/png"}],"twitter_card":"summary_large_image","twitter_misc":{"Est. reading time":"1\u00a0Minute"},"schema":{"@context":"https:\/\/schema.org","@graph":[{"@type":"WebPage","@id":"https:\/\/amuse-mfg.com\/product\/swawa-interstellar-space-shuttle-ride-futuristic-sci-fi-amusement-equipment-high-roi-immersive-18-seater-for-parks\/","url":"https:\/\/amuse-mfg.com\/product\/swawa-interstellar-space-shuttle-ride-futuristic-sci-fi-amusement-equipment-high-roi-immersive-18-seater-for-parks\/","name":"Swawa Interstellares Space Shuttle-Fahrgesch\u00e4ft | Futuristische Sci-Fi-Fahrgesch\u00e4ftanlage | Hoher ROI &amp; immersives 18-Sitzer-Fahrgesch\u00e4ft f\u00fcr Parks | Swawa | Hersteller von Fahrgesch\u00e4ften | Komplettl\u00f6sungen | Hersteller von Jahrmarktsausr\u00fcstung","isPartOf":{"@id":"https:\/\/amuse-mfg.com\/#website"},"primaryImageOfPage":{"@id":"https:\/\/amuse-mfg.com\/product\/swawa-interstellar-space-shuttle-ride-futuristic-sci-fi-amusement-equipment-high-roi-immersive-18-seater-for-parks\/#primaryimage"},"image":{"@id":"https:\/\/amuse-mfg.com\/product\/swawa-interstellar-space-shuttle-ride-futuristic-sci-fi-amusement-equipment-high-roi-immersive-18-seater-for-parks\/#primaryimage"},"thumbnailUrl":"https:\/\/amuse-mfg.com\/wp-content\/uploads\/2025\/12\/\u98de\u8f66-\u7a7f\u8d8a\u65f6\u7a7a003-\u526f\u672c.png","datePublished":"2025-12-18T09:33:00+00:00","dateModified":"2025-12-22T03:20:29+00:00","breadcrumb":{"@id":"https:\/\/amuse-mfg.com\/product\/swawa-interstellar-space-shuttle-ride-futuristic-sci-fi-amusement-equipment-high-roi-immersive-18-seater-for-parks\/#breadcrumb"},"inLanguage":"de","potentialAction":[{"@type":"ReadAction","target":["https:\/\/amuse-mfg.com\/product\/swawa-interstellar-space-shuttle-ride-futuristic-sci-fi-amusement-equipment-high-roi-immersive-18-seater-for-parks\/"]}]},{"@type":"ImageObject","inLanguage":"de","@id":"https:\/\/amuse-mfg.com\/product\/swawa-interstellar-space-shuttle-ride-futuristic-sci-fi-amusement-equipment-high-roi-immersive-18-seater-for-parks\/#primaryimage","url":"https:\/\/amuse-mfg.com\/wp-content\/uploads\/2025\/12\/\u98de\u8f66-\u7a7f\u8d8a\u65f6\u7a7a003-\u526f\u672c.png","contentUrl":"https:\/\/amuse-mfg.com\/wp-content\/uploads\/2025\/12\/\u98de\u8f66-\u7a7f\u8d8a\u65f6\u7a7a003-\u526f\u672c.png","width":1750,"height":984},{"@type":"BreadcrumbList","@id":"https:\/\/amuse-mfg.com\/product\/swawa-interstellar-space-shuttle-ride-futuristic-sci-fi-amusement-equipment-high-roi-immersive-18-seater-for-parks\/#breadcrumb","itemListElement":[{"@type":"ListItem","position":1,"name":"Home","item":"https:\/\/amuse-mfg.com\/"},{"@type":"ListItem","position":2,"name":"Shop","item":"https:\/\/amuse-mfg.com\/shop\/"},{"@type":"ListItem","position":3,"name":"Swawa Interstellar Space Shuttle Ride | Futuristic Sci-Fi Amusement Equipment | High-ROI &#038; Immersive 18-Seater for Parks"}]},{"@type":"WebSite","@id":"https:\/\/amuse-mfg.com\/#website","url":"https:\/\/amuse-mfg.com\/","name":"Swawa | Hersteller von Fahrgesch\u00e4ften | Komplettl\u00f6sungen | Hersteller von Kirmesausr\u00fcstung","description":"Direkter Hersteller von Fahrgesch\u00e4ften und Spielplatzger\u00e4ten. Wir exportieren in \u00fcber 20 L\u00e4nder und bieten Ausr\u00fcstung, Parkdesign, Ertragspl\u00e4ne und umfassenden Kundendienst.","publisher":{"@id":"https:\/\/amuse-mfg.com\/#organization"},"alternateName":"Swawa | Amusement Rides Manufacturer","potentialAction":[{"@type":"SearchAction","target":{"@type":"EntryPoint","urlTemplate":"https:\/\/amuse-mfg.com\/?s={search_term_string}"},"query-input":{"@type":"PropertyValueSpecification","valueRequired":true,"valueName":"search_term_string"}}],"inLanguage":"de"},{"@type":"Organization","@id":"https:\/\/amuse-mfg.com\/#organization","name":"Swawa | Hersteller von Fahrgesch\u00e4ften | Komplettl\u00f6sungen | Hersteller von Kirmesausr\u00fcstung","alternateName":"Swawa","url":"https:\/\/amuse-mfg.com\/","logo":{"@type":"ImageObject","inLanguage":"de","@id":"https:\/\/amuse-mfg.com\/#\/schema\/logo\/image\/","url":"https:\/\/amuse-mfg.com\/wp-content\/uploads\/2025\/12\/favicon-3.png","contentUrl":"https:\/\/amuse-mfg.com\/wp-content\/uploads\/2025\/12\/favicon-3.png","width":192,"height":192,"caption":"Swawa | Amusement Rides Manufacturer | Complete Solutions | Funfair Equipment Manufacturer"},"image":{"@id":"https:\/\/amuse-mfg.com\/#\/schema\/logo\/image\/"},"sameAs":["https:\/\/www.youtube.com\/@SwawaAmuse-Mfg","https:\/\/www.pinterest.com\/swawamfg\/","https:\/\/www.instagram.com\/swawamfg\/"]}]}},"_links":{"self":[{"href":"https:\/\/amuse-mfg.com\/de\/wp-json\/wp\/v2\/product\/5392","targetHints":{"allow":["GET"]}}],"collection":[{"href":"https:\/\/amuse-mfg.com\/de\/wp-json\/wp\/v2\/product"}],"about":[{"href":"https:\/\/amuse-mfg.com\/de\/wp-json\/wp\/v2\/types\/product"}],"wp:featuredmedia":[{"embeddable":true,"href":"https:\/\/amuse-mfg.com\/de\/wp-json\/wp\/v2\/media\/5395"}],"wp:attachment":[{"href":"https:\/\/amuse-mfg.com\/de\/wp-json\/wp\/v2\/media?parent=5392"}],"wp:term":[{"taxonomy":"product_brand","embeddable":true,"href":"https:\/\/amuse-mfg.com\/de\/wp-json\/wp\/v2\/product_brand?post=5392"},{"taxonomy":"product_cat","embeddable":true,"href":"https:\/\/amuse-mfg.com\/de\/wp-json\/wp\/v2\/product_cat?post=5392"},{"taxonomy":"product_tag","embeddable":true,"href":"https:\/\/amuse-mfg.com\/de\/wp-json\/wp\/v2\/product_tag?post=5392"}],"curies":[{"name":"wp","href":"https:\/\/api.w.org\/{rel}","templated":true}]}}