{"id":4573,"date":"2025-12-02T06:31:16","date_gmt":"2025-12-02T06:31:16","guid":{"rendered":"https:\/\/amuse-mfg.com\/?post_type=product&#038;p=4573"},"modified":"2025-12-22T03:20:29","modified_gmt":"2025-12-22T03:20:29","slug":"starcore-agents-mecha-style-cyber-cat-ride-amusement-ride-manufacturer","status":"publish","type":"product","link":"https:\/\/amuse-mfg.com\/de\/product\/starcore-agents-mecha-style-cyber-cat-ride-amusement-ride-manufacturer\/","title":{"rendered":"StarCore Agents\u2122 Mecha-Style Cyber-Cat Ride | Vergn\u00fcgungspark Hersteller"},"content":{"rendered":"<p dir=\"auto\">Beherrschen Sie das Atrium mit dem <strong>Swawa Meow Nuklear-Mecha-Auto<\/strong>, wo Cyberpunk-\u00c4sthetik auf profitable Familienunterhaltung trifft.<\/p>\n<ul dir=\"auto\">\n<li class=\"text-start\">Diese Attraktion besticht durch ein atemberaubendes \u201cMeow Nuclear\u201d-IP-Design mit einem 2,3 m hohen gepanzerten K\u00f6rper und einer immersiven Cockpit-Steuerung.<\/li>\n<li class=\"text-start\">Im Gegensatz zu herk\u00f6mmlichen station\u00e4ren Fahrgesch\u00e4ften ist dieser batteriebetriebene Mecha mobil, einfach zu bedienen und verursacht keine Installationskosten \u2013 einfach aufladen und loslegen.<\/li>\n<li class=\"text-start\">F\u00fcr Betreiber bedeutet dies ein flexibles Gesch\u00e4ftsmodell, das Kinder und Jugendliche wie ein Magnet anzieht und einen schnellen Return on Investment (ROI) sowie eine kontinuierliche Pr\u00e4senz Ihres Veranstaltungsortes in den sozialen Medien gew\u00e4hrleistet.<\/li>\n<\/ul>\n<h3 dir=\"auto\"><\/h3>\n<div class=\"relative w-full group mb-2\">\n<div class=\"scrollbar-hidden relative overflow-x-auto max-w-full\">\n<table class=\"w-full text-sm text-left text-gray-500 dark:text-gray-400 max-w-full rounded-xl\">\n<thead class=\"text-xs text-gray-700 uppercase bg-white dark:bg-gray-900 dark:text-gray-400 border-none\">\n<tr>\n<th class=\"px-2.5! py-2! cursor-pointer border-b border-gray-100! dark:border-gray-800!\" scope=\"col\">\n<div class=\"gap-1.5 text-left\">\n<div class=\"shrink-0 break-normal\">Spezifikation<\/div>\n<\/div>\n<\/th>\n<th class=\"px-2.5! py-2! cursor-pointer border-b border-gray-100! dark:border-gray-800!\" scope=\"col\">\n<div class=\"gap-1.5 text-left\">\n<div class=\"shrink-0 break-normal\">Wert<\/div>\n<\/div>\n<\/th>\n<\/tr>\n<\/thead>\n<tbody>\n<tr class=\"bg-white dark:bg-gray-900 text-xs\">\n<td class=\"px-3! py-2! text-gray-900 dark:text-white w-max border-b border-gray-50! dark:border-gray-850!\">\n<div class=\"break-normal\"><strong>Name des Modells\u00a0<\/strong><\/div>\n<\/td>\n<td class=\"px-3! py-2! text-gray-900 dark:text-white w-max border-b border-gray-50! dark:border-gray-850!\">\n<div class=\"break-normal\">Miau Nuklear-Mecha-Auto<\/div>\n<\/td>\n<\/tr>\n<tr class=\"bg-white dark:bg-gray-900 text-xs\">\n<td class=\"px-3! py-2! text-gray-900 dark:text-white w-max border-b border-gray-50! dark:border-gray-850!\">\n<div class=\"break-normal\"><strong>Gr\u00f6\u00dfe<\/strong><\/div>\n<\/td>\n<td class=\"px-3! py-2! text-gray-900 dark:text-white w-max border-b border-gray-50! dark:border-gray-850!\">\n<div class=\"break-normal\">L 1,6 m * B 1,2 m * H 2,3 m<\/div>\n<\/td>\n<\/tr>\n<tr class=\"bg-white dark:bg-gray-900 text-xs\">\n<td class=\"px-3! py-2! text-gray-900 dark:text-white w-max border-b border-gray-50! dark:border-gray-850!\">\n<div class=\"break-normal\"><strong>Fahrzeuggewicht\u00a0<\/strong><\/div>\n<\/td>\n<td class=\"px-3! py-2! text-gray-900 dark:text-white w-max border-b border-gray-50! dark:border-gray-850!\">\n<div class=\"break-normal\">250 kg<\/div>\n<\/td>\n<\/tr>\n<tr class=\"bg-white dark:bg-gray-900 text-xs\">\n<td class=\"px-3! py-2! text-gray-900 dark:text-white w-max border-b border-gray-50! dark:border-gray-850!\">\n<div class=\"break-normal\"><strong>Kapazit\u00e4t<\/strong><\/div>\n<\/td>\n<td class=\"px-3! py-2! text-gray-900 dark:text-white w-max border-b border-gray-50! dark:border-gray-850!\">\n<div class=\"break-normal\">1 Person (1 Person)<\/div>\n<\/td>\n<\/tr>\n<tr class=\"bg-white dark:bg-gray-900 text-xs\">\n<td class=\"px-3! py-2! text-gray-900 dark:text-white w-max border-b border-gray-50! dark:border-gray-850!\">\n<div class=\"break-normal\"><strong>Motor\u00a0<\/strong><\/div>\n<\/td>\n<td class=\"px-3! py-2! text-gray-900 dark:text-white w-max border-b border-gray-50! dark:border-gray-850!\">\n<div class=\"break-normal\">24 V \/ 230 W * 1<\/div>\n<\/td>\n<\/tr>\n<tr class=\"bg-white dark:bg-gray-900 text-xs\">\n<td class=\"px-3! py-2! text-gray-900 dark:text-white w-max border-b border-gray-50! dark:border-gray-850!\">\n<div class=\"break-normal\"><strong>Akku-Typ<\/strong><\/div>\n<\/td>\n<td class=\"px-3! py-2! text-gray-900 dark:text-white w-max border-b border-gray-50! dark:border-gray-850!\">\n<div class=\"break-normal\">12 V \u2013 45 Ah * 2 St\u00fcck (Gesamtsystem 24 V)<\/div>\n<\/td>\n<\/tr>\n<tr class=\"bg-white dark:bg-gray-900 text-xs\">\n<td class=\"px-3! py-2! text-gray-900 dark:text-white w-max\">\n<div class=\"break-normal\"><strong>Merkmal\u00a0<\/strong><\/div>\n<\/td>\n<td class=\"px-3! py-2! text-gray-900 dark:text-white w-max\">\n<div class=\"break-normal\">Hipcool-R\u00fcstungsdesign<\/div>\n<\/td>\n<\/tr>\n<\/tbody>\n<\/table>\n<\/div>\n<\/div>","protected":false},"excerpt":{"rendered":"<p>Steigern Sie die Besucherzahlen Ihres Veranstaltungsortes mit dem Meow Nuclear Mecha Car von Swawa! Keine Fundamente erforderlich, sofort einsatzbereit. Ein batteriebetriebener Unterhaltungsroboter mit hoher Kapitalrendite, ideal f\u00fcr Einkaufszentren.<\/p>","protected":false},"featured_media":5049,"menu_order":0,"template":"","meta":[],"product_brand":[],"product_cat":[55,53,58],"product_tag":[],"class_list":{"0":"post-4573","1":"product","2":"type-product","3":"status-publish","4":"has-post-thumbnail","6":"product_cat-childrens-kids-rides","7":"product_cat-indoor-amusement-equipment","8":"product_cat-shopping-mall-equipment","10":"first","11":"instock","12":"shipping-taxable","13":"purchasable","14":"product-type-simple"},"yoast_head":"<!-- This site is optimized with the Yoast SEO plugin v26.6 - https:\/\/yoast.com\/wordpress\/plugins\/seo\/ -->\n<title>StarCore Agents\u2122 Mecha-Style Cyber-Cat Ride | Amusement Ride Manufacturer | Swawa | Amusement Rides Manufacturer | Complete Solutions | Funfair Equipment Manufacturer<\/title>\n<meta name=\"robots\" content=\"index, follow, max-snippet:-1, max-image-preview:large, max-video-preview:-1\" \/>\n<link rel=\"canonical\" href=\"https:\/\/amuse-mfg.com\/de\/product\/starcore-agents-mecha-style-cyber-cat-ride-amusement-ride-manufacturer\/\" \/>\n<meta property=\"og:locale\" content=\"de_DE\" \/>\n<meta property=\"og:type\" content=\"article\" \/>\n<meta property=\"og:title\" content=\"StarCore Agents\u2122 Mecha-Style Cyber-Cat Ride | Amusement Ride Manufacturer | Swawa | Amusement Rides Manufacturer | Complete Solutions | Funfair Equipment Manufacturer\" \/>\n<meta property=\"og:description\" content=\"Boost your venue&#039;s traffic with Swawa&#039;s Meow Nuclear Mecha Car! No foundation needed, start business instantly. A high-ROI, battery-operated amusement robot perfect for malls.\" \/>\n<meta property=\"og:url\" content=\"https:\/\/amuse-mfg.com\/de\/product\/starcore-agents-mecha-style-cyber-cat-ride-amusement-ride-manufacturer\/\" \/>\n<meta property=\"og:site_name\" content=\"Swawa | Amusement Rides Manufacturer | Complete Solutions | Funfair Equipment Manufacturer\" \/>\n<meta property=\"article:modified_time\" content=\"2025-12-22T03:20:29+00:00\" \/>\n<meta property=\"og:image\" content=\"https:\/\/amuse-mfg.com\/wp-content\/uploads\/2025\/12\/\u55b5\u6838\u673a\u7532\u8f66-2.png\" \/>\n\t<meta property=\"og:image:width\" content=\"1375\" \/>\n\t<meta property=\"og:image:height\" content=\"1697\" \/>\n\t<meta property=\"og:image:type\" content=\"image\/png\" \/>\n<meta name=\"twitter:card\" content=\"summary_large_image\" \/>\n<meta name=\"twitter:label1\" content=\"Est. reading time\" \/>\n\t<meta name=\"twitter:data1\" content=\"1\u00a0Minute\" \/>\n<script type=\"application\/ld+json\" class=\"yoast-schema-graph\">{\"@context\":\"https:\/\/schema.org\",\"@graph\":[{\"@type\":\"WebPage\",\"@id\":\"https:\/\/amuse-mfg.com\/product\/starcore-agents-mecha-style-cyber-cat-ride-amusement-ride-manufacturer\/\",\"url\":\"https:\/\/amuse-mfg.com\/product\/starcore-agents-mecha-style-cyber-cat-ride-amusement-ride-manufacturer\/\",\"name\":\"StarCore Agents\u2122 Mecha-Style Cyber-Cat Ride | Amusement Ride Manufacturer | Swawa | Amusement Rides Manufacturer | Complete Solutions | Funfair Equipment Manufacturer\",\"isPartOf\":{\"@id\":\"https:\/\/amuse-mfg.com\/#website\"},\"primaryImageOfPage\":{\"@id\":\"https:\/\/amuse-mfg.com\/product\/starcore-agents-mecha-style-cyber-cat-ride-amusement-ride-manufacturer\/#primaryimage\"},\"image\":{\"@id\":\"https:\/\/amuse-mfg.com\/product\/starcore-agents-mecha-style-cyber-cat-ride-amusement-ride-manufacturer\/#primaryimage\"},\"thumbnailUrl\":\"https:\/\/amuse-mfg.com\/wp-content\/uploads\/2025\/12\/\u55b5\u6838\u673a\u7532\u8f66-2.png\",\"datePublished\":\"2025-12-02T06:31:16+00:00\",\"dateModified\":\"2025-12-22T03:20:29+00:00\",\"breadcrumb\":{\"@id\":\"https:\/\/amuse-mfg.com\/product\/starcore-agents-mecha-style-cyber-cat-ride-amusement-ride-manufacturer\/#breadcrumb\"},\"inLanguage\":\"de\",\"potentialAction\":[{\"@type\":\"ReadAction\",\"target\":[\"https:\/\/amuse-mfg.com\/product\/starcore-agents-mecha-style-cyber-cat-ride-amusement-ride-manufacturer\/\"]}]},{\"@type\":\"ImageObject\",\"inLanguage\":\"de\",\"@id\":\"https:\/\/amuse-mfg.com\/product\/starcore-agents-mecha-style-cyber-cat-ride-amusement-ride-manufacturer\/#primaryimage\",\"url\":\"https:\/\/amuse-mfg.com\/wp-content\/uploads\/2025\/12\/\u55b5\u6838\u673a\u7532\u8f66-2.png\",\"contentUrl\":\"https:\/\/amuse-mfg.com\/wp-content\/uploads\/2025\/12\/\u55b5\u6838\u673a\u7532\u8f66-2.png\",\"width\":1375,\"height\":1697},{\"@type\":\"BreadcrumbList\",\"@id\":\"https:\/\/amuse-mfg.com\/product\/starcore-agents-mecha-style-cyber-cat-ride-amusement-ride-manufacturer\/#breadcrumb\",\"itemListElement\":[{\"@type\":\"ListItem\",\"position\":1,\"name\":\"Home\",\"item\":\"https:\/\/amuse-mfg.com\/\"},{\"@type\":\"ListItem\",\"position\":2,\"name\":\"Shop\",\"item\":\"https:\/\/amuse-mfg.com\/shop\/\"},{\"@type\":\"ListItem\",\"position\":3,\"name\":\"StarCore Agents\u2122 Mecha-Style Cyber-Cat Ride | Amusement Ride Manufacturer\"}]},{\"@type\":\"WebSite\",\"@id\":\"https:\/\/amuse-mfg.com\/#website\",\"url\":\"https:\/\/amuse-mfg.com\/\",\"name\":\"Swawa | Amusement Rides Manufacturer | Complete Solutions | Funfair Equipment Manufacturer\",\"description\":\"Direct factory of amusement rides &amp; playground equipment. Exported to over 20 countries, we offer equipment, park design, revenue plans and full after-sales service.\",\"publisher\":{\"@id\":\"https:\/\/amuse-mfg.com\/#organization\"},\"alternateName\":\"Swawa | Amusement Rides Manufacturer\",\"potentialAction\":[{\"@type\":\"SearchAction\",\"target\":{\"@type\":\"EntryPoint\",\"urlTemplate\":\"https:\/\/amuse-mfg.com\/?s={search_term_string}\"},\"query-input\":{\"@type\":\"PropertyValueSpecification\",\"valueRequired\":true,\"valueName\":\"search_term_string\"}}],\"inLanguage\":\"de\"},{\"@type\":\"Organization\",\"@id\":\"https:\/\/amuse-mfg.com\/#organization\",\"name\":\"Swawa | Amusement Rides Manufacturer | Complete Solutions | Funfair Equipment Manufacturer\",\"alternateName\":\"Swawa\",\"url\":\"https:\/\/amuse-mfg.com\/\",\"logo\":{\"@type\":\"ImageObject\",\"inLanguage\":\"de\",\"@id\":\"https:\/\/amuse-mfg.com\/#\/schema\/logo\/image\/\",\"url\":\"https:\/\/amuse-mfg.com\/wp-content\/uploads\/2025\/12\/favicon-3.png\",\"contentUrl\":\"https:\/\/amuse-mfg.com\/wp-content\/uploads\/2025\/12\/favicon-3.png\",\"width\":192,\"height\":192,\"caption\":\"Swawa | Amusement Rides Manufacturer | Complete Solutions | Funfair Equipment Manufacturer\"},\"image\":{\"@id\":\"https:\/\/amuse-mfg.com\/#\/schema\/logo\/image\/\"},\"sameAs\":[\"https:\/\/www.youtube.com\/@SwawaAmuse-Mfg\",\"https:\/\/www.pinterest.com\/swawamfg\/\",\"https:\/\/www.instagram.com\/swawamfg\/\"]}]}<\/script>\n<!-- \/ Yoast SEO plugin. -->","yoast_head_json":{"title":"StarCore Agents\u2122 Mecha-Style Cyber-Cat Ride | Hersteller von Fahrgesch\u00e4ften | Swawa | Hersteller von Fahrgesch\u00e4ften | Komplettl\u00f6sungen | Hersteller von Jahrmarktsausr\u00fcstung","robots":{"index":"index","follow":"follow","max-snippet":"max-snippet:-1","max-image-preview":"max-image-preview:large","max-video-preview":"max-video-preview:-1"},"canonical":"https:\/\/amuse-mfg.com\/de\/product\/starcore-agents-mecha-style-cyber-cat-ride-amusement-ride-manufacturer\/","og_locale":"de_DE","og_type":"article","og_title":"StarCore Agents\u2122 Mecha-Style Cyber-Cat Ride | Amusement Ride Manufacturer | Swawa | Amusement Rides Manufacturer | Complete Solutions | Funfair Equipment Manufacturer","og_description":"Boost your venue's traffic with Swawa's Meow Nuclear Mecha Car! No foundation needed, start business instantly. A high-ROI, battery-operated amusement robot perfect for malls.","og_url":"https:\/\/amuse-mfg.com\/de\/product\/starcore-agents-mecha-style-cyber-cat-ride-amusement-ride-manufacturer\/","og_site_name":"Swawa | Amusement Rides Manufacturer | Complete Solutions | Funfair Equipment Manufacturer","article_modified_time":"2025-12-22T03:20:29+00:00","og_image":[{"width":1375,"height":1697,"url":"https:\/\/amuse-mfg.com\/wp-content\/uploads\/2025\/12\/\u55b5\u6838\u673a\u7532\u8f66-2.png","type":"image\/png"}],"twitter_card":"summary_large_image","twitter_misc":{"Est. reading time":"1\u00a0Minute"},"schema":{"@context":"https:\/\/schema.org","@graph":[{"@type":"WebPage","@id":"https:\/\/amuse-mfg.com\/product\/starcore-agents-mecha-style-cyber-cat-ride-amusement-ride-manufacturer\/","url":"https:\/\/amuse-mfg.com\/product\/starcore-agents-mecha-style-cyber-cat-ride-amusement-ride-manufacturer\/","name":"StarCore Agents\u2122 Mecha-Style Cyber-Cat Ride | Hersteller von Fahrgesch\u00e4ften | Swawa | Hersteller von Fahrgesch\u00e4ften | Komplettl\u00f6sungen | Hersteller von Jahrmarktsausr\u00fcstung","isPartOf":{"@id":"https:\/\/amuse-mfg.com\/#website"},"primaryImageOfPage":{"@id":"https:\/\/amuse-mfg.com\/product\/starcore-agents-mecha-style-cyber-cat-ride-amusement-ride-manufacturer\/#primaryimage"},"image":{"@id":"https:\/\/amuse-mfg.com\/product\/starcore-agents-mecha-style-cyber-cat-ride-amusement-ride-manufacturer\/#primaryimage"},"thumbnailUrl":"https:\/\/amuse-mfg.com\/wp-content\/uploads\/2025\/12\/\u55b5\u6838\u673a\u7532\u8f66-2.png","datePublished":"2025-12-02T06:31:16+00:00","dateModified":"2025-12-22T03:20:29+00:00","breadcrumb":{"@id":"https:\/\/amuse-mfg.com\/product\/starcore-agents-mecha-style-cyber-cat-ride-amusement-ride-manufacturer\/#breadcrumb"},"inLanguage":"de","potentialAction":[{"@type":"ReadAction","target":["https:\/\/amuse-mfg.com\/product\/starcore-agents-mecha-style-cyber-cat-ride-amusement-ride-manufacturer\/"]}]},{"@type":"ImageObject","inLanguage":"de","@id":"https:\/\/amuse-mfg.com\/product\/starcore-agents-mecha-style-cyber-cat-ride-amusement-ride-manufacturer\/#primaryimage","url":"https:\/\/amuse-mfg.com\/wp-content\/uploads\/2025\/12\/\u55b5\u6838\u673a\u7532\u8f66-2.png","contentUrl":"https:\/\/amuse-mfg.com\/wp-content\/uploads\/2025\/12\/\u55b5\u6838\u673a\u7532\u8f66-2.png","width":1375,"height":1697},{"@type":"BreadcrumbList","@id":"https:\/\/amuse-mfg.com\/product\/starcore-agents-mecha-style-cyber-cat-ride-amusement-ride-manufacturer\/#breadcrumb","itemListElement":[{"@type":"ListItem","position":1,"name":"Home","item":"https:\/\/amuse-mfg.com\/"},{"@type":"ListItem","position":2,"name":"Shop","item":"https:\/\/amuse-mfg.com\/shop\/"},{"@type":"ListItem","position":3,"name":"StarCore Agents\u2122 Mecha-Style Cyber-Cat Ride | Amusement Ride Manufacturer"}]},{"@type":"WebSite","@id":"https:\/\/amuse-mfg.com\/#website","url":"https:\/\/amuse-mfg.com\/","name":"Swawa | Hersteller von Fahrgesch\u00e4ften | Komplettl\u00f6sungen | Hersteller von Kirmesausr\u00fcstung","description":"Direkter Hersteller von Fahrgesch\u00e4ften und Spielplatzger\u00e4ten. Wir exportieren in \u00fcber 20 L\u00e4nder und bieten Ausr\u00fcstung, Parkdesign, Ertragspl\u00e4ne und umfassenden Kundendienst.","publisher":{"@id":"https:\/\/amuse-mfg.com\/#organization"},"alternateName":"Swawa | Amusement Rides Manufacturer","potentialAction":[{"@type":"SearchAction","target":{"@type":"EntryPoint","urlTemplate":"https:\/\/amuse-mfg.com\/?s={search_term_string}"},"query-input":{"@type":"PropertyValueSpecification","valueRequired":true,"valueName":"search_term_string"}}],"inLanguage":"de"},{"@type":"Organization","@id":"https:\/\/amuse-mfg.com\/#organization","name":"Swawa | Hersteller von Fahrgesch\u00e4ften | Komplettl\u00f6sungen | Hersteller von Kirmesausr\u00fcstung","alternateName":"Swawa","url":"https:\/\/amuse-mfg.com\/","logo":{"@type":"ImageObject","inLanguage":"de","@id":"https:\/\/amuse-mfg.com\/#\/schema\/logo\/image\/","url":"https:\/\/amuse-mfg.com\/wp-content\/uploads\/2025\/12\/favicon-3.png","contentUrl":"https:\/\/amuse-mfg.com\/wp-content\/uploads\/2025\/12\/favicon-3.png","width":192,"height":192,"caption":"Swawa | Amusement Rides Manufacturer | Complete Solutions | Funfair Equipment Manufacturer"},"image":{"@id":"https:\/\/amuse-mfg.com\/#\/schema\/logo\/image\/"},"sameAs":["https:\/\/www.youtube.com\/@SwawaAmuse-Mfg","https:\/\/www.pinterest.com\/swawamfg\/","https:\/\/www.instagram.com\/swawamfg\/"]}]}},"_links":{"self":[{"href":"https:\/\/amuse-mfg.com\/de\/wp-json\/wp\/v2\/product\/4573","targetHints":{"allow":["GET"]}}],"collection":[{"href":"https:\/\/amuse-mfg.com\/de\/wp-json\/wp\/v2\/product"}],"about":[{"href":"https:\/\/amuse-mfg.com\/de\/wp-json\/wp\/v2\/types\/product"}],"wp:featuredmedia":[{"embeddable":true,"href":"https:\/\/amuse-mfg.com\/de\/wp-json\/wp\/v2\/media\/5049"}],"wp:attachment":[{"href":"https:\/\/amuse-mfg.com\/de\/wp-json\/wp\/v2\/media?parent=4573"}],"wp:term":[{"taxonomy":"product_brand","embeddable":true,"href":"https:\/\/amuse-mfg.com\/de\/wp-json\/wp\/v2\/product_brand?post=4573"},{"taxonomy":"product_cat","embeddable":true,"href":"https:\/\/amuse-mfg.com\/de\/wp-json\/wp\/v2\/product_cat?post=4573"},{"taxonomy":"product_tag","embeddable":true,"href":"https:\/\/amuse-mfg.com\/de\/wp-json\/wp\/v2\/product_tag?post=4573"}],"curies":[{"name":"wp","href":"https:\/\/api.w.org\/{rel}","templated":true}]}}