{"id":4569,"date":"2025-12-02T06:08:58","date_gmt":"2025-12-02T06:08:58","guid":{"rendered":"https:\/\/amuse-mfg.com\/?post_type=product&#038;p=4569"},"modified":"2025-12-22T03:20:30","modified_gmt":"2025-12-22T03:20:30","slug":"starcore-agents-futuristic-cyber-cat-themed-jumping-ride-6-person-capacity","status":"publish","type":"product","link":"https:\/\/amuse-mfg.com\/de\/product\/starcore-agents-futuristic-cyber-cat-themed-jumping-ride-6-person-capacity\/","title":{"rendered":"StarCore Agents\u2122 Futuristisches Cyber-Cat-Thema Jumping Ride | 6-Personen-Kapazit\u00e4t"},"content":{"rendered":"<p>Entfesseln Sie die Zukunft des Spielspa\u00dfes mit dem \u201cStellar-Core Jumper\u201d, einem Flaggschiffprodukt aus unserer \u201cMecha-Cat\u201d-IP-Serie!<\/p>\n<p>Dies ist nicht nur eine Sprungfahrt, sondern eine Science-Fiction-Attraktion f\u00fcr 6 Personen mit hohem Durchsatz und atemberaubenden visuellen Effekten. <strong>(Vorteil)<\/strong> Dank seines cleveren Designs ist keinerlei Fundament erforderlich, sodass Sie innerhalb weniger Tage statt Monate eine futuristische Spielzone einrichten k\u00f6nnen, was Ihre Anfangsinvestition drastisch senkt.<\/p>\n<p>F\u00fcr Investoren in Schwellenl\u00e4ndern bedeutet dies einen schnelleren Weg zur Rentabilit\u00e4t. Der Stellar-Core Jumper wurde f\u00fcr einen schnellen ROI entwickelt und verwandelt leere R\u00e4ume in magnetische, gewinnbringende Attraktionen f\u00fcr Familien und Kinder. Entscheiden Sie sich f\u00fcr Swawa, entscheiden Sie sich f\u00fcr eine komplette Themenpark-L\u00f6sung, nicht nur f\u00fcr eine Maschine.<\/p>\n<div class=\"relative w-full group mb-2\">\n<div class=\"scrollbar-hidden relative overflow-x-auto max-w-full\">\n<table class=\"w-full text-sm text-left text-gray-500 dark:text-gray-400 max-w-full rounded-xl\" style=\"width: 100%; height: 180px;\">\n<thead class=\"text-xs text-gray-700 uppercase bg-white dark:bg-gray-900 dark:text-gray-400 border-none\">\n<tr style=\"height: 22px;\">\n<th class=\"px-2.5! py-2! cursor-pointer border-b border-gray-100! dark:border-gray-800!\" style=\"height: 22px;\" scope=\"col\">\n<div class=\"gap-1.5 text-left\">\n<div class=\"shrink-0 break-normal\">Parameter<\/div>\n<\/div>\n<\/th>\n<th class=\"px-2.5! py-2! cursor-pointer border-b border-gray-100! dark:border-gray-800!\" style=\"height: 22px;\" scope=\"col\">\n<div class=\"gap-1.5 text-left\">\n<div class=\"shrink-0 break-normal\">Wert (metrisch)<\/div>\n<\/div>\n<\/th>\n<th class=\"px-2.5! py-2! cursor-pointer border-b border-gray-100! dark:border-gray-800!\" style=\"height: 22px;\" scope=\"col\"><\/th>\n<th class=\"px-2.5! py-2! cursor-pointer border-b border-gray-100! dark:border-gray-800!\" style=\"height: 22px;\" scope=\"col\"><\/th>\n<\/tr>\n<\/thead>\n<tbody>\n<tr class=\"bg-white dark:bg-gray-900 text-xs\" style=\"height: 22px;\">\n<td class=\"px-3! py-2! text-gray-900 dark:text-white w-max border-b border-gray-50! dark:border-gray-850!\" style=\"height: 22px;\">\n<div class=\"break-normal\"><strong>Produktname<\/strong><\/div>\n<\/td>\n<td class=\"px-3! py-2! text-gray-900 dark:text-white w-max border-b border-gray-50! dark:border-gray-850!\" style=\"height: 22px;\">\n<div class=\"break-normal\">Sternkern-Jumper<\/div>\n<\/td>\n<td class=\"px-3! py-2! text-gray-900 dark:text-white w-max border-b border-gray-50! dark:border-gray-850!\" style=\"height: 22px;\"><\/td>\n<td class=\"px-3! py-2! text-gray-900 dark:text-white w-max border-b border-gray-50! dark:border-gray-850!\" style=\"height: 22px;\"><\/td>\n<\/tr>\n<tr class=\"bg-white dark:bg-gray-900 text-xs\" style=\"height: 22px;\">\n<td class=\"px-3! py-2! text-gray-900 dark:text-white w-max border-b border-gray-50! dark:border-gray-850!\" style=\"height: 22px;\">\n<div class=\"break-normal\"><strong>Modell<\/strong><\/div>\n<\/td>\n<td class=\"px-3! py-2! text-gray-900 dark:text-white w-max border-b border-gray-50! dark:border-gray-850!\" style=\"height: 22px;\">\n<div class=\"break-normal\">SWA-SCJ01<\/div>\n<\/td>\n<td class=\"px-3! py-2! text-gray-900 dark:text-white w-max border-b border-gray-50! dark:border-gray-850!\" style=\"height: 22px;\"><\/td>\n<td class=\"px-3! py-2! text-gray-900 dark:text-white w-max border-b border-gray-50! dark:border-gray-850!\" style=\"height: 22px;\"><\/td>\n<\/tr>\n<tr class=\"bg-white dark:bg-gray-900 text-xs\" style=\"height: 22px;\">\n<td class=\"px-3! py-2! text-gray-900 dark:text-white w-max border-b border-gray-50! dark:border-gray-850!\" style=\"height: 22px;\">\n<div class=\"break-normal\"><strong>Kapazit\u00e4t<\/strong><\/div>\n<\/td>\n<td class=\"px-3! py-2! text-gray-900 dark:text-white w-max border-b border-gray-50! dark:border-gray-850!\" style=\"height: 22px;\">\n<div class=\"break-normal\">6 Personen<\/div>\n<\/td>\n<td class=\"px-3! py-2! text-gray-900 dark:text-white w-max border-b border-gray-50! dark:border-gray-850!\" style=\"height: 22px;\"><\/td>\n<td class=\"px-3! py-2! text-gray-900 dark:text-white w-max border-b border-gray-50! dark:border-gray-850!\" style=\"height: 22px;\"><\/td>\n<\/tr>\n<tr class=\"bg-white dark:bg-gray-900 text-xs\" style=\"height: 22px;\">\n<td class=\"px-3! py-2! text-gray-900 dark:text-white w-max border-b border-gray-50! dark:border-gray-850!\" style=\"height: 22px;\">\n<div class=\"break-normal\"><strong>Abmessungen (L x B x H)<\/strong><\/div>\n<\/td>\n<td class=\"px-3! py-2! text-gray-900 dark:text-white w-max border-b border-gray-50! dark:border-gray-850!\" style=\"height: 22px;\">\n<div class=\"break-normal\">7 m x 6 m x 5,6 m<\/div>\n<\/td>\n<td class=\"px-3! py-2! text-gray-900 dark:text-white w-max border-b border-gray-50! dark:border-gray-850!\" style=\"height: 22px;\"><\/td>\n<td class=\"px-3! py-2! text-gray-900 dark:text-white w-max border-b border-gray-50! dark:border-gray-850!\" style=\"height: 22px;\"><\/td>\n<\/tr>\n<tr class=\"bg-white dark:bg-gray-900 text-xs\" style=\"height: 22px;\">\n<td class=\"px-3! py-2! text-gray-900 dark:text-white w-max border-b border-gray-50! dark:border-gray-850!\" style=\"height: 22px;\">\n<div class=\"break-normal\"><strong>Strom<\/strong><\/div>\n<\/td>\n<td class=\"px-3! py-2! text-gray-900 dark:text-white w-max border-b border-gray-50! dark:border-gray-850!\" style=\"height: 22px;\">\n<div class=\"break-normal\">45 kW<\/div>\n<\/td>\n<td class=\"px-3! py-2! text-gray-900 dark:text-white w-max border-b border-gray-50! dark:border-gray-850!\" style=\"height: 22px;\"><\/td>\n<td class=\"px-3! py-2! text-gray-900 dark:text-white w-max border-b border-gray-50! dark:border-gray-850!\" style=\"height: 22px;\"><\/td>\n<\/tr>\n<tr class=\"bg-white dark:bg-gray-900 text-xs\" style=\"height: 22px;\">\n<td class=\"px-3! py-2! text-gray-900 dark:text-white w-max border-b border-gray-50! dark:border-gray-850!\" style=\"height: 16px;\">\n<div class=\"break-normal\"><strong>Spannung<\/strong><\/div>\n<\/td>\n<td class=\"px-3! py-2! text-gray-900 dark:text-white w-max border-b border-gray-50! dark:border-gray-850!\" style=\"height: 16px;\">\n<div class=\"break-normal\">220 V (anpassbar)<\/div>\n<\/td>\n<td class=\"px-3! py-2! text-gray-900 dark:text-white w-max border-b border-gray-50! dark:border-gray-850!\" style=\"height: 16px;\"><\/td>\n<td class=\"px-3! py-2! text-gray-900 dark:text-white w-max border-b border-gray-50! dark:border-gray-850!\" style=\"height: 16px;\"><\/td>\n<\/tr>\n<tr class=\"bg-white dark:bg-gray-900 text-xs\" style=\"height: 22px;\">\n<td class=\"px-3! py-2! text-gray-900 dark:text-white w-max border-b border-gray-50! dark:border-gray-850!\" style=\"height: 10px;\"><\/td>\n<td class=\"px-3! py-2! text-gray-900 dark:text-white w-max border-b border-gray-50! dark:border-gray-850!\" style=\"height: 10px;\"><\/td>\n<td class=\"px-3! py-2! text-gray-900 dark:text-white w-max border-b border-gray-50! dark:border-gray-850!\" style=\"height: 10px;\"><\/td>\n<td class=\"px-3! py-2! text-gray-900 dark:text-white w-max border-b border-gray-50! dark:border-gray-850!\" style=\"height: 10px;\"><\/td>\n<\/tr>\n<tr class=\"bg-white dark:bg-gray-900 text-xs\" style=\"height: 22px;\">\n<td class=\"px-3! py-2! text-gray-900 dark:text-white w-max\" style=\"height: 22px;\">\n<div class=\"break-normal\"><strong>Hauptmerkmal<\/strong><\/div>\n<\/td>\n<td class=\"px-3! py-2! text-gray-900 dark:text-white w-max\" style=\"height: 22px;\">\n<div class=\"break-normal\">Fundamentfreies Design<\/div>\n<\/td>\n<td class=\"px-3! py-2! text-gray-900 dark:text-white w-max\" style=\"height: 22px;\"><\/td>\n<td class=\"px-3! py-2! text-gray-900 dark:text-white w-max\" style=\"height: 22px;\"><\/td>\n<\/tr>\n<\/tbody>\n<\/table>\n<\/div>\n<\/div>","protected":false},"excerpt":{"rendered":"<p>Entdecken Sie die unterhaltsamen Ger\u00e4te von Swawa mit hoher Kapitalrendite. Der Stellar-Core Jumper mit seinem futuristischen Design ben\u00f6tigt kein Fundament und sorgt f\u00fcr schnelle Gewinne. Fordern Sie ein Angebot an!<\/p>","protected":false},"featured_media":5045,"menu_order":0,"template":"","meta":[],"product_brand":[],"product_cat":[55,53,54,58],"product_tag":[],"class_list":{"0":"post-4569","1":"product","2":"type-product","3":"status-publish","4":"has-post-thumbnail","6":"product_cat-childrens-kids-rides","7":"product_cat-indoor-amusement-equipment","8":"product_cat-outdoor-amusement-equipment","9":"product_cat-shopping-mall-equipment","11":"first","12":"instock","13":"shipping-taxable","14":"purchasable","15":"product-type-simple"},"yoast_head":"<!-- This site is optimized with the Yoast SEO plugin v26.6 - https:\/\/yoast.com\/wordpress\/plugins\/seo\/ -->\n<title>StarCore Agents\u2122 Futuristic Cyber-Cat Themed Jumping Ride | 6-Person Capacity | Swawa | Amusement Rides Manufacturer | Complete Solutions | Funfair Equipment Manufacturer<\/title>\n<meta name=\"robots\" content=\"index, follow, max-snippet:-1, max-image-preview:large, max-video-preview:-1\" \/>\n<link rel=\"canonical\" href=\"https:\/\/amuse-mfg.com\/de\/product\/starcore-agents-futuristic-cyber-cat-themed-jumping-ride-6-person-capacity\/\" \/>\n<meta property=\"og:locale\" content=\"de_DE\" \/>\n<meta property=\"og:type\" content=\"article\" \/>\n<meta property=\"og:title\" content=\"StarCore Agents\u2122 Futuristic Cyber-Cat Themed Jumping Ride | 6-Person Capacity | Swawa | Amusement Rides Manufacturer | Complete Solutions | Funfair Equipment Manufacturer\" \/>\n<meta property=\"og:description\" content=\"Explore high-ROI amusement equipment for sale from Swawa. The Stellar-Core Jumper, with its futuristic design, requires no foundation and ensures quick profits. Get a quote!\" \/>\n<meta property=\"og:url\" content=\"https:\/\/amuse-mfg.com\/de\/product\/starcore-agents-futuristic-cyber-cat-themed-jumping-ride-6-person-capacity\/\" \/>\n<meta property=\"og:site_name\" content=\"Swawa | Amusement Rides Manufacturer | Complete Solutions | Funfair Equipment Manufacturer\" \/>\n<meta property=\"article:modified_time\" content=\"2025-12-22T03:20:30+00:00\" \/>\n<meta property=\"og:image\" content=\"https:\/\/amuse-mfg.com\/wp-content\/uploads\/2025\/12\/\u661f\u6838\u8e66\u4e50\u5e8a.png\" \/>\n\t<meta property=\"og:image:width\" content=\"1670\" \/>\n\t<meta property=\"og:image:height\" content=\"1619\" \/>\n\t<meta property=\"og:image:type\" content=\"image\/png\" \/>\n<meta name=\"twitter:card\" content=\"summary_large_image\" \/>\n<meta name=\"twitter:label1\" content=\"Est. reading time\" \/>\n\t<meta name=\"twitter:data1\" content=\"1\u00a0Minute\" \/>\n<script type=\"application\/ld+json\" class=\"yoast-schema-graph\">{\"@context\":\"https:\/\/schema.org\",\"@graph\":[{\"@type\":\"WebPage\",\"@id\":\"https:\/\/amuse-mfg.com\/product\/starcore-agents-futuristic-cyber-cat-themed-jumping-ride-6-person-capacity\/\",\"url\":\"https:\/\/amuse-mfg.com\/product\/starcore-agents-futuristic-cyber-cat-themed-jumping-ride-6-person-capacity\/\",\"name\":\"StarCore Agents\u2122 Futuristic Cyber-Cat Themed Jumping Ride | 6-Person Capacity | Swawa | Amusement Rides Manufacturer | Complete Solutions | Funfair Equipment Manufacturer\",\"isPartOf\":{\"@id\":\"https:\/\/amuse-mfg.com\/#website\"},\"primaryImageOfPage\":{\"@id\":\"https:\/\/amuse-mfg.com\/product\/starcore-agents-futuristic-cyber-cat-themed-jumping-ride-6-person-capacity\/#primaryimage\"},\"image\":{\"@id\":\"https:\/\/amuse-mfg.com\/product\/starcore-agents-futuristic-cyber-cat-themed-jumping-ride-6-person-capacity\/#primaryimage\"},\"thumbnailUrl\":\"https:\/\/amuse-mfg.com\/wp-content\/uploads\/2025\/12\/\u661f\u6838\u8e66\u4e50\u5e8a.png\",\"datePublished\":\"2025-12-02T06:08:58+00:00\",\"dateModified\":\"2025-12-22T03:20:30+00:00\",\"breadcrumb\":{\"@id\":\"https:\/\/amuse-mfg.com\/product\/starcore-agents-futuristic-cyber-cat-themed-jumping-ride-6-person-capacity\/#breadcrumb\"},\"inLanguage\":\"de\",\"potentialAction\":[{\"@type\":\"ReadAction\",\"target\":[\"https:\/\/amuse-mfg.com\/product\/starcore-agents-futuristic-cyber-cat-themed-jumping-ride-6-person-capacity\/\"]}]},{\"@type\":\"ImageObject\",\"inLanguage\":\"de\",\"@id\":\"https:\/\/amuse-mfg.com\/product\/starcore-agents-futuristic-cyber-cat-themed-jumping-ride-6-person-capacity\/#primaryimage\",\"url\":\"https:\/\/amuse-mfg.com\/wp-content\/uploads\/2025\/12\/\u661f\u6838\u8e66\u4e50\u5e8a.png\",\"contentUrl\":\"https:\/\/amuse-mfg.com\/wp-content\/uploads\/2025\/12\/\u661f\u6838\u8e66\u4e50\u5e8a.png\",\"width\":1670,\"height\":1619},{\"@type\":\"BreadcrumbList\",\"@id\":\"https:\/\/amuse-mfg.com\/product\/starcore-agents-futuristic-cyber-cat-themed-jumping-ride-6-person-capacity\/#breadcrumb\",\"itemListElement\":[{\"@type\":\"ListItem\",\"position\":1,\"name\":\"Home\",\"item\":\"https:\/\/amuse-mfg.com\/\"},{\"@type\":\"ListItem\",\"position\":2,\"name\":\"Shop\",\"item\":\"https:\/\/amuse-mfg.com\/shop\/\"},{\"@type\":\"ListItem\",\"position\":3,\"name\":\"StarCore Agents\u2122 Futuristic Cyber-Cat Themed Jumping Ride | 6-Person Capacity\"}]},{\"@type\":\"WebSite\",\"@id\":\"https:\/\/amuse-mfg.com\/#website\",\"url\":\"https:\/\/amuse-mfg.com\/\",\"name\":\"Swawa | Amusement Rides Manufacturer | Complete Solutions | Funfair Equipment Manufacturer\",\"description\":\"Direct factory of amusement rides &amp; playground equipment. Exported to over 20 countries, we offer equipment, park design, revenue plans and full after-sales service.\",\"publisher\":{\"@id\":\"https:\/\/amuse-mfg.com\/#organization\"},\"alternateName\":\"Swawa | Amusement Rides Manufacturer\",\"potentialAction\":[{\"@type\":\"SearchAction\",\"target\":{\"@type\":\"EntryPoint\",\"urlTemplate\":\"https:\/\/amuse-mfg.com\/?s={search_term_string}\"},\"query-input\":{\"@type\":\"PropertyValueSpecification\",\"valueRequired\":true,\"valueName\":\"search_term_string\"}}],\"inLanguage\":\"de\"},{\"@type\":\"Organization\",\"@id\":\"https:\/\/amuse-mfg.com\/#organization\",\"name\":\"Swawa | Amusement Rides Manufacturer | Complete Solutions | Funfair Equipment Manufacturer\",\"alternateName\":\"Swawa\",\"url\":\"https:\/\/amuse-mfg.com\/\",\"logo\":{\"@type\":\"ImageObject\",\"inLanguage\":\"de\",\"@id\":\"https:\/\/amuse-mfg.com\/#\/schema\/logo\/image\/\",\"url\":\"https:\/\/amuse-mfg.com\/wp-content\/uploads\/2025\/12\/favicon-3.png\",\"contentUrl\":\"https:\/\/amuse-mfg.com\/wp-content\/uploads\/2025\/12\/favicon-3.png\",\"width\":192,\"height\":192,\"caption\":\"Swawa | Amusement Rides Manufacturer | Complete Solutions | Funfair Equipment Manufacturer\"},\"image\":{\"@id\":\"https:\/\/amuse-mfg.com\/#\/schema\/logo\/image\/\"},\"sameAs\":[\"https:\/\/www.youtube.com\/@SwawaAmuse-Mfg\",\"https:\/\/www.pinterest.com\/swawamfg\/\",\"https:\/\/www.instagram.com\/swawamfg\/\"]}]}<\/script>\n<!-- \/ Yoast SEO plugin. -->","yoast_head_json":{"title":"StarCore Agents\u2122 Futuristisches Sprungger\u00e4t im Cyber-Cat-Design | Kapazit\u00e4t f\u00fcr 6 Personen | Swawa | Hersteller von Fahrgesch\u00e4ften | Komplettl\u00f6sungen | Hersteller von Jahrmarktsausr\u00fcstung","robots":{"index":"index","follow":"follow","max-snippet":"max-snippet:-1","max-image-preview":"max-image-preview:large","max-video-preview":"max-video-preview:-1"},"canonical":"https:\/\/amuse-mfg.com\/de\/product\/starcore-agents-futuristic-cyber-cat-themed-jumping-ride-6-person-capacity\/","og_locale":"de_DE","og_type":"article","og_title":"StarCore Agents\u2122 Futuristic Cyber-Cat Themed Jumping Ride | 6-Person Capacity | Swawa | Amusement Rides Manufacturer | Complete Solutions | Funfair Equipment Manufacturer","og_description":"Explore high-ROI amusement equipment for sale from Swawa. The Stellar-Core Jumper, with its futuristic design, requires no foundation and ensures quick profits. Get a quote!","og_url":"https:\/\/amuse-mfg.com\/de\/product\/starcore-agents-futuristic-cyber-cat-themed-jumping-ride-6-person-capacity\/","og_site_name":"Swawa | Amusement Rides Manufacturer | Complete Solutions | Funfair Equipment Manufacturer","article_modified_time":"2025-12-22T03:20:30+00:00","og_image":[{"width":1670,"height":1619,"url":"https:\/\/amuse-mfg.com\/wp-content\/uploads\/2025\/12\/\u661f\u6838\u8e66\u4e50\u5e8a.png","type":"image\/png"}],"twitter_card":"summary_large_image","twitter_misc":{"Est. reading time":"1\u00a0Minute"},"schema":{"@context":"https:\/\/schema.org","@graph":[{"@type":"WebPage","@id":"https:\/\/amuse-mfg.com\/product\/starcore-agents-futuristic-cyber-cat-themed-jumping-ride-6-person-capacity\/","url":"https:\/\/amuse-mfg.com\/product\/starcore-agents-futuristic-cyber-cat-themed-jumping-ride-6-person-capacity\/","name":"StarCore Agents\u2122 Futuristisches Sprungger\u00e4t im Cyber-Cat-Design | Kapazit\u00e4t f\u00fcr 6 Personen | Swawa | Hersteller von Fahrgesch\u00e4ften | Komplettl\u00f6sungen | Hersteller von Jahrmarktsausr\u00fcstung","isPartOf":{"@id":"https:\/\/amuse-mfg.com\/#website"},"primaryImageOfPage":{"@id":"https:\/\/amuse-mfg.com\/product\/starcore-agents-futuristic-cyber-cat-themed-jumping-ride-6-person-capacity\/#primaryimage"},"image":{"@id":"https:\/\/amuse-mfg.com\/product\/starcore-agents-futuristic-cyber-cat-themed-jumping-ride-6-person-capacity\/#primaryimage"},"thumbnailUrl":"https:\/\/amuse-mfg.com\/wp-content\/uploads\/2025\/12\/\u661f\u6838\u8e66\u4e50\u5e8a.png","datePublished":"2025-12-02T06:08:58+00:00","dateModified":"2025-12-22T03:20:30+00:00","breadcrumb":{"@id":"https:\/\/amuse-mfg.com\/product\/starcore-agents-futuristic-cyber-cat-themed-jumping-ride-6-person-capacity\/#breadcrumb"},"inLanguage":"de","potentialAction":[{"@type":"ReadAction","target":["https:\/\/amuse-mfg.com\/product\/starcore-agents-futuristic-cyber-cat-themed-jumping-ride-6-person-capacity\/"]}]},{"@type":"ImageObject","inLanguage":"de","@id":"https:\/\/amuse-mfg.com\/product\/starcore-agents-futuristic-cyber-cat-themed-jumping-ride-6-person-capacity\/#primaryimage","url":"https:\/\/amuse-mfg.com\/wp-content\/uploads\/2025\/12\/\u661f\u6838\u8e66\u4e50\u5e8a.png","contentUrl":"https:\/\/amuse-mfg.com\/wp-content\/uploads\/2025\/12\/\u661f\u6838\u8e66\u4e50\u5e8a.png","width":1670,"height":1619},{"@type":"BreadcrumbList","@id":"https:\/\/amuse-mfg.com\/product\/starcore-agents-futuristic-cyber-cat-themed-jumping-ride-6-person-capacity\/#breadcrumb","itemListElement":[{"@type":"ListItem","position":1,"name":"Home","item":"https:\/\/amuse-mfg.com\/"},{"@type":"ListItem","position":2,"name":"Shop","item":"https:\/\/amuse-mfg.com\/shop\/"},{"@type":"ListItem","position":3,"name":"StarCore Agents\u2122 Futuristic Cyber-Cat Themed Jumping Ride | 6-Person Capacity"}]},{"@type":"WebSite","@id":"https:\/\/amuse-mfg.com\/#website","url":"https:\/\/amuse-mfg.com\/","name":"Swawa | Hersteller von Fahrgesch\u00e4ften | Komplettl\u00f6sungen | Hersteller von Kirmesausr\u00fcstung","description":"Direkter Hersteller von Fahrgesch\u00e4ften und Spielplatzger\u00e4ten. Wir exportieren in \u00fcber 20 L\u00e4nder und bieten Ausr\u00fcstung, Parkdesign, Ertragspl\u00e4ne und umfassenden Kundendienst.","publisher":{"@id":"https:\/\/amuse-mfg.com\/#organization"},"alternateName":"Swawa | Amusement Rides Manufacturer","potentialAction":[{"@type":"SearchAction","target":{"@type":"EntryPoint","urlTemplate":"https:\/\/amuse-mfg.com\/?s={search_term_string}"},"query-input":{"@type":"PropertyValueSpecification","valueRequired":true,"valueName":"search_term_string"}}],"inLanguage":"de"},{"@type":"Organization","@id":"https:\/\/amuse-mfg.com\/#organization","name":"Swawa | Hersteller von Fahrgesch\u00e4ften | Komplettl\u00f6sungen | Hersteller von Kirmesausr\u00fcstung","alternateName":"Swawa","url":"https:\/\/amuse-mfg.com\/","logo":{"@type":"ImageObject","inLanguage":"de","@id":"https:\/\/amuse-mfg.com\/#\/schema\/logo\/image\/","url":"https:\/\/amuse-mfg.com\/wp-content\/uploads\/2025\/12\/favicon-3.png","contentUrl":"https:\/\/amuse-mfg.com\/wp-content\/uploads\/2025\/12\/favicon-3.png","width":192,"height":192,"caption":"Swawa | Amusement Rides Manufacturer | Complete Solutions | Funfair Equipment Manufacturer"},"image":{"@id":"https:\/\/amuse-mfg.com\/#\/schema\/logo\/image\/"},"sameAs":["https:\/\/www.youtube.com\/@SwawaAmuse-Mfg","https:\/\/www.pinterest.com\/swawamfg\/","https:\/\/www.instagram.com\/swawamfg\/"]}]}},"_links":{"self":[{"href":"https:\/\/amuse-mfg.com\/de\/wp-json\/wp\/v2\/product\/4569","targetHints":{"allow":["GET"]}}],"collection":[{"href":"https:\/\/amuse-mfg.com\/de\/wp-json\/wp\/v2\/product"}],"about":[{"href":"https:\/\/amuse-mfg.com\/de\/wp-json\/wp\/v2\/types\/product"}],"wp:featuredmedia":[{"embeddable":true,"href":"https:\/\/amuse-mfg.com\/de\/wp-json\/wp\/v2\/media\/5045"}],"wp:attachment":[{"href":"https:\/\/amuse-mfg.com\/de\/wp-json\/wp\/v2\/media?parent=4569"}],"wp:term":[{"taxonomy":"product_brand","embeddable":true,"href":"https:\/\/amuse-mfg.com\/de\/wp-json\/wp\/v2\/product_brand?post=4569"},{"taxonomy":"product_cat","embeddable":true,"href":"https:\/\/amuse-mfg.com\/de\/wp-json\/wp\/v2\/product_cat?post=4569"},{"taxonomy":"product_tag","embeddable":true,"href":"https:\/\/amuse-mfg.com\/de\/wp-json\/wp\/v2\/product_tag?post=4569"}],"curies":[{"name":"wp","href":"https:\/\/api.w.org\/{rel}","templated":true}]}}