{"id":4562,"date":"2025-12-02T04:16:51","date_gmt":"2025-12-02T04:16:51","guid":{"rendered":"https:\/\/amuse-mfg.com\/?post_type=product&#038;p=4562"},"modified":"2025-12-22T03:20:30","modified_gmt":"2025-12-22T03:20:30","slug":"starcore-agents-spatiotemporal-eddy-current-futuristic-rotating-amusement-ride-16-person","status":"publish","type":"product","link":"https:\/\/amuse-mfg.com\/de\/product\/starcore-agents-spatiotemporal-eddy-current-futuristic-rotating-amusement-ride-16-person\/","title":{"rendered":"StarCore Agents\u2122 Spatiotemporal Eddy Current Futuristic Rotating Amusement Ride | 16-Person"},"content":{"rendered":"<p>Entfesseln Sie die Zukunft der Unterhaltung mit Swawas \u201cSpatiotemporal Eddy\u201d! Dies ist nicht nur eine Fahrt, sondern ein komplettes Hightech-Erlebnis.<\/p>\n<p>Mit 16 rotierenden Fahrzeugen im Cyberpunk-Stil und einem faszinierenden gyroskopischen Herzst\u00fcck zieht es das Publikum sofort in seinen Bann.<\/p>\n<p>Das clevere Design ohne Fundament reduziert Ihre Einrichtungskosten und -zeit erheblich, sodass Sie in Rekordzeit mit dem Betrieb beginnen und Geld verdienen k\u00f6nnen.<\/p>\n<p>Dies f\u00fchrt zu einer schnellen Kapitalrendite und macht es zur perfekten Anziehungspunk f\u00fcr Einkaufszentren, Themenparks und Gemeindepl\u00e4tze, die darauf abzielen, die Besucherfrequenz zu steigern und einen unvergesslichen, profitablen Ort zu schaffen.<\/p>\n<div class=\"relative w-full group mb-2\">\n<div class=\"scrollbar-hidden relative overflow-x-auto max-w-full\">\n<table class=\"w-full text-sm text-left text-gray-500 dark:text-gray-400 max-w-full rounded-xl\" style=\"width: 100%; height: 220px;\">\n<thead class=\"text-xs text-gray-700 uppercase bg-white dark:bg-gray-900 dark:text-gray-400 border-none\">\n<tr style=\"height: 22px;\">\n<th class=\"px-2.5! py-2! cursor-pointer border-b border-gray-100! dark:border-gray-800!\" style=\"height: 22px;\" scope=\"col\">\n<div class=\"gap-1.5 text-left\">\n<div class=\"shrink-0 break-normal\">Parameter<\/div>\n<\/div>\n<\/th>\n<th class=\"px-2.5! py-2! cursor-pointer border-b border-gray-100! dark:border-gray-800!\" style=\"height: 22px;\" scope=\"col\">\n<div class=\"gap-1.5 text-left\">\n<div class=\"shrink-0 break-normal\">Wert<\/div>\n<\/div>\n<\/th>\n<th class=\"px-2.5! py-2! cursor-pointer border-b border-gray-100! dark:border-gray-800!\" style=\"height: 22px;\" scope=\"col\"><\/th>\n<\/tr>\n<\/thead>\n<tbody>\n<tr class=\"bg-white dark:bg-gray-900 text-xs\" style=\"height: 22px;\">\n<td class=\"px-3! py-2! text-gray-900 dark:text-white w-max border-b border-gray-50! dark:border-gray-850!\" style=\"height: 22px;\">\n<div class=\"break-normal\"><strong>Modell<\/strong><\/div>\n<\/td>\n<td class=\"px-3! py-2! text-gray-900 dark:text-white w-max border-b border-gray-50! dark:border-gray-850!\" style=\"height: 22px;\">\n<div class=\"break-normal\">Raumzeitlicher Wirbel<\/div>\n<\/td>\n<td class=\"px-3! py-2! text-gray-900 dark:text-white w-max border-b border-gray-50! dark:border-gray-850!\" style=\"height: 22px;\"><\/td>\n<\/tr>\n<tr class=\"bg-white dark:bg-gray-900 text-xs\" style=\"height: 22px;\">\n<td class=\"px-3! py-2! text-gray-900 dark:text-white w-max border-b border-gray-50! dark:border-gray-850!\" style=\"height: 22px;\">\n<div class=\"break-normal\"><strong>Kapazit\u00e4t<\/strong><\/div>\n<\/td>\n<td class=\"px-3! py-2! text-gray-900 dark:text-white w-max border-b border-gray-50! dark:border-gray-850!\" style=\"height: 22px;\">\n<div class=\"break-normal\">16 Personen<\/div>\n<\/td>\n<td class=\"px-3! py-2! text-gray-900 dark:text-white w-max border-b border-gray-50! dark:border-gray-850!\" style=\"height: 22px;\"><\/td>\n<\/tr>\n<tr class=\"bg-white dark:bg-gray-900 text-xs\" style=\"height: 22px;\">\n<td class=\"px-3! py-2! text-gray-900 dark:text-white w-max border-b border-gray-50! dark:border-gray-850!\" style=\"height: 22px;\">\n<div class=\"break-normal\"><strong>Fahrzeuge<\/strong><\/div>\n<\/td>\n<td class=\"px-3! py-2! text-gray-900 dark:text-white w-max border-b border-gray-50! dark:border-gray-850!\" style=\"height: 22px;\">\n<div class=\"break-normal\">16 Fahrzeuge<\/div>\n<\/td>\n<td class=\"px-3! py-2! text-gray-900 dark:text-white w-max border-b border-gray-50! dark:border-gray-850!\" style=\"height: 22px;\"><\/td>\n<\/tr>\n<tr class=\"bg-white dark:bg-gray-900 text-xs\" style=\"height: 22px;\">\n<td class=\"px-3! py-2! text-gray-900 dark:text-white w-max border-b border-gray-50! dark:border-gray-850!\" style=\"height: 22px;\">\n<div class=\"break-normal\"><strong>Abmessungen (L<em>W<\/em>H)<\/strong><\/div>\n<\/td>\n<td class=\"px-3! py-2! text-gray-900 dark:text-white w-max border-b border-gray-50! dark:border-gray-850!\" style=\"height: 22px;\">\n<div class=\"break-normal\">12,44 m x 10,34 m x 6,3 m<\/div>\n<\/td>\n<td class=\"px-3! py-2! text-gray-900 dark:text-white w-max border-b border-gray-50! dark:border-gray-850!\" style=\"height: 22px;\"><\/td>\n<\/tr>\n<tr class=\"bg-white dark:bg-gray-900 text-xs\" style=\"height: 22px;\">\n<td class=\"px-3! py-2! text-gray-900 dark:text-white w-max border-b border-gray-50! dark:border-gray-850!\" style=\"height: 22px;\">\n<div class=\"break-normal\"><\/div>\n<\/td>\n<td class=\"px-3! py-2! text-gray-900 dark:text-white w-max border-b border-gray-50! dark:border-gray-850!\" style=\"height: 22px;\">\n<div class=\"break-normal\">(ca. 12,4 m x 10,3 m x 6,3 m)<\/div>\n<\/td>\n<td class=\"px-3! py-2! text-gray-900 dark:text-white w-max border-b border-gray-50! dark:border-gray-850!\" style=\"height: 22px;\"><\/td>\n<\/tr>\n<tr class=\"bg-white dark:bg-gray-900 text-xs\" style=\"height: 22px;\">\n<td class=\"px-3! py-2! text-gray-900 dark:text-white w-max border-b border-gray-50! dark:border-gray-850!\" style=\"height: 22px;\">\n<div class=\"break-normal\"><strong>Spannung<\/strong><\/div>\n<\/td>\n<td class=\"px-3! py-2! text-gray-900 dark:text-white w-max border-b border-gray-50! dark:border-gray-850!\" style=\"height: 22px;\">\n<div class=\"break-normal\">220 V (an lokale Standards anpassbar)<\/div>\n<\/td>\n<td class=\"px-3! py-2! text-gray-900 dark:text-white w-max border-b border-gray-50! dark:border-gray-850!\" style=\"height: 22px;\"><\/td>\n<\/tr>\n<tr class=\"bg-white dark:bg-gray-900 text-xs\" style=\"height: 22px;\">\n<td class=\"px-3! py-2! text-gray-900 dark:text-white w-max border-b border-gray-50! dark:border-gray-850!\" style=\"height: 22px;\">\n<div class=\"break-normal\"><strong>Strom<\/strong><\/div>\n<\/td>\n<td class=\"px-3! py-2! text-gray-900 dark:text-white w-max border-b border-gray-50! dark:border-gray-850!\" style=\"height: 22px;\">\n<div class=\"break-normal\">8 kW<\/div>\n<\/td>\n<td class=\"px-3! py-2! text-gray-900 dark:text-white w-max border-b border-gray-50! dark:border-gray-850!\" style=\"height: 22px;\"><\/td>\n<\/tr>\n<tr class=\"bg-white dark:bg-gray-900 text-xs\" style=\"height: 22px;\">\n<td class=\"px-3! py-2! text-gray-900 dark:text-white w-max border-b border-gray-50! dark:border-gray-850!\" style=\"height: 22px;\">\n<div class=\"break-normal\"><strong>Besonderheit<\/strong><\/div>\n<\/td>\n<td class=\"px-3! py-2! text-gray-900 dark:text-white w-max border-b border-gray-50! dark:border-gray-850!\" style=\"height: 22px;\">\n<div class=\"break-normal\">Fundamentfreies Design<\/div>\n<\/td>\n<td class=\"px-3! py-2! text-gray-900 dark:text-white w-max border-b border-gray-50! dark:border-gray-850!\" style=\"height: 22px;\"><\/td>\n<\/tr>\n<tr class=\"bg-white dark:bg-gray-900 text-xs\" style=\"height: 22px;\">\n<td class=\"px-3! py-2! text-gray-900 dark:text-white w-max\" style=\"height: 22px;\">\n<div class=\"break-normal\"><strong>Thema<\/strong><\/div>\n<\/td>\n<td class=\"px-3! py-2! text-gray-900 dark:text-white w-max\" style=\"height: 22px;\">\n<div class=\"break-normal\">Futuristisch \/ Cyberpunk<\/div>\n<\/td>\n<td class=\"px-3! py-2! text-gray-900 dark:text-white w-max\" style=\"height: 22px;\"><\/td>\n<\/tr>\n<\/tbody>\n<\/table>\n<\/div>\n<\/div>","protected":false},"excerpt":{"rendered":"<p>Entdecken Sie unsere zum Verkauf stehende Vergn\u00fcgungsattraktion \u201cSpatiotemporal Eddy\u201d. Diese futuristische Attraktion mit hoher Kapazit\u00e4t bietet einen unglaublichen ROI und ben\u00f6tigt kein Fundament. Fordern Sie noch heute Ihr Angebot an!<\/p>","protected":false},"featured_media":5003,"menu_order":0,"template":"","meta":[],"product_brand":[],"product_cat":[54],"product_tag":[],"class_list":{"0":"post-4562","1":"product","2":"type-product","3":"status-publish","4":"has-post-thumbnail","6":"product_cat-outdoor-amusement-equipment","8":"first","9":"instock","10":"shipping-taxable","11":"purchasable","12":"product-type-simple"},"yoast_head":"<!-- This site is optimized with the Yoast SEO plugin v26.6 - https:\/\/yoast.com\/wordpress\/plugins\/seo\/ -->\n<title>StarCore Agents\u2122 Spatiotemporal Eddy Current Futuristic Rotating Amusement Ride | 16-Person | Swawa | Amusement Rides Manufacturer | Complete Solutions | Funfair Equipment Manufacturer<\/title>\n<meta name=\"robots\" content=\"index, follow, max-snippet:-1, max-image-preview:large, max-video-preview:-1\" \/>\n<link rel=\"canonical\" href=\"https:\/\/amuse-mfg.com\/de\/product\/starcore-agents-spatiotemporal-eddy-current-futuristic-rotating-amusement-ride-16-person\/\" \/>\n<meta property=\"og:locale\" content=\"de_DE\" \/>\n<meta property=\"og:type\" content=\"article\" \/>\n<meta property=\"og:title\" content=\"StarCore Agents\u2122 Spatiotemporal Eddy Current Futuristic Rotating Amusement Ride | 16-Person | Swawa | Amusement Rides Manufacturer | Complete Solutions | Funfair Equipment Manufacturer\" \/>\n<meta property=\"og:description\" content=\"Discover our &quot;Spatiotemporal Eddy&quot; amusement park ride for sale. This futuristic, high-capacity ride offers an incredible ROI with no foundation needed. Get your quote today!\" \/>\n<meta property=\"og:url\" content=\"https:\/\/amuse-mfg.com\/de\/product\/starcore-agents-spatiotemporal-eddy-current-futuristic-rotating-amusement-ride-16-person\/\" \/>\n<meta property=\"og:site_name\" content=\"Swawa | Amusement Rides Manufacturer | Complete Solutions | Funfair Equipment Manufacturer\" \/>\n<meta property=\"article:modified_time\" content=\"2025-12-22T03:20:30+00:00\" \/>\n<meta property=\"og:image\" content=\"https:\/\/amuse-mfg.com\/wp-content\/uploads\/2025\/12\/\u5fae\u4fe1\u56fe\u7247_20241128193822-\u526f\u672c.jpg\" \/>\n\t<meta property=\"og:image:width\" content=\"1750\" \/>\n\t<meta property=\"og:image:height\" content=\"1313\" \/>\n\t<meta property=\"og:image:type\" content=\"image\/jpeg\" \/>\n<meta name=\"twitter:card\" content=\"summary_large_image\" \/>\n<meta name=\"twitter:label1\" content=\"Est. reading time\" \/>\n\t<meta name=\"twitter:data1\" content=\"1\u00a0Minute\" \/>\n<script type=\"application\/ld+json\" class=\"yoast-schema-graph\">{\"@context\":\"https:\/\/schema.org\",\"@graph\":[{\"@type\":\"WebPage\",\"@id\":\"https:\/\/amuse-mfg.com\/product\/starcore-agents-spatiotemporal-eddy-current-futuristic-rotating-amusement-ride-16-person\/\",\"url\":\"https:\/\/amuse-mfg.com\/product\/starcore-agents-spatiotemporal-eddy-current-futuristic-rotating-amusement-ride-16-person\/\",\"name\":\"StarCore Agents\u2122 Spatiotemporal Eddy Current Futuristic Rotating Amusement Ride | 16-Person | Swawa | Amusement Rides Manufacturer | Complete Solutions | Funfair Equipment Manufacturer\",\"isPartOf\":{\"@id\":\"https:\/\/amuse-mfg.com\/#website\"},\"primaryImageOfPage\":{\"@id\":\"https:\/\/amuse-mfg.com\/product\/starcore-agents-spatiotemporal-eddy-current-futuristic-rotating-amusement-ride-16-person\/#primaryimage\"},\"image\":{\"@id\":\"https:\/\/amuse-mfg.com\/product\/starcore-agents-spatiotemporal-eddy-current-futuristic-rotating-amusement-ride-16-person\/#primaryimage\"},\"thumbnailUrl\":\"https:\/\/amuse-mfg.com\/wp-content\/uploads\/2025\/12\/\u5fae\u4fe1\u56fe\u7247_20241128193822-\u526f\u672c.jpg\",\"datePublished\":\"2025-12-02T04:16:51+00:00\",\"dateModified\":\"2025-12-22T03:20:30+00:00\",\"breadcrumb\":{\"@id\":\"https:\/\/amuse-mfg.com\/product\/starcore-agents-spatiotemporal-eddy-current-futuristic-rotating-amusement-ride-16-person\/#breadcrumb\"},\"inLanguage\":\"de\",\"potentialAction\":[{\"@type\":\"ReadAction\",\"target\":[\"https:\/\/amuse-mfg.com\/product\/starcore-agents-spatiotemporal-eddy-current-futuristic-rotating-amusement-ride-16-person\/\"]}]},{\"@type\":\"ImageObject\",\"inLanguage\":\"de\",\"@id\":\"https:\/\/amuse-mfg.com\/product\/starcore-agents-spatiotemporal-eddy-current-futuristic-rotating-amusement-ride-16-person\/#primaryimage\",\"url\":\"https:\/\/amuse-mfg.com\/wp-content\/uploads\/2025\/12\/\u5fae\u4fe1\u56fe\u7247_20241128193822-\u526f\u672c.jpg\",\"contentUrl\":\"https:\/\/amuse-mfg.com\/wp-content\/uploads\/2025\/12\/\u5fae\u4fe1\u56fe\u7247_20241128193822-\u526f\u672c.jpg\",\"width\":1750,\"height\":1313},{\"@type\":\"BreadcrumbList\",\"@id\":\"https:\/\/amuse-mfg.com\/product\/starcore-agents-spatiotemporal-eddy-current-futuristic-rotating-amusement-ride-16-person\/#breadcrumb\",\"itemListElement\":[{\"@type\":\"ListItem\",\"position\":1,\"name\":\"Home\",\"item\":\"https:\/\/amuse-mfg.com\/\"},{\"@type\":\"ListItem\",\"position\":2,\"name\":\"Shop\",\"item\":\"https:\/\/amuse-mfg.com\/shop\/\"},{\"@type\":\"ListItem\",\"position\":3,\"name\":\"StarCore Agents\u2122 Spatiotemporal Eddy Current Futuristic Rotating Amusement Ride | 16-Person\"}]},{\"@type\":\"WebSite\",\"@id\":\"https:\/\/amuse-mfg.com\/#website\",\"url\":\"https:\/\/amuse-mfg.com\/\",\"name\":\"Swawa | Amusement Rides Manufacturer | Complete Solutions | Funfair Equipment Manufacturer\",\"description\":\"Direct factory of amusement rides &amp; playground equipment. Exported to over 20 countries, we offer equipment, park design, revenue plans and full after-sales service.\",\"publisher\":{\"@id\":\"https:\/\/amuse-mfg.com\/#organization\"},\"alternateName\":\"Swawa | Amusement Rides Manufacturer\",\"potentialAction\":[{\"@type\":\"SearchAction\",\"target\":{\"@type\":\"EntryPoint\",\"urlTemplate\":\"https:\/\/amuse-mfg.com\/?s={search_term_string}\"},\"query-input\":{\"@type\":\"PropertyValueSpecification\",\"valueRequired\":true,\"valueName\":\"search_term_string\"}}],\"inLanguage\":\"de\"},{\"@type\":\"Organization\",\"@id\":\"https:\/\/amuse-mfg.com\/#organization\",\"name\":\"Swawa | Amusement Rides Manufacturer | Complete Solutions | Funfair Equipment Manufacturer\",\"alternateName\":\"Swawa\",\"url\":\"https:\/\/amuse-mfg.com\/\",\"logo\":{\"@type\":\"ImageObject\",\"inLanguage\":\"de\",\"@id\":\"https:\/\/amuse-mfg.com\/#\/schema\/logo\/image\/\",\"url\":\"https:\/\/amuse-mfg.com\/wp-content\/uploads\/2025\/12\/favicon-3.png\",\"contentUrl\":\"https:\/\/amuse-mfg.com\/wp-content\/uploads\/2025\/12\/favicon-3.png\",\"width\":192,\"height\":192,\"caption\":\"Swawa | Amusement Rides Manufacturer | Complete Solutions | Funfair Equipment Manufacturer\"},\"image\":{\"@id\":\"https:\/\/amuse-mfg.com\/#\/schema\/logo\/image\/\"},\"sameAs\":[\"https:\/\/www.youtube.com\/@SwawaAmuse-Mfg\",\"https:\/\/www.pinterest.com\/swawamfg\/\",\"https:\/\/www.instagram.com\/swawamfg\/\"]}]}<\/script>\n<!-- \/ Yoast SEO plugin. -->","yoast_head_json":{"title":"StarCore Agents\u2122 Raumzeitliche Wirbelstrom-Futuristische Rotationsfahrgesch\u00e4ft | 16 Personen | Swawa | Hersteller von Fahrgesch\u00e4ften | Komplettl\u00f6sungen | Hersteller von Jahrmarktsausr\u00fcstung","robots":{"index":"index","follow":"follow","max-snippet":"max-snippet:-1","max-image-preview":"max-image-preview:large","max-video-preview":"max-video-preview:-1"},"canonical":"https:\/\/amuse-mfg.com\/de\/product\/starcore-agents-spatiotemporal-eddy-current-futuristic-rotating-amusement-ride-16-person\/","og_locale":"de_DE","og_type":"article","og_title":"StarCore Agents\u2122 Spatiotemporal Eddy Current Futuristic Rotating Amusement Ride | 16-Person | Swawa | Amusement Rides Manufacturer | Complete Solutions | Funfair Equipment Manufacturer","og_description":"Discover our \"Spatiotemporal Eddy\" amusement park ride for sale. This futuristic, high-capacity ride offers an incredible ROI with no foundation needed. Get your quote today!","og_url":"https:\/\/amuse-mfg.com\/de\/product\/starcore-agents-spatiotemporal-eddy-current-futuristic-rotating-amusement-ride-16-person\/","og_site_name":"Swawa | Amusement Rides Manufacturer | Complete Solutions | Funfair Equipment Manufacturer","article_modified_time":"2025-12-22T03:20:30+00:00","og_image":[{"width":1750,"height":1313,"url":"https:\/\/amuse-mfg.com\/wp-content\/uploads\/2025\/12\/\u5fae\u4fe1\u56fe\u7247_20241128193822-\u526f\u672c.jpg","type":"image\/jpeg"}],"twitter_card":"summary_large_image","twitter_misc":{"Est. reading time":"1\u00a0Minute"},"schema":{"@context":"https:\/\/schema.org","@graph":[{"@type":"WebPage","@id":"https:\/\/amuse-mfg.com\/product\/starcore-agents-spatiotemporal-eddy-current-futuristic-rotating-amusement-ride-16-person\/","url":"https:\/\/amuse-mfg.com\/product\/starcore-agents-spatiotemporal-eddy-current-futuristic-rotating-amusement-ride-16-person\/","name":"StarCore Agents\u2122 Raumzeitliche Wirbelstrom-Futuristische Rotationsfahrgesch\u00e4ft | 16 Personen | Swawa | Hersteller von Fahrgesch\u00e4ften | Komplettl\u00f6sungen | Hersteller von Jahrmarktsausr\u00fcstung","isPartOf":{"@id":"https:\/\/amuse-mfg.com\/#website"},"primaryImageOfPage":{"@id":"https:\/\/amuse-mfg.com\/product\/starcore-agents-spatiotemporal-eddy-current-futuristic-rotating-amusement-ride-16-person\/#primaryimage"},"image":{"@id":"https:\/\/amuse-mfg.com\/product\/starcore-agents-spatiotemporal-eddy-current-futuristic-rotating-amusement-ride-16-person\/#primaryimage"},"thumbnailUrl":"https:\/\/amuse-mfg.com\/wp-content\/uploads\/2025\/12\/\u5fae\u4fe1\u56fe\u7247_20241128193822-\u526f\u672c.jpg","datePublished":"2025-12-02T04:16:51+00:00","dateModified":"2025-12-22T03:20:30+00:00","breadcrumb":{"@id":"https:\/\/amuse-mfg.com\/product\/starcore-agents-spatiotemporal-eddy-current-futuristic-rotating-amusement-ride-16-person\/#breadcrumb"},"inLanguage":"de","potentialAction":[{"@type":"ReadAction","target":["https:\/\/amuse-mfg.com\/product\/starcore-agents-spatiotemporal-eddy-current-futuristic-rotating-amusement-ride-16-person\/"]}]},{"@type":"ImageObject","inLanguage":"de","@id":"https:\/\/amuse-mfg.com\/product\/starcore-agents-spatiotemporal-eddy-current-futuristic-rotating-amusement-ride-16-person\/#primaryimage","url":"https:\/\/amuse-mfg.com\/wp-content\/uploads\/2025\/12\/\u5fae\u4fe1\u56fe\u7247_20241128193822-\u526f\u672c.jpg","contentUrl":"https:\/\/amuse-mfg.com\/wp-content\/uploads\/2025\/12\/\u5fae\u4fe1\u56fe\u7247_20241128193822-\u526f\u672c.jpg","width":1750,"height":1313},{"@type":"BreadcrumbList","@id":"https:\/\/amuse-mfg.com\/product\/starcore-agents-spatiotemporal-eddy-current-futuristic-rotating-amusement-ride-16-person\/#breadcrumb","itemListElement":[{"@type":"ListItem","position":1,"name":"Home","item":"https:\/\/amuse-mfg.com\/"},{"@type":"ListItem","position":2,"name":"Shop","item":"https:\/\/amuse-mfg.com\/shop\/"},{"@type":"ListItem","position":3,"name":"StarCore Agents\u2122 Spatiotemporal Eddy Current Futuristic Rotating Amusement Ride | 16-Person"}]},{"@type":"WebSite","@id":"https:\/\/amuse-mfg.com\/#website","url":"https:\/\/amuse-mfg.com\/","name":"Swawa | Hersteller von Fahrgesch\u00e4ften | Komplettl\u00f6sungen | Hersteller von Kirmesausr\u00fcstung","description":"Direkter Hersteller von Fahrgesch\u00e4ften und Spielplatzger\u00e4ten. Wir exportieren in \u00fcber 20 L\u00e4nder und bieten Ausr\u00fcstung, Parkdesign, Ertragspl\u00e4ne und umfassenden Kundendienst.","publisher":{"@id":"https:\/\/amuse-mfg.com\/#organization"},"alternateName":"Swawa | Amusement Rides Manufacturer","potentialAction":[{"@type":"SearchAction","target":{"@type":"EntryPoint","urlTemplate":"https:\/\/amuse-mfg.com\/?s={search_term_string}"},"query-input":{"@type":"PropertyValueSpecification","valueRequired":true,"valueName":"search_term_string"}}],"inLanguage":"de"},{"@type":"Organization","@id":"https:\/\/amuse-mfg.com\/#organization","name":"Swawa | Hersteller von Fahrgesch\u00e4ften | Komplettl\u00f6sungen | Hersteller von Kirmesausr\u00fcstung","alternateName":"Swawa","url":"https:\/\/amuse-mfg.com\/","logo":{"@type":"ImageObject","inLanguage":"de","@id":"https:\/\/amuse-mfg.com\/#\/schema\/logo\/image\/","url":"https:\/\/amuse-mfg.com\/wp-content\/uploads\/2025\/12\/favicon-3.png","contentUrl":"https:\/\/amuse-mfg.com\/wp-content\/uploads\/2025\/12\/favicon-3.png","width":192,"height":192,"caption":"Swawa | Amusement Rides Manufacturer | Complete Solutions | Funfair Equipment Manufacturer"},"image":{"@id":"https:\/\/amuse-mfg.com\/#\/schema\/logo\/image\/"},"sameAs":["https:\/\/www.youtube.com\/@SwawaAmuse-Mfg","https:\/\/www.pinterest.com\/swawamfg\/","https:\/\/www.instagram.com\/swawamfg\/"]}]}},"_links":{"self":[{"href":"https:\/\/amuse-mfg.com\/de\/wp-json\/wp\/v2\/product\/4562","targetHints":{"allow":["GET"]}}],"collection":[{"href":"https:\/\/amuse-mfg.com\/de\/wp-json\/wp\/v2\/product"}],"about":[{"href":"https:\/\/amuse-mfg.com\/de\/wp-json\/wp\/v2\/types\/product"}],"wp:featuredmedia":[{"embeddable":true,"href":"https:\/\/amuse-mfg.com\/de\/wp-json\/wp\/v2\/media\/5003"}],"wp:attachment":[{"href":"https:\/\/amuse-mfg.com\/de\/wp-json\/wp\/v2\/media?parent=4562"}],"wp:term":[{"taxonomy":"product_brand","embeddable":true,"href":"https:\/\/amuse-mfg.com\/de\/wp-json\/wp\/v2\/product_brand?post=4562"},{"taxonomy":"product_cat","embeddable":true,"href":"https:\/\/amuse-mfg.com\/de\/wp-json\/wp\/v2\/product_cat?post=4562"},{"taxonomy":"product_tag","embeddable":true,"href":"https:\/\/amuse-mfg.com\/de\/wp-json\/wp\/v2\/product_tag?post=4562"}],"curies":[{"name":"wp","href":"https:\/\/api.w.org\/{rel}","templated":true}]}}