{"id":4558,"date":"2025-12-02T04:05:55","date_gmt":"2025-12-02T04:05:55","guid":{"rendered":"https:\/\/amuse-mfg.com\/?post_type=product&#038;p=4558"},"modified":"2025-12-22T03:20:31","modified_gmt":"2025-12-22T03:20:31","slug":"starcore-agents-robocop-interplanetary-cross-ride-16-person-park-amusement-equipment","status":"publish","type":"product","link":"https:\/\/amuse-mfg.com\/de\/product\/starcore-agents-robocop-interplanetary-cross-ride-16-person-park-amusement-equipment\/","title":{"rendered":"StarCore Agents\u2122 RoboCop Interplanetary Cross Ride | 16-Personen-Park-Vergn\u00fcgungsanlage"},"content":{"rendered":"<p>H\u00f6rt auf, Schrott zu verkaufen; fangt an, Erlebnisse zu verkaufen! <strong>Interstellare Odyssee<\/strong> ist nicht nur eine Fahrattraktion; es ist eine komplette, schl\u00fcsselfertige IP-Themenparkl\u00f6sung.<\/p>\n<p>Das atemberaubende Cyberpunk-Design mit integrierter LED-Beleuchtung und Soundeffekten schafft sofort einen futuristischen Anziehungspunkt.<\/p>\n<p>Das bedeutet h\u00f6here Ticketpreise und einen enormen Besucherandrang f\u00fcr Ihre Location.<\/p>\n<p>F\u00fcr Investoren bedeutet das eine schnelle Kapitalrendite. Dank des fundamentlosen Designs und der einfachen Installation k\u00f6nnen Sie Ihr Unternehmen in weniger als 20 Tagen starten und zum angesagtesten Unterhaltungszentrum Ihrer Stadt werden. Werden Sie Partner von Swawa und gestalten Sie mit uns die Zukunft der Unterhaltung.<\/p>\n<table class=\"w-full text-sm text-left text-gray-500 dark:text-gray-400 max-w-full rounded-xl\">\n<thead class=\"text-xs text-gray-700 uppercase bg-white dark:bg-gray-900 dark:text-gray-400 border-none\">\n<tr>\n<th class=\"px-2.5! py-2! cursor-pointer border-b border-gray-100! dark:border-gray-800!\" scope=\"col\">\n<div class=\"gap-1.5 text-left\">\n<div class=\"shrink-0 break-normal\">Spezifikation<\/div>\n<\/div>\n<\/th>\n<th class=\"px-2.5! py-2! cursor-pointer border-b border-gray-100! dark:border-gray-800!\" scope=\"col\">\n<div class=\"gap-1.5 text-left\">\n<div class=\"shrink-0 break-normal\">Wert (metrisch)<\/div>\n<\/div>\n<\/th>\n<th class=\"px-2.5! py-2! cursor-pointer border-b border-gray-100! dark:border-gray-800!\" scope=\"col\"><\/th>\n<\/tr>\n<\/thead>\n<tbody>\n<tr class=\"bg-white dark:bg-gray-900 text-xs\">\n<td class=\"px-3! py-2! text-gray-900 dark:text-white w-max border-b border-gray-50! dark:border-gray-850!\">\n<div class=\"break-normal\"><strong>Produktname<\/strong><\/div>\n<\/td>\n<td class=\"px-3! py-2! text-gray-900 dark:text-white w-max border-b border-gray-50! dark:border-gray-850!\">\n<div class=\"break-normal\">Interstellare Odyssee<\/div>\n<\/td>\n<td class=\"px-3! py-2! text-gray-900 dark:text-white w-max border-b border-gray-50! dark:border-gray-850!\"><\/td>\n<\/tr>\n<tr class=\"bg-white dark:bg-gray-900 text-xs\">\n<td class=\"px-3! py-2! text-gray-900 dark:text-white w-max border-b border-gray-50! dark:border-gray-850!\">\n<div class=\"break-normal\"><strong>Grundfl\u00e4che (inkl. Zaun)<\/strong><\/div>\n<\/td>\n<td class=\"px-3! py-2! text-gray-900 dark:text-white w-max border-b border-gray-50! dark:border-gray-850!\">\n<div class=\"break-normal\">L 7,84 m x B 6,6 m x H 3,8 m<\/div>\n<\/td>\n<td class=\"px-3! py-2! text-gray-900 dark:text-white w-max border-b border-gray-50! dark:border-gray-850!\"><\/td>\n<\/tr>\n<tr class=\"bg-white dark:bg-gray-900 text-xs\">\n<td class=\"px-3! py-2! text-gray-900 dark:text-white w-max border-b border-gray-50! dark:border-gray-850!\">\n<div class=\"break-normal\"><strong>Kapazit\u00e4t<\/strong><\/div>\n<\/td>\n<td class=\"px-3! py-2! text-gray-900 dark:text-white w-max border-b border-gray-50! dark:border-gray-850!\">\n<div class=\"break-normal\">16 Personen<\/div>\n<\/td>\n<td class=\"px-3! py-2! text-gray-900 dark:text-white w-max border-b border-gray-50! dark:border-gray-850!\"><\/td>\n<\/tr>\n<tr class=\"bg-white dark:bg-gray-900 text-xs\">\n<td class=\"px-3! py-2! text-gray-900 dark:text-white w-max border-b border-gray-50! dark:border-gray-850!\">\n<div class=\"break-normal\"><strong>Spannung<\/strong><\/div>\n<\/td>\n<td class=\"px-3! py-2! text-gray-900 dark:text-white w-max border-b border-gray-50! dark:border-gray-850!\">\n<div class=\"break-normal\">380 V \/ 50 Hz (anpassbar)<\/div>\n<\/td>\n<td class=\"px-3! py-2! text-gray-900 dark:text-white w-max border-b border-gray-50! dark:border-gray-850!\"><\/td>\n<\/tr>\n<tr class=\"bg-white dark:bg-gray-900 text-xs\">\n<td class=\"px-3! py-2! text-gray-900 dark:text-white w-max border-b border-gray-50! dark:border-gray-850!\">\n<div class=\"break-normal\"><strong>Strom<\/strong><\/div>\n<\/td>\n<td class=\"px-3! py-2! text-gray-900 dark:text-white w-max border-b border-gray-50! dark:border-gray-850!\">\n<div class=\"break-normal\">15 kW<\/div>\n<\/td>\n<td class=\"px-3! py-2! text-gray-900 dark:text-white w-max border-b border-gray-50! dark:border-gray-850!\"><\/td>\n<\/tr>\n<tr class=\"bg-white dark:bg-gray-900 text-xs\">\n<td class=\"px-3! py-2! text-gray-900 dark:text-white w-max border-b border-gray-50! dark:border-gray-850!\">\n<div class=\"break-normal\"><strong>Betriebsmodus<\/strong><\/div>\n<\/td>\n<td class=\"px-3! py-2! text-gray-900 dark:text-white w-max border-b border-gray-50! dark:border-gray-850!\">\n<div class=\"break-normal\">Hydrauliksystem<\/div>\n<\/td>\n<td class=\"px-3! py-2! text-gray-900 dark:text-white w-max border-b border-gray-50! dark:border-gray-850!\"><\/td>\n<\/tr>\n<tr class=\"bg-white dark:bg-gray-900 text-xs\">\n<td class=\"px-3! py-2! text-gray-900 dark:text-white w-max\">\n<div class=\"break-normal\"><strong>Besondere Merkmale<\/strong><\/div>\n<\/td>\n<td class=\"px-3! py-2! text-gray-900 dark:text-white w-max\">\n<div class=\"break-normal\">Integrierte LED-Beleuchtung, Cyberpunk-Thematik, Audiosystem<\/div>\n<\/td>\n<td class=\"px-3! py-2! text-gray-900 dark:text-white w-max\"><\/td>\n<\/tr>\n<\/tbody>\n<\/table>","protected":false},"excerpt":{"rendered":"<p>Entdecken Sie unsere Fahrgesch\u00e4fte mit hoher Rendite f\u00fcr Vergn\u00fcgungsparks. Die Interstellar Odyssey bietet ein Cyberpunk-Thema, l\u00e4sst sich schnell aufbauen und ben\u00f6tigt kein Fundament. Fordern Sie noch heute ein Angebot an!<\/p>","protected":false},"featured_media":4987,"menu_order":0,"template":"","meta":[],"product_brand":[],"product_cat":[54],"product_tag":[],"class_list":{"0":"post-4558","1":"product","2":"type-product","3":"status-publish","4":"has-post-thumbnail","6":"product_cat-outdoor-amusement-equipment","8":"first","9":"instock","10":"shipping-taxable","11":"purchasable","12":"product-type-simple"},"yoast_head":"<!-- This site is optimized with the Yoast SEO plugin v26.6 - https:\/\/yoast.com\/wordpress\/plugins\/seo\/ -->\n<title>StarCore Agents\u2122 RoboCop Interplanetary Cross Ride | 16-Person Park Amusement Equipment | Swawa | Amusement Rides Manufacturer | Complete Solutions | Funfair Equipment Manufacturer<\/title>\n<meta name=\"robots\" content=\"index, follow, max-snippet:-1, max-image-preview:large, max-video-preview:-1\" \/>\n<link rel=\"canonical\" href=\"https:\/\/amuse-mfg.com\/de\/product\/starcore-agents-robocop-interplanetary-cross-ride-16-person-park-amusement-equipment\/\" \/>\n<meta property=\"og:locale\" content=\"de_DE\" \/>\n<meta property=\"og:type\" content=\"article\" \/>\n<meta property=\"og:title\" content=\"StarCore Agents\u2122 RoboCop Interplanetary Cross Ride | 16-Person Park Amusement Equipment | Swawa | Amusement Rides Manufacturer | Complete Solutions | Funfair Equipment Manufacturer\" \/>\n<meta property=\"og:description\" content=\"Discover our high-ROI amusement park rides for sale. The Interstellar Odyssey offers a cyberpunk theme, fast installation, and no foundation needed. Get a quote today!\" \/>\n<meta property=\"og:url\" content=\"https:\/\/amuse-mfg.com\/de\/product\/starcore-agents-robocop-interplanetary-cross-ride-16-person-park-amusement-equipment\/\" \/>\n<meta property=\"og:site_name\" content=\"Swawa | Amusement Rides Manufacturer | Complete Solutions | Funfair Equipment Manufacturer\" \/>\n<meta property=\"article:modified_time\" content=\"2025-12-22T03:20:31+00:00\" \/>\n<meta property=\"og:image\" content=\"https:\/\/amuse-mfg.com\/wp-content\/uploads\/2025\/12\/yu02-\u526f\u672c.png\" \/>\n\t<meta property=\"og:image:width\" content=\"1800\" \/>\n\t<meta property=\"og:image:height\" content=\"1017\" \/>\n\t<meta property=\"og:image:type\" content=\"image\/png\" \/>\n<meta name=\"twitter:card\" content=\"summary_large_image\" \/>\n<meta name=\"twitter:label1\" content=\"Est. reading time\" \/>\n\t<meta name=\"twitter:data1\" content=\"1\u00a0Minute\" \/>\n<script type=\"application\/ld+json\" class=\"yoast-schema-graph\">{\"@context\":\"https:\/\/schema.org\",\"@graph\":[{\"@type\":\"WebPage\",\"@id\":\"https:\/\/amuse-mfg.com\/product\/starcore-agents-robocop-interplanetary-cross-ride-16-person-park-amusement-equipment\/\",\"url\":\"https:\/\/amuse-mfg.com\/product\/starcore-agents-robocop-interplanetary-cross-ride-16-person-park-amusement-equipment\/\",\"name\":\"StarCore Agents\u2122 RoboCop Interplanetary Cross Ride | 16-Person Park Amusement Equipment | Swawa | Amusement Rides Manufacturer | Complete Solutions | Funfair Equipment Manufacturer\",\"isPartOf\":{\"@id\":\"https:\/\/amuse-mfg.com\/#website\"},\"primaryImageOfPage\":{\"@id\":\"https:\/\/amuse-mfg.com\/product\/starcore-agents-robocop-interplanetary-cross-ride-16-person-park-amusement-equipment\/#primaryimage\"},\"image\":{\"@id\":\"https:\/\/amuse-mfg.com\/product\/starcore-agents-robocop-interplanetary-cross-ride-16-person-park-amusement-equipment\/#primaryimage\"},\"thumbnailUrl\":\"https:\/\/amuse-mfg.com\/wp-content\/uploads\/2025\/12\/yu02-\u526f\u672c.png\",\"datePublished\":\"2025-12-02T04:05:55+00:00\",\"dateModified\":\"2025-12-22T03:20:31+00:00\",\"breadcrumb\":{\"@id\":\"https:\/\/amuse-mfg.com\/product\/starcore-agents-robocop-interplanetary-cross-ride-16-person-park-amusement-equipment\/#breadcrumb\"},\"inLanguage\":\"de\",\"potentialAction\":[{\"@type\":\"ReadAction\",\"target\":[\"https:\/\/amuse-mfg.com\/product\/starcore-agents-robocop-interplanetary-cross-ride-16-person-park-amusement-equipment\/\"]}]},{\"@type\":\"ImageObject\",\"inLanguage\":\"de\",\"@id\":\"https:\/\/amuse-mfg.com\/product\/starcore-agents-robocop-interplanetary-cross-ride-16-person-park-amusement-equipment\/#primaryimage\",\"url\":\"https:\/\/amuse-mfg.com\/wp-content\/uploads\/2025\/12\/yu02-\u526f\u672c.png\",\"contentUrl\":\"https:\/\/amuse-mfg.com\/wp-content\/uploads\/2025\/12\/yu02-\u526f\u672c.png\",\"width\":1800,\"height\":1017},{\"@type\":\"BreadcrumbList\",\"@id\":\"https:\/\/amuse-mfg.com\/product\/starcore-agents-robocop-interplanetary-cross-ride-16-person-park-amusement-equipment\/#breadcrumb\",\"itemListElement\":[{\"@type\":\"ListItem\",\"position\":1,\"name\":\"Home\",\"item\":\"https:\/\/amuse-mfg.com\/\"},{\"@type\":\"ListItem\",\"position\":2,\"name\":\"Shop\",\"item\":\"https:\/\/amuse-mfg.com\/shop\/\"},{\"@type\":\"ListItem\",\"position\":3,\"name\":\"StarCore Agents\u2122 RoboCop Interplanetary Cross Ride | 16-Person Park Amusement Equipment\"}]},{\"@type\":\"WebSite\",\"@id\":\"https:\/\/amuse-mfg.com\/#website\",\"url\":\"https:\/\/amuse-mfg.com\/\",\"name\":\"Swawa | Amusement Rides Manufacturer | Complete Solutions | Funfair Equipment Manufacturer\",\"description\":\"Direct factory of amusement rides &amp; playground equipment. Exported to over 20 countries, we offer equipment, park design, revenue plans and full after-sales service.\",\"publisher\":{\"@id\":\"https:\/\/amuse-mfg.com\/#organization\"},\"alternateName\":\"Swawa | Amusement Rides Manufacturer\",\"potentialAction\":[{\"@type\":\"SearchAction\",\"target\":{\"@type\":\"EntryPoint\",\"urlTemplate\":\"https:\/\/amuse-mfg.com\/?s={search_term_string}\"},\"query-input\":{\"@type\":\"PropertyValueSpecification\",\"valueRequired\":true,\"valueName\":\"search_term_string\"}}],\"inLanguage\":\"de\"},{\"@type\":\"Organization\",\"@id\":\"https:\/\/amuse-mfg.com\/#organization\",\"name\":\"Swawa | Amusement Rides Manufacturer | Complete Solutions | Funfair Equipment Manufacturer\",\"alternateName\":\"Swawa\",\"url\":\"https:\/\/amuse-mfg.com\/\",\"logo\":{\"@type\":\"ImageObject\",\"inLanguage\":\"de\",\"@id\":\"https:\/\/amuse-mfg.com\/#\/schema\/logo\/image\/\",\"url\":\"https:\/\/amuse-mfg.com\/wp-content\/uploads\/2025\/12\/favicon-3.png\",\"contentUrl\":\"https:\/\/amuse-mfg.com\/wp-content\/uploads\/2025\/12\/favicon-3.png\",\"width\":192,\"height\":192,\"caption\":\"Swawa | Amusement Rides Manufacturer | Complete Solutions | Funfair Equipment Manufacturer\"},\"image\":{\"@id\":\"https:\/\/amuse-mfg.com\/#\/schema\/logo\/image\/\"},\"sameAs\":[\"https:\/\/www.youtube.com\/@SwawaAmuse-Mfg\",\"https:\/\/www.pinterest.com\/swawamfg\/\",\"https:\/\/www.instagram.com\/swawamfg\/\"]}]}<\/script>\n<!-- \/ Yoast SEO plugin. -->","yoast_head_json":{"title":"StarCore Agents\u2122 RoboCop Interplanetary Cross Ride | Fahrgesch\u00e4ft f\u00fcr 16 Personen | Swawa | Hersteller von Fahrgesch\u00e4ften | Komplettl\u00f6sungen | Hersteller von Jahrmarktsausr\u00fcstung","robots":{"index":"index","follow":"follow","max-snippet":"max-snippet:-1","max-image-preview":"max-image-preview:large","max-video-preview":"max-video-preview:-1"},"canonical":"https:\/\/amuse-mfg.com\/de\/product\/starcore-agents-robocop-interplanetary-cross-ride-16-person-park-amusement-equipment\/","og_locale":"de_DE","og_type":"article","og_title":"StarCore Agents\u2122 RoboCop Interplanetary Cross Ride | 16-Person Park Amusement Equipment | Swawa | Amusement Rides Manufacturer | Complete Solutions | Funfair Equipment Manufacturer","og_description":"Discover our high-ROI amusement park rides for sale. The Interstellar Odyssey offers a cyberpunk theme, fast installation, and no foundation needed. Get a quote today!","og_url":"https:\/\/amuse-mfg.com\/de\/product\/starcore-agents-robocop-interplanetary-cross-ride-16-person-park-amusement-equipment\/","og_site_name":"Swawa | Amusement Rides Manufacturer | Complete Solutions | Funfair Equipment Manufacturer","article_modified_time":"2025-12-22T03:20:31+00:00","og_image":[{"width":1800,"height":1017,"url":"https:\/\/amuse-mfg.com\/wp-content\/uploads\/2025\/12\/yu02-\u526f\u672c.png","type":"image\/png"}],"twitter_card":"summary_large_image","twitter_misc":{"Est. reading time":"1\u00a0Minute"},"schema":{"@context":"https:\/\/schema.org","@graph":[{"@type":"WebPage","@id":"https:\/\/amuse-mfg.com\/product\/starcore-agents-robocop-interplanetary-cross-ride-16-person-park-amusement-equipment\/","url":"https:\/\/amuse-mfg.com\/product\/starcore-agents-robocop-interplanetary-cross-ride-16-person-park-amusement-equipment\/","name":"StarCore Agents\u2122 RoboCop Interplanetary Cross Ride | Fahrgesch\u00e4ft f\u00fcr 16 Personen | Swawa | Hersteller von Fahrgesch\u00e4ften | Komplettl\u00f6sungen | Hersteller von Jahrmarktsausr\u00fcstung","isPartOf":{"@id":"https:\/\/amuse-mfg.com\/#website"},"primaryImageOfPage":{"@id":"https:\/\/amuse-mfg.com\/product\/starcore-agents-robocop-interplanetary-cross-ride-16-person-park-amusement-equipment\/#primaryimage"},"image":{"@id":"https:\/\/amuse-mfg.com\/product\/starcore-agents-robocop-interplanetary-cross-ride-16-person-park-amusement-equipment\/#primaryimage"},"thumbnailUrl":"https:\/\/amuse-mfg.com\/wp-content\/uploads\/2025\/12\/yu02-\u526f\u672c.png","datePublished":"2025-12-02T04:05:55+00:00","dateModified":"2025-12-22T03:20:31+00:00","breadcrumb":{"@id":"https:\/\/amuse-mfg.com\/product\/starcore-agents-robocop-interplanetary-cross-ride-16-person-park-amusement-equipment\/#breadcrumb"},"inLanguage":"de","potentialAction":[{"@type":"ReadAction","target":["https:\/\/amuse-mfg.com\/product\/starcore-agents-robocop-interplanetary-cross-ride-16-person-park-amusement-equipment\/"]}]},{"@type":"ImageObject","inLanguage":"de","@id":"https:\/\/amuse-mfg.com\/product\/starcore-agents-robocop-interplanetary-cross-ride-16-person-park-amusement-equipment\/#primaryimage","url":"https:\/\/amuse-mfg.com\/wp-content\/uploads\/2025\/12\/yu02-\u526f\u672c.png","contentUrl":"https:\/\/amuse-mfg.com\/wp-content\/uploads\/2025\/12\/yu02-\u526f\u672c.png","width":1800,"height":1017},{"@type":"BreadcrumbList","@id":"https:\/\/amuse-mfg.com\/product\/starcore-agents-robocop-interplanetary-cross-ride-16-person-park-amusement-equipment\/#breadcrumb","itemListElement":[{"@type":"ListItem","position":1,"name":"Home","item":"https:\/\/amuse-mfg.com\/"},{"@type":"ListItem","position":2,"name":"Shop","item":"https:\/\/amuse-mfg.com\/shop\/"},{"@type":"ListItem","position":3,"name":"StarCore Agents\u2122 RoboCop Interplanetary Cross Ride | 16-Person Park Amusement Equipment"}]},{"@type":"WebSite","@id":"https:\/\/amuse-mfg.com\/#website","url":"https:\/\/amuse-mfg.com\/","name":"Swawa | Hersteller von Fahrgesch\u00e4ften | Komplettl\u00f6sungen | Hersteller von Kirmesausr\u00fcstung","description":"Direkter Hersteller von Fahrgesch\u00e4ften und Spielplatzger\u00e4ten. Wir exportieren in \u00fcber 20 L\u00e4nder und bieten Ausr\u00fcstung, Parkdesign, Ertragspl\u00e4ne und umfassenden Kundendienst.","publisher":{"@id":"https:\/\/amuse-mfg.com\/#organization"},"alternateName":"Swawa | Amusement Rides Manufacturer","potentialAction":[{"@type":"SearchAction","target":{"@type":"EntryPoint","urlTemplate":"https:\/\/amuse-mfg.com\/?s={search_term_string}"},"query-input":{"@type":"PropertyValueSpecification","valueRequired":true,"valueName":"search_term_string"}}],"inLanguage":"de"},{"@type":"Organization","@id":"https:\/\/amuse-mfg.com\/#organization","name":"Swawa | Hersteller von Fahrgesch\u00e4ften | Komplettl\u00f6sungen | Hersteller von Kirmesausr\u00fcstung","alternateName":"Swawa","url":"https:\/\/amuse-mfg.com\/","logo":{"@type":"ImageObject","inLanguage":"de","@id":"https:\/\/amuse-mfg.com\/#\/schema\/logo\/image\/","url":"https:\/\/amuse-mfg.com\/wp-content\/uploads\/2025\/12\/favicon-3.png","contentUrl":"https:\/\/amuse-mfg.com\/wp-content\/uploads\/2025\/12\/favicon-3.png","width":192,"height":192,"caption":"Swawa | Amusement Rides Manufacturer | Complete Solutions | Funfair Equipment Manufacturer"},"image":{"@id":"https:\/\/amuse-mfg.com\/#\/schema\/logo\/image\/"},"sameAs":["https:\/\/www.youtube.com\/@SwawaAmuse-Mfg","https:\/\/www.pinterest.com\/swawamfg\/","https:\/\/www.instagram.com\/swawamfg\/"]}]}},"_links":{"self":[{"href":"https:\/\/amuse-mfg.com\/de\/wp-json\/wp\/v2\/product\/4558","targetHints":{"allow":["GET"]}}],"collection":[{"href":"https:\/\/amuse-mfg.com\/de\/wp-json\/wp\/v2\/product"}],"about":[{"href":"https:\/\/amuse-mfg.com\/de\/wp-json\/wp\/v2\/types\/product"}],"wp:featuredmedia":[{"embeddable":true,"href":"https:\/\/amuse-mfg.com\/de\/wp-json\/wp\/v2\/media\/4987"}],"wp:attachment":[{"href":"https:\/\/amuse-mfg.com\/de\/wp-json\/wp\/v2\/media?parent=4558"}],"wp:term":[{"taxonomy":"product_brand","embeddable":true,"href":"https:\/\/amuse-mfg.com\/de\/wp-json\/wp\/v2\/product_brand?post=4558"},{"taxonomy":"product_cat","embeddable":true,"href":"https:\/\/amuse-mfg.com\/de\/wp-json\/wp\/v2\/product_cat?post=4558"},{"taxonomy":"product_tag","embeddable":true,"href":"https:\/\/amuse-mfg.com\/de\/wp-json\/wp\/v2\/product_tag?post=4558"}],"curies":[{"name":"wp","href":"https:\/\/api.w.org\/{rel}","templated":true}]}}