{"id":579,"date":"2023-02-08T05:19:27","date_gmt":"2023-02-08T05:19:27","guid":{"rendered":"https:\/\/radiustheme.com\/demo\/wordpress\/themes\/faktorie\/our-mission-copy\/"},"modified":"2025-12-18T02:31:09","modified_gmt":"2025-12-18T02:31:09","slug":"terms-conditions","status":"publish","type":"page","link":"https:\/\/amuse-mfg.com\/de\/terms-conditions\/","title":{"rendered":"Bedingungen und Konditionen"},"content":{"rendered":"<div data-elementor-type=\"wp-page\" data-elementor-id=\"579\" class=\"elementor elementor-579\">\n\t\t\t\t\t\t<section data-particle_enable=\"false\" data-particle-mobile-disabled=\"false\" class=\"elementor-section elementor-top-section elementor-element elementor-element-fff3d51 elementor-section-boxed elementor-section-height-default elementor-section-height-default rt-parallax-bg-no\" data-id=\"fff3d51\" data-element_type=\"section\">\n\t\t\t\t\t\t<div class=\"elementor-container elementor-column-gap-default\">\n\t\t\t\t\t<div class=\"elementor-column elementor-col-100 elementor-top-column elementor-element elementor-element-268a30f1\" data-id=\"268a30f1\" data-element_type=\"column\">\n\t\t\t<div class=\"elementor-widget-wrap elementor-element-populated\">\n\t\t\t\t\t\t<div class=\"elementor-element elementor-element-a697eb3 elementor-invisible elementor-widget elementor-widget-rt-title\" data-id=\"a697eb3\" data-element_type=\"widget\" data-widget_type=\"rt-title.default\">\n\t\t\t\t<div class=\"elementor-widget-container\">\n\t\t\t\t\t<div class=\"rt-section-title has-animation style2\">\n\t<div class=\"title-holder\">\n\t\t\t\t<h2 class=\"entry-title hide fadeInUp\" data-wow-delay=\"0.6s\" data-wow-duration=\"1.4s\">Allgemeine Bestimmungen<\/h2>\t\t\n\t\t\t\t<div class=\"entry-text hide fadeInUp\" data-wow-delay=\"1s\" data-wow-duration=\"1.4s\"><p>Diese Allgemeinen Gesch\u00e4ftsbedingungen (\"Bedingungen\") regeln den Verkauf von Unterhaltungsger\u00e4ten und Dienstleistungen durch <strong>Swawa Amusement<\/strong> (\"Verk\u00e4ufer\", \"Wir\", \"Uns\"), der offiziellen globalen Marke und Vertreter von <strong>Mi Ying Fabrik<\/strong>, an den K\u00e4ufer (\"K\u00e4ufer\", \"Auftraggeber\"). Mit der Erteilung eines Auftrags erkl\u00e4rt sich der K\u00e4ufer mit diesen Bedingungen einverstanden. Diese Bedingungen ersetzen alle fr\u00fcheren Vereinbarungen oder Absprachen.<\/p><\/div>\n\t\t\t<\/div>\n<\/div>\t\t\t\t<\/div>\n\t\t\t\t<\/div>\n\t\t\t\t<div class=\"elementor-element elementor-element-ec2835b elementor-invisible elementor-widget elementor-widget-rt-title\" data-id=\"ec2835b\" data-element_type=\"widget\" data-widget_type=\"rt-title.default\">\n\t\t\t\t<div class=\"elementor-widget-container\">\n\t\t\t\t\t<div class=\"rt-section-title has-animation style2\">\n\t<div class=\"title-holder\">\n\t\t\t\t<h2 class=\"entry-title hide fadeInUp\" data-wow-delay=\"0.6s\" data-wow-duration=\"1.4s\">Bestellungen und Spezifikationen<\/h2>\t\t\n\t\t\t\t<div class=\"entry-text hide fadeInUp\" data-wow-delay=\"1s\" data-wow-duration=\"1.4s\"><p>Alle Bestellungen sind vorbehaltlich der Annahme durch Swawa Amusement. Die Spezifikationen, Abmessungen und technischen Parameter der Fahrgesch\u00e4fte (einschlie\u00dflich kundenspezifischer IP-Designs wie \"Future Space\" oder \"Mecha\") werden in der Proforma-Rechnung (PI) oder im Kaufvertrag best\u00e4tigt. Geringf\u00fcgige Fertigungsanpassungen, die die Kernfunktionalit\u00e4t oder die Sicherheit der Ger\u00e4te nicht beeintr\u00e4chtigen, bleiben dem Verk\u00e4ufer vorbehalten.<\/p><\/div>\n\t\t\t<\/div>\n<\/div>\t\t\t\t<\/div>\n\t\t\t\t<\/div>\n\t\t\t\t<div class=\"elementor-element elementor-element-29e3d25 elementor-invisible elementor-widget elementor-widget-rt-title\" data-id=\"29e3d25\" data-element_type=\"widget\" data-widget_type=\"rt-title.default\">\n\t\t\t\t<div class=\"elementor-widget-container\">\n\t\t\t\t\t<div class=\"rt-section-title has-animation style2\">\n\t<div class=\"title-holder\">\n\t\t\t\t<h2 class=\"entry-title hide fadeInUp\" data-wow-delay=\"0.6s\" data-wow-duration=\"1.4s\"> Beschr\u00e4nkung der Haftung<\/h2>\t\t\n\t\t\t\t<div class=\"entry-text hide fadeInUp\" data-wow-delay=\"1s\" data-wow-duration=\"1.4s\"><p>Swawa Amusement haftet nicht f\u00fcr indirekte, zuf\u00e4llige oder Folgesch\u00e4den, die sich aus der Nutzung des Ger\u00e4ts ergeben, einschlie\u00dflich, aber nicht beschr\u00e4nkt auf Gewinn- oder Umsatzverluste. Der K\u00e4ufer ist daf\u00fcr verantwortlich, dass das Ger\u00e4t in \u00dcbereinstimmung mit den \u00f6rtlichen Sicherheitsvorschriften und dem mitgelieferten Benutzerhandbuch betrieben wird.<\/p><\/div>\n\t\t\t<\/div>\n<\/div>\t\t\t\t<\/div>\n\t\t\t\t<\/div>\n\t\t\t\t<div class=\"elementor-element elementor-element-157fdae elementor-invisible elementor-widget elementor-widget-rt-title\" data-id=\"157fdae\" data-element_type=\"widget\" data-widget_type=\"rt-title.default\">\n\t\t\t\t<div class=\"elementor-widget-container\">\n\t\t\t\t\t<div class=\"rt-section-title has-animation style2\">\n\t<div class=\"title-holder\">\n\t\t\t\t<h2 class=\"entry-title hide fadeInUp\" data-wow-delay=\"0.6s\" data-wow-duration=\"1.4s\">Einrichtung<\/h2>\t\t\n\t\t\t\t<div class=\"entry-text hide fadeInUp\" data-wow-delay=\"1s\" data-wow-duration=\"1.4s\"><p dir=\"auto\">Swawa Amusement-Fahrgesch\u00e4fte sind f\u00fcr eine \"niederschwellige\" Einrichtung konzipiert.<\/p><ul dir=\"auto\"><li class=\"text-start\"><strong>Anleitung:<\/strong> Umfassende 3D-Installationszeichnungen und Video-Tutorials werden kostenlos zur Verf\u00fcgung gestellt.<\/li><li class=\"text-start\"><strong>Vor-Ort-Service:<\/strong> Ben\u00f6tigt der K\u00e4ufer Montagetechniker vor Ort, so tr\u00e4gt der K\u00e4ufer die Kosten f\u00fcr Hin- und R\u00fcckflug, Visageb\u00fchren, Unterkunft und eine t\u00e4gliche Servicegeb\u00fchr pro Techniker.<\/li><\/ul><\/div>\n\t\t\t<\/div>\n<\/div>\t\t\t\t<\/div>\n\t\t\t\t<\/div>\n\t\t\t\t\t<\/div>\n\t\t<\/div>\n\t\t\t\t\t<\/div>\n\t\t<\/section>\n\t\t\t\t<\/div>","protected":false},"excerpt":{"rendered":"<p>Allgemeine Bestimmungen Diese Allgemeinen Gesch\u00e4ftsbedingungen (\u201cAGB\u201d) regeln den Verkauf von Unterhaltungsger\u00e4ten und Dienstleistungen durch Swawa Amusement (\u201cVerk\u00e4ufer\u201d, \u201cwir\u201d, \u201cuns\u201d), die offizielle globale Marke und Vertreter von Mi Ying Factory, an den K\u00e4ufer (\u201cK\u00e4ufer\u201d, \u201cKunde\u201d). Mit der Aufgabe einer Bestellung erkl\u00e4rt sich der K\u00e4ufer mit diesen AGB einverstanden. Diese AGB ersetzen alle fr\u00fcheren Vereinbarungen [\u2026]<\/p>","protected":false},"author":1,"featured_media":0,"parent":0,"menu_order":0,"comment_status":"closed","ping_status":"closed","template":"elementor_header_footer","meta":{"footnotes":""},"class_list":["post-579","page","type-page","status-publish","hentry"],"yoast_head":"<!-- This site is optimized with the Yoast SEO plugin v26.6 - https:\/\/yoast.com\/wordpress\/plugins\/seo\/ -->\n<title>Terms &amp; Conditions | Swawa | Amusement Rides Manufacturer | Complete Solutions | Funfair Equipment Manufacturer<\/title>\n<meta name=\"robots\" content=\"index, follow, max-snippet:-1, max-image-preview:large, max-video-preview:-1\" \/>\n<link rel=\"canonical\" href=\"https:\/\/amuse-mfg.com\/de\/terms-conditions\/\" \/>\n<meta property=\"og:locale\" content=\"de_DE\" \/>\n<meta property=\"og:type\" content=\"article\" \/>\n<meta property=\"og:title\" content=\"Terms &amp; Conditions | Swawa | Amusement Rides Manufacturer | Complete Solutions | Funfair Equipment Manufacturer\" \/>\n<meta property=\"og:description\" content=\"General Provisions These Terms and Conditions (&#8220;Terms&#8221;) govern the sale of amusement equipment and services by Swawa Amusement (&#8220;Seller&#8221;, &#8220;We&#8221;, &#8220;Us&#8221;), the official global brand and representative of Mi Ying Factory, to the purchaser (&#8220;Buyer&#8221;, &#8220;Client&#8221;). By placing an order, the Buyer agrees to be bound by these Terms. These Terms supersede any prior agreements [&hellip;]\" \/>\n<meta property=\"og:url\" content=\"https:\/\/amuse-mfg.com\/de\/terms-conditions\/\" \/>\n<meta property=\"og:site_name\" content=\"Swawa | Amusement Rides Manufacturer | Complete Solutions | Funfair Equipment Manufacturer\" \/>\n<meta property=\"article:modified_time\" content=\"2025-12-18T02:31:09+00:00\" \/>\n<meta property=\"og:image\" content=\"https:\/\/amuse-mfg.com\/wp-content\/uploads\/2025\/12\/DSCF4059.jpg\" \/>\n\t<meta property=\"og:image:width\" content=\"1872\" \/>\n\t<meta property=\"og:image:height\" content=\"1054\" \/>\n\t<meta property=\"og:image:type\" content=\"image\/jpeg\" \/>\n<meta name=\"twitter:card\" content=\"summary_large_image\" \/>\n<meta name=\"twitter:label1\" content=\"Est. reading time\" \/>\n\t<meta name=\"twitter:data1\" content=\"1\u00a0Minute\" \/>\n<script type=\"application\/ld+json\" class=\"yoast-schema-graph\">{\"@context\":\"https:\/\/schema.org\",\"@graph\":[{\"@type\":\"WebPage\",\"@id\":\"https:\/\/amuse-mfg.com\/terms-conditions\/\",\"url\":\"https:\/\/amuse-mfg.com\/terms-conditions\/\",\"name\":\"Terms & Conditions | Swawa | Amusement Rides Manufacturer | Complete Solutions | Funfair Equipment Manufacturer\",\"isPartOf\":{\"@id\":\"https:\/\/amuse-mfg.com\/#website\"},\"datePublished\":\"2023-02-08T05:19:27+00:00\",\"dateModified\":\"2025-12-18T02:31:09+00:00\",\"breadcrumb\":{\"@id\":\"https:\/\/amuse-mfg.com\/terms-conditions\/#breadcrumb\"},\"inLanguage\":\"de\",\"potentialAction\":[{\"@type\":\"ReadAction\",\"target\":[\"https:\/\/amuse-mfg.com\/terms-conditions\/\"]}]},{\"@type\":\"BreadcrumbList\",\"@id\":\"https:\/\/amuse-mfg.com\/terms-conditions\/#breadcrumb\",\"itemListElement\":[{\"@type\":\"ListItem\",\"position\":1,\"name\":\"Home\",\"item\":\"https:\/\/amuse-mfg.com\/\"},{\"@type\":\"ListItem\",\"position\":2,\"name\":\"Terms &#038; Conditions\"}]},{\"@type\":\"WebSite\",\"@id\":\"https:\/\/amuse-mfg.com\/#website\",\"url\":\"https:\/\/amuse-mfg.com\/\",\"name\":\"Swawa | Amusement Rides Manufacturer | Complete Solutions | Funfair Equipment Manufacturer\",\"description\":\"Direct factory of amusement rides &amp; playground equipment. Exported to over 20 countries, we offer equipment, park design, revenue plans and full after-sales service.\",\"publisher\":{\"@id\":\"https:\/\/amuse-mfg.com\/#organization\"},\"alternateName\":\"Swawa | Amusement Rides Manufacturer\",\"potentialAction\":[{\"@type\":\"SearchAction\",\"target\":{\"@type\":\"EntryPoint\",\"urlTemplate\":\"https:\/\/amuse-mfg.com\/?s={search_term_string}\"},\"query-input\":{\"@type\":\"PropertyValueSpecification\",\"valueRequired\":true,\"valueName\":\"search_term_string\"}}],\"inLanguage\":\"de\"},{\"@type\":\"Organization\",\"@id\":\"https:\/\/amuse-mfg.com\/#organization\",\"name\":\"Swawa | Amusement Rides Manufacturer | Complete Solutions | Funfair Equipment Manufacturer\",\"alternateName\":\"Swawa\",\"url\":\"https:\/\/amuse-mfg.com\/\",\"logo\":{\"@type\":\"ImageObject\",\"inLanguage\":\"de\",\"@id\":\"https:\/\/amuse-mfg.com\/#\/schema\/logo\/image\/\",\"url\":\"https:\/\/amuse-mfg.com\/wp-content\/uploads\/2025\/12\/favicon-3.png\",\"contentUrl\":\"https:\/\/amuse-mfg.com\/wp-content\/uploads\/2025\/12\/favicon-3.png\",\"width\":192,\"height\":192,\"caption\":\"Swawa | Amusement Rides Manufacturer | Complete Solutions | Funfair Equipment Manufacturer\"},\"image\":{\"@id\":\"https:\/\/amuse-mfg.com\/#\/schema\/logo\/image\/\"},\"sameAs\":[\"https:\/\/www.youtube.com\/@SwawaAmuse-Mfg\",\"https:\/\/www.pinterest.com\/swawamfg\/\",\"https:\/\/www.instagram.com\/swawamfg\/\"]}]}<\/script>\n<!-- \/ Yoast SEO plugin. -->","yoast_head_json":{"title":"Allgemeine Gesch\u00e4ftsbedingungen | Swawa | Hersteller von Fahrgesch\u00e4ften | Komplettl\u00f6sungen | Hersteller von Kirmesausr\u00fcstung","robots":{"index":"index","follow":"follow","max-snippet":"max-snippet:-1","max-image-preview":"max-image-preview:large","max-video-preview":"max-video-preview:-1"},"canonical":"https:\/\/amuse-mfg.com\/de\/terms-conditions\/","og_locale":"de_DE","og_type":"article","og_title":"Terms & Conditions | Swawa | Amusement Rides Manufacturer | Complete Solutions | Funfair Equipment Manufacturer","og_description":"General Provisions These Terms and Conditions (&#8220;Terms&#8221;) govern the sale of amusement equipment and services by Swawa Amusement (&#8220;Seller&#8221;, &#8220;We&#8221;, &#8220;Us&#8221;), the official global brand and representative of Mi Ying Factory, to the purchaser (&#8220;Buyer&#8221;, &#8220;Client&#8221;). By placing an order, the Buyer agrees to be bound by these Terms. These Terms supersede any prior agreements [&hellip;]","og_url":"https:\/\/amuse-mfg.com\/de\/terms-conditions\/","og_site_name":"Swawa | Amusement Rides Manufacturer | Complete Solutions | Funfair Equipment Manufacturer","article_modified_time":"2025-12-18T02:31:09+00:00","og_image":[{"width":1872,"height":1054,"url":"https:\/\/amuse-mfg.com\/wp-content\/uploads\/2025\/12\/DSCF4059.jpg","type":"image\/jpeg"}],"twitter_card":"summary_large_image","twitter_misc":{"Est. reading time":"1\u00a0Minute"},"schema":{"@context":"https:\/\/schema.org","@graph":[{"@type":"WebPage","@id":"https:\/\/amuse-mfg.com\/terms-conditions\/","url":"https:\/\/amuse-mfg.com\/terms-conditions\/","name":"Allgemeine Gesch\u00e4ftsbedingungen | Swawa | Hersteller von Fahrgesch\u00e4ften | Komplettl\u00f6sungen | Hersteller von Kirmesausr\u00fcstung","isPartOf":{"@id":"https:\/\/amuse-mfg.com\/#website"},"datePublished":"2023-02-08T05:19:27+00:00","dateModified":"2025-12-18T02:31:09+00:00","breadcrumb":{"@id":"https:\/\/amuse-mfg.com\/terms-conditions\/#breadcrumb"},"inLanguage":"de","potentialAction":[{"@type":"ReadAction","target":["https:\/\/amuse-mfg.com\/terms-conditions\/"]}]},{"@type":"BreadcrumbList","@id":"https:\/\/amuse-mfg.com\/terms-conditions\/#breadcrumb","itemListElement":[{"@type":"ListItem","position":1,"name":"Home","item":"https:\/\/amuse-mfg.com\/"},{"@type":"ListItem","position":2,"name":"Terms &#038; Conditions"}]},{"@type":"WebSite","@id":"https:\/\/amuse-mfg.com\/#website","url":"https:\/\/amuse-mfg.com\/","name":"Swawa | Hersteller von Fahrgesch\u00e4ften | Komplettl\u00f6sungen | Hersteller von Kirmesausr\u00fcstung","description":"Direkter Hersteller von Fahrgesch\u00e4ften und Spielplatzger\u00e4ten. Wir exportieren in \u00fcber 20 L\u00e4nder und bieten Ausr\u00fcstung, Parkdesign, Ertragspl\u00e4ne und umfassenden Kundendienst.","publisher":{"@id":"https:\/\/amuse-mfg.com\/#organization"},"alternateName":"Swawa | Amusement Rides Manufacturer","potentialAction":[{"@type":"SearchAction","target":{"@type":"EntryPoint","urlTemplate":"https:\/\/amuse-mfg.com\/?s={search_term_string}"},"query-input":{"@type":"PropertyValueSpecification","valueRequired":true,"valueName":"search_term_string"}}],"inLanguage":"de"},{"@type":"Organization","@id":"https:\/\/amuse-mfg.com\/#organization","name":"Swawa | Hersteller von Fahrgesch\u00e4ften | Komplettl\u00f6sungen | Hersteller von Kirmesausr\u00fcstung","alternateName":"Swawa","url":"https:\/\/amuse-mfg.com\/","logo":{"@type":"ImageObject","inLanguage":"de","@id":"https:\/\/amuse-mfg.com\/#\/schema\/logo\/image\/","url":"https:\/\/amuse-mfg.com\/wp-content\/uploads\/2025\/12\/favicon-3.png","contentUrl":"https:\/\/amuse-mfg.com\/wp-content\/uploads\/2025\/12\/favicon-3.png","width":192,"height":192,"caption":"Swawa | Amusement Rides Manufacturer | Complete Solutions | Funfair Equipment Manufacturer"},"image":{"@id":"https:\/\/amuse-mfg.com\/#\/schema\/logo\/image\/"},"sameAs":["https:\/\/www.youtube.com\/@SwawaAmuse-Mfg","https:\/\/www.pinterest.com\/swawamfg\/","https:\/\/www.instagram.com\/swawamfg\/"]}]}},"_links":{"self":[{"href":"https:\/\/amuse-mfg.com\/de\/wp-json\/wp\/v2\/pages\/579","targetHints":{"allow":["GET"]}}],"collection":[{"href":"https:\/\/amuse-mfg.com\/de\/wp-json\/wp\/v2\/pages"}],"about":[{"href":"https:\/\/amuse-mfg.com\/de\/wp-json\/wp\/v2\/types\/page"}],"author":[{"embeddable":true,"href":"https:\/\/amuse-mfg.com\/de\/wp-json\/wp\/v2\/users\/1"}],"replies":[{"embeddable":true,"href":"https:\/\/amuse-mfg.com\/de\/wp-json\/wp\/v2\/comments?post=579"}],"version-history":[{"count":0,"href":"https:\/\/amuse-mfg.com\/de\/wp-json\/wp\/v2\/pages\/579\/revisions"}],"wp:attachment":[{"href":"https:\/\/amuse-mfg.com\/de\/wp-json\/wp\/v2\/media?parent=579"}],"curies":[{"name":"wp","href":"https:\/\/api.w.org\/{rel}","templated":true}]}}