{"id":4705,"date":"2025-12-03T09:28:21","date_gmt":"2025-12-03T09:28:21","guid":{"rendered":"https:\/\/amuse-mfg.com\/?page_id=4705"},"modified":"2026-02-02T08:40:34","modified_gmt":"2026-02-02T08:40:34","slug":"join-our-team-job","status":"publish","type":"page","link":"https:\/\/amuse-mfg.com\/de\/join-our-team-job\/","title":{"rendered":"Unserem Team beitreten\/Job"},"content":{"rendered":"<div data-elementor-type=\"wp-page\" data-elementor-id=\"4705\" class=\"elementor elementor-4705\">\n\t\t\t\t<div data-particle_enable=\"false\" data-particle-mobile-disabled=\"false\" class=\"elementor-element elementor-element-fb4acfa e-flex e-con-boxed e-con e-parent\" data-id=\"fb4acfa\" data-element_type=\"container\">\n\t\t\t\t\t<div class=\"e-con-inner\">\n\t\t\t\t<div class=\"elementor-element elementor-element-e97cf32 elementor-invisible elementor-widget elementor-widget-rt-title\" data-id=\"e97cf32\" data-element_type=\"widget\" data-widget_type=\"rt-title.default\">\n\t\t\t\t<div class=\"elementor-widget-container\">\n\t\t\t\t\t<div class=\"rt-section-title has-animation style1\">\n\t<div class=\"title-holder\">\t\t\n\t\t\t\t<div class=\"sub-title hide fadeInUp\" data-wow-delay=\"0.2s\" data-wow-duration=\"1.4s\">Swawa \t\t<span class=\"line\"><\/span><\/div>\n\t\t\t\t\t\t<h2 class=\"entry-title hide fadeInUp\" data-wow-delay=\"0.6s\" data-wow-duration=\"1.4s\">Karriere bei Swawa Amusement<\/h2>\n\t\t\t\t\n\t<\/div>\n<\/div>\n\t\t\t\t<\/div>\n\t\t\t\t<\/div>\n\t\t\t\t\t<\/div>\n\t\t\t\t<\/div>\n\t\t<div data-particle_enable=\"false\" data-particle-mobile-disabled=\"false\" class=\"elementor-element elementor-element-b6675ff e-flex e-con-boxed e-con e-parent\" data-id=\"b6675ff\" data-element_type=\"container\">\n\t\t\t\t\t<div class=\"e-con-inner\">\n\t\t<div data-particle_enable=\"false\" data-particle-mobile-disabled=\"false\" class=\"elementor-element elementor-element-d2967a9 e-con-full e-flex e-con e-child\" data-id=\"d2967a9\" data-element_type=\"container\">\n\t\t\t\t<div class=\"elementor-element elementor-element-110f950 elementor-invisible elementor-widget elementor-widget-rt-info-box\" data-id=\"110f950\" data-element_type=\"widget\" data-widget_type=\"rt-info-box.default\">\n\t\t\t\t<div class=\"elementor-widget-container\">\n\t\t\t\t\t<div class=\"rt-info-box rt-info-style1 hide fadeInUp\" data-wow-delay=\"0.2s\" data-wow-duration=\"1.2s\">\n\t<div class=\"rt-info-item media-icon hover-animation\">\t\t\n\t\t<div class=\"rt-media\">\n\t\t\t \t\n\t\t\t\t\t\t\t<span class=\"rt-icon\"><i class=\"fas fa-smile-wink\"><\/i><\/span>\n\t\t\t\t\t\t\t\n\t\t<\/div>\n\t\t<div class=\"rt-content\">\n\t\t\t\t\t\t<h3 class=\"rt-title\">Logistik- und Lagerspezialist<\/h3>\n\t\t\t\t\t\t<div class=\"rt-text\">Verantwortlich f\u00fcr den gesamten Logistikablauf vom Werk bis zu internationalen Kunden, um eine sichere Verpackung und p\u00fcnktliche Lieferung von Vergn\u00fcgungsger\u00e4ten (z. B. spurlose Z\u00fcge, Autoscooter) zu gew\u00e4hrleisten.<\/div>\n\t\t\t\t\t<\/div>\n\t<\/div>\n<\/div>\t\t\t\t<\/div>\n\t\t\t\t<\/div>\n\t\t\t\t<div class=\"elementor-element elementor-element-ca13e84 elementor-widget elementor-widget-text-editor\" data-id=\"ca13e84\" data-element_type=\"widget\" data-widget_type=\"text-editor.default\">\n\t\t\t\t\t\t\t\t\t<ul><li>Professionelle Exportverpackung (sto\u00dffest, Holzkistenverst\u00e4rkung) f\u00fcr Fahrgesch\u00e4fte, um die Sicherheit beim Seetransport \u00fcber lange Strecken zu gew\u00e4hrleisten.<\/li><li>Bedienen von Gabelstaplern und anderen Flurf\u00f6rderzeugen zum Be- und Entladen sowie zur Einlagerung von Waren innerhalb des Werks.<\/li><li>Mit Spediteuren und Schifffahrtsunternehmen koordinieren; Packlisten erstellen und die Containerbeladung organisieren.<\/li><li>F\u00fchren Sie regelm\u00e4\u00dfige Bestandspr\u00fcfungen durch und kontrollieren Sie die visuelle Qualit\u00e4t der Waren vor dem Versand.<\/li><\/ul><p>K\u00f6rperlich fit und flei\u00dfig; Erfahrung in der Lagerhaltung oder Exportverpackung ist von Vorteil; Staplerf\u00fchrerschein erforderlich.<\/p>\t\t\t\t\t\t\t\t<\/div>\n\t\t\t\t<\/div>\n\t\t<div data-particle_enable=\"false\" data-particle-mobile-disabled=\"false\" class=\"elementor-element elementor-element-d959bf5 e-con-full e-flex e-con e-child\" data-id=\"d959bf5\" data-element_type=\"container\">\n\t\t\t\t<div class=\"elementor-element elementor-element-e9751c5 elementor-invisible elementor-widget elementor-widget-rt-info-box\" data-id=\"e9751c5\" data-element_type=\"widget\" data-widget_type=\"rt-info-box.default\">\n\t\t\t\t<div class=\"elementor-widget-container\">\n\t\t\t\t\t<div class=\"rt-info-box rt-info-style1 hide fadeInUp\" data-wow-delay=\"0.2s\" data-wow-duration=\"1.2s\">\n\t<div class=\"rt-info-item media-icon hover-animation\">\t\t\n\t\t<div class=\"rt-media\">\n\t\t\t \t\n\t\t\t\t\t\t\t<span class=\"rt-icon\"><i class=\"fas fa-smile-wink\"><\/i><\/span>\n\t\t\t\t\t\t\t\n\t\t<\/div>\n\t\t<div class=\"rt-content\">\n\t\t\t\t\t\t<h3 class=\"rt-title\">Internationaler Vertriebsspezialist<\/h3>\n\t\t\t\t\t\t<div class=\"rt-text\">Als Bindeglied zwischen Swawa und dem globalen Markt fungieren, das Auslandsgesch\u00e4ft ausbauen und B2B-Kunden durch flie\u00dfendes Englisch und Nischensprachen (z. B. Malaiisch) gewinnen.<\/div>\n\t\t\t\t\t<\/div>\n\t<\/div>\n<\/div>\t\t\t\t<\/div>\n\t\t\t\t<\/div>\n\t\t\t\t<div class=\"elementor-element elementor-element-0bb851b elementor-widget elementor-widget-text-editor\" data-id=\"0bb851b\" data-element_type=\"widget\" data-widget_type=\"text-editor.default\">\n\t\t\t\t\t\t\t\t\t<ul><li>Neukundengewinnung \u00fcber Website-Anfragen, soziale Medien und Messen; Beantwortung von Angebots- und Anpassungsanfragen bez\u00fcglich Fahrgesch\u00e4ften.<\/li><li>Nutzen Sie Ihre Sprachkenntnisse (Englisch &amp; Malaiisch\/Spanisch usw.) f\u00fcr Gesch\u00e4ftsverhandlungen und Videokonferenzen mit regionalen Kunden.<\/li><li>Den gesamten Bestellprozess von der Anzahlung bis zum Kundenfeedback im Hinblick auf das Kundenbeziehungsmanagement (CRM) nachverfolgen.<\/li><li>Vermitteln Sie den Kunden die Fertigungsm\u00f6glichkeiten des Zhongshan Amusement Equipment Industrial Park und schaffen Sie Vertrauen in Swawa als offizielle Marke.<\/li><li>Flie\u00dfende Englischkenntnisse; Kenntnisse einer zweiten Sprache (z. B. Malaiisch) sind von Vorteil; Vertrautheit mit Au\u00dfenhandelsprozessen und Incoterms; Ausgezeichnete Kommunikations- und Verhandlungsf\u00e4higkeiten.<\/li><\/ul>\t\t\t\t\t\t\t\t<\/div>\n\t\t\t\t<\/div>\n\t\t\t\t\t<\/div>\n\t\t\t\t<\/div>\n\t\t<div data-particle_enable=\"false\" data-particle-mobile-disabled=\"false\" class=\"elementor-element elementor-element-520fa53 e-flex e-con-boxed e-con e-parent\" data-id=\"520fa53\" data-element_type=\"container\">\n\t\t\t\t\t<div class=\"e-con-inner\">\n\t\t<div data-particle_enable=\"false\" data-particle-mobile-disabled=\"false\" class=\"elementor-element elementor-element-0ae83e2 e-con-full e-flex e-con e-child\" data-id=\"0ae83e2\" data-element_type=\"container\">\n\t\t\t\t<div class=\"elementor-element elementor-element-e529097 elementor-invisible elementor-widget elementor-widget-rt-info-box\" data-id=\"e529097\" data-element_type=\"widget\" data-widget_type=\"rt-info-box.default\">\n\t\t\t\t<div class=\"elementor-widget-container\">\n\t\t\t\t\t<div class=\"rt-info-box rt-info-style1 hide fadeInUp\" data-wow-delay=\"0.2s\" data-wow-duration=\"1.2s\">\n\t<div class=\"rt-info-item media-icon hover-animation\">\t\t\n\t\t<div class=\"rt-media\">\n\t\t\t \t\n\t\t\t\t\t\t\t<span class=\"rt-icon\"><i class=\"fas fa-smile-wink\"><\/i><\/span>\n\t\t\t\t\t\t\t\n\t\t<\/div>\n\t\t<div class=\"rt-content\">\n\t\t\t\t\t\t<h3 class=\"rt-title\"> Fertigungstechnischer Spezialist<\/h3>\n\t\t\t\t\t\t<div class=\"rt-text\">Verantwortlich f\u00fcr die Kernfertigungsprozesse und die Fehlersuche an den Unterhaltungsger\u00e4ten, um sicherzustellen, dass jedes Ger\u00e4t vor Verlassen des Werks den internationalen Exportstandards von Swawa entspricht.<\/div>\n\t\t\t\t\t<\/div>\n\t<\/div>\n<\/div>\t\t\t\t<\/div>\n\t\t\t\t<\/div>\n\t\t\t\t<div class=\"elementor-element elementor-element-54794f7 elementor-widget elementor-widget-text-editor\" data-id=\"54794f7\" data-element_type=\"widget\" data-widget_type=\"text-editor.default\">\n\t\t\t\t\t\t\t\t\t<ul><li><strong>Bearbeitung:<\/strong> Bedienen von CNC-Maschinen zur pr\u00e4zisen Bauteilbearbeitung, um die Genauigkeit von schienenlosen Z\u00fcgen und mechanischen Konstruktionen zu gew\u00e4hrleisten.<\/li><li><strong>Oberfl\u00e4chenbehandlung:<\/strong> Lackier- und Brennprozesse durchf\u00fchren, um leuchtende Farben und Rostbest\u00e4ndigkeit zu gew\u00e4hrleisten und die \u00e4sthetischen Standards von Einkaufszentren zu erf\u00fcllen.<\/li><li><strong>Elektronische Fehlersuche:<\/strong> Steuerk\u00e4sten und Leiterplatten l\u00f6ten und Fehler beheben; Motorleistung, Lichteffekte und Soundsysteme konfigurieren.<\/li><li><strong>Fehlerbehebung:<\/strong> F\u00fchren Sie Belastungstests an den montierten Ger\u00e4ten durch, um mechanische Ger\u00e4usche oder Schaltungsfehler auszuschlie\u00dfen.<\/li><\/ul><p>Erfahrung in Mechatronik, Lackierung oder CNC-Bedienung; F\u00e4higkeit zum Lesen von CAD-Zeichnungen und Schaltpl\u00e4nen; Erfahrung in der Unterhaltungsger\u00e4teindustrie ist von Vorteil.<\/p>\t\t\t\t\t\t\t\t<\/div>\n\t\t\t\t<\/div>\n\t\t\t\t\t<\/div>\n\t\t\t\t<\/div>\n\t\t<div data-particle_enable=\"false\" data-particle-mobile-disabled=\"false\" class=\"elementor-element elementor-element-b572db2 e-flex e-con-boxed e-con e-parent\" data-id=\"b572db2\" data-element_type=\"container\">\n\t\t\t\t\t<div class=\"e-con-inner\">\n\t\t\t\t<div class=\"elementor-element elementor-element-2c1b196 elementor-widget elementor-widget-text-editor\" data-id=\"2c1b196\" data-element_type=\"widget\" data-widget_type=\"text-editor.default\">\n\t\t\t\t\t\t\t\t\t<div id=\"target-textblock\" class=\"column-choose-contents\" data-v-a79a4fdd=\"\"><div id=\"texttarget\" class=\"custom-textareas\" data-v-a79a4fdd=\"\"><div class=\"text-target\" data-v-a79a4fdd=\"\"><div class=\"target-spans-box\" data-v-73440d51=\"\" data-caiyun-traget-id=\"'+i+'\"><span id=\"target_trans_0\" class=\"target-translate text-target-translate-0\" data-v-73440d51=\"\">Wenn Sie sich uns anschlie\u00dfen m\u00f6chten, senden Sie bitte Ihren Lebenslauf an admin@amuse-mfg.com.<\/span><\/div><\/div><\/div><\/div><div class=\"trans-actions-box\" data-v-c05f73c5=\"\" data-v-a79a4fdd=\"\"><div class=\"actions-box is-mock\" data-v-c05f73c5=\"\"><div class=\"actions-left\" data-v-c05f73c5=\"\"><div class=\"copy-button\" data-v-22b4c55d=\"\" data-v-c05f73c5=\"\">\u00a0<\/div><\/div><\/div><\/div>\t\t\t\t\t\t\t\t<\/div>\n\t\t\t\t\t<\/div>\n\t\t\t\t<\/div>\n\t\t\t\t<\/div>","protected":false},"excerpt":{"rendered":"<p>Karriere bei Swawa Spezialist f\u00fcr Logistik und Lagerhaltung im Bereich Unterhaltungsindustrie Verantwortlich f\u00fcr den gesamten Logistikfluss von der Fabrik bis zu internationalen Kunden, Sicherstellung einer sicheren Verpackung und p\u00fcnktlichen Lieferung von Unterhaltungsger\u00e4ten (z. B. spurlosen Z\u00fcgen, Autoscootern). Professionelle Exportverpackung (sto\u00dffest, Verst\u00e4rkung durch Holzkisten) f\u00fcr Fahrgesch\u00e4fte, um die Sicherheit w\u00e4hrend des Langstreckentransports auf See zu gew\u00e4hrleisten. Bedienen von Gabelstaplern und [\u2026]<\/p>","protected":false},"author":1,"featured_media":0,"parent":0,"menu_order":0,"comment_status":"closed","ping_status":"closed","template":"","meta":{"footnotes":""},"class_list":["post-4705","page","type-page","status-publish","hentry"],"yoast_head":"<!-- This site is optimized with the Yoast SEO plugin v26.6 - https:\/\/yoast.com\/wordpress\/plugins\/seo\/ -->\n<title>Join Our Team\/Job | Swawa | Amusement Rides Manufacturer | Complete Solutions | Funfair Equipment Manufacturer<\/title>\n<meta name=\"robots\" content=\"index, follow, max-snippet:-1, max-image-preview:large, max-video-preview:-1\" \/>\n<link rel=\"canonical\" href=\"https:\/\/amuse-mfg.com\/de\/join-our-team-job\/\" \/>\n<meta property=\"og:locale\" content=\"de_DE\" \/>\n<meta property=\"og:type\" content=\"article\" \/>\n<meta property=\"og:title\" content=\"Join Our Team\/Job | Swawa | Amusement Rides Manufacturer | Complete Solutions | Funfair Equipment Manufacturer\" \/>\n<meta property=\"og:description\" content=\"Swawa Careers at Swawa Amusement Logistics &amp; Warehousing Specialist Responsible for the entire logistics flow from factory to international clients, ensuring safe packaging and on-time delivery of amusement equipment (e.g., trackless trains, bumper cars). Handle professional export packaging (shockproof, wooden crate reinforcement) for amusement rides to ensure safety during long-distance sea freight. Operate forklifts and [&hellip;]\" \/>\n<meta property=\"og:url\" content=\"https:\/\/amuse-mfg.com\/de\/join-our-team-job\/\" \/>\n<meta property=\"og:site_name\" content=\"Swawa | Amusement Rides Manufacturer | Complete Solutions | Funfair Equipment Manufacturer\" \/>\n<meta property=\"article:modified_time\" content=\"2026-02-02T08:40:34+00:00\" \/>\n<meta property=\"og:image\" content=\"https:\/\/amuse-mfg.com\/wp-content\/uploads\/2025\/12\/DSCF4059.jpg\" \/>\n\t<meta property=\"og:image:width\" content=\"1872\" \/>\n\t<meta property=\"og:image:height\" content=\"1054\" \/>\n\t<meta property=\"og:image:type\" content=\"image\/jpeg\" \/>\n<meta name=\"twitter:card\" content=\"summary_large_image\" \/>\n<meta name=\"twitter:label1\" content=\"Est. reading time\" \/>\n\t<meta name=\"twitter:data1\" content=\"1\u00a0Minute\" \/>\n<script type=\"application\/ld+json\" class=\"yoast-schema-graph\">{\"@context\":\"https:\/\/schema.org\",\"@graph\":[{\"@type\":\"WebPage\",\"@id\":\"https:\/\/amuse-mfg.com\/join-our-team-job\/\",\"url\":\"https:\/\/amuse-mfg.com\/join-our-team-job\/\",\"name\":\"Join Our Team\/Job | Swawa | Amusement Rides Manufacturer | Complete Solutions | Funfair Equipment Manufacturer\",\"isPartOf\":{\"@id\":\"https:\/\/amuse-mfg.com\/#website\"},\"datePublished\":\"2025-12-03T09:28:21+00:00\",\"dateModified\":\"2026-02-02T08:40:34+00:00\",\"breadcrumb\":{\"@id\":\"https:\/\/amuse-mfg.com\/join-our-team-job\/#breadcrumb\"},\"inLanguage\":\"de\",\"potentialAction\":[{\"@type\":\"ReadAction\",\"target\":[\"https:\/\/amuse-mfg.com\/join-our-team-job\/\"]}]},{\"@type\":\"BreadcrumbList\",\"@id\":\"https:\/\/amuse-mfg.com\/join-our-team-job\/#breadcrumb\",\"itemListElement\":[{\"@type\":\"ListItem\",\"position\":1,\"name\":\"Home\",\"item\":\"https:\/\/amuse-mfg.com\/\"},{\"@type\":\"ListItem\",\"position\":2,\"name\":\"Join Our Team\/Job\"}]},{\"@type\":\"WebSite\",\"@id\":\"https:\/\/amuse-mfg.com\/#website\",\"url\":\"https:\/\/amuse-mfg.com\/\",\"name\":\"Swawa | Amusement Rides Manufacturer | Complete Solutions | Funfair Equipment Manufacturer\",\"description\":\"Direct factory of amusement rides &amp; playground equipment. Exported to over 20 countries, we offer equipment, park design, revenue plans and full after-sales service.\",\"publisher\":{\"@id\":\"https:\/\/amuse-mfg.com\/#organization\"},\"alternateName\":\"Swawa | Amusement Rides Manufacturer\",\"potentialAction\":[{\"@type\":\"SearchAction\",\"target\":{\"@type\":\"EntryPoint\",\"urlTemplate\":\"https:\/\/amuse-mfg.com\/?s={search_term_string}\"},\"query-input\":{\"@type\":\"PropertyValueSpecification\",\"valueRequired\":true,\"valueName\":\"search_term_string\"}}],\"inLanguage\":\"de\"},{\"@type\":\"Organization\",\"@id\":\"https:\/\/amuse-mfg.com\/#organization\",\"name\":\"Swawa | Amusement Rides Manufacturer | Complete Solutions | Funfair Equipment Manufacturer\",\"alternateName\":\"Swawa\",\"url\":\"https:\/\/amuse-mfg.com\/\",\"logo\":{\"@type\":\"ImageObject\",\"inLanguage\":\"de\",\"@id\":\"https:\/\/amuse-mfg.com\/#\/schema\/logo\/image\/\",\"url\":\"https:\/\/amuse-mfg.com\/wp-content\/uploads\/2025\/12\/favicon-3.png\",\"contentUrl\":\"https:\/\/amuse-mfg.com\/wp-content\/uploads\/2025\/12\/favicon-3.png\",\"width\":192,\"height\":192,\"caption\":\"Swawa | Amusement Rides Manufacturer | Complete Solutions | Funfair Equipment Manufacturer\"},\"image\":{\"@id\":\"https:\/\/amuse-mfg.com\/#\/schema\/logo\/image\/\"},\"sameAs\":[\"https:\/\/www.youtube.com\/@SwawaAmuse-Mfg\",\"https:\/\/www.pinterest.com\/swawamfg\/\",\"https:\/\/www.instagram.com\/swawamfg\/\"]}]}<\/script>\n<!-- \/ Yoast SEO plugin. -->","yoast_head_json":{"title":"Werden Sie Teil unseres Teams\/Jobs | Swawa | Hersteller von Fahrgesch\u00e4ften | Komplettl\u00f6sungen | Hersteller von Jahrmarktsausr\u00fcstung","robots":{"index":"index","follow":"follow","max-snippet":"max-snippet:-1","max-image-preview":"max-image-preview:large","max-video-preview":"max-video-preview:-1"},"canonical":"https:\/\/amuse-mfg.com\/de\/join-our-team-job\/","og_locale":"de_DE","og_type":"article","og_title":"Join Our Team\/Job | Swawa | Amusement Rides Manufacturer | Complete Solutions | Funfair Equipment Manufacturer","og_description":"Swawa Careers at Swawa Amusement Logistics &amp; Warehousing Specialist Responsible for the entire logistics flow from factory to international clients, ensuring safe packaging and on-time delivery of amusement equipment (e.g., trackless trains, bumper cars). Handle professional export packaging (shockproof, wooden crate reinforcement) for amusement rides to ensure safety during long-distance sea freight. Operate forklifts and [&hellip;]","og_url":"https:\/\/amuse-mfg.com\/de\/join-our-team-job\/","og_site_name":"Swawa | Amusement Rides Manufacturer | Complete Solutions | Funfair Equipment Manufacturer","article_modified_time":"2026-02-02T08:40:34+00:00","og_image":[{"width":1872,"height":1054,"url":"https:\/\/amuse-mfg.com\/wp-content\/uploads\/2025\/12\/DSCF4059.jpg","type":"image\/jpeg"}],"twitter_card":"summary_large_image","twitter_misc":{"Est. reading time":"1\u00a0Minute"},"schema":{"@context":"https:\/\/schema.org","@graph":[{"@type":"WebPage","@id":"https:\/\/amuse-mfg.com\/join-our-team-job\/","url":"https:\/\/amuse-mfg.com\/join-our-team-job\/","name":"Werden Sie Teil unseres Teams\/Jobs | Swawa | Hersteller von Fahrgesch\u00e4ften | Komplettl\u00f6sungen | Hersteller von Jahrmarktsausr\u00fcstung","isPartOf":{"@id":"https:\/\/amuse-mfg.com\/#website"},"datePublished":"2025-12-03T09:28:21+00:00","dateModified":"2026-02-02T08:40:34+00:00","breadcrumb":{"@id":"https:\/\/amuse-mfg.com\/join-our-team-job\/#breadcrumb"},"inLanguage":"de","potentialAction":[{"@type":"ReadAction","target":["https:\/\/amuse-mfg.com\/join-our-team-job\/"]}]},{"@type":"BreadcrumbList","@id":"https:\/\/amuse-mfg.com\/join-our-team-job\/#breadcrumb","itemListElement":[{"@type":"ListItem","position":1,"name":"Home","item":"https:\/\/amuse-mfg.com\/"},{"@type":"ListItem","position":2,"name":"Join Our Team\/Job"}]},{"@type":"WebSite","@id":"https:\/\/amuse-mfg.com\/#website","url":"https:\/\/amuse-mfg.com\/","name":"Swawa | Hersteller von Fahrgesch\u00e4ften | Komplettl\u00f6sungen | Hersteller von Kirmesausr\u00fcstung","description":"Direkter Hersteller von Fahrgesch\u00e4ften und Spielplatzger\u00e4ten. Wir exportieren in \u00fcber 20 L\u00e4nder und bieten Ausr\u00fcstung, Parkdesign, Ertragspl\u00e4ne und umfassenden Kundendienst.","publisher":{"@id":"https:\/\/amuse-mfg.com\/#organization"},"alternateName":"Swawa | Amusement Rides Manufacturer","potentialAction":[{"@type":"SearchAction","target":{"@type":"EntryPoint","urlTemplate":"https:\/\/amuse-mfg.com\/?s={search_term_string}"},"query-input":{"@type":"PropertyValueSpecification","valueRequired":true,"valueName":"search_term_string"}}],"inLanguage":"de"},{"@type":"Organization","@id":"https:\/\/amuse-mfg.com\/#organization","name":"Swawa | Hersteller von Fahrgesch\u00e4ften | Komplettl\u00f6sungen | Hersteller von Kirmesausr\u00fcstung","alternateName":"Swawa","url":"https:\/\/amuse-mfg.com\/","logo":{"@type":"ImageObject","inLanguage":"de","@id":"https:\/\/amuse-mfg.com\/#\/schema\/logo\/image\/","url":"https:\/\/amuse-mfg.com\/wp-content\/uploads\/2025\/12\/favicon-3.png","contentUrl":"https:\/\/amuse-mfg.com\/wp-content\/uploads\/2025\/12\/favicon-3.png","width":192,"height":192,"caption":"Swawa | Amusement Rides Manufacturer | Complete Solutions | Funfair Equipment Manufacturer"},"image":{"@id":"https:\/\/amuse-mfg.com\/#\/schema\/logo\/image\/"},"sameAs":["https:\/\/www.youtube.com\/@SwawaAmuse-Mfg","https:\/\/www.pinterest.com\/swawamfg\/","https:\/\/www.instagram.com\/swawamfg\/"]}]}},"_links":{"self":[{"href":"https:\/\/amuse-mfg.com\/de\/wp-json\/wp\/v2\/pages\/4705","targetHints":{"allow":["GET"]}}],"collection":[{"href":"https:\/\/amuse-mfg.com\/de\/wp-json\/wp\/v2\/pages"}],"about":[{"href":"https:\/\/amuse-mfg.com\/de\/wp-json\/wp\/v2\/types\/page"}],"author":[{"embeddable":true,"href":"https:\/\/amuse-mfg.com\/de\/wp-json\/wp\/v2\/users\/1"}],"replies":[{"embeddable":true,"href":"https:\/\/amuse-mfg.com\/de\/wp-json\/wp\/v2\/comments?post=4705"}],"version-history":[{"count":3,"href":"https:\/\/amuse-mfg.com\/de\/wp-json\/wp\/v2\/pages\/4705\/revisions"}],"predecessor-version":[{"id":6060,"href":"https:\/\/amuse-mfg.com\/de\/wp-json\/wp\/v2\/pages\/4705\/revisions\/6060"}],"wp:attachment":[{"href":"https:\/\/amuse-mfg.com\/de\/wp-json\/wp\/v2\/media?parent=4705"}],"curies":[{"name":"wp","href":"https:\/\/api.w.org\/{rel}","templated":true}]}}