{"id":4414,"date":"2023-02-06T02:47:30","date_gmt":"2023-02-06T02:47:30","guid":{"rendered":"https:\/\/radiustheme.com\/demo\/wordpress\/themes\/faktorie\/?page_id=3"},"modified":"2025-12-18T02:38:10","modified_gmt":"2025-12-18T02:38:10","slug":"privacy-policy-2","status":"publish","type":"page","link":"https:\/\/amuse-mfg.com\/de\/privacy-policy-2\/","title":{"rendered":"Datenschutzbestimmungen"},"content":{"rendered":"<div data-elementor-type=\"wp-page\" data-elementor-id=\"4414\" class=\"elementor elementor-4414\">\n\t\t\t\t\t\t<section data-particle_enable=\"false\" data-particle-mobile-disabled=\"false\" class=\"elementor-section elementor-top-section elementor-element elementor-element-67754772 elementor-section-boxed elementor-section-height-default elementor-section-height-default rt-parallax-bg-no\" data-id=\"67754772\" data-element_type=\"section\">\n\t\t\t\t\t\t<div class=\"elementor-container elementor-column-gap-default\">\n\t\t\t\t\t<div class=\"elementor-column elementor-col-100 elementor-top-column elementor-element elementor-element-3fe77ed9\" data-id=\"3fe77ed9\" data-element_type=\"column\">\n\t\t\t<div class=\"elementor-widget-wrap elementor-element-populated\">\n\t\t\t\t\t\t<div class=\"elementor-element elementor-element-2d32a90 elementor-invisible elementor-widget elementor-widget-rt-title\" data-id=\"2d32a90\" data-element_type=\"widget\" data-widget_type=\"rt-title.default\">\n\t\t\t\t<div class=\"elementor-widget-container\">\n\t\t\t\t\t<div class=\"rt-section-title has-animation style2\">\n\t<div class=\"title-holder\">\n\t\t\t\t<h2 class=\"entry-title hide fadeInUp\" data-wow-delay=\"0.6s\" data-wow-duration=\"1.4s\">Einf\u00fchrung<\/h2>\t\t\n\t\t\t\t<div class=\"entry-text hide fadeInUp\" data-wow-delay=\"1s\" data-wow-duration=\"1.4s\"><p><strong>Swawa Amusement<\/strong>, als offizielle globale Marke und Repr\u00e4sentant von <strong>Mi Ying Fabrik<\/strong>, Wir legen gro\u00dfen Wert auf den Schutz der Privatsph\u00e4re unserer internationalen Kunden. Diese Datenschutzerkl\u00e4rung erl\u00e4utert, wie wir Ihre pers\u00f6nlichen und gesch\u00e4ftlichen Daten erfassen, verwenden und sch\u00fctzen, wenn Sie unsere Website besuchen oder sich nach unseren IP-L\u00f6sungen f\u00fcr die Unterhaltungsbranche erkundigen. Wir respektieren Ihr Vertrauen und halten uns an internationale Datenschutzstandards.<\/p><\/div>\n\t\t\t<\/div>\n<\/div>\t\t\t\t<\/div>\n\t\t\t\t<\/div>\n\t\t\t\t<div class=\"elementor-element elementor-element-51779b4 elementor-invisible elementor-widget elementor-widget-rt-title\" data-id=\"51779b4\" data-element_type=\"widget\" data-widget_type=\"rt-title.default\">\n\t\t\t\t<div class=\"elementor-widget-container\">\n\t\t\t\t\t<div class=\"rt-section-title has-animation style2\">\n\t<div class=\"title-holder\">\n\t\t\t\t<h2 class=\"entry-title hide fadeInUp\" data-wow-delay=\"0.6s\" data-wow-duration=\"1.4s\">Informationen, die wir sammeln<\/h2>\t\t\n\t\t\t\t<div class=\"entry-text hide fadeInUp\" data-wow-delay=\"1s\" data-wow-duration=\"1.4s\"><p dir=\"auto\">Um Ihnen pr\u00e4zise Angebote und ma\u00dfgeschneiderte L\u00f6sungen unterbreiten zu k\u00f6nnen, ben\u00f6tigen wir gegebenenfalls folgende Informationen:<\/p><ul dir=\"auto\"><li class=\"text-start\"><strong>Pers\u00f6nliche Identit\u00e4t:<\/strong> Name, Berufsbezeichnung, Firmenname.<\/li><li class=\"text-start\"><strong>Kontaktdaten:<\/strong> E-Mail-Adresse, Telefon-\/WhatsApp-Nummer, Lieferadresse.<\/li><li class=\"text-start\"><strong>Gesch\u00e4ftsdetails:<\/strong> Projektstandort, Grundrisse des Veranstaltungsortes (CAD\/PDF), Budgetrahmen und spezifische Anforderungen an die Unterhaltungsger\u00e4te.<\/li><li class=\"text-start\"><strong>Technische Daten:<\/strong> IP-Adresse, Browsertyp und Website-Nutzungsdaten werden \u00fcber Cookies erfasst (zur Verbesserung der Website-Performance).<\/li><\/ul><\/div>\n\t\t\t<\/div>\n<\/div>\t\t\t\t<\/div>\n\t\t\t\t<\/div>\n\t\t\t\t<div class=\"elementor-element elementor-element-2d76fd4 elementor-invisible elementor-widget elementor-widget-rt-title\" data-id=\"2d76fd4\" data-element_type=\"widget\" data-widget_type=\"rt-title.default\">\n\t\t\t\t<div class=\"elementor-widget-container\">\n\t\t\t\t\t<div class=\"rt-section-title has-animation style2\">\n\t<div class=\"title-holder\">\n\t\t\t\t<h2 class=\"entry-title hide fadeInUp\" data-wow-delay=\"0.6s\" data-wow-duration=\"1.4s\">Wie wir Ihre Daten verwenden<\/h2>\t\t\n\t\t\t\t<div class=\"entry-text hide fadeInUp\" data-wow-delay=\"1s\" data-wow-duration=\"1.4s\"><p dir=\"auto\">Wir verwenden Ihre Daten ausschlie\u00dflich f\u00fcr Gesch\u00e4ftszwecke:<\/p><ul dir=\"auto\"><li class=\"text-start\"><strong>Auftragsabwicklung:<\/strong> Bearbeitung von Proforma-Rechnungen (PI), Organisation der Fertigung im Werk Mi Ying und Koordination des weltweiten Versands.<\/li><li class=\"text-start\"><strong>Kundendienst:<\/strong> Bereitstellung von Installationsanleitungen, Aktualisierungen des \"Ersatzteilsets\" und Video-Support nach dem Kauf.<\/li><li class=\"text-start\"><strong>Marketing (optional):<\/strong> Wir senden Ihnen Brancheneinblicke, Informationen zu neuen IP-Einf\u00fchrungen (z. B. \"Mecha Series\") und Leitf\u00e4den f\u00fcr einen rentablen Betrieb. Sie k\u00f6nnen sich jederzeit abmelden.<\/li><\/ul><\/div>\n\t\t\t<\/div>\n<\/div>\t\t\t\t<\/div>\n\t\t\t\t<\/div>\n\t\t\t\t<div class=\"elementor-element elementor-element-d7396ad elementor-invisible elementor-widget elementor-widget-rt-title\" data-id=\"d7396ad\" data-element_type=\"widget\" data-widget_type=\"rt-title.default\">\n\t\t\t\t<div class=\"elementor-widget-container\">\n\t\t\t\t\t<div class=\"rt-section-title has-animation style2\">\n\t<div class=\"title-holder\">\n\t\t\t\t<h2 class=\"entry-title hide fadeInUp\" data-wow-delay=\"0.6s\" data-wow-duration=\"1.4s\">Datensicherheit und -speicherung <\/h2>\t\t\n\t\t\t\t<div class=\"entry-text hide fadeInUp\" data-wow-delay=\"1s\" data-wow-duration=\"1.4s\"><p dir=\"auto\">Ihre Daten werden auf sicheren Servern mit eingeschr\u00e4nktem Zugriff gespeichert.<\/p><ul dir=\"auto\"><li class=\"text-start\"><strong>Werksgeheimnis:<\/strong> Ihre Projektlayouts und Gesch\u00e4ftspl\u00e4ne sind zug\u00e4nglich <em>nur<\/em> Wir \u00fcbermitteln Ihre Parkentw\u00fcrfe an unsere Design- und Entwicklungsteams im Werk Mi Ying zur individuellen Anpassung. Ihre Parkentw\u00fcrfe werden selbstverst\u00e4ndlich nicht an Wettbewerber weitergegeben.<\/li><li class=\"text-start\"><strong>Verschl\u00fcsselung:<\/strong> Wir verwenden SSL-Technologie, um die Daten\u00fcbertragung auf unserer Website zu verschl\u00fcsseln.<\/li><\/ul><\/div>\n\t\t\t<\/div>\n<\/div>\t\t\t\t<\/div>\n\t\t\t\t<\/div>\n\t\t\t\t<div class=\"elementor-element elementor-element-931e6f8 elementor-invisible elementor-widget elementor-widget-rt-title\" data-id=\"931e6f8\" data-element_type=\"widget\" data-widget_type=\"rt-title.default\">\n\t\t\t\t<div class=\"elementor-widget-container\">\n\t\t\t\t\t<div class=\"rt-section-title has-animation style2\">\n\t<div class=\"title-holder\">\n\t\t\t\t<h2 class=\"entry-title hide fadeInUp\" data-wow-delay=\"0.6s\" data-wow-duration=\"1.4s\">Offenlegung gegen\u00fcber Dritten<\/h2>\t\t\n\t\t\t\t<div class=\"entry-text hide fadeInUp\" data-wow-delay=\"1s\" data-wow-duration=\"1.4s\"><p>Wir tun es. <strong>nicht<\/strong> Wir werden Ihre personenbezogenen Daten nicht an Dritte verkaufen, tauschen oder weitergeben. Ausgenommen hiervon sind vertrauensw\u00fcrdige Dritte, die uns beim Betrieb unserer Website oder der Durchf\u00fchrung unserer Gesch\u00e4ftst\u00e4tigkeit unterst\u00fctzen (z. B. Logistikunternehmen, Zollagenten), sofern diese sich zur Vertraulichkeit der Daten verpflichten.<\/p><\/div>\n\t\t\t<\/div>\n<\/div>\t\t\t\t<\/div>\n\t\t\t\t<\/div>\n\t\t\t\t<div class=\"elementor-element elementor-element-0c0ad41 elementor-invisible elementor-widget elementor-widget-rt-title\" data-id=\"0c0ad41\" data-element_type=\"widget\" data-widget_type=\"rt-title.default\">\n\t\t\t\t<div class=\"elementor-widget-container\">\n\t\t\t\t\t<div class=\"rt-section-title has-animation style2\">\n\t<div class=\"title-holder\">\n\t\t\t\t<h2 class=\"entry-title hide fadeInUp\" data-wow-delay=\"0.6s\" data-wow-duration=\"1.4s\">Cookie-Richtlinie<\/h2>\t\t\n\t\t\t\t<div class=\"entry-text hide fadeInUp\" data-wow-delay=\"1s\" data-wow-duration=\"1.4s\"><p>Wir verwenden Cookies, um aggregierte Daten \u00fcber Website-Traffic und -Interaktionen zu erfassen und so zuk\u00fcnftig ein besseres Website-Erlebnis und optimierte Tools anbieten zu k\u00f6nnen. Sie k\u00f6nnen alle Cookies in Ihren Browsereinstellungen deaktivieren, wodurch einige Funktionen (wie z. B. Anfrageformulare) jedoch m\u00f6glicherweise nicht mehr ordnungsgem\u00e4\u00df funktionieren.<\/p><\/div>\n\t\t\t<\/div>\n<\/div>\t\t\t\t<\/div>\n\t\t\t\t<\/div>\n\t\t\t\t<div class=\"elementor-element elementor-element-38b8220 elementor-invisible elementor-widget elementor-widget-rt-title\" data-id=\"38b8220\" data-element_type=\"widget\" data-widget_type=\"rt-title.default\">\n\t\t\t\t<div class=\"elementor-widget-container\">\n\t\t\t\t\t<div class=\"rt-section-title has-animation style2\">\n\t<div class=\"title-holder\">\n\t\t\t\t<h2 class=\"entry-title hide fadeInUp\" data-wow-delay=\"0.6s\" data-wow-duration=\"1.4s\">Ihre Rechte<\/h2>\t\t\n\t\t\t\t<div class=\"entry-text hide fadeInUp\" data-wow-delay=\"1s\" data-wow-duration=\"1.4s\"><p dir=\"auto\">Als globaler Kunde haben Sie das Recht auf:<\/p><ul dir=\"auto\"><li class=\"text-start\">Fordern Sie eine Kopie der personenbezogenen Daten an, die wir \u00fcber Sie speichern.<\/li><li class=\"text-start\">Berichtigung unrichtiger Daten beantragen.<\/li><li class=\"text-start\">Sie k\u00f6nnen die L\u00f6schung Ihrer Daten aus unserem CRM-System beantragen (\"Recht auf Vergessenwerden\"), es sei denn, wir sind aufgrund gesetzlicher oder steuerlicher Bestimmungen zur Aufbewahrung verpflichtet.<\/li><\/ul><\/div>\n\t\t\t<\/div>\n<\/div>\t\t\t\t<\/div>\n\t\t\t\t<\/div>\n\t\t\t\t<div class=\"elementor-element elementor-element-f746790 elementor-invisible elementor-widget elementor-widget-rt-title\" data-id=\"f746790\" data-element_type=\"widget\" data-widget_type=\"rt-title.default\">\n\t\t\t\t<div class=\"elementor-widget-container\">\n\t\t\t\t\t<div class=\"rt-section-title has-animation style2\">\n\t<div class=\"title-holder\">\n\t\t\t\t<h2 class=\"entry-title hide fadeInUp\" data-wow-delay=\"0.6s\" data-wow-duration=\"1.4s\">Kontakt<\/h2>\t\t\n\t\t\t\t<div class=\"entry-text hide fadeInUp\" data-wow-delay=\"1s\" data-wow-duration=\"1.4s\"><p>Bei Fragen zu dieser Datenschutzerkl\u00e4rung k\u00f6nnen Sie uns \u00fcber die unten stehenden Kontaktdaten erreichen:\u00a0<a href=\"\/de\/contact\/\">\/Kontakt\/<\/a><\/p><\/div>\n\t\t\t<\/div>\n<\/div>\t\t\t\t<\/div>\n\t\t\t\t<\/div>\n\t\t\t\t\t<\/div>\n\t\t<\/div>\n\t\t\t\t\t<\/div>\n\t\t<\/section>\n\t\t\t\t<\/div>","protected":false},"excerpt":{"rendered":"<p>Einleitung Swawa Amusement, als offizielle globale Marke und Vertreter der Mi Ying Factory, verpflichtet sich zum Schutz der Privatsph\u00e4re unserer internationalen Kunden. Diese Datenschutzerkl\u00e4rung erl\u00e4utert, wie wir Ihre pers\u00f6nlichen und gesch\u00e4ftlichen Daten erfassen, verwenden und sch\u00fctzen, wenn Sie unsere Website besuchen oder sich \u00fcber unsere IP-L\u00f6sungen f\u00fcr die Unterhaltungsbranche informieren. Wir respektieren Ihr Vertrauen [\u2026]<\/p>","protected":false},"author":1,"featured_media":0,"parent":0,"menu_order":0,"comment_status":"closed","ping_status":"closed","template":"elementor_header_footer","meta":{"footnotes":""},"class_list":["post-4414","page","type-page","status-publish","hentry"],"yoast_head":"<!-- This site is optimized with the Yoast SEO plugin v26.6 - https:\/\/yoast.com\/wordpress\/plugins\/seo\/ -->\n<title>Privacy Policy | Swawa | Amusement Rides Manufacturer | Complete Solutions | Funfair Equipment Manufacturer<\/title>\n<meta name=\"robots\" content=\"index, follow, max-snippet:-1, max-image-preview:large, max-video-preview:-1\" \/>\n<link rel=\"canonical\" href=\"https:\/\/amuse-mfg.com\/de\/privacy-policy-2\/\" \/>\n<meta property=\"og:locale\" content=\"de_DE\" \/>\n<meta property=\"og:type\" content=\"article\" \/>\n<meta property=\"og:title\" content=\"Privacy Policy | Swawa | Amusement Rides Manufacturer | Complete Solutions | Funfair Equipment Manufacturer\" \/>\n<meta property=\"og:description\" content=\"Introduction Swawa Amusement, as the official global brand and representative of Mi Ying Factory, is committed to protecting the privacy of our international clients. This Privacy Policy explains how we collect, use, and safeguard your personal and business information when you visit our website or inquire about our amusement IP solutions. We respect your trust [&hellip;]\" \/>\n<meta property=\"og:url\" content=\"https:\/\/amuse-mfg.com\/de\/privacy-policy-2\/\" \/>\n<meta property=\"og:site_name\" content=\"Swawa | Amusement Rides Manufacturer | Complete Solutions | Funfair Equipment Manufacturer\" \/>\n<meta property=\"article:modified_time\" content=\"2025-12-18T02:38:10+00:00\" \/>\n<meta property=\"og:image\" content=\"https:\/\/amuse-mfg.com\/wp-content\/uploads\/2025\/12\/DSCF4059.jpg\" \/>\n\t<meta property=\"og:image:width\" content=\"1872\" \/>\n\t<meta property=\"og:image:height\" content=\"1054\" \/>\n\t<meta property=\"og:image:type\" content=\"image\/jpeg\" \/>\n<meta name=\"twitter:card\" content=\"summary_large_image\" \/>\n<meta name=\"twitter:label1\" content=\"Est. reading time\" \/>\n\t<meta name=\"twitter:data1\" content=\"2\u00a0Minuten\" \/>\n<script type=\"application\/ld+json\" class=\"yoast-schema-graph\">{\"@context\":\"https:\/\/schema.org\",\"@graph\":[{\"@type\":\"WebPage\",\"@id\":\"https:\/\/amuse-mfg.com\/privacy-policy-2\/\",\"url\":\"https:\/\/amuse-mfg.com\/privacy-policy-2\/\",\"name\":\"Privacy Policy | Swawa | Amusement Rides Manufacturer | Complete Solutions | Funfair Equipment Manufacturer\",\"isPartOf\":{\"@id\":\"https:\/\/amuse-mfg.com\/#website\"},\"datePublished\":\"2023-02-06T02:47:30+00:00\",\"dateModified\":\"2025-12-18T02:38:10+00:00\",\"breadcrumb\":{\"@id\":\"https:\/\/amuse-mfg.com\/privacy-policy-2\/#breadcrumb\"},\"inLanguage\":\"de\",\"potentialAction\":[{\"@type\":\"ReadAction\",\"target\":[\"https:\/\/amuse-mfg.com\/privacy-policy-2\/\"]}]},{\"@type\":\"BreadcrumbList\",\"@id\":\"https:\/\/amuse-mfg.com\/privacy-policy-2\/#breadcrumb\",\"itemListElement\":[{\"@type\":\"ListItem\",\"position\":1,\"name\":\"Home\",\"item\":\"https:\/\/amuse-mfg.com\/\"},{\"@type\":\"ListItem\",\"position\":2,\"name\":\"Privacy Policy\"}]},{\"@type\":\"WebSite\",\"@id\":\"https:\/\/amuse-mfg.com\/#website\",\"url\":\"https:\/\/amuse-mfg.com\/\",\"name\":\"Swawa | Amusement Rides Manufacturer | Complete Solutions | Funfair Equipment Manufacturer\",\"description\":\"Direct factory of amusement rides &amp; playground equipment. Exported to over 20 countries, we offer equipment, park design, revenue plans and full after-sales service.\",\"publisher\":{\"@id\":\"https:\/\/amuse-mfg.com\/#organization\"},\"alternateName\":\"Swawa | Amusement Rides Manufacturer\",\"potentialAction\":[{\"@type\":\"SearchAction\",\"target\":{\"@type\":\"EntryPoint\",\"urlTemplate\":\"https:\/\/amuse-mfg.com\/?s={search_term_string}\"},\"query-input\":{\"@type\":\"PropertyValueSpecification\",\"valueRequired\":true,\"valueName\":\"search_term_string\"}}],\"inLanguage\":\"de\"},{\"@type\":\"Organization\",\"@id\":\"https:\/\/amuse-mfg.com\/#organization\",\"name\":\"Swawa | Amusement Rides Manufacturer | Complete Solutions | Funfair Equipment Manufacturer\",\"alternateName\":\"Swawa\",\"url\":\"https:\/\/amuse-mfg.com\/\",\"logo\":{\"@type\":\"ImageObject\",\"inLanguage\":\"de\",\"@id\":\"https:\/\/amuse-mfg.com\/#\/schema\/logo\/image\/\",\"url\":\"https:\/\/amuse-mfg.com\/wp-content\/uploads\/2025\/12\/favicon-3.png\",\"contentUrl\":\"https:\/\/amuse-mfg.com\/wp-content\/uploads\/2025\/12\/favicon-3.png\",\"width\":192,\"height\":192,\"caption\":\"Swawa | Amusement Rides Manufacturer | Complete Solutions | Funfair Equipment Manufacturer\"},\"image\":{\"@id\":\"https:\/\/amuse-mfg.com\/#\/schema\/logo\/image\/\"},\"sameAs\":[\"https:\/\/www.youtube.com\/@SwawaAmuse-Mfg\",\"https:\/\/www.pinterest.com\/swawamfg\/\",\"https:\/\/www.instagram.com\/swawamfg\/\"]}]}<\/script>\n<!-- \/ Yoast SEO plugin. -->","yoast_head_json":{"title":"Datenschutzrichtlinie | Swawa | Hersteller von Fahrgesch\u00e4ften | Komplettl\u00f6sungen | Hersteller von Jahrmarktsausr\u00fcstung","robots":{"index":"index","follow":"follow","max-snippet":"max-snippet:-1","max-image-preview":"max-image-preview:large","max-video-preview":"max-video-preview:-1"},"canonical":"https:\/\/amuse-mfg.com\/de\/privacy-policy-2\/","og_locale":"de_DE","og_type":"article","og_title":"Privacy Policy | Swawa | Amusement Rides Manufacturer | Complete Solutions | Funfair Equipment Manufacturer","og_description":"Introduction Swawa Amusement, as the official global brand and representative of Mi Ying Factory, is committed to protecting the privacy of our international clients. This Privacy Policy explains how we collect, use, and safeguard your personal and business information when you visit our website or inquire about our amusement IP solutions. We respect your trust [&hellip;]","og_url":"https:\/\/amuse-mfg.com\/de\/privacy-policy-2\/","og_site_name":"Swawa | Amusement Rides Manufacturer | Complete Solutions | Funfair Equipment Manufacturer","article_modified_time":"2025-12-18T02:38:10+00:00","og_image":[{"width":1872,"height":1054,"url":"https:\/\/amuse-mfg.com\/wp-content\/uploads\/2025\/12\/DSCF4059.jpg","type":"image\/jpeg"}],"twitter_card":"summary_large_image","twitter_misc":{"Est. reading time":"2\u00a0Minuten"},"schema":{"@context":"https:\/\/schema.org","@graph":[{"@type":"WebPage","@id":"https:\/\/amuse-mfg.com\/privacy-policy-2\/","url":"https:\/\/amuse-mfg.com\/privacy-policy-2\/","name":"Datenschutzrichtlinie | Swawa | Hersteller von Fahrgesch\u00e4ften | Komplettl\u00f6sungen | Hersteller von Jahrmarktsausr\u00fcstung","isPartOf":{"@id":"https:\/\/amuse-mfg.com\/#website"},"datePublished":"2023-02-06T02:47:30+00:00","dateModified":"2025-12-18T02:38:10+00:00","breadcrumb":{"@id":"https:\/\/amuse-mfg.com\/privacy-policy-2\/#breadcrumb"},"inLanguage":"de","potentialAction":[{"@type":"ReadAction","target":["https:\/\/amuse-mfg.com\/privacy-policy-2\/"]}]},{"@type":"BreadcrumbList","@id":"https:\/\/amuse-mfg.com\/privacy-policy-2\/#breadcrumb","itemListElement":[{"@type":"ListItem","position":1,"name":"Home","item":"https:\/\/amuse-mfg.com\/"},{"@type":"ListItem","position":2,"name":"Privacy Policy"}]},{"@type":"WebSite","@id":"https:\/\/amuse-mfg.com\/#website","url":"https:\/\/amuse-mfg.com\/","name":"Swawa | Hersteller von Fahrgesch\u00e4ften | Komplettl\u00f6sungen | Hersteller von Kirmesausr\u00fcstung","description":"Direkter Hersteller von Fahrgesch\u00e4ften und Spielplatzger\u00e4ten. Wir exportieren in \u00fcber 20 L\u00e4nder und bieten Ausr\u00fcstung, Parkdesign, Ertragspl\u00e4ne und umfassenden Kundendienst.","publisher":{"@id":"https:\/\/amuse-mfg.com\/#organization"},"alternateName":"Swawa | Amusement Rides Manufacturer","potentialAction":[{"@type":"SearchAction","target":{"@type":"EntryPoint","urlTemplate":"https:\/\/amuse-mfg.com\/?s={search_term_string}"},"query-input":{"@type":"PropertyValueSpecification","valueRequired":true,"valueName":"search_term_string"}}],"inLanguage":"de"},{"@type":"Organization","@id":"https:\/\/amuse-mfg.com\/#organization","name":"Swawa | Hersteller von Fahrgesch\u00e4ften | Komplettl\u00f6sungen | Hersteller von Kirmesausr\u00fcstung","alternateName":"Swawa","url":"https:\/\/amuse-mfg.com\/","logo":{"@type":"ImageObject","inLanguage":"de","@id":"https:\/\/amuse-mfg.com\/#\/schema\/logo\/image\/","url":"https:\/\/amuse-mfg.com\/wp-content\/uploads\/2025\/12\/favicon-3.png","contentUrl":"https:\/\/amuse-mfg.com\/wp-content\/uploads\/2025\/12\/favicon-3.png","width":192,"height":192,"caption":"Swawa | Amusement Rides Manufacturer | Complete Solutions | Funfair Equipment Manufacturer"},"image":{"@id":"https:\/\/amuse-mfg.com\/#\/schema\/logo\/image\/"},"sameAs":["https:\/\/www.youtube.com\/@SwawaAmuse-Mfg","https:\/\/www.pinterest.com\/swawamfg\/","https:\/\/www.instagram.com\/swawamfg\/"]}]}},"_links":{"self":[{"href":"https:\/\/amuse-mfg.com\/de\/wp-json\/wp\/v2\/pages\/4414","targetHints":{"allow":["GET"]}}],"collection":[{"href":"https:\/\/amuse-mfg.com\/de\/wp-json\/wp\/v2\/pages"}],"about":[{"href":"https:\/\/amuse-mfg.com\/de\/wp-json\/wp\/v2\/types\/page"}],"author":[{"embeddable":true,"href":"https:\/\/amuse-mfg.com\/de\/wp-json\/wp\/v2\/users\/1"}],"replies":[{"embeddable":true,"href":"https:\/\/amuse-mfg.com\/de\/wp-json\/wp\/v2\/comments?post=4414"}],"version-history":[{"count":0,"href":"https:\/\/amuse-mfg.com\/de\/wp-json\/wp\/v2\/pages\/4414\/revisions"}],"wp:attachment":[{"href":"https:\/\/amuse-mfg.com\/de\/wp-json\/wp\/v2\/media?parent=4414"}],"curies":[{"name":"wp","href":"https:\/\/api.w.org\/{rel}","templated":true}]}}